{"id":711,"date":"2024-02-23T14:24:46","date_gmt":"2024-02-23T14:24:46","guid":{"rendered":"https:\/\/www.livingpillow.com\/product\/big-pillow-for-bed-headboard"},"modified":"2026-03-11T05:10:18","modified_gmt":"2026-03-11T05:10:18","slug":"liels-spilvens-gultas-galvgalim-liels-lina-spilvens-melns","status":"publish","type":"product","link":"https:\/\/www.livingpillow.com\/lv\/product\/big-pillow-for-bed-headboard-large-cushion-linen-black","title":{"rendered":"Liels spilvens gultas galvgalim, liels, melns spilvens"},"content":{"rendered":"<p>Iepaz\u012bstin\u0101m ar oblig\u0101to daudzfunkcion\u0101lo \u0137\u012b\u013cveida spilvenu, kas nepiecie\u0161ams j\u016bsu m\u0101j\u0101m!<\/p>\n<p>Vai mekl\u0113jat \u0113rtu un funkcion\u0101lu spilvenu, kas sniegtu maksim\u0101lu atbalstu un komfortu t\u0101du aktivit\u0101\u0161u laik\u0101 k\u0101 las\u012b\u0161ana un televizora skat\u012b\u0161an\u0101s? \u0160is daudzfunkcion\u0101lais \u0137\u012b\u013cveida spilvens ir tie\u0161i tas, ko mekl\u0113jat! <\/p>\n<p>\u0160is spilvens ir izstr\u0101d\u0101ts, lai nodro\u0161in\u0101tu izcilu muguras un kakla atbalstu, padarot to par ide\u0101lu aksesu\u0101ru tiem, kam pat\u012bk las\u012bt vai pavad\u012bt laiku gult\u0101, skatoties televizoru. Tas ir izstr\u0101d\u0101ts, lai uzlabotu j\u016bsu komforta l\u012bmeni, nov\u0113r\u0161ot jebk\u0101du nepat\u012bkamu slodzi uz muguru un kaklu s\u0113\u017eot. <\/p>\n<p>\u0160is spilvens ir ar\u012b ide\u0101ls risin\u0101jums koled\u017eas studentiem, kuriem nepiecie\u0161ams daudzpus\u012bgs aksesu\u0101rs, kas var kalpot gan k\u0101 funkcion\u0101ls, gan dekorat\u012bvs galvgalis. Ar savu stil\u012bgo dizainu \u0161is spilvens ir lielisks veids, k\u0101 atsvaidzin\u0101t jebkuru istabu, vienlaikus nodro\u0161inot izcilu atbalstu tiem, kam tas nepiecie\u0161ams. <\/p>\n<p>Un tas v\u0113l nav viss! \u0160is \u0137\u012b\u013cveida spilvens ir pieejams da\u017e\u0101dos izm\u0113ros, padarot to par izcilu univers\u0101lu aksesu\u0101ru. S\u0101kot ar to, ka to var izmantot k\u0101 bufera spilvenu b\u0113rniem, l\u012bdz pat k\u0101 atzveltni divst\u0101vu gult\u0101m, \u0161\u012b spilvena potenci\u0101ls ir neierobe\u017eots. To var izmantot pat k\u0101 galvgali kemperiem un piekab\u0113m. <\/p>\n<p>Viena no \u0161\u012b \u0137\u012b\u013cveida spilvena izcil\u0101kaj\u0101m iez\u012bm\u0113m ir t\u0101 viegli mazg\u0101jamais dizains. Pateicoties piestiprin\u0101tai pogas aizdarei, p\u0101rvalku var viegli no\u0146emt un mazg\u0101t, lai nov\u0113rstu nev\u0113lamus net\u012brumus un putek\u013cus.<\/p>\n<p>\u0136\u012b\u013cveida spilvens ir pild\u012bts ar augsta bl\u012bvuma poliuret\u0101nu, kas nodro\u0161ina izcilu muguras atbalstu. Tas pie\u0161\u0137irs j\u016bsu interjeram papildu stilu.<\/p>\n<p>Rezum\u0113jot, daudzfunkcion\u0101lais \u0137\u012b\u013cveida spilvens ir b\u016btiska prece, kas nepiecie\u0161ama ikvien\u0101s m\u0101j\u0101s. Tas nodro\u0161ina izcilu atbalstu un komfortu, padarot to ide\u0101li piem\u0113rotu t\u0101d\u0101m aktivit\u0101t\u0113m k\u0101 las\u012b\u0161ana un televizora skat\u012b\u0161an\u0101s. Pateicoties t\u0101 daudzpus\u012bgajam dizainam, tas kalpo vair\u0101kiem m\u0113r\u0137iem un ir pieejams da\u017e\u0101dos izm\u0113ros, nodro\u0161inot, ka tas atbild\u012bs jebkurai j\u016bsu vajadz\u012bbai. Un, pateicoties t\u0101 viegli mazg\u0101jamajam dizainam, \u0161is spilvens noteikti k\u013c\u016bs par j\u016bsu iecien\u012bt\u0101ko aksesu\u0101ru gadiem ilgi. <\/p>\n<p>Ja joproj\u0101m neesat p\u0101rliecin\u0101ts, vienk\u0101r\u0161i apskatiet produkta koment\u0101ru sada\u013cu! M\u016bsu klienti nekad nevar apst\u0101ties ar \u0161o produktu. T\u0101p\u0113c negaidiet vairs un ieg\u0101d\u0101jieties savu daudzfunkcion\u0101lo \u0137\u012b\u013cveida spilvenu jau \u0161odien!<\/p>","protected":false},"excerpt":{"rendered":"<ul>\n<li><strong>Lieliski piem\u0113rots las\u012b\u0161anai gult\u0101:<\/strong> \u0160is spilvens nodro\u0161ina lielisku muguras un kakla atbalstu, uzlabojot komfortu las\u012b\u0161anas un televizora skat\u012b\u0161an\u0101s laik\u0101.<\/li>\n<li><strong>Galvasgala alternat\u012bva:<\/strong> Ide\u0101ls risin\u0101jums koled\u017eas studentiem, \u0161is daudzpus\u012bgais spilvens kalpo gan dekorat\u012bviem, gan funkcion\u0101liem m\u0113r\u0137iem k\u0101 gultas galvgalis.<\/li>\n<li><strong>Daudzfunkcion\u0101ls lietojums:<\/strong> Pieejams da\u017e\u0101dos izm\u0113ros, tostarp divgu\u013camais d\u012bv\u0101ns ar divgu\u013camo gultu, kas lieliski p\u0101rtop par d\u012bv\u0101ngultu. Kalpo ar\u012b k\u0101 bufera spilvens b\u0113rniem, muguras balsts divst\u0101vu gult\u0101m un galvgalis kemperiem\/piekab\u0113m.<\/li>\n<li><strong>Viegli mazg\u0101jams:<\/strong> Dizainam ir piestiprin\u0101tas pogas est\u0113tiskai pievilc\u012bbai un vieglai p\u0101rvalka no\u0146em\u0161anai mazg\u0101\u0161anai.<\/li>\n<li><strong>Augstas kvalit\u0101tes materi\u0101ls:<\/strong> \u0136\u012b\u013cveida spilvena audums, kas pild\u012bts ar augsta bl\u012bvuma poliuret\u0101nu izcilam muguras atbalstam, izce\u013c j\u016bsu interjeru.<\/li>\n<li><strong>Izm\u0113rs:<\/strong> 45 cm (45*20*50 cm | 0 pogas); 60 cm (60*20*50 cm | 0 pogas); 80 cm (80*20*50 cm | 2 pogas); 100 cm (100*20*50 cm | 3 pogas); 120 cm (120*20*50 cm | 4 pogas); 140 cm (140*20*50 cm | 4 pogas); 160 cm (160*20*50 cm | 5 pogas); 180 cm (180*20*50 cm | 6 pogas); 200 cm (200*20*50 cm | 7 pogas).<\/li>\n<\/ul>","protected":false},"featured_media":710,"comment_status":"open","ping_status":"closed","template":"","meta":[],"product_brand":[],"product_cat":[15],"product_tag":[75,61,88,84,70,89,57,90,58,69],"class_list":{"0":"post-711","1":"product","2":"type-product","3":"status-publish","4":"has-post-thumbnail","6":"product_cat-pillows","7":"product_tag-bed-headboard","8":"product_tag-big-bed-pillow","9":"product_tag-big-pillow","10":"product_tag-bumper-pillow","11":"product_tag-bunk-bed-pillow","12":"product_tag-daybed-couch","13":"product_tag-headboard-cushion","14":"product_tag-king-size-pillow","15":"product_tag-linen-pillow","16":"product_tag-wedge-pillow","18":"first","19":"instock","20":"shipping-taxable","21":"purchasable","22":"product-type-variable","23":"has-default-attributes"},"_links":{"self":[{"href":"https:\/\/www.livingpillow.com\/lv\/wp-json\/wp\/v2\/product\/711","targetHints":{"allow":["GET"]}}],"collection":[{"href":"https:\/\/www.livingpillow.com\/lv\/wp-json\/wp\/v2\/product"}],"about":[{"href":"https:\/\/www.livingpillow.com\/lv\/wp-json\/wp\/v2\/types\/product"}],"replies":[{"embeddable":true,"href":"https:\/\/www.livingpillow.com\/lv\/wp-json\/wp\/v2\/comments?post=711"}],"wp:featuredmedia":[{"embeddable":true,"href":"https:\/\/www.livingpillow.com\/lv\/wp-json\/wp\/v2\/media\/710"}],"wp:attachment":[{"href":"https:\/\/www.livingpillow.com\/lv\/wp-json\/wp\/v2\/media?parent=711"}],"wp:term":[{"taxonomy":"product_brand","embeddable":true,"href":"https:\/\/www.livingpillow.com\/lv\/wp-json\/wp\/v2\/product_brand?post=711"},{"taxonomy":"product_cat","embeddable":true,"href":"https:\/\/www.livingpillow.com\/lv\/wp-json\/wp\/v2\/product_cat?post=711"},{"taxonomy":"product_tag","embeddable":true,"href":"https:\/\/www.livingpillow.com\/lv\/wp-json\/wp\/v2\/product_tag?post=711"}],"curies":[{"name":"wp","href":"https:\/\/api.w.org\/{rel}","templated":true}]}}