{"id":736,"date":"2024-02-23T14:54:47","date_gmt":"2024-02-23T14:54:47","guid":{"rendered":"https:\/\/www.livingpillow.com\/product\/headboard-pillow-wedge"},"modified":"2026-03-11T05:10:17","modified_gmt":"2026-03-11T05:10:17","slug":"galvgala-dekorativais-spilvens-ar-lielu-kilveida-spilvenu-lina-violeta-krasa","status":"publish","type":"product","link":"https:\/\/www.livingpillow.com\/lv\/product\/headboard-decorative-pillow-big-wedge-cushion-linen-purple","title":{"rendered":"Galvga\u013ca dekorat\u012bvais spilvens, liels \u0137\u012b\u013cveida spilvens, violets"},"content":{"rendered":"<p>Iepaz\u012bstin\u0101m ar perfektu las\u012b\u0161anas biedru \u2013 augstas kvalit\u0101tes muguras atbalsta spilvenu, kas ir lieliski piem\u0113rots las\u012b\u0161anai gult\u0101 un televizora skat\u012b\u0161anai. Tas ne tikai nodro\u0161ina lielisku muguras un kakla atbalstu maksim\u0101lam komfortam, bet ar\u012b kalpo k\u0101 alternat\u012bvs gultas galvgalis, padarot to gan dekorat\u012bvu, gan funkcion\u0101lu.<\/p>\n<p>Izgatavots no poliestera un mais\u012bjuma, \u0161is muguras atbalsta spilvens rada \u013coti labu vizu\u0101lo efektu, kas var ieder\u0113ties j\u016bsu interjera dizain\u0101. Tas ir pild\u012bts ar augsta bl\u012bvuma poliuret\u0101na pildvielu, kas nodro\u0161ina lielisku muguras atbalstu.<\/p>\n<p>\u0160is daudzfunkcion\u0101lais spilvens ir pieejams visos izm\u0113ros, padarot to piem\u0113rotu b\u0113rnu gult\u0101m, divst\u0101vu gult\u0101m, kemperiem\/piekab\u0113m un parastaj\u0101m gult\u0101m. Ja jums ir gr\u016bt\u012bbas aizmigt vai pamostaties ar st\u012bvu kaklu, \u0161is spilvens var nodro\u0161in\u0101t ar\u012b lielisku atbalstu j\u016bsu galvai un kaklam.<\/p>\n<p>Turkl\u0101t piestiprin\u0101t\u0101s pogas ne tikai rada dinamisk\u0101ku spilvena formu, bet ar\u012b padara p\u0101rvalku no\u0146emamu un mazg\u0101jamu, t\u0101d\u0113j\u0101di to ir viegli t\u012br\u012bt un kopt.<\/p>\n<p>M\u016bsu apmierin\u0101tie klienti ir saj\u016bsm\u0101 par \u0161o spilvenu, un viens klients teica: \u201c\u0160is ir lab\u0101kais tr\u012bsst\u016brveida spilvens, k\u0101ds man jebkad ir bijis! Spilvens ir superm\u012bksts un \u0113rts, un kr\u0101sa ir skaista.\u201d<\/p>\n<p>Spilvens ir pieejams da\u017e\u0101dos izm\u0113ros, tostarp 45 cm, 60 cm, 80 cm, 100 cm, 120 cm, 140 cm, 160 cm, 180 cm un 200 cm, lai j\u016bs var\u0113tu izv\u0113l\u0113ties savai gultai un vajadz\u012bb\u0101m piem\u0113rot\u0101ko izm\u0113ru.<\/p>\n<p>Ieg\u0101d\u0101jieties \u0161o augstas kvalit\u0101tes muguras atbalsta spilvenu jau \u0161odien un izbaudiet maksim\u0101lu komfortu un relaks\u0101ciju, lasot vai skatoties televizoru gult\u0101.<\/p>","protected":false},"excerpt":{"rendered":"<ul>\n<li><strong>IDE\u0100LI PIEM\u0112ROTS LAS\u012a\u0160ANAI GULT\u0100:<\/strong> \u0160is las\u012b\u0161anas spilvens nodro\u0161ina lielisku muguras un kakla atbalstu maksim\u0101lam komfortam, lasot un skatoties televizoru.<\/li>\n<li><strong>ALTERNAT\u012aVA K\u0100 GALVAGALIS:<\/strong> Daudzi cilv\u0113ki, \u012bpa\u0161i koled\u017eas studenti, uzskata, ka spilvens ir ide\u0101li piem\u0113rots k\u0101 gultas galvgalis: gan dekorat\u012bvs, gan funkcion\u0101ls.<\/li>\n<li><strong>DAUDZFUNKCION\u0100LS:<\/strong> M\u0113s pied\u0101v\u0101jam spilvenus parastaj\u0101m gult\u0101m visos izm\u0113ros, tostarp b\u0113rnu bufera spilvenus, divst\u0101vu gultu atzveltnes un galvgali kemperiem\/piekab\u0113m.<\/li>\n<li><strong>VIEGLI MAZG\u0100JAMS:<\/strong> Pievienot\u0101s pogas ne tikai rada dinamisk\u0101ku spilvena formu, bet ar\u012b padara p\u0101rvalku no\u0146emamu un mazg\u0101jamu.<\/li>\n<li><strong>AUGSTAS KVALIT\u0100TES MATERI\u0100LS:<\/strong> Muguras atbalsta spilvens ir pild\u012bts ar augsta bl\u012bvuma poliuret\u0101na pildvielu, kas nodro\u0161ina lielisku muguras atbalstu. \u0136\u012b\u013cveida spilvenu audumam ir \u013coti labs vizu\u0101lais efekts, kas piest\u0101v j\u016bsu interjeram.<\/li>\n<li><strong>Izm\u0113rs:<\/strong> 45 cm (45*20*50 cm | 0 pogas); 60 cm (60*20*50 cm | 0 pogas); 80 cm (80*20*50 cm | 2 pogas); 100 cm (100*20*50 cm | 3 pogas); 120 cm (120*20*50 cm | 4 pogas); 140 cm (140*20*50 cm | 4 pogas); 160 cm (160*20*50 cm | 5 pogas); 180 cm (180*20*50 cm | 6 pogas); 200 cm (200*20*50 cm | 7 pogas).<\/li>\n<\/ul>","protected":false},"featured_media":735,"comment_status":"open","ping_status":"closed","template":"","meta":[],"product_brand":[],"product_cat":[15],"product_tag":[83,82,84,85,65,54,58,86,87,60],"class_list":{"0":"post-736","1":"product","2":"type-product","3":"status-publish","4":"has-post-thumbnail","6":"product_cat-pillows","7":"product_tag-alternative-headboard","8":"product_tag-big-wedge-cushion","9":"product_tag-bumper-pillow","10":"product_tag-bunk-bed-backrests","11":"product_tag-decorative-pillow","12":"product_tag-headboard-pillow","13":"product_tag-linen-pillow","14":"product_tag-rv-headboard","15":"product_tag-trailer-headboard","16":"product_tag-wedge-cushion","18":"first","19":"instock","20":"shipping-taxable","21":"purchasable","22":"product-type-variable","23":"has-default-attributes"},"_links":{"self":[{"href":"https:\/\/www.livingpillow.com\/lv\/wp-json\/wp\/v2\/product\/736","targetHints":{"allow":["GET"]}}],"collection":[{"href":"https:\/\/www.livingpillow.com\/lv\/wp-json\/wp\/v2\/product"}],"about":[{"href":"https:\/\/www.livingpillow.com\/lv\/wp-json\/wp\/v2\/types\/product"}],"replies":[{"embeddable":true,"href":"https:\/\/www.livingpillow.com\/lv\/wp-json\/wp\/v2\/comments?post=736"}],"wp:featuredmedia":[{"embeddable":true,"href":"https:\/\/www.livingpillow.com\/lv\/wp-json\/wp\/v2\/media\/735"}],"wp:attachment":[{"href":"https:\/\/www.livingpillow.com\/lv\/wp-json\/wp\/v2\/media?parent=736"}],"wp:term":[{"taxonomy":"product_brand","embeddable":true,"href":"https:\/\/www.livingpillow.com\/lv\/wp-json\/wp\/v2\/product_brand?post=736"},{"taxonomy":"product_cat","embeddable":true,"href":"https:\/\/www.livingpillow.com\/lv\/wp-json\/wp\/v2\/product_cat?post=736"},{"taxonomy":"product_tag","embeddable":true,"href":"https:\/\/www.livingpillow.com\/lv\/wp-json\/wp\/v2\/product_tag?post=736"}],"curies":[{"name":"wp","href":"https:\/\/api.w.org\/{rel}","templated":true}]}}