{"id":760,"date":"2024-02-23T15:03:06","date_gmt":"2024-02-23T15:03:06","guid":{"rendered":"https:\/\/www.livingpillow.com\/product\/bed-headboard-cushion"},"modified":"2026-03-11T05:10:16","modified_gmt":"2026-03-11T05:10:16","slug":"gultas-galvgala-spilvens-liels-kilveida-spilvens-lina-zils","status":"publish","type":"product","link":"https:\/\/www.livingpillow.com\/lv\/product\/bed-headboard-cushion-large-wedge-bolster-linen-blue","title":{"rendered":"Gultas galvga\u013ca spilvens, liels, \u0137\u012b\u013cveida, zils"},"content":{"rendered":"<p>Gultas galvga\u013ca spilvens ar lielu \u0137\u012b\u013cveida polster\u0113jumu, zils \u2013 ide\u0101ls papildin\u0101jums j\u016bsu gultai! \u0160is spilvens nodro\u0161ina lielisku muguras un kakla atbalstu, padarot to \u0113rtu las\u012b\u0161anai, televizora skat\u012b\u0161anai vai vienk\u0101r\u0161i atp\u016btai. Un, ja mekl\u0113jat funkcion\u0101lu galvgali, \u0161is spilvens ir ide\u0101la izv\u0113le, \u012bpa\u0161i studentiem.<\/p>\n<p>\u0160is spilvens ir pieejams da\u017e\u0101dos izm\u0113ros un tam ir vair\u0101ki pielietojumi \u2013 to var izmantot k\u0101 d\u012bv\u0101nu vai bufera spilvenu b\u0113rniem, atzveltni divst\u0101vu gult\u0101m vai galvgali kemperiem un piekab\u0113m. T\u0101 augsta bl\u012bvuma poliuret\u0101na pild\u012bjums nodro\u0161ina lielisku muguras atbalstu, un vizu\u0101li pievilc\u012bgais audums var pieska\u0146oties jebkuram interjera dizainam.<\/p>\n<p>Neticiet tikai mums \u2013 \u0161eit ir da\u017ei m\u016bsu apmierin\u0101to klientu koment\u0101ri:<\/p>\n<p>\u201cMan \u013coti pat\u012bk \u0161is spilvens! Tas ir ide\u0101l\u0101 izm\u0113r\u0101 manai gultai un nodro\u0161ina lielisku atbalstu las\u012b\u0161anai.\u201d \u2013 S\u0101ra<\/p>\n<p>\u201cEs to ieg\u0101d\u0101jos k\u0101 gultas galvgali sava d\u0113la gultai, un tas izskat\u0101s fantastiski! Tas ir ar\u012b pietiekami \u0113rts, lai vi\u0146\u0161 var\u0113tu atbalst\u012bties, lasot.\u201d \u2013 D\u017eons<\/p>\n<p>\u201cAudums ir tik m\u012bksts un \u0113rts! Es ar\u012b nov\u0113rt\u0113ju to, ka to ir viegli mazg\u0101t.\u201d \u2013 Em\u012blija<\/p>\n<p>Kopum\u0101 gultas galvga\u013ca spilvens ar \u0137\u012b\u013cveida polster\u0113jumu, zils, ir daudzpus\u012bgs un \u0113rts papildin\u0101jums jebkurai gultai. Pateicoties t\u0101 daudzpus\u012bgajai izmanto\u0161anai un augstas kvalit\u0101tes materi\u0101liem, tas noteikti nodro\u0161in\u0101s lielisku muguras atbalstu un pie\u0161\u0137irs stil\u012bgu piesk\u0101rienu j\u016bsu gu\u013camistabas interjeram.<\/p>","protected":false},"excerpt":{"rendered":"<ul>\n<li><strong>IDE\u0100LI PIEM\u0112ROTS LAS\u012a\u0160ANAI GULT\u0100:<\/strong> Nodro\u0161ina lielisku muguras un kakla atbalstu \u0113rtai las\u012b\u0161anai un TV skat\u012b\u0161anai.<\/li>\n<li><strong>ALTERNAT\u012aVA K\u0100 GALVAGALIS:<\/strong> Ide\u0101ls dekorat\u012bvs un funkcion\u0101ls gultas galvgalis, \u012bpa\u0161i koled\u017eas studentiem.<\/li>\n<li><strong>DAUDZFUNKCION\u0100LS:<\/strong> \u0160is spilvens, kas pieejams visos izm\u0113ros, ir piem\u0113rots parastaj\u0101m gult\u0101m un to var izmantot k\u0101 d\u012bv\u0101nu vai bufera spilvenu b\u0113rniem, divst\u0101vu gultas atzveltni un galvgali kemperiem un piekab\u0113m.<\/li>\n<li><strong>VIEGLI MAZG\u0100JAMS:<\/strong> Pievienot\u0101s pogas rada dinamisku spilvena formu un \u013cauj viegli no\u0146emt un mazg\u0101t p\u0101rvalku.<\/li>\n<li><strong>AUGSTAS KVALIT\u0100TES MATERI\u0100LS:<\/strong> \u0160is spilvens, kas pild\u012bts ar augsta bl\u012bvuma poliuret\u0101na pildvielu, nodro\u0161ina lielisku muguras atbalstu un tam ir vizu\u0101li pievilc\u012bgs audums, kas var piest\u0101v\u0113t jebkuram interjera dizainam.<\/li>\n<li><strong>Izm\u0113rs:<\/strong> Pieejams da\u017e\u0101dos izm\u0113ros un ar pogu skaitu: 45 cm (bez pog\u0101m), 60 cm (bez pog\u0101m), 80 cm (2 pogas), 100 cm (3 pogas), 120 cm (4 pogas), 140 cm (4 pogas), 160 cm (5 pogas), 180 cm (6 pogas) un 200 cm (7 pogas). Visu izm\u0113ru platums ir 20 cm un augstums 50 cm.<\/li>\n<\/ul>","protected":false},"featured_media":759,"comment_status":"open","ping_status":"closed","template":"","meta":[],"product_brand":[],"product_cat":[15],"product_tag":[63,77,78,75,80,79,57,59,76,58,81,53,56],"class_list":{"0":"post-760","1":"product","2":"type-product","3":"status-publish","4":"has-post-thumbnail","6":"product_cat-pillows","7":"product_tag-backrest-pillow","8":"product_tag-bed-backrest","9":"product_tag-bed-cushion","10":"product_tag-bed-headboard","11":"product_tag-bed-pillow","12":"product_tag-bedroom-decoration","13":"product_tag-headboard-cushion","14":"product_tag-large-wedge-pillow","15":"product_tag-linen-headboard","16":"product_tag-linen-pillow","17":"product_tag-neck-support-pillow","18":"product_tag-reading-pillow","19":"product_tag-wedge-bolster-pillow","21":"first","22":"instock","23":"featured","24":"shipping-taxable","25":"purchasable","26":"product-type-variable","27":"has-default-attributes"},"_links":{"self":[{"href":"https:\/\/www.livingpillow.com\/lv\/wp-json\/wp\/v2\/product\/760","targetHints":{"allow":["GET"]}}],"collection":[{"href":"https:\/\/www.livingpillow.com\/lv\/wp-json\/wp\/v2\/product"}],"about":[{"href":"https:\/\/www.livingpillow.com\/lv\/wp-json\/wp\/v2\/types\/product"}],"replies":[{"embeddable":true,"href":"https:\/\/www.livingpillow.com\/lv\/wp-json\/wp\/v2\/comments?post=760"}],"wp:featuredmedia":[{"embeddable":true,"href":"https:\/\/www.livingpillow.com\/lv\/wp-json\/wp\/v2\/media\/759"}],"wp:attachment":[{"href":"https:\/\/www.livingpillow.com\/lv\/wp-json\/wp\/v2\/media?parent=760"}],"wp:term":[{"taxonomy":"product_brand","embeddable":true,"href":"https:\/\/www.livingpillow.com\/lv\/wp-json\/wp\/v2\/product_brand?post=760"},{"taxonomy":"product_cat","embeddable":true,"href":"https:\/\/www.livingpillow.com\/lv\/wp-json\/wp\/v2\/product_cat?post=760"},{"taxonomy":"product_tag","embeddable":true,"href":"https:\/\/www.livingpillow.com\/lv\/wp-json\/wp\/v2\/product_tag?post=760"}],"curies":[{"name":"wp","href":"https:\/\/api.w.org\/{rel}","templated":true}]}}