{"id":112,"date":"2024-02-22T08:12:58","date_gmt":"2024-02-22T08:12:58","guid":{"rendered":"https:\/\/www.livingpillow.com\/product\/reading-wedge-headboard"},"modified":"2026-03-11T04:42:28","modified_gmt":"2026-03-11T04:42:28","slug":"klin-do-czytania-poduszka-na-zaglowek-duza-poduszka-lniana-niebieska","status":"publish","type":"product","link":"https:\/\/www.livingpillow.com\/pl\/product\/reading-wedge-headboard-pillow-big-cushion-linen-blue","title":{"rendered":"Poduszka na zag\u0142\u00f3wek z klinem do czytania Du\u017ca poduszka niebieska"},"content":{"rendered":"<p>Poduszka pod g\u0142ow\u0119 Reading Wedge Headboard Pillow Big Cushion Blue - idealny dodatek, kt\u00f3ry poprawi komfort czytania i nada sypialni stylowego charakteru.<\/p>\n<p>Ta wielofunkcyjna poduszka jest idealna do wszystkich rozmiar\u00f3w \u0142\u00f3\u017cek, zapewniaj\u0105c optymalne wsparcie dla plec\u00f3w i szyi podczas czytania lub ogl\u0105dania telewizji. Wype\u0142nienie poliuretanowe o wysokiej g\u0119sto\u015bci zapewnia doskona\u0142e wsparcie plec\u00f3w, a atrakcyjna wizualnie tkanina uzupe\u0142nia wystr\u00f3j wn\u0119trza.<\/p>\n<p>Jest to nie tylko funkcjonalna poduszka do czytania, ale tak\u017ce wszechstronna alternatywa dla zag\u0142\u00f3wka. Studenci i inne osoby mog\u0105 u\u017cywa\u0107 jej jako dekoracyjnego zamiennika wezg\u0142owia, a tak\u017ce jako poduszki zderzaka dla dzieci, oparcia dla \u0142\u00f3\u017cek pi\u0119trowych, a nawet prowizorycznego wezg\u0142owia dla kamper\u00f3w i przyczep.<\/p>\n<p>Poduszk\u0119 Reading Wedge Headboard Pillow mo\u017cna wygodnie pra\u0107, a do\u0142\u0105czone guziki u\u0142atwiaj\u0105 zdejmowanie i czyszczenie pokrowca. Dost\u0119pna w r\u00f3\u017cnych rozmiarach od 100 cm do 200 cm, poduszka ta pasuje do ka\u017cdego \u0142\u00f3\u017cka i mo\u017ce pe\u0142ni\u0107 funkcj\u0119 le\u017canki.<\/p>\n<p>Ale nie musisz wierzy\u0107 nam na s\u0142owo - oto kilka komentarzy pozostawionych przez zadowolonych klient\u00f3w:<\/p>\n<p>\"Poduszka Reading Wedge Headboard Pillow jest nie tylko wygodna, ale tak\u017ce bardzo stylowa. Zast\u0105pi\u0142a moje tradycyjne wezg\u0142owie i sprawi\u0142a, \u017ce moja sypialnia wygl\u0105da bardziej nowocze\u015bnie.\"<\/p>\n<p>\"Uwielbiam t\u0119 poduszk\u0119! Ma idealny rozmiar do mojego kr\u00f3lewskiego \u0142\u00f3\u017cka i pomog\u0142a mi czyta\u0107 przez d\u0142u\u017cszy czas bez \u017cadnego dyskomfortu\".<\/p>\n<p>\u201cNiebieski pokrowiec jest pi\u0119kny i doskonale uzupe\u0142nia moj\u0105 po\u015bciel. Gor\u0105co polecam t\u0119 poduszk\u0119 ka\u017cdemu, kto szuka funkcjonalnego i stylowego dodatku do swojej sypialni\u201d.\u201d<\/p>\n<p>Podsumowuj\u0105c, Reading Wedge Headboard Pillow Big Cushion Blue to pozycja obowi\u0105zkowa dla ka\u017cdego, kto uwielbia czyta\u0107 lub ogl\u0105da\u0107 telewizj\u0119 w \u0142\u00f3\u017cku. Jej wielofunkcyjna konstrukcja, najwy\u017cszej jako\u015bci materia\u0142 i wygodna mo\u017cliwo\u015b\u0107 prania sprawiaj\u0105, \u017ce jest to \u015bwietna inwestycja do sypialni. Zam\u00f3w ju\u017c dzi\u015b i ciesz si\u0119 korzy\u015bciami p\u0142yn\u0105cymi z wygodnego, stylowego czytania w \u0142\u00f3\u017cku!<\/p>","protected":false},"excerpt":{"rendered":"<ul>\n<li><strong>Popraw swoje wra\u017cenia z czytania:<\/strong> Optymalne wsparcie dla plec\u00f3w i szyi podczas czytania lub ogl\u0105dania telewizji, dzi\u0119ki czemu jest to idealna poduszka do czytania.<\/li>\n<li><strong>Wszechstronna alternatywa dla zag\u0142\u00f3wka:<\/strong> Idealny dla student\u00f3w i innych os\u00f3b jako funkcjonalny, dekoracyjny zamiennik zag\u0142\u00f3wka.<\/li>\n<li><strong>Konstrukcja wielofunkcyjna:<\/strong> Nadaje si\u0119 do wszystkich rozmiar\u00f3w \u0142\u00f3\u017cek, a poduszka w rozmiarze king size mo\u017ce s\u0142u\u017cy\u0107 jako kanapa do spania. Dodatkowe zastosowania obejmuj\u0105 poduszk\u0119 zderzakow\u0105 dla dzieci, oparcie do \u0142\u00f3\u017cek pi\u0119trowych i prowizoryczny zag\u0142\u00f3wek do kamper\u00f3w\/przyczep.<\/li>\n<li><strong>Wygodne pranie:<\/strong> Do\u0142\u0105czone guziki zapewniaj\u0105 dynamiczny kszta\u0142t, umo\u017cliwiaj\u0105c \u0142atwe zdejmowanie i pranie pokrowca.<\/li>\n<li><strong>Materia\u0142 najwy\u017cszej jako\u015bci:<\/strong> Wype\u0142nienie z poliuretanu o wysokiej g\u0119sto\u015bci zapewnia doskona\u0142e podparcie plec\u00f3w, a atrakcyjny wizualnie materia\u0142 uzupe\u0142nia wystr\u00f3j wn\u0119trza.<\/li>\n<li><strong>Dost\u0119pne rozmiary:<\/strong> Oferowane w r\u00f3\u017cnych rozmiarach - 100cm (L100 x W26 x H55 z 3 kolumnami przycisk\u00f3w), 120cm (L120 x W26 x H55 z 4 kolumnami przycisk\u00f3w), 140cm (L140 x W26 x H55 z 4 kolumnami przycisk\u00f3w), 160cm (L160 x W26 x H55 z 5 kolumnami przycisk\u00f3w), 180cm (L180 x W26 x H55 z 6 kolumnami przycisk\u00f3w), 200cm (L200 x W26 x H55 z 7 kolumnami przycisk\u00f3w).<\/li>\n<\/ul>","protected":false},"featured_media":111,"comment_status":"open","ping_status":"closed","template":"","meta":[],"product_brand":[],"product_cat":[15],"product_tag":[157,140,154,84,107,89,98,54,58,156,155,153,160,86,87,158,134,159],"class_list":{"0":"post-112","1":"product","2":"type-product","3":"status-publish","4":"has-post-thumbnail","6":"product_cat-pillows","7":"product_tag-back-support","8":"product_tag-big-cushion","9":"product_tag-blue-cushion","10":"product_tag-bumper-pillow","11":"product_tag-college-headboard","12":"product_tag-daybed-couch","13":"product_tag-decorative-headboard","14":"product_tag-headboard-pillow","15":"product_tag-linen-pillow","16":"product_tag-neck-support","17":"product_tag-optimal-support","18":"product_tag-reading-wedge-pillow","19":"product_tag-removable-cover","20":"product_tag-rv-headboard","21":"product_tag-trailer-headboard","22":"product_tag-tv-watching-pillow","23":"product_tag-versatile-headboard","24":"product_tag-washable-pillow-cover","26":"first","27":"instock","28":"featured","29":"shipping-taxable","30":"purchasable","31":"product-type-variable","32":"has-default-attributes"},"_links":{"self":[{"href":"https:\/\/www.livingpillow.com\/pl\/wp-json\/wp\/v2\/product\/112","targetHints":{"allow":["GET"]}}],"collection":[{"href":"https:\/\/www.livingpillow.com\/pl\/wp-json\/wp\/v2\/product"}],"about":[{"href":"https:\/\/www.livingpillow.com\/pl\/wp-json\/wp\/v2\/types\/product"}],"replies":[{"embeddable":true,"href":"https:\/\/www.livingpillow.com\/pl\/wp-json\/wp\/v2\/comments?post=112"}],"wp:featuredmedia":[{"embeddable":true,"href":"https:\/\/www.livingpillow.com\/pl\/wp-json\/wp\/v2\/media\/111"}],"wp:attachment":[{"href":"https:\/\/www.livingpillow.com\/pl\/wp-json\/wp\/v2\/media?parent=112"}],"wp:term":[{"taxonomy":"product_brand","embeddable":true,"href":"https:\/\/www.livingpillow.com\/pl\/wp-json\/wp\/v2\/product_brand?post=112"},{"taxonomy":"product_cat","embeddable":true,"href":"https:\/\/www.livingpillow.com\/pl\/wp-json\/wp\/v2\/product_cat?post=112"},{"taxonomy":"product_tag","embeddable":true,"href":"https:\/\/www.livingpillow.com\/pl\/wp-json\/wp\/v2\/product_tag?post=112"}],"curies":[{"name":"wp","href":"https:\/\/api.w.org\/{rel}","templated":true}]}}