{"id":133,"date":"2024-02-22T08:35:07","date_gmt":"2024-02-22T08:35:07","guid":{"rendered":"https:\/\/www.livingpillow.com\/product\/wedge-bolster-pillow"},"modified":"2026-03-11T05:10:23","modified_gmt":"2026-03-11T05:10:23","slug":"poduszka-klinowa-pod-plecy-poduszka-lniana-biala","status":"publish","type":"product","link":"https:\/\/www.livingpillow.com\/pl\/product\/wedge-bolster-pillow-backsupport-cushion-linen-white","title":{"rendered":"Poduszka klinowa wspieraj\u0105ca plecy bia\u0142a"},"content":{"rendered":"<p>Je\u015bli uwielbiasz czyta\u0107 lub ogl\u0105da\u0107 telewizj\u0119 w \u0142\u00f3\u017cku, ale trudno ci si\u0119 wygodnie u\u0142o\u017cy\u0107, ta poduszka klinowa jest idealnym rozwi\u0105zaniem. Ergonomicznie ukszta\u0142towana, aby podeprze\u0107 plecy i szyj\u0119, zapewnia doskona\u0142e wsparcie zar\u00f3wno w pozycji siedz\u0105cej, jak i le\u017c\u0105cej. <\/p>\n<p>Dzi\u0119ki stylowemu pokryciu i gamie neutralnych kolor\u00f3w, poduszka mo\u017ce s\u0142u\u017cy\u0107 jako atrakcyjny zag\u0142\u00f3wek lub oparcie \u0142\u00f3\u017cka. Idealnie nadaje si\u0119 do akademik\u00f3w, sypialni dzieci\u0119cych, \u0142\u00f3\u017cek go\u015bcinnych, kamper\u00f3w i nie tylko. Pokrowiec jest zdejmowany i mo\u017cna go pra\u0107 w pralce.<\/p>\n<p>Opinie klient\u00f3w:<\/p>\n<p>\"Ta poduszka pod plecy to dla mnie prawdziwy prze\u0142om. Wreszcie mog\u0119 czyta\u0107 w \u0142\u00f3\u017cku bez b\u00f3lu szyi i plec\u00f3w\".<\/p>\n<p>\"Kupi\u0142em rozmiar 160 cm do mojego \u0142\u00f3\u017cka dziennego i wygl\u0105da tak uroczo, daj\u0105c mi wygodne miejsce do oparcia si\u0119\". <\/p>\n<p>\"Kupi\u0142em go do \u0142\u00f3\u017cka pi\u0119trowego mojej c\u00f3rki, aby mog\u0142a wygodnie usi\u0105\u015b\u0107. Uwielbia u\u017cywa\u0107 go do podpierania si\u0119 podczas czytania\".<\/p>\n<p>Dzi\u0119ki sprytnemu klinowemu kszta\u0142towi, podparciu o wysokiej g\u0119sto\u015bci i eleganckiemu wygl\u0105dowi, ta poduszka ma na celu uprzyjemnienie odpoczynku w \u0142\u00f3\u017cku. Jest dost\u0119pna w r\u00f3\u017cnych rozmiarach, dzi\u0119ki czemu pasuje do ka\u017cdego \u0142\u00f3\u017cka lub sofy. Wystarczy pochyli\u0107 si\u0119 i zrelaksowa\u0107 w jej obj\u0119ciach. Twoje plecy i szyja b\u0119d\u0105 Ci wdzi\u0119czne!<\/p>","protected":false},"excerpt":{"rendered":"<ul>\n<li><strong>Idealny do czytania w \u0142\u00f3\u017cku:<\/strong> Ulepszone podparcie plec\u00f3w i szyi zapewnia najwy\u017cszy komfort podczas czytania i ogl\u0105dania telewizji.<\/li>\n<li><strong>Mo\u017ce s\u0142u\u017cy\u0107 jako zag\u0142\u00f3wek:<\/strong> \u015awietny wyb\u00f3r do dekoracji i funkcjonalno\u015bci, szczeg\u00f3lnie dla student\u00f3w.<\/li>\n<li><strong>Wszechstronne zastosowanie:<\/strong> Nadaje si\u0119 do wszystkich rozmiar\u00f3w \u0142\u00f3\u017cek, a rozmiar king size idealnie pasuje do \u0142\u00f3\u017cka dziennego, s\u0142u\u017c\u0105c jako kanapa. Przydaje si\u0119 r\u00f3wnie\u017c jako poduszka dzieci\u0119ca, oparcie \u0142\u00f3\u017cka pi\u0119trowego lub zag\u0142\u00f3wek kampera\/przyczepy.<\/li>\n<li><strong>Zmywalna konstrukcja:<\/strong> Posiada zdejmowany pokrowiec z guzikami u\u0142atwiaj\u0105cymi pranie i stylowy kszta\u0142t.<\/li>\n<li><strong>Materia\u0142 najwy\u017cszej jako\u015bci:<\/strong> Wype\u0142nienie z poliuretanu o wysokiej g\u0119sto\u015bci zapewnia solidne podparcie plec\u00f3w, a tkanina podkre\u015bla estetyk\u0119 wn\u0119trza.<\/li>\n<li><strong>Rozmiar:<\/strong> 100 cm (L100 x W26 x H55 | 3 przyciski kolumnowe), 120 cm (L120 x W26 x H55 | 4 przyciski kolumnowe), 140 cm (L140 x W26 x H55 | 4 przyciski kolumnowe), 160 cm (L160 x W26 x H55 | 5 przycisk\u00f3w kolumnowych), 180 cm (L180 x W26 x H55 | 6 przycisk\u00f3w kolumnowych), 200 cm (L200 x W26 x H55 | 7 przycisk\u00f3w kolumnowych).<\/li>\n<\/ul>","protected":false},"featured_media":132,"comment_status":"open","ping_status":"closed","template":"","meta":[],"product_brand":[],"product_cat":[15],"product_tag":[151,101,68,74,58,53,152,56,100],"class_list":{"0":"post-133","1":"product","2":"type-product","3":"status-publish","4":"has-post-thumbnail","6":"product_cat-pillows","7":"product_tag-backsupport-cushion","8":"product_tag-bunk-bed-backrest","9":"product_tag-college-student-pillow","10":"product_tag-daybed-pillow","11":"product_tag-linen-pillow","12":"product_tag-reading-pillow","13":"product_tag-rvtrailer-headboard","14":"product_tag-wedge-bolster-pillow","15":"product_tag-white-linen-pillow","17":"first","18":"instock","19":"featured","20":"shipping-taxable","21":"purchasable","22":"product-type-variable","23":"has-default-attributes"},"_links":{"self":[{"href":"https:\/\/www.livingpillow.com\/pl\/wp-json\/wp\/v2\/product\/133","targetHints":{"allow":["GET"]}}],"collection":[{"href":"https:\/\/www.livingpillow.com\/pl\/wp-json\/wp\/v2\/product"}],"about":[{"href":"https:\/\/www.livingpillow.com\/pl\/wp-json\/wp\/v2\/types\/product"}],"replies":[{"embeddable":true,"href":"https:\/\/www.livingpillow.com\/pl\/wp-json\/wp\/v2\/comments?post=133"}],"wp:featuredmedia":[{"embeddable":true,"href":"https:\/\/www.livingpillow.com\/pl\/wp-json\/wp\/v2\/media\/132"}],"wp:attachment":[{"href":"https:\/\/www.livingpillow.com\/pl\/wp-json\/wp\/v2\/media?parent=133"}],"wp:term":[{"taxonomy":"product_brand","embeddable":true,"href":"https:\/\/www.livingpillow.com\/pl\/wp-json\/wp\/v2\/product_brand?post=133"},{"taxonomy":"product_cat","embeddable":true,"href":"https:\/\/www.livingpillow.com\/pl\/wp-json\/wp\/v2\/product_cat?post=133"},{"taxonomy":"product_tag","embeddable":true,"href":"https:\/\/www.livingpillow.com\/pl\/wp-json\/wp\/v2\/product_tag?post=133"}],"curies":[{"name":"wp","href":"https:\/\/api.w.org\/{rel}","templated":true}]}}