{"id":280,"date":"2024-02-23T00:26:16","date_gmt":"2024-02-23T00:26:16","guid":{"rendered":"https:\/\/www.livingpillow.com\/product\/bed-bolster-pillow"},"modified":"2026-03-03T01:19:36","modified_gmt":"2026-03-03T01:19:36","slug":"poduszka-na-zaglowek-piekna-poduszka-na-zaglowek-sztruksowa-brazowa","status":"publish","type":"product","link":"https:\/\/www.livingpillow.com\/pl\/product\/bolster-pillow-beautiful-headboard-cushion-corduroy-brown","title":{"rendered":"Poduszka na zag\u0142\u00f3wek Pi\u0119kna poduszka na zag\u0142\u00f3wek Sztruks Br\u0105zowy"},"content":{"rendered":"<p><strong>Odkryj najwy\u017cszy komfort i styl dzi\u0119ki naszej sztruksowej poduszce do czytania klasy premium<\/strong><\/p>\n<p>Zanurz si\u0119 w niezr\u00f3wnanym komforcie naszej wyj\u0105tkowej sztruksowej poduszki do czytania, zaprojektowanej tak, aby na nowo zdefiniowa\u0107 Twoje doznania podczas snu i relaksu.<\/p>\n<p><strong>Niezr\u00f3wnane wsparcie plec\u00f3w i szyi<\/strong><\/p>\n<p>Wsu\u0144 si\u0119 w t\u0119 pluszow\u0105 poduszk\u0119 i po\u017cegnaj si\u0119 z dyskomfortem. Jej du\u017cy rozmiar i g\u0119ste poliuretanowe wype\u0142nienie zapewniaj\u0105 niezachwiane wsparcie plec\u00f3w i szyi, zapewniaj\u0105c maksymalny komfort podczas zwijania si\u0119 z wci\u0105gaj\u0105c\u0105 ksi\u0105\u017ck\u0105 lub ogl\u0105dania ulubionych program\u00f3w.<\/p>\n<p><strong>Stylowa alternatywa dla zag\u0142\u00f3wka<\/strong><\/p>\n<p>Studenci si\u0119 ciesz\u0105! Nasza poduszka do czytania s\u0142u\u017cy jako \u017cywy i funkcjonalny zag\u0142\u00f3wek, natychmiast zwi\u0119kszaj\u0105c estetyk\u0119 pokoju w akademiku. Przyci\u0105gaj\u0105cy wzrok sztruksowy materia\u0142 i eleganckie guziki bez trudu uzupe\u0142ni\u0105 ka\u017cdy wystr\u00f3j.<\/p>\n<p><strong>Wszechstronny towarzysz<\/strong><\/p>\n<p>Poza swoim podstawowym przeznaczeniem, nasza wielofunkcyjna poduszka mo\u017ce p\u0142ynnie dostosowa\u0107 si\u0119 do Twoich potrzeb. U\u017cyj jej jako le\u017canki podczas wylegiwania si\u0119 na \u0142\u00f3\u017cku dziennym lub jako przytulnego oparcia lub zag\u0142\u00f3wka do \u0142\u00f3\u017cka pi\u0119trowego. Jej wszechstronno\u015b\u0107 rozci\u0105ga si\u0119 na ka\u017cdy zak\u0105tek przestrzeni \u017cyciowej.<\/p>\n<p><strong>Konserwacja bez wysi\u0142ku<\/strong><\/p>\n<p>Utrzymanie naszej poduszki do czytania w nienagannej czysto\u015bci jest bardzo proste. Wystarczy zdj\u0105\u0107 zmywaln\u0105 poszewk\u0119 i wrzuci\u0107 j\u0105 do pralki. Wytrzyma\u0142y materia\u0142 zapewnia, \u017ce jej \u017cywe kolory i mi\u0119kka tekstura przetrwaj\u0105 d\u0142ugie lata.<\/p>\n<p><strong>Wysokiej jako\u015bci konstrukcja<\/strong><\/p>\n<p>Ka\u017cda poduszka jest starannie wykonana przy u\u017cyciu najlepszych materia\u0142\u00f3w. Poliestrowa tkanina sztruksowa 100% emanuje elegancj\u0105 i trwa\u0142o\u015bci\u0105, a g\u0119ste wype\u0142nienie poliuretanowe gwarantuje trwa\u0142e wsparcie.<\/p>\n<p><strong>Rozmiary niestandardowe<\/strong><\/p>\n<p>Wybierz z naszej szerokiej gamy rozmiar\u00f3w, aby idealnie dopasowa\u0107 je do swoich unikalnych potrzeb i preferencji: 45cm, 60cm, 80cm, 100cm, 120cm, 140cm, 160cm, 180cm i 200cm.<\/p>\n<p><strong>Opinie klient\u00f3w<\/strong><\/p>\n<p>Oto, co maj\u0105 do powiedzenia nasi zadowoleni klienci:<\/p>\n<p>* \"Ta poduszka odmieni\u0142a m\u00f3j czas sp\u0119dzany na czytaniu. Wsparcie plec\u00f3w i szyi jest niesamowite!\"<br \/>\n* \"Uwielbiam sztruksowy materia\u0142. Wygl\u0105da tak wyrafinowanie w moim pokoju w akademiku\".<br \/>\n* \"U\u017cywam go na moim \u0142\u00f3\u017cku dziennym jako kanapy i jest o wiele wygodniejszy ni\u017c moje stare poduszki\".<\/p>\n<p>Ulepsz sw\u00f3j relaks ju\u017c dzi\u015b dzi\u0119ki naszej wysokiej jako\u015bci sztruksowej poduszce do czytania. Jej wyj\u0105tkowa wygoda, wszechstronno\u015b\u0107 i stylowy wygl\u0105d zapewni\u0105 ci przytulno\u015b\u0107 i zadowolenie przez niezliczone chwile.<\/p>","protected":false},"excerpt":{"rendered":"<ul>\n<li><strong>\u015awietny do czytania w \u0142\u00f3\u017cku:<\/strong> Doskona\u0142e podparcie plec\u00f3w i szyi zapewnia maksymalny komfort podczas czytania lub ogl\u0105dania telewizji.<\/li>\n<li><strong>Alternatywny dekoracyjny zag\u0142\u00f3wek:<\/strong> Popularny w\u015br\u00f3d student\u00f3w jako dekoracyjny, ale funkcjonalny zag\u0142\u00f3wek.<\/li>\n<li><strong>Uniwersalno\u015b\u0107:<\/strong> Pasuje do \u0142\u00f3\u017cek dziennych jako kanapa; sprawdza si\u0119 r\u00f3wnie\u017c jako oparcie lub zag\u0142\u00f3wek \u0142\u00f3\u017cka pi\u0119trowego.<\/li>\n<li><strong>\u0141atwa piel\u0119gnacja:<\/strong> Zdejmowany, nadaj\u0105cy si\u0119 do prania pokrowiec z do\u0142\u0105czonymi guzikami.<\/li>\n<li><strong>Wysokiej jako\u015bci materia\u0142y:<\/strong> Wype\u0142nienie z g\u0119stego poliuretanu zapewnia solidne podparcie plec\u00f3w. Atrakcyjny sztruksowy materia\u0142 pasuje do ka\u017cdego wystroju.<\/li>\n<li><strong>Materia\u0142:<\/strong> 100% Sztruks poliestrowy<\/li>\n<li><strong>Rozmiar:<\/strong> 45cm (45*20*50cm | 0 guzik\u00f3w), 60cm (60*20*50cm | 0 guzik\u00f3w), 80cm (80*20*50cm | 2 guziki), 100cm (100*20*50cm | 3 guziki), 120cm (120*20*50cm | 4 guziki), 140cm (140*20*50cm | 4 guziki), 160cm (160*20*50cm | 5 guzik\u00f3w), 180cm (180*20*50cm | 6 guzik\u00f3w), 200cm (200*20*50cm | 7 guzik\u00f3w).<\/li>\n<\/ul>","protected":false},"featured_media":279,"comment_status":"open","ping_status":"closed","template":"","meta":[],"product_brand":[],"product_cat":[15],"product_tag":[113,135,62,137,68,125,136,98,97,91],"class_list":{"0":"post-280","1":"product","2":"type-product","3":"status-publish","4":"has-post-thumbnail","6":"product_cat-pillows","7":"product_tag-back-and-neck-support","8":"product_tag-bolster-pillow","9":"product_tag-brown-pillow","10":"product_tag-bunk-bed-accessory","11":"product_tag-college-student-pillow","12":"product_tag-corduroy-fabric-pillow","13":"product_tag-daybed-accessory","14":"product_tag-decorative-headboard","15":"product_tag-functional-headboard","16":"product_tag-multipurpose-pillow","18":"first","19":"instock","20":"featured","21":"shipping-taxable","22":"purchasable","23":"product-type-variable","24":"has-default-attributes"},"_links":{"self":[{"href":"https:\/\/www.livingpillow.com\/pl\/wp-json\/wp\/v2\/product\/280","targetHints":{"allow":["GET"]}}],"collection":[{"href":"https:\/\/www.livingpillow.com\/pl\/wp-json\/wp\/v2\/product"}],"about":[{"href":"https:\/\/www.livingpillow.com\/pl\/wp-json\/wp\/v2\/types\/product"}],"replies":[{"embeddable":true,"href":"https:\/\/www.livingpillow.com\/pl\/wp-json\/wp\/v2\/comments?post=280"}],"wp:featuredmedia":[{"embeddable":true,"href":"https:\/\/www.livingpillow.com\/pl\/wp-json\/wp\/v2\/media\/279"}],"wp:attachment":[{"href":"https:\/\/www.livingpillow.com\/pl\/wp-json\/wp\/v2\/media?parent=280"}],"wp:term":[{"taxonomy":"product_brand","embeddable":true,"href":"https:\/\/www.livingpillow.com\/pl\/wp-json\/wp\/v2\/product_brand?post=280"},{"taxonomy":"product_cat","embeddable":true,"href":"https:\/\/www.livingpillow.com\/pl\/wp-json\/wp\/v2\/product_cat?post=280"},{"taxonomy":"product_tag","embeddable":true,"href":"https:\/\/www.livingpillow.com\/pl\/wp-json\/wp\/v2\/product_tag?post=280"}],"curies":[{"name":"wp","href":"https:\/\/api.w.org\/{rel}","templated":true}]}}