{"id":399,"date":"2024-02-23T04:37:55","date_gmt":"2024-02-23T04:37:55","guid":{"rendered":"https:\/\/www.livingpillow.com\/product\/back-support-cushion"},"modified":"2026-03-03T01:21:07","modified_gmt":"2026-03-03T01:21:07","slug":"poduszka-pod-plecy-piekna-poduszka-do-lozka-sztruksowa-lazurowa","status":"publish","type":"product","link":"https:\/\/www.livingpillow.com\/pl\/product\/back-support-cushion-beautiful-bed-pillow-corduroy-azure","title":{"rendered":"Poduszka Wspieraj\u0105ca Plecy Pi\u0119kna Poduszka Do \u0141\u00f3\u017cka Sztruksowa Lazurowa"},"content":{"rendered":"<p><strong>Zwi\u0119ksz swoje mo\u017cliwo\u015bci czytania i relaksu dzi\u0119ki naszym tr\u00f3jk\u0105tnym poduszkom do czytania klasy premium<\/strong><\/p>\n<p>Zanurz si\u0119 w przyjemnym czytaniu lub ogl\u0105daniu telewizji dzi\u0119ki naszym wyj\u0105tkowym tr\u00f3jk\u0105tnym poduszkom do czytania. Zaprojektowane, aby zapewni\u0107 niezr\u00f3wnane wsparcie dla plec\u00f3w i szyi, podnosz\u0105 poziom komfortu, sprawiaj\u0105c, \u017ce godziny snu i wypoczynku s\u0105 przyjemniejsze.<\/p>\n<p><strong>Wszechstronny i stylowy<\/strong><\/p>\n<p>Niezale\u017cnie od tego, czy jeste\u015b studentem poszukuj\u0105cym funkcjonalnego zag\u0142\u00f3wka, czy chcesz ulepszy\u0107 swoje istniej\u0105ce \u0142\u00f3\u017cko, nasze poduszki s\u0105 idealnym rozwi\u0105zaniem. Dost\u0119pne we wszystkich rozmiarach \u0142\u00f3\u017cek, w tym kr\u00f3lewskich, wygodnie pe\u0142ni\u0105 funkcj\u0119 sof do \u0142\u00f3\u017cek dziennych lub zapewniaj\u0105 dodatkowe wsparcie jako oparcie \u0142\u00f3\u017cka pi\u0119trowego.<\/p>\n<p><strong>\u0141atwa konserwacja i najwy\u017csza jako\u015b\u0107<\/strong><\/p>\n<p>Dzi\u0119ki zdejmowanym pokrowcom zabezpieczonym guzikami, nasze poduszki s\u0105 \u0142atwe w utrzymaniu. Wystarczy zdj\u0105\u0107 pokrowce, aby \u0142atwo je wypra\u0107, zapewniaj\u0105c zar\u00f3wno higien\u0119, jak i styl. Wype\u0142nione poliuretanem o wysokiej g\u0119sto\u015bci, poduszki te zapewniaj\u0105 optymalne podparcie plec\u00f3w, a ich sztruksowa tkanina podkre\u015bla estetyk\u0119 ka\u017cdego pomieszczenia.<\/p>\n<p><strong>Pozytywne opinie zadowolonych klient\u00f3w<\/strong><\/p>\n<p>\"Te poduszki s\u0105 takie wygodne! U\u017cywam ich do czytania w \u0142\u00f3\u017cku i robi\u0105 tak\u0105 r\u00f3\u017cnic\u0119. Moje plecy i szyja ju\u017c mnie nie bol\u0105\". - Jane, zweryfikowany klient<\/p>\n<p>\"Uwielbiam to, \u017ce mog\u0119 u\u017cywa\u0107 tych poduszek na wiele r\u00f3\u017cnych sposob\u00f3w. S\u0105 idealne do mojego \u0142\u00f3\u017cka dziennego, \u0142\u00f3\u017cka pi\u0119trowego, a nawet jako zag\u0142\u00f3wek. Pokrowce s\u0105 r\u00f3wnie\u017c \u0142atwe do prania!\" - Mary, kolejna zadowolona klientka<\/p>\n<p><strong>Rozmiary i opcje<\/strong><\/p>\n<p>Nasze poduszki s\u0105 dost\u0119pne w szerokiej gamie rozmiar\u00f3w, aby zaspokoi\u0107 konkretne potrzeby:<\/p>\n<p>* 45 cm (bez guzik\u00f3w)<br \/>\n* 60 cm (bez guzik\u00f3w)<br \/>\n* 80 cm (2 guziki)<br \/>\n* 100 cm (3 guziki)<br \/>\n* 120 cm (4 guziki)<br \/>\n* 140 cm (4 guziki)<br \/>\n* 160 cm (5 przycisk\u00f3w)<br \/>\n* 180 cm (6 przycisk\u00f3w)<br \/>\n* 200 cm (7 przycisk\u00f3w)<\/p>\n<p><strong>Podnie\u015b sw\u00f3j komfort i styl<\/strong><\/p>\n<p>Zam\u00f3w tr\u00f3jk\u0105tn\u0105 poduszk\u0119 do czytania ju\u017c dzi\u015b i do\u015bwiadcz najwy\u017cszego komfortu i stylu. Niezale\u017cnie od tego, czy zwijasz si\u0119 z ksi\u0105\u017ck\u0105, ogl\u0105dasz film, czy po prostu potrzebujesz dodatkowego wsparcia, nasze poduszki poprawi\u0105 Tw\u00f3j relaks i czas wolny.<\/p>","protected":false},"excerpt":{"rendered":"<ul>\n<li><strong>Idealny do czytania przed snem:<\/strong> Popraw komfort czytania i ogl\u0105dania telewizji dzi\u0119ki doskona\u0142emu podparciu plec\u00f3w i szyi.<\/li>\n<li><strong>Funkcjonalna alternatywa dla zag\u0142\u00f3wka:<\/strong> Idealny dla student\u00f3w, s\u0142u\u017cy zar\u00f3wno jako dekoracyjny, jak i funkcjonalny zag\u0142\u00f3wek.<\/li>\n<li><strong>Wszechstronne zastosowanie:<\/strong> Dost\u0119pne we wszystkich rozmiarach \u0142\u00f3\u017cek, przy czym rozmiar king size idealnie pasuje do \u0142\u00f3\u017cek dziennych, pe\u0142ni\u0105c funkcj\u0119 sofy. Przydatne jako oparcie \u0142\u00f3\u017cka pi\u0119trowego lub samodzielny zag\u0142\u00f3wek.<\/li>\n<li><strong>Zmywalna konstrukcja:<\/strong> Zdejmowane pokrowce za pomoc\u0105 do\u0142\u0105czonych guzik\u00f3w u\u0142atwiaj\u0105 pranie, zwi\u0119kszaj\u0105c wygod\u0119 i styl poduszki.<\/li>\n<li><strong>Materia\u0142 premium:<\/strong> Wype\u0142nienie z poliuretanu o wysokiej g\u0119sto\u015bci zapewnia doskona\u0142e podparcie plec\u00f3w, a tkanina podkre\u015bla estetyk\u0119 pomieszczenia.<\/li>\n<li><strong>Materia\u0142:<\/strong> 100% Sztruks poliestrowy.<\/li>\n<li><strong>Rozmiar:<\/strong> 45cm (45*20*50cm | 0 guzik\u00f3w); 60cm (60*20*50cm | 0 guzik\u00f3w); 80cm (80*20*50cm | 2 guziki); 100cm (100*20*50cm | 3 guziki); 120cm (120*20*50cm | 4 guziki); 140cm (140*20*50cm | 4 guziki); 160cm (160*20*50cm | 5 guzik\u00f3w); 180cm (180*20*50cm | 6 guzik\u00f3w); 200cm (200*20*50cm | 7 guzik\u00f3w).<\/li>\n<\/ul>","protected":false},"featured_media":398,"comment_status":"open","ping_status":"closed","template":"","meta":[],"product_brand":[],"product_cat":[15],"product_tag":[121,122,101,74,98,116,90,123],"class_list":{"0":"post-399","1":"product","2":"type-product","3":"status-publish","4":"has-post-thumbnail","6":"product_cat-pillows","7":"product_tag-back-support-cushion","8":"product_tag-beautiful-bed-pillow","9":"product_tag-bunk-bed-backrest","10":"product_tag-daybed-pillow","11":"product_tag-decorative-headboard","12":"product_tag-functional-headboard-alternative","13":"product_tag-king-size-pillow","14":"product_tag-standalone-headboard","16":"first","17":"instock","18":"featured","19":"shipping-taxable","20":"purchasable","21":"product-type-variable","22":"has-default-attributes"},"_links":{"self":[{"href":"https:\/\/www.livingpillow.com\/pl\/wp-json\/wp\/v2\/product\/399","targetHints":{"allow":["GET"]}}],"collection":[{"href":"https:\/\/www.livingpillow.com\/pl\/wp-json\/wp\/v2\/product"}],"about":[{"href":"https:\/\/www.livingpillow.com\/pl\/wp-json\/wp\/v2\/types\/product"}],"replies":[{"embeddable":true,"href":"https:\/\/www.livingpillow.com\/pl\/wp-json\/wp\/v2\/comments?post=399"}],"wp:featuredmedia":[{"embeddable":true,"href":"https:\/\/www.livingpillow.com\/pl\/wp-json\/wp\/v2\/media\/398"}],"wp:attachment":[{"href":"https:\/\/www.livingpillow.com\/pl\/wp-json\/wp\/v2\/media?parent=399"}],"wp:term":[{"taxonomy":"product_brand","embeddable":true,"href":"https:\/\/www.livingpillow.com\/pl\/wp-json\/wp\/v2\/product_brand?post=399"},{"taxonomy":"product_cat","embeddable":true,"href":"https:\/\/www.livingpillow.com\/pl\/wp-json\/wp\/v2\/product_cat?post=399"},{"taxonomy":"product_tag","embeddable":true,"href":"https:\/\/www.livingpillow.com\/pl\/wp-json\/wp\/v2\/product_tag?post=399"}],"curies":[{"name":"wp","href":"https:\/\/api.w.org\/{rel}","templated":true}]}}