{"id":429,"date":"2024-02-23T05:10:46","date_gmt":"2024-02-23T05:10:46","guid":{"rendered":"https:\/\/www.livingpillow.com\/product\/backrest-pillow"},"modified":"2026-03-03T01:21:32","modified_gmt":"2026-03-03T01:21:32","slug":"duza-poduszka-oparciowa-do-czytania-na-sofe-aksamitna-szara","status":"publish","type":"product","link":"https:\/\/www.livingpillow.com\/pl\/product\/big-backrest-pillow-reading-cushion-for-sofa-bed-velvet-grey","title":{"rendered":"Du\u017ca poduszka oparcia do czytania na sof\u0119 Velvet Grey"},"content":{"rendered":"<p>Przedstawiamy nasz\u0105 wspieraj\u0105c\u0105 poduszk\u0119 do czytania, zaprojektowan\u0105 w celu zapewnienia maksymalnego komfortu podczas czytania lub ogl\u0105dania telewizji w \u0142\u00f3\u017cku. Dzi\u0119ki wype\u0142nieniu poliuretanowemu o wysokiej g\u0119sto\u015bci, ta poduszka klinowa zapewnia doskona\u0142e wsparcie plec\u00f3w i szyi, umo\u017cliwiaj\u0105c relaks w wygodnej i wspieraj\u0105cej pozycji.<\/p>\n<p>Ale to nie wszystko - ta wszechstronna poduszka s\u0142u\u017cy jako doskona\u0142a alternatywa dla tradycyjnego zag\u0142\u00f3wka, dzi\u0119ki czemu jest idealna dla student\u00f3w i tych, kt\u00f3rzy chc\u0105 zar\u00f3wno funkcjonalnych, jak i dekoracyjnych element\u00f3w w swojej sypialni. Ponadto jest dost\u0119pna we wszystkich rozmiarach dla zwyk\u0142ych \u0142\u00f3\u017cek, a rozmiar king size jest idealnym dodatkiem do \u0142\u00f3\u017cka dziennego, aby przekszta\u0142ci\u0107 je w przytuln\u0105 kanap\u0119.<\/p>\n<p>Innowacyjna konstrukcja tej poduszki sprawia, \u017ce jest ona \u0142atwa do prania, dzi\u0119ki do\u0142\u0105czonym guzikom, kt\u00f3re nie tylko nadaj\u0105 jej dynamiczny wygl\u0105d, ale tak\u017ce pozwalaj\u0105 na \u0142atwe zdejmowanie i czyszczenie pokrowca.<\/p>\n<p>Je\u015bli chodzi o pokrowiec, zastosowana tkanina to 100% Polyester Velvet, kt\u00f3ra nie tylko dodaje poduszce doskona\u0142ego efektu wizualnego, ale tak\u017ce wzbogaca wystr\u00f3j wn\u0119trza.<\/p>\n<p>Ale nie musisz wierzy\u0107 nam na s\u0142owo. Oto kilka komentarzy od naszych zadowolonych klient\u00f3w:<\/p>\n<p>- \"Ta poduszka zmienia zasady gry, je\u015bli chodzi o czytanie w \u0142\u00f3\u017cku. Zapewnia \u015bwietne wsparcie i sprawia, \u017ce czytanie jest znacznie wygodniejsze\".<br \/>\n- \"Uwielbiam u\u017cywa\u0107 tej poduszki jako zag\u0142\u00f3wka! Dodaje wyj\u0105tkowego i przytulnego akcentu do mojej sypialni\".<br \/>\n- \"Kupi\u0142em rozmiar 120 cm do mojego \u0142\u00f3\u017cka pi\u0119trowego i doskonale sprawdza si\u0119 jako oparcie. \u015awietnie nadaje si\u0119 r\u00f3wnie\u017c do siedzenia i nauki\".<br \/>\n- \"Przyciski na pokrowcu u\u0142atwiaj\u0105 jego zdejmowanie i pranie. Uwielbiam jego prostot\u0119\".<\/p>\n<p>Niezale\u017cnie od tego, czy szukasz wygodnego sposobu na czytanie w \u0142\u00f3\u017cku, czy chcesz doda\u0107 funkcjonalny i stylowy akcent do swojej sypialni, nasza poduszka do czytania jest idealnym rozwi\u0105zaniem. Wybierz spo\u015br\u00f3d wielu rozmiar\u00f3w i kolor\u00f3w, w tym popularnego szarego aksamitu Holland, i do\u015bwiadcz najwy\u017cszego komfortu i wsparcia.<\/p>","protected":false},"excerpt":{"rendered":"<ul>\n<li><strong>Idealny do czytania w \u0142\u00f3\u017cku:<\/strong> Ciesz si\u0119 maksymalnym komfortem podczas czytania lub ogl\u0105dania telewizji dzi\u0119ki naszej poduszce do czytania, zaprojektowanej tak, aby zapewni\u0107 doskona\u0142e wsparcie plec\u00f3w i szyi.<\/li>\n<li><strong>Alternatywa jako zag\u0142\u00f3wek:<\/strong> Idealna dla student\u00f3w i nie tylko, poduszka ta s\u0142u\u017cy zar\u00f3wno jako funkcjonalne, jak i dekoracyjne wezg\u0142owie.<\/li>\n<li><strong>Uniwersalne zastosowanie:<\/strong> Dost\u0119pne we wszystkich rozmiarach dla zwyk\u0142ych \u0142\u00f3\u017cek; rozmiar king size doskonale uzupe\u0142nia \u0142\u00f3\u017cko dzienne, zamieniaj\u0105c je w kanap\u0119. Nadaje si\u0119 r\u00f3wnie\u017c jako oparcie \u0142\u00f3\u017cka pi\u0119trowego lub prowizoryczny zag\u0142\u00f3wek.<\/li>\n<li><strong>\u0141atwy do mycia:<\/strong> Innowacyjna konstrukcja obejmuje do\u0142\u0105czone przyciski zapewniaj\u0105ce dynamiczny wygl\u0105d oraz \u0142atwe zdejmowanie i pranie pokrowca.<\/li>\n<li><strong>Wysokiej jako\u015bci materia\u0142:<\/strong> Wype\u0142niona poliuretanem o wysokiej g\u0119sto\u015bci dla doskona\u0142ego podparcia plec\u00f3w, tkanina poduszki klinowej poprawia r\u00f3wnie\u017c wystr\u00f3j wn\u0119trza dzi\u0119ki doskona\u0142emu efektowi wizualnemu.<\/li>\n<li><strong>Materia\u0142:<\/strong> Aksamit (poliester 100%).<\/li>\n<li><strong>Rozmiar:<\/strong> 45cm (45*20*50cm | 0 guzik\u00f3w); 60cm (60*20*50cm | 0 guzik\u00f3w); 80cm (80*20*50cm | 2 guziki); 100cm (100*20*50cm | 3 guziki); 120cm (120*20*50cm | 4 guziki); 140cm (140*20*50cm | 4 guziki); 160cm (160*20*50cm | 5 guzik\u00f3w); 180cm (180*20*50cm | 6 guzik\u00f3w); 200cm (200*20*50cm | 7 guzik\u00f3w).<\/li>\n<\/ul>","protected":false},"featured_media":428,"comment_status":"open","ping_status":"closed","template":"","meta":[],"product_brand":[],"product_cat":[15],"product_tag":[63,79,120,109,91,111,119],"class_list":{"0":"post-429","1":"product","2":"type-product","3":"status-publish","4":"has-post-thumbnail","6":"product_cat-pillows","7":"product_tag-backrest-pillow","8":"product_tag-bedroom-decoration","9":"product_tag-big-backrest-pillow","10":"product_tag-high-density-polyurethane-pillow","11":"product_tag-multipurpose-pillow","12":"product_tag-reading-cushion","13":"product_tag-sofa-bed-pillow","15":"first","16":"instock","17":"shipping-taxable","18":"purchasable","19":"product-type-variable","20":"has-default-attributes"},"_links":{"self":[{"href":"https:\/\/www.livingpillow.com\/pl\/wp-json\/wp\/v2\/product\/429","targetHints":{"allow":["GET"]}}],"collection":[{"href":"https:\/\/www.livingpillow.com\/pl\/wp-json\/wp\/v2\/product"}],"about":[{"href":"https:\/\/www.livingpillow.com\/pl\/wp-json\/wp\/v2\/types\/product"}],"replies":[{"embeddable":true,"href":"https:\/\/www.livingpillow.com\/pl\/wp-json\/wp\/v2\/comments?post=429"}],"wp:featuredmedia":[{"embeddable":true,"href":"https:\/\/www.livingpillow.com\/pl\/wp-json\/wp\/v2\/media\/428"}],"wp:attachment":[{"href":"https:\/\/www.livingpillow.com\/pl\/wp-json\/wp\/v2\/media?parent=429"}],"wp:term":[{"taxonomy":"product_brand","embeddable":true,"href":"https:\/\/www.livingpillow.com\/pl\/wp-json\/wp\/v2\/product_brand?post=429"},{"taxonomy":"product_cat","embeddable":true,"href":"https:\/\/www.livingpillow.com\/pl\/wp-json\/wp\/v2\/product_cat?post=429"},{"taxonomy":"product_tag","embeddable":true,"href":"https:\/\/www.livingpillow.com\/pl\/wp-json\/wp\/v2\/product_tag?post=429"}],"curies":[{"name":"wp","href":"https:\/\/api.w.org\/{rel}","templated":true}]}}