{"id":488,"date":"2024-02-23T05:44:00","date_gmt":"2024-02-23T05:44:00","guid":{"rendered":"https:\/\/www.livingpillow.com\/product\/bed-wedge-support-pillow"},"modified":"2026-03-03T01:22:19","modified_gmt":"2026-03-03T01:22:19","slug":"klin-do-lozka-poduszka-do-czytania-aksamitny-gleboki-niebieski","status":"publish","type":"product","link":"https:\/\/www.livingpillow.com\/pl\/product\/bed-wedge-support-pillow-reading-cushion-velvet-deep-blue","title":{"rendered":"Poduszka klinowa do \u0142\u00f3\u017cka Poduszka do czytania Velvet Deep Blue"},"content":{"rendered":"<p>Odkryj idealnego towarzysza do czytania i relaksu<\/p>\n<p>Masz do\u015b\u0107 nadwyr\u0119\u017cania karku i plec\u00f3w podczas czytania w \u0142\u00f3\u017cku lub na kanapie? Szukasz dekoracyjnych i funkcjonalnych akcesori\u00f3w do pokoju w akademiku? Nasza wielofunkcyjna tr\u00f3jk\u0105tna poduszka jest rozwi\u0105zaniem. Dost\u0119pna w rozmiarach od 45 cm do 200 cm, ta tr\u00f3jk\u0105tna poduszka zapewnia doskona\u0142e wsparcie, niezale\u017cnie od tego, czy wylegujesz si\u0119, studiujesz, czy ogl\u0105dasz ulubione seriale.<\/p>\n<p>Wykonana z mi\u0119kkiej, aksamitnej tkaniny poliestrowej 100% z wype\u0142nieniem poliuretanowym o wysokiej g\u0119sto\u015bci, poduszka ta dopasowuje si\u0119 do cia\u0142a, zapewniaj\u0105c najwy\u017cszy komfort. Do\u0142\u0105czone guziki umo\u017cliwiaj\u0105 regulacj\u0119 kszta\u0142tu w zale\u017cno\u015bci od potrzeb. Dzi\u0119ki stylowemu wygl\u0105dowi, tr\u00f3jk\u0105tna poduszka mo\u017ce nawet s\u0142u\u017cy\u0107 jako alternatywne wezg\u0142owie, uzupe\u0142niaj\u0105c wystr\u00f3j akademika lub sypialni. <\/p>\n<p>Jak powiedzia\u0142 jeden z zadowolonych klient\u00f3w: \"Uwielbiam mi\u0119kki w dotyku aksamitny materia\u0142 tej poduszki. Sprawia, \u017ce czytanie w \u0142\u00f3\u017cku jest o wiele wygodniejsze bez konieczno\u015bci podpierania si\u0119 twardymi poduszkami\".<\/p>\n<p>Inny napisa\u0142: \"Ta tr\u00f3jk\u0105tna poduszka jest o wiele bardziej stylowa ni\u017c typowa poduszka do czytania. U\u017cywam jej jako zag\u0142\u00f3wka w moim mieszkaniu, poniewa\u017c nie mam miejsca na prawdziw\u0105\".<\/p>\n<p>Dzi\u0119ki swojej wszechstronno\u015bci, wysokiej jako\u015bci materia\u0142om i \u0142atwej piel\u0119gnacji dzi\u0119ki zdejmowanemu pokrowcowi, kt\u00f3ry mo\u017cna pra\u0107 w pralce, ta tr\u00f3jk\u0105tna poduszka jest niezb\u0119dnym dodatkiem do lepszego relaksu.<\/p>","protected":false},"excerpt":{"rendered":"<ul>\n<li><strong>Idealny do czytania:<\/strong> Zapewnia doskona\u0142e podparcie plec\u00f3w i szyi, zapewniaj\u0105c komfort podczas czytania lub ogl\u0105dania telewizji.<\/li>\n<li><strong>Alternatywa dla zag\u0142\u00f3wka:<\/strong> Mo\u017ce s\u0142u\u017cy\u0107 jako dekoracyjny i funkcjonalny zag\u0142\u00f3wek, szczeg\u00f3lnie dla student\u00f3w.<\/li>\n<li><strong>Uniwersalno\u015b\u0107:<\/strong> Dost\u0119pne w r\u00f3\u017cnych rozmiarach do zwyk\u0142ych \u0142\u00f3\u017cek i \u0142\u00f3\u017cek dziennych; mog\u0105 by\u0107 r\u00f3wnie\u017c u\u017cywane jako oparcia lub zag\u0142\u00f3wki \u0142\u00f3\u017cek pi\u0119trowych.<\/li>\n<li><strong>\u0141atwa konserwacja:<\/strong> Do\u0142\u0105czone guziki pozwalaj\u0105 na dynamiczny kszta\u0142t i zdejmowany pokrowiec u\u0142atwiaj\u0105cy pranie.<\/li>\n<li><strong>Wysokiej jako\u015bci konstrukcja:<\/strong> Wype\u0142nienie poliuretanowe o wysokiej g\u0119sto\u015bci zapewnia doskona\u0142e podparcie plec\u00f3w, a wytrzyma\u0142a tkanina uzupe\u0142nia wystr\u00f3j wn\u0119trza.<\/li>\n<li><strong>Materia\u0142:<\/strong> Mi\u0119kki i aksamitny poliester 100%.<\/li>\n<li><strong>Rozmiar:<\/strong> 45cm (45*20*50cm | 0 guzik\u00f3w); 60cm (60*20*50cm | 0 guzik\u00f3w); 80cm (80*20*50cm | 2 guziki); 100cm (100*20*50cm | 3 guziki); 120cm (120*20*50cm | 4 guziki); 140cm (140*20*50cm | 4 guziki); 160cm (160*20*50cm | 5 guzik\u00f3w); 180cm (180*20*50cm | 6 guzik\u00f3w); 200cm (200*20*50cm | 7 guzik\u00f3w).<\/li>\n<\/ul>","protected":false},"featured_media":487,"comment_status":"open","ping_status":"closed","template":"","meta":[],"product_brand":[],"product_cat":[15],"product_tag":[114,113,110,101,98,112,111],"class_list":{"0":"post-488","1":"product","2":"type-product","3":"status-publish","4":"has-post-thumbnail","6":"product_cat-pillows","7":"product_tag-alternative-to-headboard","8":"product_tag-back-and-neck-support","9":"product_tag-bed-wedge-support-pillow","10":"product_tag-bunk-bed-backrest","11":"product_tag-decorative-headboard","12":"product_tag-perfect-for-reading","13":"product_tag-reading-cushion","15":"first","16":"instock","17":"shipping-taxable","18":"purchasable","19":"product-type-variable","20":"has-default-attributes"},"_links":{"self":[{"href":"https:\/\/www.livingpillow.com\/pl\/wp-json\/wp\/v2\/product\/488","targetHints":{"allow":["GET"]}}],"collection":[{"href":"https:\/\/www.livingpillow.com\/pl\/wp-json\/wp\/v2\/product"}],"about":[{"href":"https:\/\/www.livingpillow.com\/pl\/wp-json\/wp\/v2\/types\/product"}],"replies":[{"embeddable":true,"href":"https:\/\/www.livingpillow.com\/pl\/wp-json\/wp\/v2\/comments?post=488"}],"wp:featuredmedia":[{"embeddable":true,"href":"https:\/\/www.livingpillow.com\/pl\/wp-json\/wp\/v2\/media\/487"}],"wp:attachment":[{"href":"https:\/\/www.livingpillow.com\/pl\/wp-json\/wp\/v2\/media?parent=488"}],"wp:term":[{"taxonomy":"product_brand","embeddable":true,"href":"https:\/\/www.livingpillow.com\/pl\/wp-json\/wp\/v2\/product_brand?post=488"},{"taxonomy":"product_cat","embeddable":true,"href":"https:\/\/www.livingpillow.com\/pl\/wp-json\/wp\/v2\/product_cat?post=488"},{"taxonomy":"product_tag","embeddable":true,"href":"https:\/\/www.livingpillow.com\/pl\/wp-json\/wp\/v2\/product_tag?post=488"}],"curies":[{"name":"wp","href":"https:\/\/api.w.org\/{rel}","templated":true}]}}