{"id":605,"date":"2024-02-23T10:22:42","date_gmt":"2024-02-23T10:22:42","guid":{"rendered":"https:\/\/www.livingpillow.com\/product\/large-back-pillow-for-bed"},"modified":"2026-04-22T01:07:04","modified_gmt":"2026-04-22T01:07:04","slug":"duza-poduszka-na-plecy-do-lozka-duza-poduszka-klinowa-posciel-biala","status":"publish","type":"product","link":"https:\/\/www.livingpillow.com\/pl\/product\/large-back-pillow-for-bed-big-wedge-cushion-linen-white","title":{"rendered":"Du\u017ca poduszka na plecy do \u0142\u00f3\u017cka Du\u017ca poduszka klinowa bia\u0142a"},"content":{"rendered":"<p>Przedstawiamy idealn\u0105 poduszk\u0119 do czytania: Tw\u00f3j najlepszy towarzysz komfortu<\/p>\n<p>Masz do\u015b\u0107 uczucia dyskomfortu podczas czytania lub ogl\u0105dania telewizji w \u0142\u00f3\u017cku? Przywitaj si\u0119 z idealnym rozwi\u0105zaniem: poduszk\u0105 do czytania! Nasze poduszki do czytania zapewniaj\u0105 doskona\u0142e podparcie plec\u00f3w i szyi, zapewniaj\u0105c maksymalny komfort podczas relaksu.<\/p>\n<p>Ale to nie wszystko - nasza poduszka do czytania jest r\u00f3wnie\u017c \u015bwietn\u0105 alternatyw\u0105 jako zag\u0142\u00f3wek. Wiele os\u00f3b, zw\u0142aszcza student\u00f3w, uwa\u017ca, \u017ce poduszka jest idealna zar\u00f3wno jako dekoracyjny, jak i funkcjonalny zag\u0142\u00f3wek. A dzi\u0119ki r\u00f3\u017cnym rozmiarom pasuj\u0105cym do zwyk\u0142ych \u0142\u00f3\u017cek i \u0142\u00f3\u017cek dziennych, nasze poduszki s\u0105 idealne dla szerokiego zakresu potrzeb. Mog\u0105 by\u0107 nawet u\u017cywane jako poduszki na zderzaki dla dzieci, oparcia \u0142\u00f3\u017cek pi\u0119trowych i zag\u0142\u00f3wki do kamper\u00f3w i przyczep.<\/p>\n<p>Jedn\u0105 z najlepszych rzeczy w naszej poduszce jest \u0142atwo\u015b\u0107 jej czyszczenia. Do\u0142\u0105czone guziki nie tylko tworz\u0105 dynamiczny kszta\u0142t poduszki, ale tak\u017ce sprawiaj\u0105, \u017ce pokrowiec mo\u017cna zdj\u0105\u0107 i wypra\u0107. Utrzymanie poduszki do czytania w czysto\u015bci i \u015bwie\u017co\u015bci nigdy nie by\u0142o \u0142atwiejsze!<\/p>\n<p>Nasze poduszki do czytania s\u0105 wykonane z wysokiej jako\u015bci materia\u0142\u00f3w, aby zapewni\u0107 maksymalny komfort i wsparcie. S\u0105 one wype\u0142nione poliuretanowym wype\u0142niaczem o wysokiej g\u0119sto\u015bci, kt\u00f3ry zapewnia doskona\u0142e wsparcie, a tkanina poduszek klinowych ma atrakcyjny wizualnie efekt, kt\u00f3ry pasuje do wystroju wn\u0119trza.<\/p>\n<p>Oferujemy r\u00f3\u017cne rozmiary dostosowane do Twoich potrzeb, od 45 cm do 200 cm. A dzi\u0119ki naszym komentarzom do produkt\u00f3w mo\u017cesz zobaczy\u0107, jak bardzo nasi klienci pokochali swoje poduszki do czytania. Oto kilka przyk\u0142ad\u00f3w:<\/p>\n<p>- \"Ta poduszka jest idealna do czytania w \u0142\u00f3\u017cku, a materia\u0142 jest tak mi\u0119kki i wygodny!\"<br \/>\n- \"Kupi\u0142em to wezg\u0142owie do pokoju mojej c\u00f3rki, a ona absolutnie je uwielbia. Wygl\u0105da \u015bwietnie i zapewnia doskona\u0142e wsparcie\".<br \/>\n- \"Kupi\u0142em to do \u0142\u00f3\u017cka pi\u0119trowego mojego syna i doskonale sprawdzi\u0142o si\u0119 jako oparcie. \u015awietna jako\u015b\u0107 i \u0142atwo\u015b\u0107 czyszczenia\".<\/p>\n<p>Na co wi\u0119c czekasz? Zdob\u0105d\u017a idealn\u0105 poduszk\u0119 do czytania ju\u017c dzi\u015b i do\u015bwiadcz najwy\u017cszego komfortu i wsparcia.<\/p>","protected":false},"excerpt":{"rendered":"<ul>\n<li><strong>IDEALNY DO CZYTANIA W \u0141\u00d3\u017bKU:<\/strong> Ta poduszka do czytania zapewnia doskona\u0142e podparcie plec\u00f3w i szyi, zapewniaj\u0105c maksymalny komfort podczas czytania i ogl\u0105dania telewizji.<\/li>\n<li><strong>ALTERNATYWA JAKO ZAG\u0141\u00d3WEK:<\/strong> Wiele os\u00f3b, zw\u0142aszcza student\u00f3w, uwa\u017ca, \u017ce poduszka jest idealna jako dekoracyjny i funkcjonalny zag\u0142\u00f3wek.<\/li>\n<li><strong>WIELOFUNKCYJNO\u015a\u0106:<\/strong> Nasze poduszki s\u0105 dost\u0119pne w r\u00f3\u017cnych rozmiarach, pasuj\u0105cych do zwyk\u0142ych \u0142\u00f3\u017cek i \u0142\u00f3\u017cek dziennych. Mog\u0105 by\u0107 r\u00f3wnie\u017c u\u017cywane jako poduszki na zderzaki dla dzieci, oparcia \u0142\u00f3\u017cek pi\u0119trowych i zag\u0142\u00f3wki do kamper\u00f3w i przyczep.<\/li>\n<li><strong>\u0141ATWE DO MYCIA:<\/strong> Do\u0142\u0105czone guziki nie tylko tworz\u0105 dynamiczny kszta\u0142t poduszki, ale tak\u017ce sprawiaj\u0105, \u017ce pokrowiec mo\u017cna zdejmowa\u0107 i pra\u0107.<\/li>\n<li><strong>WYSOKIEJ JAKO\u015aCI MATERIA\u0141:<\/strong> Nasze poduszki podpieraj\u0105ce plecy wype\u0142nione s\u0105 w\u0142\u00f3knami poliestrowymi o du\u017cej g\u0119sto\u015bci i wysokiej jako\u015bci, co zapewnia doskona\u0142e wsparcie, a tkanina poduszek klinowych ma efekt wizualny, kt\u00f3ry pasuje do wystroju wn\u0119trza.<\/li>\n<li><strong>Rozmiar:<\/strong> 45cm (45*20*50cm | 0 guzik\u00f3w); 60cm (60*20*50cm | 0 guzik\u00f3w); 80cm (80*20*50cm | 2 guziki); 100cm (100*20*50cm | 3 guziki); 120cm (120*20*50cm | 4 guziki); 140cm (140*20*50cm | 4 guziki); 160cm (160*20*50cm | 5 guzik\u00f3w); 180cm (180*20*50cm | 6 guzik\u00f3w); 200cm (200*20*50cm | 7 guzik\u00f3w).<\/li>\n<\/ul>","protected":false},"featured_media":604,"comment_status":"open","ping_status":"closed","template":"","meta":[],"product_brand":[],"product_cat":[15],"product_tag":[66,80,84,101,54,99,81,53,86,60,100],"class_list":{"0":"post-605","1":"product","2":"type-product","3":"status-publish","4":"has-post-thumbnail","6":"product_cat-pillows","7":"product_tag-back-support-pillow","8":"product_tag-bed-pillow","9":"product_tag-bumper-pillow","10":"product_tag-bunk-bed-backrest","11":"product_tag-headboard-pillow","12":"product_tag-large-back-pillow","13":"product_tag-neck-support-pillow","14":"product_tag-reading-pillow","15":"product_tag-rv-headboard","16":"product_tag-wedge-cushion","17":"product_tag-white-linen-pillow","19":"first","20":"instock","21":"shipping-taxable","22":"purchasable","23":"product-type-variable","24":"has-default-attributes"},"_links":{"self":[{"href":"https:\/\/www.livingpillow.com\/pl\/wp-json\/wp\/v2\/product\/605","targetHints":{"allow":["GET"]}}],"collection":[{"href":"https:\/\/www.livingpillow.com\/pl\/wp-json\/wp\/v2\/product"}],"about":[{"href":"https:\/\/www.livingpillow.com\/pl\/wp-json\/wp\/v2\/types\/product"}],"replies":[{"embeddable":true,"href":"https:\/\/www.livingpillow.com\/pl\/wp-json\/wp\/v2\/comments?post=605"}],"wp:featuredmedia":[{"embeddable":true,"href":"https:\/\/www.livingpillow.com\/pl\/wp-json\/wp\/v2\/media\/604"}],"wp:attachment":[{"href":"https:\/\/www.livingpillow.com\/pl\/wp-json\/wp\/v2\/media?parent=605"}],"wp:term":[{"taxonomy":"product_brand","embeddable":true,"href":"https:\/\/www.livingpillow.com\/pl\/wp-json\/wp\/v2\/product_brand?post=605"},{"taxonomy":"product_cat","embeddable":true,"href":"https:\/\/www.livingpillow.com\/pl\/wp-json\/wp\/v2\/product_cat?post=605"},{"taxonomy":"product_tag","embeddable":true,"href":"https:\/\/www.livingpillow.com\/pl\/wp-json\/wp\/v2\/product_tag?post=605"}],"curies":[{"name":"wp","href":"https:\/\/api.w.org\/{rel}","templated":true}]}}