{"id":658,"date":"2024-02-23T13:50:30","date_gmt":"2024-02-23T13:50:30","guid":{"rendered":"https:\/\/www.livingpillow.com\/product\/large-wedge-pillow"},"modified":"2026-03-11T05:10:20","modified_gmt":"2026-03-11T05:10:20","slug":"duza-poduszka-klinowa-duze-lozko-poduszka-do-czytania-posciel-zolta","status":"publish","type":"product","link":"https:\/\/www.livingpillow.com\/pl\/product\/large-wedge-pillow-big-bed-reading-cushion-linen-yellow","title":{"rendered":"Du\u017ca poduszka klinowa Du\u017ce \u0142\u00f3\u017cko Poduszka do czytania \u017b\u00f3\u0142ty"},"content":{"rendered":"<p><strong>Najlepsze wsparcie plec\u00f3w i styl: Przedstawiamy nasz\u0105 wszechstronn\u0105 tr\u00f3jk\u0105tn\u0105 poduszk\u0119 do czytania<\/strong><\/p>\n<p>Szukasz przytulnego i stylowego sposobu na podniesienie komfortu czytania lub ogl\u0105dania telewizji? Nie szukaj dalej ni\u017c nasza wysokiej jako\u015bci tr\u00f3jk\u0105tna poduszka do czytania!<\/p>\n<p><strong>Komfort, kt\u00f3ry otula<\/strong><\/p>\n<p>Nasza poduszka do czytania zapewnia niezr\u00f3wnane wsparcie plec\u00f3w i szyi, tworz\u0105c przytulny k\u0105cik dla maksymalnego komfortu. Zanurz si\u0119 w jej pluszowym wype\u0142nieniu i pozw\u00f3l, aby wszystkie zmartwienia rozp\u0142yn\u0119\u0142y si\u0119, gdy zatracisz si\u0119 w wci\u0105gaj\u0105cej ksi\u0105\u017cce lub b\u0119dziesz ogl\u0105da\u0107 ulubione seriale.<\/p>\n<p><strong>Wszechstronny i praktyczny<\/strong><\/p>\n<p>Poza swoj\u0105 podstawow\u0105 funkcj\u0105, nasza wszechstronna poduszka oferuje szereg dodatkowych zastosowa\u0144:<\/p>\n<p><strong>Alternatywny zag\u0142\u00f3wek:<\/strong> Idealny dla student\u00f3w i innych os\u00f3b, dodaje dekoracyjny i praktyczny akcent do \u0142\u00f3\u017cka.<br \/>\n<strong>Poduszka wielofunkcyjna:<\/strong> Dost\u0119pne we wszystkich standardowych rozmiarach \u0142\u00f3\u017cek, w tym w rozmiarze king size, kt\u00f3ry mo\u017ce s\u0142u\u017cy\u0107 jako wygodna kanapa.<br \/>\n<strong>Poduszka na zderzak i oparcie \u0142\u00f3\u017cka:<\/strong> Chro\u0144 swoje maluchy przed wstrz\u0105sami i stw\u00f3rz dla nich bezpieczn\u0105 i wspieraj\u0105c\u0105 przestrze\u0144.<br \/>\n<strong>P\u0142yta czo\u0142owa do kamper\u00f3w i przyczep:<\/strong> Zwi\u0119ksz komfort swojego kampera lub przyczepy dzi\u0119ki stylowemu i praktycznemu zag\u0142\u00f3wkowi.<\/p>\n<p><strong>\u0141atwa piel\u0119gnacja i d\u0142uga \u017cywotno\u015b\u0107<\/strong><\/p>\n<p>Rozumiemy, \u017ce wygoda jest kluczowa. W\u0142a\u015bnie dlatego nasza poduszka posiada do\u0142\u0105czone guziki, kt\u00f3re nie tylko podkre\u015blaj\u0105 jej styl, ale tak\u017ce sprawiaj\u0105, \u017ce poszewka jest zdejmowana i \u0142atwa do prania. Wysokiej jako\u015bci wype\u0142nienie poliuretanowe zapewnia doskona\u0142e podparcie plec\u00f3w i trwa\u0142o\u015b\u0107.<\/p>\n<p><strong>Wybierz sw\u00f3j idealny rozmiar<\/strong><\/p>\n<p>Nasza tr\u00f3jk\u0105tna poduszka do czytania jest dost\u0119pna w r\u00f3\u017cnych rozmiarach, aby dostosowa\u0107 si\u0119 do Twoich potrzeb:<\/p>\n<p>0 przycisk\u00f3w: 45 cm, 60 cm<br \/>\n2 przyciski: 80 cm<br \/>\n3 przyciski: 100 cm<br \/>\n4 przyciski: 120 cm, 140 cm<br \/>\n5 przycisk\u00f3w: 160 cm<br \/>\n6 przycisk\u00f3w: 180 cm<br \/>\n7 przycisk\u00f3w: 200 cm<\/p>\n<p><strong>Komfort zatwierdzony przez klient\u00f3w<\/strong><\/p>\n<p>Nasi klienci zachwycaj\u0105 si\u0119 niezr\u00f3wnanym komfortem zapewnianym przez nasz\u0105 poduszk\u0119 do czytania Triangle. Z ponad 150 pozytywnymi recenzjami, stale otrzymuje pochwa\u0142y za wszechstronno\u015b\u0107, wsparcie i stylowy wygl\u0105d.<\/p>\n<p><strong>Podnie\u015b poziom czytania i relaksu ju\u017c dzi\u015b<\/strong><\/p>\n<p>Odmie\u0144 swoj\u0105 rutyn\u0119 czytania i relaksu dzi\u0119ki najwy\u017cszemu komfortowi i stylowi naszej tr\u00f3jk\u0105tnej poduszki do czytania. Zam\u00f3w teraz i do\u015bwiadcz b\u0142ogiego u\u015bcisku wsparcia i wyrafinowania!<\/p>","protected":false},"excerpt":{"rendered":"<ul>\n<li><strong>Idealny do czytania i ogl\u0105dania telewizji:<\/strong>\u00a0Zapewnia doskona\u0142e podparcie plec\u00f3w i szyi, zapewniaj\u0105c maksymalny komfort podczas czytania w \u0142\u00f3\u017cku lub ogl\u0105dania telewizji.<\/li>\n<li><strong>Alternatywa jako zag\u0142\u00f3wek:<\/strong>\u00a0Idealna dla student\u00f3w i nie tylko, poduszka mo\u017ce by\u0107 u\u017cywana jako dekoracyjne i funkcjonalne wezg\u0142owie.<\/li>\n<li><strong>Uniwersalno\u015b\u0107:<\/strong>\u00a0Dost\u0119pne we wszystkich rozmiarach dla zwyk\u0142ych \u0142\u00f3\u017cek, rozmiar king size idealnie pasuje na \u0142\u00f3\u017cko dzienne i mo\u017ce r\u00f3wnie\u017c s\u0142u\u017cy\u0107 jako kanapa. Inne zastosowania obejmuj\u0105 poduszki na zderzaki dla dzieci, oparcia \u0142\u00f3\u017cek pi\u0119trowych i zag\u0142\u00f3wki do kamper\u00f3w i przyczep.<\/li>\n<li><strong>\u0141atwy do mycia:<\/strong>\u00a0Do\u0142\u0105czone guziki dodaj\u0105 stylu, a jednocze\u015bnie sprawiaj\u0105, \u017ce pokrowiec mo\u017cna odpi\u0105\u0107 i wypra\u0107.<\/li>\n<li><strong>Wysokiej jako\u015bci materia\u0142:<\/strong>\u00a0Wype\u0142nienie z poliuretanu o wysokiej g\u0119sto\u015bci zapewnia doskona\u0142e podparcie plec\u00f3w. Tkanina ma \u015bwietny efekt wizualny, kt\u00f3ry pasuje do ka\u017cdego wystroju wn\u0119trza.<\/li>\n<li><strong>Rozmiar:<\/strong> 45cm (45*20*50cm | 0 guzik\u00f3w); 60cm (60*20*50cm | 0 guzik\u00f3w); 80cm (80*20*50cm | 2 guziki); 100cm (100*20*50cm | 3 guziki); 120cm (120*20*50cm | 4 guziki); 140cm (140*20*50cm | 4 guziki); 160cm (160*20*50cm | 5 guzik\u00f3w); 180cm (180*20*50cm | 6 guzik\u00f3w); 200cm (200*20*50cm | 7 guzik\u00f3w).<\/li>\n<\/ul>","protected":false},"featured_media":657,"comment_status":"open","ping_status":"closed","template":"","meta":[],"product_brand":[],"product_cat":[15],"product_tag":[66,92,93,95,74,59,87,94],"class_list":{"0":"post-658","1":"product","2":"type-product","3":"status-publish","4":"has-post-thumbnail","6":"product_cat-pillows","7":"product_tag-back-support-pillow","8":"product_tag-big-bed-reading-cushion","9":"product_tag-bumper-pillows","10":"product_tag-bunk-bed-back-rests","11":"product_tag-daybed-pillow","12":"product_tag-large-wedge-pillow","13":"product_tag-trailer-headboard","14":"product_tag-tv-pillow","16":"first","17":"instock","18":"featured","19":"shipping-taxable","20":"purchasable","21":"product-type-variable","22":"has-default-attributes"},"_links":{"self":[{"href":"https:\/\/www.livingpillow.com\/pl\/wp-json\/wp\/v2\/product\/658","targetHints":{"allow":["GET"]}}],"collection":[{"href":"https:\/\/www.livingpillow.com\/pl\/wp-json\/wp\/v2\/product"}],"about":[{"href":"https:\/\/www.livingpillow.com\/pl\/wp-json\/wp\/v2\/types\/product"}],"replies":[{"embeddable":true,"href":"https:\/\/www.livingpillow.com\/pl\/wp-json\/wp\/v2\/comments?post=658"}],"wp:featuredmedia":[{"embeddable":true,"href":"https:\/\/www.livingpillow.com\/pl\/wp-json\/wp\/v2\/media\/657"}],"wp:attachment":[{"href":"https:\/\/www.livingpillow.com\/pl\/wp-json\/wp\/v2\/media?parent=658"}],"wp:term":[{"taxonomy":"product_brand","embeddable":true,"href":"https:\/\/www.livingpillow.com\/pl\/wp-json\/wp\/v2\/product_brand?post=658"},{"taxonomy":"product_cat","embeddable":true,"href":"https:\/\/www.livingpillow.com\/pl\/wp-json\/wp\/v2\/product_cat?post=658"},{"taxonomy":"product_tag","embeddable":true,"href":"https:\/\/www.livingpillow.com\/pl\/wp-json\/wp\/v2\/product_tag?post=658"}],"curies":[{"name":"wp","href":"https:\/\/api.w.org\/{rel}","templated":true}]}}