{"id":711,"date":"2024-02-23T14:24:46","date_gmt":"2024-02-23T14:24:46","guid":{"rendered":"https:\/\/www.livingpillow.com\/product\/big-pillow-for-bed-headboard"},"modified":"2026-03-11T05:10:18","modified_gmt":"2026-03-11T05:10:18","slug":"duza-poduszka-na-wezglowie-lozka-duza-poduszka-lniana-czarna","status":"publish","type":"product","link":"https:\/\/www.livingpillow.com\/pl\/product\/big-pillow-for-bed-headboard-large-cushion-linen-black","title":{"rendered":"Du\u017ca poduszka na wezg\u0142owie \u0142\u00f3\u017cka Du\u017ca poduszka czarna"},"content":{"rendered":"<p>Przedstawiamy wielofunkcyjn\u0105 poduszk\u0119 klinow\u0105, kt\u00f3rej potrzebuje Tw\u00f3j dom!<\/p>\n<p>Czy szuka\u0142e\u015b wygodnej i funkcjonalnej poduszki, kt\u00f3ra zapewni Ci maksymalne wsparcie i komfort podczas takich czynno\u015bci jak czytanie czy ogl\u0105danie telewizji? Nie szukaj dalej ni\u017c ta wielofunkcyjna poduszka klinowa! <\/p>\n<p>Ta poduszka zosta\u0142a zaprojektowana, aby zapewni\u0107 doskona\u0142e wsparcie plec\u00f3w i szyi, dzi\u0119ki czemu jest idealnym akcesorium dla tych, kt\u00f3rzy lubi\u0105 czyta\u0107 lub sp\u0119dza\u0107 czas ogl\u0105daj\u0105c telewizj\u0119 w \u0142\u00f3\u017cku. Zosta\u0142a zaprojektowana tak, aby zwi\u0119kszy\u0107 poziom komfortu, zapobiegaj\u0105c niewygodnemu obci\u0105\u017ceniu plec\u00f3w i szyi podczas siedzenia. <\/p>\n<p>Poduszka jest r\u00f3wnie\u017c idealnym rozwi\u0105zaniem dla student\u00f3w, kt\u00f3rzy potrzebuj\u0105 wszechstronnego akcesorium, kt\u00f3re mo\u017ce s\u0142u\u017cy\u0107 zar\u00f3wno jako funkcjonalne, jak i dekoracyjne wezg\u0142owie. Dzi\u0119ki stylowemu wzornictwu poduszka ta jest idealnym sposobem na urozmaicenie ka\u017cdego pomieszczenia, zapewniaj\u0105c jednocze\u015bnie wyj\u0105tkowe wsparcie dla tych, kt\u00f3rzy go potrzebuj\u0105. <\/p>\n<p>A to jeszcze nie wszystko! Ta poduszka klinowa jest dost\u0119pna w wielu rozmiarach, co czyni j\u0105 wyj\u0105tkowym, wszechstronnym akcesorium. Potencja\u0142 tej poduszki jest nieograniczony - mo\u017ce ona s\u0142u\u017cy\u0107 jako poduszka do karmienia dla dzieci lub jako oparcie \u0142\u00f3\u017cka pi\u0119trowego. Mo\u017ce nawet s\u0142u\u017cy\u0107 jako zag\u0142\u00f3wek w kamperach i przyczepach. <\/p>\n<p>Jedn\u0105 z wyr\u00f3\u017cniaj\u0105cych si\u0119 cech tej poduszki klinowej jest jej \u0142atwa do prania konstrukcja. Dzi\u0119ki do\u0142\u0105czonemu przyciskowi pokrowiec mo\u017cna \u0142atwo zdj\u0105\u0107 i wypra\u0107, aby zapobiec niechcianemu zabrudzeniu.<\/p>\n<p>Poduszka klinowa jest wype\u0142niona poliuretanem o wysokiej g\u0119sto\u015bci, kt\u00f3ry zapewnia wyj\u0105tkowe wsparcie plec\u00f3w. Dodaje ona dodatkowego stylu do wystroju wn\u0119trza.<\/p>\n<p>Podsumowuj\u0105c, wielofunkcyjna poduszka klinowa jest niezb\u0119dnym towarem, kt\u00f3rego potrzebuje ka\u017cdy dom. Zapewnia doskona\u0142e wsparcie i wygod\u0119, dzi\u0119ki czemu idealnie nadaje si\u0119 do czynno\u015bci takich jak czytanie i ogl\u0105danie telewizji. Dzi\u0119ki swojej wszechstronnej konstrukcji s\u0142u\u017cy do wielu cel\u00f3w i jest dost\u0119pna w r\u00f3\u017cnych rozmiarach, dzi\u0119ki czemu zaspokoi ka\u017cd\u0105 potrzeb\u0119. A dzi\u0119ki \u0142atwej do prania konstrukcji poduszka ta z pewno\u015bci\u0105 stanie si\u0119 Twoim ulubionym dodatkiem na d\u0142ugie lata. <\/p>\n<p>Je\u015bli nadal nie jeste\u015b przekonany, sprawd\u017a sekcj\u0119 komentarzy na temat produktu! Nasi klienci nie mog\u0105 si\u0119 nacieszy\u0107 tym produktem. Nie czekaj wi\u0119c d\u0142u\u017cej i kup swoj\u0105 w\u0142asn\u0105 wielofunkcyjn\u0105 poduszk\u0119 klin ju\u017c dzi\u015b!<\/p>","protected":false},"excerpt":{"rendered":"<ul>\n<li><strong>Idealny do czytania w \u0142\u00f3\u017cku:<\/strong> Poduszka zapewnia doskona\u0142e podparcie plec\u00f3w i szyi, zwi\u0119kszaj\u0105c komfort podczas czytania i ogl\u0105dania telewizji.<\/li>\n<li><strong>Alternatywny zag\u0142\u00f3wek:<\/strong> Ta wszechstronna poduszka, b\u0119d\u0105ca idealnym rozwi\u0105zaniem dla student\u00f3w, pe\u0142ni zar\u00f3wno funkcj\u0119 dekoracyjn\u0105, jak i funkcjonaln\u0105.<\/li>\n<li><strong>Uniwersalne zastosowanie:<\/strong> Dost\u0119pny w r\u00f3\u017cnych rozmiarach, w tym w rozmiarze king size, kt\u00f3ry doskonale przekszta\u0142ca si\u0119 w kanap\u0119. S\u0142u\u017cy r\u00f3wnie\u017c jako poduszka zderzakowa dla dzieci, oparcie do \u0142\u00f3\u017cek pi\u0119trowych i zag\u0142\u00f3wek do kamper\u00f3w\/przyczep.<\/li>\n<li><strong>\u0141atwy do mycia:<\/strong> Konstrukcja posiada do\u0142\u0105czone przyciski dla estetycznego wygl\u0105du i \u0142atwego zdejmowania pokrywy do prania.<\/li>\n<li><strong>Wysokiej jako\u015bci materia\u0142:<\/strong> Wype\u0142nienie z poliuretanu o wysokiej g\u0119sto\u015bci zapewnia wyj\u0105tkowe wsparcie plec\u00f3w, a tkanina poduszki klinowej podkre\u015bla wystr\u00f3j wn\u0119trza.<\/li>\n<li><strong>Rozmiar:<\/strong> 45cm (45*20*50cm | 0 guzik\u00f3w); 60cm (60*20*50cm | 0 guzik\u00f3w); 80cm (80*20*50cm | 2 guziki); 100cm (100*20*50cm | 3 guziki); 120cm (120*20*50cm | 4 guziki); 140cm (140*20*50cm | 4 guziki); 160cm (160*20*50cm | 5 guzik\u00f3w); 180cm (180*20*50cm | 6 guzik\u00f3w); 200cm (200*20*50cm | 7 guzik\u00f3w).<\/li>\n<\/ul>","protected":false},"featured_media":710,"comment_status":"open","ping_status":"closed","template":"","meta":[],"product_brand":[],"product_cat":[15],"product_tag":[75,61,88,84,70,89,57,90,58,69],"class_list":{"0":"post-711","1":"product","2":"type-product","3":"status-publish","4":"has-post-thumbnail","6":"product_cat-pillows","7":"product_tag-bed-headboard","8":"product_tag-big-bed-pillow","9":"product_tag-big-pillow","10":"product_tag-bumper-pillow","11":"product_tag-bunk-bed-pillow","12":"product_tag-daybed-couch","13":"product_tag-headboard-cushion","14":"product_tag-king-size-pillow","15":"product_tag-linen-pillow","16":"product_tag-wedge-pillow","18":"first","19":"instock","20":"shipping-taxable","21":"purchasable","22":"product-type-variable","23":"has-default-attributes"},"_links":{"self":[{"href":"https:\/\/www.livingpillow.com\/pl\/wp-json\/wp\/v2\/product\/711","targetHints":{"allow":["GET"]}}],"collection":[{"href":"https:\/\/www.livingpillow.com\/pl\/wp-json\/wp\/v2\/product"}],"about":[{"href":"https:\/\/www.livingpillow.com\/pl\/wp-json\/wp\/v2\/types\/product"}],"replies":[{"embeddable":true,"href":"https:\/\/www.livingpillow.com\/pl\/wp-json\/wp\/v2\/comments?post=711"}],"wp:featuredmedia":[{"embeddable":true,"href":"https:\/\/www.livingpillow.com\/pl\/wp-json\/wp\/v2\/media\/710"}],"wp:attachment":[{"href":"https:\/\/www.livingpillow.com\/pl\/wp-json\/wp\/v2\/media?parent=711"}],"wp:term":[{"taxonomy":"product_brand","embeddable":true,"href":"https:\/\/www.livingpillow.com\/pl\/wp-json\/wp\/v2\/product_brand?post=711"},{"taxonomy":"product_cat","embeddable":true,"href":"https:\/\/www.livingpillow.com\/pl\/wp-json\/wp\/v2\/product_cat?post=711"},{"taxonomy":"product_tag","embeddable":true,"href":"https:\/\/www.livingpillow.com\/pl\/wp-json\/wp\/v2\/product_tag?post=711"}],"curies":[{"name":"wp","href":"https:\/\/api.w.org\/{rel}","templated":true}]}}