{"id":736,"date":"2024-02-23T14:54:47","date_gmt":"2024-02-23T14:54:47","guid":{"rendered":"https:\/\/www.livingpillow.com\/product\/headboard-pillow-wedge"},"modified":"2026-03-11T05:10:17","modified_gmt":"2026-03-11T05:10:17","slug":"zaglowek-poduszka-dekoracyjna-duza-poduszka-klinowa-lniana-fioletowa","status":"publish","type":"product","link":"https:\/\/www.livingpillow.com\/pl\/product\/headboard-decorative-pillow-big-wedge-cushion-linen-purple","title":{"rendered":"Poduszka dekoracyjna na zag\u0142\u00f3wek du\u017ca poduszka klinowa fioletowa"},"content":{"rendered":"<p>Przedstawiamy idealnego towarzysza do czytania - wysokiej jako\u015bci poduszk\u0119 pod plecy, kt\u00f3ra jest idealna do czytania w \u0142\u00f3\u017cku i ogl\u0105dania telewizji. Nie tylko zapewnia doskona\u0142e podparcie plec\u00f3w i szyi dla maksymalnego komfortu, ale tak\u017ce podwaja si\u0119 jako alternatywny zag\u0142\u00f3wek, dzi\u0119ki czemu jest zar\u00f3wno dekoracyjny, jak i funkcjonalny.<\/p>\n<p>Wykonana z poliestru i mieszanki, ta poduszka pod plecy ma bardzo dobry efekt wizualny, kt\u00f3ry mo\u017ce pasowa\u0107 do wystroju wn\u0119trza. Jest wype\u0142niona poliuretanowym wype\u0142niaczem o wysokiej g\u0119sto\u015bci, zapewniaj\u0105cym doskona\u0142e podparcie plec\u00f3w.<\/p>\n<p>Ta wielofunkcyjna poduszka jest dost\u0119pna we wszystkich rozmiarach, dzi\u0119ki czemu nadaje si\u0119 do \u0142\u00f3\u017cek dzieci\u0119cych, \u0142\u00f3\u017cek pi\u0119trowych, kamper\u00f3w\/przyczep i zwyk\u0142ych \u0142\u00f3\u017cek. Je\u015bli masz problemy ze snem lub budzisz si\u0119 ze sztywnym karkiem, ta poduszka mo\u017ce r\u00f3wnie\u017c zapewni\u0107 doskona\u0142e wsparcie dla g\u0142owy i szyi.<\/p>\n<p>Co wi\u0119cej, do\u0142\u0105czone guziki nie tylko tworz\u0105 bardziej dynamiczny kszta\u0142t poduszki, ale tak\u017ce sprawiaj\u0105, \u017ce pokrowiec mo\u017cna zdj\u0105\u0107 i wypra\u0107, co u\u0142atwia czyszczenie i konserwacj\u0119.<\/p>\n<p>Nasi zadowoleni klienci zachwycali si\u0119 t\u0105 poduszk\u0105, a jeden z nich powiedzia\u0142: \u201cTo najlepsza tr\u00f3jk\u0105tna poduszka, jak\u0105 kiedykolwiek posiada\u0142em! Poduszka jest super mi\u0119kka i wygodna, a kolor jest pi\u0119kny\u201d.\u201d<\/p>\n<p>Poduszka jest dost\u0119pna w r\u00f3\u017cnych rozmiarach, w tym 45 cm, 60 cm, 80 cm, 100 cm, 120 cm, 140 cm, 160 cm, 180 cm i 200 cm, dzi\u0119ki czemu mo\u017cna wybra\u0107 idealny rozmiar do swojego \u0142\u00f3\u017cka i potrzeb.<\/p>\n<p>Zainwestuj w t\u0119 wysokiej jako\u015bci poduszk\u0119 pod plecy ju\u017c dzi\u015b i ciesz si\u0119 najwy\u017cszym komfortem i relaksem podczas czytania lub ogl\u0105dania telewizji w \u0142\u00f3\u017cku.<\/p>","protected":false},"excerpt":{"rendered":"<ul>\n<li><strong>IDEALNY DO CZYTANIA W \u0141\u00d3\u017bKU:<\/strong> Ta poduszka do czytania zapewnia doskona\u0142e podparcie plec\u00f3w i szyi, zapewniaj\u0105c maksymalny komfort podczas czytania i ogl\u0105dania telewizji.<\/li>\n<li><strong>ALTERNATYWA JAKO ZAG\u0141\u00d3WEK:<\/strong> Wiele os\u00f3b, zw\u0142aszcza student\u00f3w, uwa\u017ca, \u017ce poduszka jest idealna jako zag\u0142\u00f3wek: zar\u00f3wno dekoracyjna, jak i funkcjonalna.<\/li>\n<li><strong>WIELOFUNKCYJNO\u015a\u0106:<\/strong> Oferujemy poduszki do zwyk\u0142ych \u0142\u00f3\u017cek we wszystkich rozmiarach, a ich zastosowania obejmuj\u0105 poduszki zderzakowe dla dzieci, oparcia \u0142\u00f3\u017cek pi\u0119trowych i zag\u0142\u00f3wki do kamper\u00f3w\/przyczep.<\/li>\n<li><strong>\u0141ATWE DO MYCIA:<\/strong> Do\u0142\u0105czone guziki nie tylko tworz\u0105 bardziej dynamiczny kszta\u0142t poduszki, ale tak\u017ce sprawiaj\u0105, \u017ce pokrowiec mo\u017cna zdj\u0105\u0107 i wypra\u0107.<\/li>\n<li><strong>WYSOKIEJ JAKO\u015aCI MATERIA\u0141:<\/strong> Poduszka pod plecy jest wype\u0142niona poliuretanowym wype\u0142niaczem o wysokiej g\u0119sto\u015bci, zapewniaj\u0105cym doskona\u0142e podparcie plec\u00f3w. Tkanina poduszek klinowych ma bardzo dobry efekt wizualny, pasuj\u0105cy do wystroju wn\u0119trza.<\/li>\n<li><strong>Rozmiar:<\/strong> 45cm (45*20*50cm | 0 guzik\u00f3w); 60cm (60*20*50cm | 0 guzik\u00f3w); 80cm (80*20*50cm | 2 guziki); 100cm (100*20*50cm | 3 guziki); 120cm (120*20*50cm | 4 guziki); 140cm (140*20*50cm | 4 guziki); 160cm (160*20*50cm | 5 guzik\u00f3w); 180cm (180*20*50cm | 6 guzik\u00f3w); 200cm (200*20*50cm | 7 guzik\u00f3w).<\/li>\n<\/ul>","protected":false},"featured_media":735,"comment_status":"open","ping_status":"closed","template":"","meta":[],"product_brand":[],"product_cat":[15],"product_tag":[83,82,84,85,65,54,58,86,87,60],"class_list":{"0":"post-736","1":"product","2":"type-product","3":"status-publish","4":"has-post-thumbnail","6":"product_cat-pillows","7":"product_tag-alternative-headboard","8":"product_tag-big-wedge-cushion","9":"product_tag-bumper-pillow","10":"product_tag-bunk-bed-backrests","11":"product_tag-decorative-pillow","12":"product_tag-headboard-pillow","13":"product_tag-linen-pillow","14":"product_tag-rv-headboard","15":"product_tag-trailer-headboard","16":"product_tag-wedge-cushion","18":"first","19":"instock","20":"shipping-taxable","21":"purchasable","22":"product-type-variable","23":"has-default-attributes"},"_links":{"self":[{"href":"https:\/\/www.livingpillow.com\/pl\/wp-json\/wp\/v2\/product\/736","targetHints":{"allow":["GET"]}}],"collection":[{"href":"https:\/\/www.livingpillow.com\/pl\/wp-json\/wp\/v2\/product"}],"about":[{"href":"https:\/\/www.livingpillow.com\/pl\/wp-json\/wp\/v2\/types\/product"}],"replies":[{"embeddable":true,"href":"https:\/\/www.livingpillow.com\/pl\/wp-json\/wp\/v2\/comments?post=736"}],"wp:featuredmedia":[{"embeddable":true,"href":"https:\/\/www.livingpillow.com\/pl\/wp-json\/wp\/v2\/media\/735"}],"wp:attachment":[{"href":"https:\/\/www.livingpillow.com\/pl\/wp-json\/wp\/v2\/media?parent=736"}],"wp:term":[{"taxonomy":"product_brand","embeddable":true,"href":"https:\/\/www.livingpillow.com\/pl\/wp-json\/wp\/v2\/product_brand?post=736"},{"taxonomy":"product_cat","embeddable":true,"href":"https:\/\/www.livingpillow.com\/pl\/wp-json\/wp\/v2\/product_cat?post=736"},{"taxonomy":"product_tag","embeddable":true,"href":"https:\/\/www.livingpillow.com\/pl\/wp-json\/wp\/v2\/product_tag?post=736"}],"curies":[{"name":"wp","href":"https:\/\/api.w.org\/{rel}","templated":true}]}}