{"id":786,"date":"2024-02-23T23:54:47","date_gmt":"2024-02-23T23:54:47","guid":{"rendered":"https:\/\/www.livingpillow.com\/product\/large-wedge-bolster-pillow"},"modified":"2026-03-03T01:25:49","modified_gmt":"2026-03-03T01:25:49","slug":"klin-poduszka-zaglowek-poduszka-aksamit-bordowy","status":"publish","type":"product","link":"https:\/\/www.livingpillow.com\/pl\/product\/wedge-bolster-pillow-headboard-cushion-velvet-burgundy","title":{"rendered":"Poduszka klinowa na zag\u0142\u00f3wek Velvet Burgundy"},"content":{"rendered":"<p>Poduszka na zag\u0142\u00f3wek Wedge Bolster Poduszka na zag\u0142\u00f3wek Velvet Burgundy<\/p>\n<p>Czy jeste\u015b zm\u0119czony u\u017cywaniem wielu poduszek do podpierania si\u0119 podczas czytania lub ogl\u0105dania telewizji w \u0142\u00f3\u017cku? Potrzebujesz wygodnego i stylowego wezg\u0142owia do \u0142\u00f3\u017cka, bez rozbijania banku? Nie szukaj dalej ni\u017c Wedge Bolster Pillow Headboard Cushion Velvet Burgundy.<\/p>\n<p>Ta poduszka do czytania oferuje wyj\u0105tkowe wsparcie plec\u00f3w i szyi, dzi\u0119ki czemu jest idealnym dodatkiem dla ka\u017cdego, kto lubi relaksowa\u0107 si\u0119 w \u0142\u00f3\u017cku. Jest wszechstronna jako zag\u0142\u00f3wek, s\u0142u\u017c\u0105c zar\u00f3wno jako dekoracyjny, jak i praktyczny dodatek do ka\u017cdej sypialni. Ponadto jest dost\u0119pna w r\u00f3\u017cnych rozmiarach, dzi\u0119ki czemu pasuje do standardowych \u0142\u00f3\u017cek, \u0142\u00f3\u017cek dziennych, \u0142\u00f3\u017cek pi\u0119trowych i tradycyjnych \u0142\u00f3\u017cek.<\/p>\n<p>Wype\u0142nienie poliuretanowe o wysokiej g\u0119sto\u015bci zapewnia doskona\u0142e podparcie plec\u00f3w, a atrakcyjna wizualnie aksamitna tkanina (100% Polyester) uzupe\u0142nia wystr\u00f3j ka\u017cdego wn\u0119trza. Do\u0142\u0105czone guziki nie tylko podkre\u015blaj\u0105 kszta\u0142t poduszki, ale tak\u017ce umo\u017cliwiaj\u0105 \u0142atwe zdejmowanie i pranie pokrowca, co u\u0142atwia utrzymanie go w czysto\u015bci i \u015bwie\u017co\u015bci.<\/p>\n<p>Ale nie musisz wierzy\u0107 nam na s\u0142owo. Oto kilka komentarzy od zadowolonych klient\u00f3w:<\/p>\n<p>-\"Uwielbiam t\u0119 poduszk\u0119! Jest taka wygodna, a bordowy kolor dodaje elegancji mojej sypialni\".<\/p>\n<p>-\"Wedge Bolster Pillow Headboard Cushion Velvet Burgundy jest tak wszechstronny. U\u017cywam jej jako oparcia do czytania, zag\u0142\u00f3wka do spania, a nawet jako poduszki do wylegiwania si\u0119 na moim \u0142\u00f3\u017cku.\"<\/p>\n<p>-\"Aksamitny materia\u0142 jest tak mi\u0119kki i luksusowy. Czuj\u0119 si\u0119, jakbym spa\u0142a w pi\u0119ciogwiazdkowym hotelu!\"<\/p>\n<p>Dlaczego wi\u0119c czeka\u0107? Zainwestuj w poduszk\u0119 Wedge Bolster Pillow Headboard Cushion Velvet Burgundy ju\u017c dzi\u015b i dodaj komfortu i stylu do swojej sypialni.<\/p>","protected":false},"excerpt":{"rendered":"<ul>\n<li>IDEALNA DO CZYTANIA PRZED SNEM: Ta poduszka do czytania oferuje wyj\u0105tkowe wsparcie plec\u00f3w i szyi, zapewniaj\u0105c najwy\u017cszy komfort podczas czytania i ogl\u0105dania telewizji.<\/li>\n<li>WSZECHSTRONNO\u015a\u0106 JAKO NAG\u0141\u00d3WEK: Wiele os\u00f3b, zw\u0142aszcza student\u00f3w, docenia podw\u00f3jn\u0105 funkcjonalno\u015b\u0107 poduszki jako dekoracyjnego i praktycznego zag\u0142\u00f3wka.<\/li>\n<li>WIELOFUNKCYJNY: Dost\u0119pny w r\u00f3\u017cnych rozmiarach do standardowych \u0142\u00f3\u017cek, z du\u017cym rozmiarem idealnie pasuj\u0105cym do \u0142\u00f3\u017cka dziennego, aby s\u0142u\u017cy\u0107 jako sofa. Nadaje si\u0119 r\u00f3wnie\u017c jako oparcie do \u0142\u00f3\u017cek pi\u0119trowych i zag\u0142\u00f3wek do tradycyjnych \u0142\u00f3\u017cek.<\/li>\n<li>\u0141ATWE W CZYSZCZENIU: Do\u0142\u0105czone guziki nie tylko poprawiaj\u0105 kszta\u0142t poduszki, ale tak\u017ce umo\u017cliwiaj\u0105 \u0142atwe zdejmowanie i pranie pokrowca.<\/li>\n<li>NAJWY\u017bSZEJ JAKO\u015aCI MATERIA\u0141Y: Wype\u0142nione poliuretanem o wysokiej g\u0119sto\u015bci dla doskona\u0142ego podparcia plec\u00f3w, poduszki klinowe maj\u0105 atrakcyjn\u0105 wizualnie aksamitn\u0105 tkanin\u0119 (poliester 100%), aby uzupe\u0142ni\u0107 ka\u017cdy wystr\u00f3j wn\u0119trza.<\/li>\n<li>Materia\u0142: Aksamit (poliester 100%).<\/li>\n<li>Rozmiar: 45cm (45*20*50cm | 0 guzik\u00f3w); 60cm (60*20*50cm | 0 guzik\u00f3w); 80cm (80*20*50cm | 2 guziki); 100cm (100*20*50cm | 3 guziki); 120cm (120*20*50cm | 4 guziki); 140cm (140*20*50cm | 4 guziki); 160cm (160*20*50cm | 5 guzik\u00f3w); 180cm (180*20*50cm | 6 guzik\u00f3w); 200cm (200*20*50cm | 7 guzik\u00f3w).<\/li>\n<\/ul>","protected":false},"featured_media":785,"comment_status":"open","ping_status":"closed","template":"","meta":[],"product_brand":[],"product_cat":[15],"product_tag":[63,72,70,71,74,65,57,54,73,55,56,69],"class_list":{"0":"post-786","1":"product","2":"type-product","3":"status-publish","4":"has-post-thumbnail","6":"product_cat-pillows","7":"product_tag-backrest-pillow","8":"product_tag-bed-pillows","9":"product_tag-bunk-bed-pillow","10":"product_tag-burgundy-pillow","11":"product_tag-daybed-pillow","12":"product_tag-decorative-pillow","13":"product_tag-headboard-cushion","14":"product_tag-headboard-pillow","15":"product_tag-sofa-pillow","16":"product_tag-velvet-pillow","17":"product_tag-wedge-bolster-pillow","18":"product_tag-wedge-pillow","20":"first","21":"instock","22":"featured","23":"shipping-taxable","24":"purchasable","25":"product-type-variable","26":"has-default-attributes"},"_links":{"self":[{"href":"https:\/\/www.livingpillow.com\/pl\/wp-json\/wp\/v2\/product\/786","targetHints":{"allow":["GET"]}}],"collection":[{"href":"https:\/\/www.livingpillow.com\/pl\/wp-json\/wp\/v2\/product"}],"about":[{"href":"https:\/\/www.livingpillow.com\/pl\/wp-json\/wp\/v2\/types\/product"}],"replies":[{"embeddable":true,"href":"https:\/\/www.livingpillow.com\/pl\/wp-json\/wp\/v2\/comments?post=786"}],"wp:featuredmedia":[{"embeddable":true,"href":"https:\/\/www.livingpillow.com\/pl\/wp-json\/wp\/v2\/media\/785"}],"wp:attachment":[{"href":"https:\/\/www.livingpillow.com\/pl\/wp-json\/wp\/v2\/media?parent=786"}],"wp:term":[{"taxonomy":"product_brand","embeddable":true,"href":"https:\/\/www.livingpillow.com\/pl\/wp-json\/wp\/v2\/product_brand?post=786"},{"taxonomy":"product_cat","embeddable":true,"href":"https:\/\/www.livingpillow.com\/pl\/wp-json\/wp\/v2\/product_cat?post=786"},{"taxonomy":"product_tag","embeddable":true,"href":"https:\/\/www.livingpillow.com\/pl\/wp-json\/wp\/v2\/product_tag?post=786"}],"curies":[{"name":"wp","href":"https:\/\/api.w.org\/{rel}","templated":true}]}}