{"id":88,"date":"2024-02-22T07:56:39","date_gmt":"2024-02-22T07:56:39","guid":{"rendered":"https:\/\/www.livingpillow.com\/product\/decorative-pillows-for-bed"},"modified":"2026-03-11T05:10:27","modified_gmt":"2026-03-11T05:10:27","slug":"poduszki-dekoracyjne-do-lozka-duza-poduszka-klinowa-lniana-brazowa","status":"publish","type":"product","link":"https:\/\/www.livingpillow.com\/pl\/product\/decorative-pillows-for-bed-big-wedge-cushion-linen-brown","title":{"rendered":"Poduszki dekoracyjne do \u0142\u00f3\u017cka Du\u017ca poduszka klinowa br\u0105zowa"},"content":{"rendered":"<p>Ulepsz swoje \u0142\u00f3\u017cko dzi\u0119ki poduszkom dekoracyjnym<\/p>\n<p>Znalezienie idealnej poduszki do zwini\u0119cia si\u0119 przed snem mo\u017ce podnie\u015b\u0107 poziom relaksu na wy\u017cszy poziom. Te dekoracyjne poduszki klinowe w neutralnym br\u0105zowym kolorze s\u0105 idealnym towarzyszem do wylegiwania si\u0119, czytania lub ogl\u0105dania ulubionych seriali. <\/p>\n<p>Najwa\u017cniejsze cechy produktu:<\/p>\n<p>- Doskona\u0142e podparcie plec\u00f3w i szyi w \u0142\u00f3\u017cku podczas czytania lub ogl\u0105dania telewizji<br \/>\n- Mo\u017ce s\u0142u\u017cy\u0107 jako przyci\u0105gaj\u0105cy wzrok zag\u0142\u00f3wek.<br \/>\n- Szeroka gama rozmiar\u00f3w \u0142\u00f3\u017cek - od akademik\u00f3w po \u0142\u00f3\u017cka typu king-size<br \/>\n- Zdejmowana os\u0142ona przycisk\u00f3w u\u0142atwiaj\u0105ca mycie<br \/>\n- Wype\u0142nienie o wysokiej g\u0119sto\u015bci zapewnia najwy\u017cszy komfort<br \/>\n- Subtelny materia\u0142 uzupe\u0142ni ka\u017cd\u0105 sypialni\u0119<\/p>\n<p>Dost\u0119pne w wielu dogodnych rozmiarach od 100 cm do 200 cm, znajdziesz taki, kt\u00f3ry b\u0119dzie odpowiada\u0142 Twoim potrzebom. <\/p>\n<p>Opinie klient\u00f3w:<\/p>\n<p>\"Uwielbiam u\u017cywa\u0107 tej ogromnej poduszki, aby podeprze\u0107 si\u0119 w \u0142\u00f3\u017cku podczas przegl\u0105dania telefonu. Dzi\u0119ki niej ogl\u0105danie film\u00f3w przed snem jest bardzo wygodne\". - Linda T.<\/p>\n<p>\u201cTa neutralna poduszka dodaje dekoracyjnego akcentu do mojego wezg\u0142owia i zapewnia mi dodatkowe wsparcie plec\u00f3w podczas czytania. Tkanina jest g\u0142adka w dotyku\u201d. - James R. <\/p>\n<p>\"Jako studentka, ta gigantyczna poduszka klinowa jest bardzo przydatna jako prowizoryczne wezg\u0142owie w moim ma\u0142ym pokoju w akademiku. Wygl\u0105da \u0142adnie i zajmuje niewiele miejsca, gdy nie jest u\u017cywana\". - Sarah D.<\/p>\n<p>Dodaj komfort przytulnego klina do swojej sypialni ju\u017c dzi\u015b. Poduszki te pe\u0142ni\u0105 podw\u00f3jn\u0105 funkcj\u0119, zapewniaj\u0105c dodatkowe wsparcie dla szyi oraz dekoracyjny charakter, kt\u00f3ry podnosi poziom relaksu.<\/p>","protected":false},"excerpt":{"rendered":"<ul>\n<li><strong>Idealny do czytania przed snem:<\/strong> Ciesz si\u0119 maksymalnym komfortem podczas czytania lub ogl\u0105dania telewizji dzi\u0119ki tej poduszce, kt\u00f3ra zapewnia doskona\u0142e podparcie plec\u00f3w i szyi.<\/li>\n<li><strong>Mo\u017ce s\u0142u\u017cy\u0107 jako zag\u0142\u00f3wek:<\/strong> Idealna dla student\u00f3w, poduszka ta pe\u0142ni zar\u00f3wno funkcj\u0119 dekoracyjn\u0105, jak i funkcjonaln\u0105 jako zag\u0142\u00f3wek.<\/li>\n<li><strong>Wszechstronne zastosowania:<\/strong> Nadaje si\u0119 do wszystkich rozmiar\u00f3w \u0142\u00f3\u017cek, poduszka king size mo\u017ce s\u0142u\u017cy\u0107 jako kanapa na \u0142\u00f3\u017cku dziennym. Mo\u017ce by\u0107 r\u00f3wnie\u017c u\u017cywana jako poduszka dla dzieci, oparcie na \u0142\u00f3\u017cku pi\u0119trowym lub zag\u0142\u00f3wek w kamperach i przyczepach.<\/li>\n<li><strong>Pokrowiec nadaj\u0105cy si\u0119 do prania:<\/strong> Posiada zdejmowan\u0105 poszewk\u0119 z guzikami, u\u0142atwiaj\u0105c\u0105 czyszczenie, a jednocze\u015bnie zwi\u0119kszaj\u0105c\u0105 estetyk\u0119 poduszki.<\/li>\n<li><strong>Materia\u0142 premium:<\/strong> Wykonane z wype\u0142niacza poliuretanowego o wysokiej g\u0119sto\u015bci dla doskona\u0142ego podparcia plec\u00f3w, dopasowane do atrakcyjnej wizualnie tkaniny, aby uzupe\u0142ni\u0107 wystr\u00f3j.<\/li>\n<li><strong>Dost\u0119pne rozmiary:<\/strong> 100 cm (L100 x W26 x H55 | 3 przyciski kolumnowe), 120 cm (L120 x W26 x H55 | 4 przyciski kolumnowe), 140 cm (L140 x W26 x H55 | 4 przyciski kolumnowe), 160 cm (L160 x W26 x H55 | 5 przycisk\u00f3w kolumnowych), 180 cm (L180 x W26 x H55 | 6 przycisk\u00f3w kolumnowych), 200 cm (L200 x W26 x H55 | 7 przycisk\u00f3w kolumnowych).<\/li>\n<\/ul>","protected":false},"featured_media":87,"comment_status":"open","ping_status":"closed","template":"","meta":[],"product_brand":[],"product_cat":[15],"product_tag":[163,157,162,84,161,54,90,58,156],"class_list":{"0":"post-88","1":"product","2":"type-product","3":"status-publish","4":"has-post-thumbnail","6":"product_cat-pillows","7":"product_tag-back-rest-pillow","8":"product_tag-back-support","9":"product_tag-bedtime-reading","10":"product_tag-bumper-pillow","11":"product_tag-decorative-pillows","12":"product_tag-headboard-pillow","13":"product_tag-king-size-pillow","14":"product_tag-linen-pillow","15":"product_tag-neck-support","17":"first","18":"instock","19":"shipping-taxable","20":"purchasable","21":"product-type-variable","22":"has-default-attributes"},"_links":{"self":[{"href":"https:\/\/www.livingpillow.com\/pl\/wp-json\/wp\/v2\/product\/88","targetHints":{"allow":["GET"]}}],"collection":[{"href":"https:\/\/www.livingpillow.com\/pl\/wp-json\/wp\/v2\/product"}],"about":[{"href":"https:\/\/www.livingpillow.com\/pl\/wp-json\/wp\/v2\/types\/product"}],"replies":[{"embeddable":true,"href":"https:\/\/www.livingpillow.com\/pl\/wp-json\/wp\/v2\/comments?post=88"}],"wp:featuredmedia":[{"embeddable":true,"href":"https:\/\/www.livingpillow.com\/pl\/wp-json\/wp\/v2\/media\/87"}],"wp:attachment":[{"href":"https:\/\/www.livingpillow.com\/pl\/wp-json\/wp\/v2\/media?parent=88"}],"wp:term":[{"taxonomy":"product_brand","embeddable":true,"href":"https:\/\/www.livingpillow.com\/pl\/wp-json\/wp\/v2\/product_brand?post=88"},{"taxonomy":"product_cat","embeddable":true,"href":"https:\/\/www.livingpillow.com\/pl\/wp-json\/wp\/v2\/product_cat?post=88"},{"taxonomy":"product_tag","embeddable":true,"href":"https:\/\/www.livingpillow.com\/pl\/wp-json\/wp\/v2\/product_tag?post=88"}],"curies":[{"name":"wp","href":"https:\/\/api.w.org\/{rel}","templated":true}]}}