{"id":429,"date":"2024-02-23T05:10:46","date_gmt":"2024-02-23T05:10:46","guid":{"rendered":"https:\/\/www.livingpillow.com\/product\/backrest-pillow"},"modified":"2026-03-03T01:21:32","modified_gmt":"2026-03-03T01:21:32","slug":"almofada-de-encosto-grande-almofada-de-leitura-para-sofa-cama-veludo-cinzento","status":"publish","type":"product","link":"https:\/\/www.livingpillow.com\/pt\/product\/big-backrest-pillow-reading-cushion-for-sofa-bed-velvet-grey","title":{"rendered":"Almofada de encosto grande Almofada de leitura para sof\u00e1-cama Veludo cinzento"},"content":{"rendered":"<p>Apresentamos a nossa almofada de apoio \u00e0 leitura, concebida para proporcionar o m\u00e1ximo conforto enquanto l\u00ea ou v\u00ea televis\u00e3o na cama. Com o seu enchimento de poliuretano de alta densidade, esta almofada em cunha oferece um apoio superior para as costas e o pesco\u00e7o, permitindo-lhe relaxar numa posi\u00e7\u00e3o confort\u00e1vel e de apoio.<\/p>\n<p>Mas isso n\u00e3o \u00e9 tudo - esta almofada vers\u00e1til serve como uma excelente alternativa a uma cabeceira tradicional, tornando-a perfeita para estudantes universit\u00e1rios e para aqueles que querem pe\u00e7as funcionais e decorativas no seu quarto. Al\u00e9m disso, est\u00e1 dispon\u00edvel em todos os tamanhos para camas normais, sendo que o tamanho king size \u00e9 o complemento perfeito para um sof\u00e1-cama, transformando-o num sof\u00e1 acolhedor.<\/p>\n<p>O design inovador desta almofada tamb\u00e9m a torna f\u00e1cil de lavar, com bot\u00f5es anexados que n\u00e3o s\u00f3 lhe d\u00e3o um aspeto din\u00e2mico, como tamb\u00e9m permitem uma f\u00e1cil remo\u00e7\u00e3o e limpeza da capa.<\/p>\n<p>No que diz respeito \u00e0 capa, o tecido utilizado \u00e9 o veludo de poli\u00e9ster 100%, que n\u00e3o s\u00f3 contribui para o excelente efeito visual da almofada, como tamb\u00e9m melhora a sua decora\u00e7\u00e3o interior.<\/p>\n<p>Mas n\u00e3o acredite apenas na nossa palavra. Aqui est\u00e3o alguns dos coment\u00e1rios dos nossos clientes satisfeitos:<\/p>\n<p>- \"Esta almofada \u00e9 um divisor de \u00e1guas para a leitura na cama. Proporciona um \u00f3timo apoio e torna a minha experi\u00eancia de leitura muito mais confort\u00e1vel.\"<br \/>\n- \"Adoro usar esta almofada como cabeceira de cama! D\u00e1 um toque \u00fanico e acolhedor ao meu quarto.\"<br \/>\n- \"Comprei o tamanho de 120 cm para o meu beliche e funciona perfeitamente como encosto. Tamb\u00e9m \u00e9 \u00f3timo para me sentar e estudar.\"<br \/>\n- Os bot\u00f5es da capa tornam-na muito f\u00e1cil de retirar e lavar. Adoro a sua simplicidade\".<\/p>\n<p>Por isso, quer esteja \u00e0 procura de uma forma confort\u00e1vel de ler na cama ou queira dar um toque funcional e elegante ao seu quarto, a nossa almofada de apoio para leitura \u00e9 a solu\u00e7\u00e3o perfeita. Escolha entre uma gama de tamanhos e cores, incluindo o popular veludo Holland cinzento, e experimente o m\u00e1ximo em conforto e apoio.<\/p>","protected":false},"excerpt":{"rendered":"<ul>\n<li><strong>Perfeito para ler na cama:<\/strong> Desfrute do m\u00e1ximo conforto enquanto l\u00ea ou v\u00ea televis\u00e3o com a nossa almofada de apoio \u00e0 leitura, concebida para proporcionar um excelente apoio \u00e0s costas e ao pesco\u00e7o.<\/li>\n<li><strong>Alternativa como cabeceira de cama:<\/strong> Ideal para estudantes universit\u00e1rios e outros, esta almofada serve como cabeceira de cama funcional e decorativa.<\/li>\n<li><strong>Utiliza\u00e7\u00e3o polivalente:<\/strong> Dispon\u00edvel em todos os tamanhos para camas normais; o tamanho king complementa na perfei\u00e7\u00e3o uma cama de dia, transformando-a num sof\u00e1. Tamb\u00e9m pode ser utilizado como encosto de cama de beliche ou como cabeceira de cama improvisada.<\/li>\n<li><strong>F\u00e1cil de lavar:<\/strong> O design inovador inclui bot\u00f5es fixos para um aspeto din\u00e2mico e uma f\u00e1cil remo\u00e7\u00e3o e lavagem da capa.<\/li>\n<li><strong>Material de alta qualidade:<\/strong> Preenchida com poliuretano de alta densidade para um apoio superior das costas, o tecido da almofada em cunha tamb\u00e9m melhora a decora\u00e7\u00e3o interior com o seu excelente efeito visual.<\/li>\n<li><strong>Tecido:<\/strong> Veludo (100% Poli\u00e9ster).<\/li>\n<li><strong>Tamanho:<\/strong> 45cm (45*20*50cm | 0 bot\u00f5es); 60cm (60*20*50cm | 0 bot\u00f5es); 80cm (80*20*50cm | 2 bot\u00f5es); 100cm (100*20*50cm | 3 bot\u00f5es); 120cm (120*20*50cm | 4 bot\u00f5es); 140cm (140*20*50cm | 4 bot\u00f5es); 160cm (160*20*50cm | 5 bot\u00f5es); 180cm (180*20*50cm | 6 bot\u00f5es); 200cm (200*20*50cm | 7 bot\u00f5es).<\/li>\n<\/ul>","protected":false},"featured_media":428,"comment_status":"open","ping_status":"closed","template":"","meta":[],"product_brand":[],"product_cat":[15],"product_tag":[63,79,120,109,91,111,119],"class_list":{"0":"post-429","1":"product","2":"type-product","3":"status-publish","4":"has-post-thumbnail","6":"product_cat-pillows","7":"product_tag-backrest-pillow","8":"product_tag-bedroom-decoration","9":"product_tag-big-backrest-pillow","10":"product_tag-high-density-polyurethane-pillow","11":"product_tag-multipurpose-pillow","12":"product_tag-reading-cushion","13":"product_tag-sofa-bed-pillow","15":"first","16":"instock","17":"shipping-taxable","18":"purchasable","19":"product-type-variable","20":"has-default-attributes"},"_links":{"self":[{"href":"https:\/\/www.livingpillow.com\/pt\/wp-json\/wp\/v2\/product\/429","targetHints":{"allow":["GET"]}}],"collection":[{"href":"https:\/\/www.livingpillow.com\/pt\/wp-json\/wp\/v2\/product"}],"about":[{"href":"https:\/\/www.livingpillow.com\/pt\/wp-json\/wp\/v2\/types\/product"}],"replies":[{"embeddable":true,"href":"https:\/\/www.livingpillow.com\/pt\/wp-json\/wp\/v2\/comments?post=429"}],"wp:featuredmedia":[{"embeddable":true,"href":"https:\/\/www.livingpillow.com\/pt\/wp-json\/wp\/v2\/media\/428"}],"wp:attachment":[{"href":"https:\/\/www.livingpillow.com\/pt\/wp-json\/wp\/v2\/media?parent=429"}],"wp:term":[{"taxonomy":"product_brand","embeddable":true,"href":"https:\/\/www.livingpillow.com\/pt\/wp-json\/wp\/v2\/product_brand?post=429"},{"taxonomy":"product_cat","embeddable":true,"href":"https:\/\/www.livingpillow.com\/pt\/wp-json\/wp\/v2\/product_cat?post=429"},{"taxonomy":"product_tag","embeddable":true,"href":"https:\/\/www.livingpillow.com\/pt\/wp-json\/wp\/v2\/product_tag?post=429"}],"curies":[{"name":"wp","href":"https:\/\/api.w.org\/{rel}","templated":true}]}}