{"id":488,"date":"2024-02-23T05:44:00","date_gmt":"2024-02-23T05:44:00","guid":{"rendered":"https:\/\/www.livingpillow.com\/product\/bed-wedge-support-pillow"},"modified":"2026-03-03T01:22:19","modified_gmt":"2026-03-03T01:22:19","slug":"almofada-de-apoio-para-cama-almofada-de-leitura-veludo-azul-profundo","status":"publish","type":"product","link":"https:\/\/www.livingpillow.com\/pt\/product\/bed-wedge-support-pillow-reading-cushion-velvet-deep-blue","title":{"rendered":"Almofada de apoio em cunha para cama Almofada de leitura Veludo Azul profundo"},"content":{"rendered":"<p>Descubra o companheiro perfeito de leitura e relaxamento<\/p>\n<p>Cansado de esticar o pesco\u00e7o e as costas enquanto l\u00ea na cama ou no sof\u00e1? Tem dificuldade em encontrar acess\u00f3rios decorativos e funcionais para o dormit\u00f3rio? A nossa almofada triangular polivalente \u00e9 a solu\u00e7\u00e3o. Dispon\u00edvel numa gama de tamanhos de 45 cm a 200 cm, esta almofada triangular proporciona um excelente apoio, quer esteja a descansar, a estudar ou a ver os seus programas favoritos.<\/p>\n<p>Fabricada em tecido de poli\u00e9ster 100% macio e aveludado com um enchimento de poliuretano de alta densidade, esta almofada adapta-se ao seu corpo para um conforto superior. Os bot\u00f5es anexados permitem-lhe ajustar a forma conforme necess\u00e1rio. Com o seu aspeto elegante, a almofada triangular pode at\u00e9 servir como uma cabeceira alternativa para complementar a decora\u00e7\u00e3o do seu dormit\u00f3rio ou quarto. <\/p>\n<p>Como disse um cliente satisfeito, \"Adoro o toque suave do tecido de veludo desta almofada. Torna a leitura na cama muito mais confort\u00e1vel sem ter de me apoiar em almofadas duras.\"<\/p>\n<p>Outro escreveu: \"Esta almofada triangular tem muito mais estilo do que uma t\u00edpica almofada de leitura. Utilizo-a como cabeceira de cama no meu apartamento, uma vez que n\u00e3o tenho espa\u00e7o para uma verdadeira\".<\/p>\n<p>Com a sua versatilidade, os materiais de alta qualidade e a facilidade de manuten\u00e7\u00e3o gra\u00e7as \u00e0 capa amov\u00edvel e lav\u00e1vel na m\u00e1quina, esta almofada triangular \u00e9 um acess\u00f3rio indispens\u00e1vel para um melhor relaxamento.<\/p>","protected":false},"excerpt":{"rendered":"<ul>\n<li><strong>Perfeito para ler:<\/strong> Proporciona um excelente apoio para as costas e o pesco\u00e7o para maior conforto enquanto l\u00ea ou v\u00ea televis\u00e3o.<\/li>\n<li><strong>Alternativa \u00e0 cabeceira da cama:<\/strong> Pode servir como uma cabeceira decorativa e funcional, especialmente para estudantes universit\u00e1rios.<\/li>\n<li><strong>Polivalente:<\/strong> Dispon\u00edvel em v\u00e1rios tamanhos para camas normais e camas de dia; tamb\u00e9m pode ser utilizado como encosto de cama ou cabeceira de beliche.<\/li>\n<li><strong>Manuten\u00e7\u00e3o f\u00e1cil:<\/strong> Os bot\u00f5es de fixa\u00e7\u00e3o permitem uma forma din\u00e2mica e a capa \u00e9 amov\u00edvel para facilitar a lavagem.<\/li>\n<li><strong>Constru\u00e7\u00e3o de alta qualidade:<\/strong> O enchimento de poliuretano de alta densidade proporciona um excelente apoio para as costas, enquanto o tecido duradouro complementa a decora\u00e7\u00e3o interior.<\/li>\n<li><strong>Tecido:<\/strong> Poli\u00e9ster 100% macio e aveludado.<\/li>\n<li><strong>Tamanho:<\/strong> 45cm (45*20*50cm | 0 bot\u00f5es); 60cm (60*20*50cm | 0 bot\u00f5es); 80cm (80*20*50cm | 2 bot\u00f5es); 100cm (100*20*50cm | 3 bot\u00f5es); 120cm (120*20*50cm | 4 bot\u00f5es); 140cm (140*20*50cm | 4 bot\u00f5es); 160cm (160*20*50cm | 5 bot\u00f5es); 180cm (180*20*50cm | 6 bot\u00f5es); 200cm (200*20*50cm | 7 bot\u00f5es).<\/li>\n<\/ul>","protected":false},"featured_media":487,"comment_status":"open","ping_status":"closed","template":"","meta":[],"product_brand":[],"product_cat":[15],"product_tag":[114,113,110,101,98,112,111],"class_list":{"0":"post-488","1":"product","2":"type-product","3":"status-publish","4":"has-post-thumbnail","6":"product_cat-pillows","7":"product_tag-alternative-to-headboard","8":"product_tag-back-and-neck-support","9":"product_tag-bed-wedge-support-pillow","10":"product_tag-bunk-bed-backrest","11":"product_tag-decorative-headboard","12":"product_tag-perfect-for-reading","13":"product_tag-reading-cushion","15":"first","16":"instock","17":"shipping-taxable","18":"purchasable","19":"product-type-variable","20":"has-default-attributes"},"_links":{"self":[{"href":"https:\/\/www.livingpillow.com\/pt\/wp-json\/wp\/v2\/product\/488","targetHints":{"allow":["GET"]}}],"collection":[{"href":"https:\/\/www.livingpillow.com\/pt\/wp-json\/wp\/v2\/product"}],"about":[{"href":"https:\/\/www.livingpillow.com\/pt\/wp-json\/wp\/v2\/types\/product"}],"replies":[{"embeddable":true,"href":"https:\/\/www.livingpillow.com\/pt\/wp-json\/wp\/v2\/comments?post=488"}],"wp:featuredmedia":[{"embeddable":true,"href":"https:\/\/www.livingpillow.com\/pt\/wp-json\/wp\/v2\/media\/487"}],"wp:attachment":[{"href":"https:\/\/www.livingpillow.com\/pt\/wp-json\/wp\/v2\/media?parent=488"}],"wp:term":[{"taxonomy":"product_brand","embeddable":true,"href":"https:\/\/www.livingpillow.com\/pt\/wp-json\/wp\/v2\/product_brand?post=488"},{"taxonomy":"product_cat","embeddable":true,"href":"https:\/\/www.livingpillow.com\/pt\/wp-json\/wp\/v2\/product_cat?post=488"},{"taxonomy":"product_tag","embeddable":true,"href":"https:\/\/www.livingpillow.com\/pt\/wp-json\/wp\/v2\/product_tag?post=488"}],"curies":[{"name":"wp","href":"https:\/\/api.w.org\/{rel}","templated":true}]}}