{"id":63,"date":"2024-02-22T06:31:12","date_gmt":"2024-02-22T06:31:12","guid":{"rendered":"https:\/\/www.livingpillow.com\/product\/back-pillow-for-sleeping"},"modified":"2026-03-11T05:10:28","modified_gmt":"2026-03-11T05:10:28","slug":"almofada-de-costas-para-dormir-almofada-de-cunha-grande-linho-roxo","status":"publish","type":"product","link":"https:\/\/www.livingpillow.com\/pt\/product\/back-pillow-for-sleeping-big-wedge-cushion-linen-purple","title":{"rendered":"Almofada de costas para dormir Almofada grande em cunha Roxo"},"content":{"rendered":"<p>Descubra o melhor apoio para as costas com a almofada de costas para dormir<\/p>\n<p>Se gosta de ler na cama ou ver televis\u00e3o, mas tem dificuldade em sentir-se confort\u00e1vel, a almofada de costas para dormir \u00e9 a solu\u00e7\u00e3o. Dispon\u00edvel numa gama de tamanhos de 100 cm a 200 cm, esta almofada grande em cunha proporciona um excelente apoio para as costas e o pesco\u00e7o gra\u00e7as ao seu design triangular ergon\u00f3mico. <\/p>\n<p>Fabricada em poliuretano de alta densidade e revestida com um tecido macio e respir\u00e1vel, a almofada para as costas adapta-se perfeitamente ao seu corpo para o m\u00e1ximo conforto. A capa amov\u00edvel possui bot\u00f5es para uma f\u00e1cil remo\u00e7\u00e3o e lavagem na m\u00e1quina.  <\/p>\n<p>Mais do que um simples encosto, esta almofada vers\u00e1til tamb\u00e9m funciona como uma cabeceira atraente, especialmente pr\u00e1tica para dormit\u00f3rios universit\u00e1rios. Pode at\u00e9 ser utilizada como almofada de prote\u00e7\u00e3o para evitar que as crian\u00e7as caiam da cama. Tamb\u00e9m \u00e9 ideal para camas de dia, beliches, caravanas e atrelados. <\/p>\n<p>Os clientes elogiam o conforto e a versatilidade da almofada de costas:<\/p>\n<p>\"Adoro ler na cama, mas nunca me sentia confort\u00e1vel. Esta almofada para as costas \u00e9 um divisor de \u00e1guas! As minhas costas sentem-se t\u00e3o apoiadas e n\u00e3o fico dorida mesmo depois de horas de leitura.\"<\/p>\n<p>\"Transform\u00e1mos o nosso quarto de h\u00f3spedes numa sala multim\u00e9dia improvisada e esta almofada para as costas \u00e9 perfeita para as noites de cinema! Toda a fam\u00edlia pode relaxar confortavelmente.\" <\/p>\n<p>\"Comprei a almofada de 200 cm para a minha caravana. Enche toda a \u00e1rea de dormir das traseiras e torna as minhas viagens de carro muito mais aconchegantes.\"<\/p>\n<p>\u201cEsta ador\u00e1vel almofada para as costas impede o meu filho de rolar para fora do beliche. Al\u00e9m disso, o tecido fica t\u00e3o giro com os seus len\u00e7\u00f3is com tem\u00e1tica espacial!\u201d<\/p>\n<p>Com tamanhos que se adaptam a qualquer cama ou objetivo, a Almofada de costas para dormir proporciona conforto e estilo multifuncionais. D\u00ea hoje um impulso \u00e0s suas costas, pesco\u00e7o e decora\u00e7\u00e3o!<\/p>","protected":false},"excerpt":{"rendered":"<ul>\n<li><strong>Perfeito para ler e ver televis\u00e3o:<\/strong> Proporciona um excelente apoio para as costas e o pesco\u00e7o para o m\u00e1ximo conforto enquanto l\u00ea ou v\u00ea televis\u00e3o.<\/li>\n<li><strong>Cabeceira vers\u00e1til:<\/strong> Ideal como cabeceira decorativa e funcional, nomeadamente para estudantes universit\u00e1rios.<\/li>\n<li><strong>Polivalente:<\/strong> Dispon\u00edvel em v\u00e1rios tamanhos para camas normais, camas de dia, beliches e caravanas\/trailers. Tamb\u00e9m pode ser utilizada como almofada de prote\u00e7\u00e3o para crian\u00e7as.<\/li>\n<li><strong>F\u00e1cil de limpar:<\/strong> Capa amov\u00edvel e lav\u00e1vel gra\u00e7as aos bot\u00f5es de fixa\u00e7\u00e3o.<\/li>\n<li><strong>Materiais de qualidade superior:<\/strong> Preenchida com poliuretano de alta densidade para um excelente apoio das costas e revestida com um tecido visualmente atrativo que complementa qualquer decora\u00e7\u00e3o.<\/li>\n<li><strong>Tamanho:<\/strong> 100cm (L100 x L26 x A55 | 3 Colunas de bot\u00f5es), 120cm (L120 x L26 x A55 | 4 Colunas de bot\u00f5es), 140cm (L140 x L26 x A55 | 4 Colunas de bot\u00f5es), 160cm (L160 x L26 x A55 | 5 Colunas de bot\u00f5es), 180cm (L180 x L26 x A55 | 6 Colunas de bot\u00f5es), 200cm (L200 x L26 x A55 | 7 Colunas de bot\u00f5es).<\/li>\n<\/ul>","protected":false},"featured_media":62,"comment_status":"open","ping_status":"closed","template":"","meta":[],"product_brand":[],"product_cat":[15],"product_tag":[164,82,84,70,170,74,98,58,91,166,53,168,165,169,134,167],"class_list":{"0":"post-63","1":"product","2":"type-product","3":"status-publish","4":"has-post-thumbnail","6":"product_cat-pillows","7":"product_tag-back-pillow","8":"product_tag-big-wedge-cushion","9":"product_tag-bumper-pillow","10":"product_tag-bunk-bed-pillow","11":"product_tag-child-pillow","12":"product_tag-daybed-pillow","13":"product_tag-decorative-headboard","14":"product_tag-linen-pillow","15":"product_tag-multipurpose-pillow","16":"product_tag-purple-cushion","17":"product_tag-reading-pillow","18":"product_tag-rv-pillow","19":"product_tag-sleeping-pillow","20":"product_tag-trailer-pillow","21":"product_tag-versatile-headboard","22":"product_tag-watching-tv-pillow","24":"first","25":"instock","26":"featured","27":"shipping-taxable","28":"purchasable","29":"product-type-variable","30":"has-default-attributes"},"_links":{"self":[{"href":"https:\/\/www.livingpillow.com\/pt\/wp-json\/wp\/v2\/product\/63","targetHints":{"allow":["GET"]}}],"collection":[{"href":"https:\/\/www.livingpillow.com\/pt\/wp-json\/wp\/v2\/product"}],"about":[{"href":"https:\/\/www.livingpillow.com\/pt\/wp-json\/wp\/v2\/types\/product"}],"replies":[{"embeddable":true,"href":"https:\/\/www.livingpillow.com\/pt\/wp-json\/wp\/v2\/comments?post=63"}],"wp:featuredmedia":[{"embeddable":true,"href":"https:\/\/www.livingpillow.com\/pt\/wp-json\/wp\/v2\/media\/62"}],"wp:attachment":[{"href":"https:\/\/www.livingpillow.com\/pt\/wp-json\/wp\/v2\/media?parent=63"}],"wp:term":[{"taxonomy":"product_brand","embeddable":true,"href":"https:\/\/www.livingpillow.com\/pt\/wp-json\/wp\/v2\/product_brand?post=63"},{"taxonomy":"product_cat","embeddable":true,"href":"https:\/\/www.livingpillow.com\/pt\/wp-json\/wp\/v2\/product_cat?post=63"},{"taxonomy":"product_tag","embeddable":true,"href":"https:\/\/www.livingpillow.com\/pt\/wp-json\/wp\/v2\/product_tag?post=63"}],"curies":[{"name":"wp","href":"https:\/\/api.w.org\/{rel}","templated":true}]}}