{"id":658,"date":"2024-02-23T13:50:30","date_gmt":"2024-02-23T13:50:30","guid":{"rendered":"https:\/\/www.livingpillow.com\/product\/large-wedge-pillow"},"modified":"2026-03-11T05:10:20","modified_gmt":"2026-03-11T05:10:20","slug":"almofada-de-cunha-grande-almofada-de-leitura-para-cama-grande-linho-amarelo","status":"publish","type":"product","link":"https:\/\/www.livingpillow.com\/pt\/product\/large-wedge-pillow-big-bed-reading-cushion-linen-yellow","title":{"rendered":"Almofada em cunha grande Almofada de leitura para cama grande Amarelo"},"content":{"rendered":"<p><strong>O melhor apoio para as costas e estilo: Apresentamos a nossa vers\u00e1til almofada de leitura triangular<\/strong><\/p>\n<p>Est\u00e1 \u00e0 procura de uma forma confort\u00e1vel e elegante de melhorar a sua experi\u00eancia de leitura ou de ver televis\u00e3o? A nossa almofada de leitura triangular de qualidade superior \u00e9 a solu\u00e7\u00e3o ideal!<\/p>\n<p><strong>Conforto que envolve<\/strong><\/p>\n<p>A nossa almofada de leitura proporciona um apoio incompar\u00e1vel para as costas e o pesco\u00e7o, criando um recanto acolhedor para o m\u00e1ximo conforto. Mergulhe no seu enchimento de pel\u00facia e deixe todas as suas preocupa\u00e7\u00f5es desaparecerem enquanto se perde num livro cativante ou assiste aos seus programas favoritos.<\/p>\n<p><strong>Vers\u00e1til e pr\u00e1tico<\/strong><\/p>\n<p>Para al\u00e9m da sua fun\u00e7\u00e3o principal, a nossa almofada vers\u00e1til oferece uma gama de utiliza\u00e7\u00f5es adicionais:<\/p>\n<p><strong>Alternativa \u00e0 cabeceira da cama:<\/strong> Ideal para estudantes universit\u00e1rios e outros, d\u00e1 um toque decorativo e pr\u00e1tico \u00e0 sua cama.<br \/>\n<strong>Almofada multiusos:<\/strong> Dispon\u00edvel em todos os tamanhos de cama normais, incluindo uma cama king size que funciona como um confort\u00e1vel sof\u00e1.<br \/>\n<strong>Almofada para o para-choques e encosto de cama:<\/strong> Proteja os seus filhos dos choques e crie um espa\u00e7o seguro e de apoio para eles.<br \/>\n<strong>Cabeceira para autocaravanas e reboques:<\/strong> Melhore o conforto do seu ve\u00edculo de recreio ou atrelado com uma cabeceira elegante e pr\u00e1tica.<\/p>\n<p><strong>F\u00e1cil de cuidar e de longa dura\u00e7\u00e3o<\/strong><\/p>\n<p>Compreendemos que a comodidade \u00e9 fundamental. \u00c9 por isso que a nossa almofada tem bot\u00f5es que n\u00e3o s\u00f3 real\u00e7am o seu estilo, como tamb\u00e9m tornam a capa amov\u00edvel e f\u00e1cil de lavar. O seu enchimento de poliuretano de alta qualidade garante um excelente apoio para as costas e longevidade.<\/p>\n<p><strong>Escolha o seu tamanho perfeito<\/strong><\/p>\n<p>A nossa almofada de leitura triangular est\u00e1 dispon\u00edvel em v\u00e1rios tamanhos para se adaptar \u00e0s suas necessidades:<\/p>\n<p>0 bot\u00f5es: 45cm, 60cm<br \/>\n2 bot\u00f5es: 80cm<br \/>\n3 bot\u00f5es: 100cm<br \/>\n4 bot\u00f5es: 120cm, 140cm<br \/>\n5 bot\u00f5es: 160cm<br \/>\n6 bot\u00f5es: 180cm<br \/>\n7 bot\u00f5es: 200cm<\/p>\n<p><strong>Conforto aprovado pelo cliente<\/strong><\/p>\n<p>Os nossos clientes elogiam o conforto inigual\u00e1vel proporcionado pela nossa Almofada de Leitura Triangular. Com mais de 150 cr\u00edticas positivas, tem sido constantemente elogiada pela sua versatilidade, apoio e design elegante.<\/p>\n<p><strong>Melhore a sua leitura e o seu relaxamento hoje mesmo<\/strong><\/p>\n<p>Transforme a sua rotina de leitura e relaxamento com o m\u00e1ximo conforto e estilo da nossa Almofada de Leitura Triangular. Encomende agora e experimente o abra\u00e7o feliz de apoio e sofistica\u00e7\u00e3o!<\/p>","protected":false},"excerpt":{"rendered":"<ul>\n<li><strong>Perfeito para ler e ver televis\u00e3o:<\/strong>\u00a0Proporciona um excelente apoio para as costas e o pesco\u00e7o para o m\u00e1ximo conforto enquanto l\u00ea na cama ou v\u00ea televis\u00e3o.<\/li>\n<li><strong>Alternativa como cabeceira de cama:<\/strong>\u00a0Perfeita para estudantes universit\u00e1rios e outros, a almofada pode ser utilizada como cabeceira decorativa e funcional.<\/li>\n<li><strong>Polivalente:<\/strong>\u00a0Dispon\u00edvel em todos os tamanhos para camas normais, o tamanho king adapta-se perfeitamente a um sof\u00e1-cama e pode tamb\u00e9m funcionar como sof\u00e1. Outras utiliza\u00e7\u00f5es incluem almofadas para crian\u00e7as, apoios para as costas de beliches e cabeceiras de cami\u00f5es e atrelados.<\/li>\n<li><strong>F\u00e1cil de lavar:<\/strong>\u00a0Os bot\u00f5es anexados conferem estilo e tornam a capa amov\u00edvel e lav\u00e1vel.<\/li>\n<li><strong>Material de alta qualidade:<\/strong>\u00a0Com enchimento de poliuretano de alta densidade para um excelente apoio das costas. O tecido tem um \u00f3timo efeito visual para combinar com qualquer decora\u00e7\u00e3o interior.<\/li>\n<li><strong>Tamanho:<\/strong> 45cm (45*20*50cm | 0 bot\u00f5es); 60cm (60*20*50cm | 0 bot\u00f5es); 80cm (80*20*50cm | 2 bot\u00f5es); 100cm (100*20*50cm | 3 bot\u00f5es); 120cm (120*20*50cm | 4 bot\u00f5es); 140cm (140*20*50cm | 4 bot\u00f5es); 160cm (160*20*50cm | 5 bot\u00f5es); 180cm (180*20*50cm | 6 bot\u00f5es); 200cm (200*20*50cm | 7 bot\u00f5es).<\/li>\n<\/ul>","protected":false},"featured_media":657,"comment_status":"open","ping_status":"closed","template":"","meta":[],"product_brand":[],"product_cat":[15],"product_tag":[66,92,93,95,74,59,87,94],"class_list":{"0":"post-658","1":"product","2":"type-product","3":"status-publish","4":"has-post-thumbnail","6":"product_cat-pillows","7":"product_tag-back-support-pillow","8":"product_tag-big-bed-reading-cushion","9":"product_tag-bumper-pillows","10":"product_tag-bunk-bed-back-rests","11":"product_tag-daybed-pillow","12":"product_tag-large-wedge-pillow","13":"product_tag-trailer-headboard","14":"product_tag-tv-pillow","16":"first","17":"instock","18":"featured","19":"shipping-taxable","20":"purchasable","21":"product-type-variable","22":"has-default-attributes"},"_links":{"self":[{"href":"https:\/\/www.livingpillow.com\/pt\/wp-json\/wp\/v2\/product\/658","targetHints":{"allow":["GET"]}}],"collection":[{"href":"https:\/\/www.livingpillow.com\/pt\/wp-json\/wp\/v2\/product"}],"about":[{"href":"https:\/\/www.livingpillow.com\/pt\/wp-json\/wp\/v2\/types\/product"}],"replies":[{"embeddable":true,"href":"https:\/\/www.livingpillow.com\/pt\/wp-json\/wp\/v2\/comments?post=658"}],"wp:featuredmedia":[{"embeddable":true,"href":"https:\/\/www.livingpillow.com\/pt\/wp-json\/wp\/v2\/media\/657"}],"wp:attachment":[{"href":"https:\/\/www.livingpillow.com\/pt\/wp-json\/wp\/v2\/media?parent=658"}],"wp:term":[{"taxonomy":"product_brand","embeddable":true,"href":"https:\/\/www.livingpillow.com\/pt\/wp-json\/wp\/v2\/product_brand?post=658"},{"taxonomy":"product_cat","embeddable":true,"href":"https:\/\/www.livingpillow.com\/pt\/wp-json\/wp\/v2\/product_cat?post=658"},{"taxonomy":"product_tag","embeddable":true,"href":"https:\/\/www.livingpillow.com\/pt\/wp-json\/wp\/v2\/product_tag?post=658"}],"curies":[{"name":"wp","href":"https:\/\/api.w.org\/{rel}","templated":true}]}}