{"id":711,"date":"2024-02-23T14:24:46","date_gmt":"2024-02-23T14:24:46","guid":{"rendered":"https:\/\/www.livingpillow.com\/product\/big-pillow-for-bed-headboard"},"modified":"2026-03-11T05:10:18","modified_gmt":"2026-03-11T05:10:18","slug":"almofada-grande-para-cabeceira-de-cama-almofada-grande-linho-preto","status":"publish","type":"product","link":"https:\/\/www.livingpillow.com\/pt\/product\/big-pillow-for-bed-headboard-large-cushion-linen-black","title":{"rendered":"Almofada grande para cabeceira de cama Almofada grande preta"},"content":{"rendered":"<p>Apresentamos a almofada de cunha multiusos indispens\u00e1vel de que a sua casa precisa!<\/p>\n<p>Tem procurado uma almofada confort\u00e1vel e funcional que lhe proporcione o m\u00e1ximo apoio e conforto durante actividades como a leitura e o visionamento de televis\u00e3o? N\u00e3o procure mais, esta almofada de cunha polivalente! <\/p>\n<p>Esta almofada foi concebida para oferecer um apoio superior \u00e0s costas e ao pesco\u00e7o, tornando-a o acess\u00f3rio perfeito para quem gosta de ler ou de ver televis\u00e3o na cama. Foi concebida para aumentar o seu n\u00edvel de conforto, evitando qualquer tens\u00e3o desconfort\u00e1vel nas costas e no pesco\u00e7o enquanto est\u00e1 sentado. <\/p>\n<p>A almofada \u00e9 tamb\u00e9m uma solu\u00e7\u00e3o ideal para estudantes universit\u00e1rios que necessitam de um acess\u00f3rio vers\u00e1til que possa servir como cabeceira funcional e decorativa. Com o seu design elegante, esta almofada \u00e9 a forma perfeita de embelezar qualquer divis\u00e3o e, ao mesmo tempo, proporcionar um apoio excecional a quem precisa. <\/p>\n<p>E n\u00e3o \u00e9 tudo! Esta almofada de cunha est\u00e1 dispon\u00edvel em v\u00e1rios tamanhos, o que a torna um acess\u00f3rio vers\u00e1til excecional. Desde servir como almofada para crian\u00e7as at\u00e9 ser utilizada como encosto para beliches, o potencial desta almofada \u00e9 ilimitado. Pode at\u00e9 servir de cabeceira de cama para caravanas e atrelados. <\/p>\n<p>Uma das carater\u00edsticas de destaque desta almofada de cunha \u00e9 o seu design f\u00e1cil de lavar. Com uma configura\u00e7\u00e3o de bot\u00e3o anexada, a capa pode ser facilmente removida e lavada para evitar qualquer sujidade indesejada.<\/p>\n<p>A almofada de cunha \u00e9 preenchida com poliuretano de alta densidade, que proporciona um apoio excecional para as costas. Acrescenta um toque extra de estilo \u00e0 sua decora\u00e7\u00e3o.<\/p>\n<p>Em suma, a almofada de cunha multiusos \u00e9 um bem essencial de que todas as casas necessitam. Proporciona um apoio e conforto superiores, tornando-a perfeita para actividades como a leitura e o visionamento de televis\u00e3o. Com o seu design vers\u00e1til, serve m\u00faltiplos prop\u00f3sitos e est\u00e1 dispon\u00edvel em v\u00e1rios tamanhos, garantindo que se adapta a qualquer necessidade que possa ter. E com o seu design f\u00e1cil de lavar, esta almofada tornar-se-\u00e1 certamente o seu acess\u00f3rio favorito durante muitos anos. <\/p>\n<p>Se ainda n\u00e3o est\u00e1 convencido, basta ver a sec\u00e7\u00e3o de coment\u00e1rios do produto! Os nossos clientes n\u00e3o se fartam deste produto. Por isso, n\u00e3o espere mais e adquira hoje mesmo a sua pr\u00f3pria almofada de cunha multiusos!<\/p>","protected":false},"excerpt":{"rendered":"<ul>\n<li><strong>Perfeito para ler na cama:<\/strong> Esta almofada oferece um apoio superior para as costas e o pesco\u00e7o, aumentando o conforto durante a leitura e o visionamento de televis\u00e3o.<\/li>\n<li><strong>Alternativa \u00e0 cabeceira da cama:<\/strong> Uma solu\u00e7\u00e3o ideal para estudantes universit\u00e1rios, esta almofada vers\u00e1til serve tanto para fins decorativos como funcionais como cabeceira de cama.<\/li>\n<li><strong>Utiliza\u00e7\u00e3o polivalente:<\/strong> Dispon\u00edvel em v\u00e1rios tamanhos, incluindo um tamanho king que se converte perfeitamente num sof\u00e1-cama. Tamb\u00e9m serve de almofada para crian\u00e7as, de encosto para beliches e de cabeceira para caravanas\/trailers.<\/li>\n<li><strong>F\u00e1cil de lavar:<\/strong> O design inclui bot\u00f5es fixos para um aspeto est\u00e9tico e uma f\u00e1cil remo\u00e7\u00e3o da tampa para lavagem.<\/li>\n<li><strong>Material de alta qualidade:<\/strong> Preenchida com poliuretano de alta densidade para um apoio excecional das costas, o tecido da almofada em cunha real\u00e7a a sua decora\u00e7\u00e3o.<\/li>\n<li><strong>Tamanho:<\/strong> 45cm (45*20*50cm | 0 bot\u00f5es); 60cm (60*20*50cm | 0 bot\u00f5es); 80cm (80*20*50cm | 2 bot\u00f5es); 100cm (100*20*50cm | 3 bot\u00f5es); 120cm (120*20*50cm | 4 bot\u00f5es); 140cm (140*20*50cm | 4 bot\u00f5es); 160cm (160*20*50cm | 5 bot\u00f5es); 180cm (180*20*50cm | 6 bot\u00f5es); 200cm (200*20*50cm | 7 bot\u00f5es).<\/li>\n<\/ul>","protected":false},"featured_media":710,"comment_status":"open","ping_status":"closed","template":"","meta":[],"product_brand":[],"product_cat":[15],"product_tag":[75,61,88,84,70,89,57,90,58,69],"class_list":{"0":"post-711","1":"product","2":"type-product","3":"status-publish","4":"has-post-thumbnail","6":"product_cat-pillows","7":"product_tag-bed-headboard","8":"product_tag-big-bed-pillow","9":"product_tag-big-pillow","10":"product_tag-bumper-pillow","11":"product_tag-bunk-bed-pillow","12":"product_tag-daybed-couch","13":"product_tag-headboard-cushion","14":"product_tag-king-size-pillow","15":"product_tag-linen-pillow","16":"product_tag-wedge-pillow","18":"first","19":"instock","20":"shipping-taxable","21":"purchasable","22":"product-type-variable","23":"has-default-attributes"},"_links":{"self":[{"href":"https:\/\/www.livingpillow.com\/pt\/wp-json\/wp\/v2\/product\/711","targetHints":{"allow":["GET"]}}],"collection":[{"href":"https:\/\/www.livingpillow.com\/pt\/wp-json\/wp\/v2\/product"}],"about":[{"href":"https:\/\/www.livingpillow.com\/pt\/wp-json\/wp\/v2\/types\/product"}],"replies":[{"embeddable":true,"href":"https:\/\/www.livingpillow.com\/pt\/wp-json\/wp\/v2\/comments?post=711"}],"wp:featuredmedia":[{"embeddable":true,"href":"https:\/\/www.livingpillow.com\/pt\/wp-json\/wp\/v2\/media\/710"}],"wp:attachment":[{"href":"https:\/\/www.livingpillow.com\/pt\/wp-json\/wp\/v2\/media?parent=711"}],"wp:term":[{"taxonomy":"product_brand","embeddable":true,"href":"https:\/\/www.livingpillow.com\/pt\/wp-json\/wp\/v2\/product_brand?post=711"},{"taxonomy":"product_cat","embeddable":true,"href":"https:\/\/www.livingpillow.com\/pt\/wp-json\/wp\/v2\/product_cat?post=711"},{"taxonomy":"product_tag","embeddable":true,"href":"https:\/\/www.livingpillow.com\/pt\/wp-json\/wp\/v2\/product_tag?post=711"}],"curies":[{"name":"wp","href":"https:\/\/api.w.org\/{rel}","templated":true}]}}