{"id":88,"date":"2024-02-22T07:56:39","date_gmt":"2024-02-22T07:56:39","guid":{"rendered":"https:\/\/www.livingpillow.com\/product\/decorative-pillows-for-bed"},"modified":"2026-03-11T05:10:27","modified_gmt":"2026-03-11T05:10:27","slug":"almofadas-decorativas-para-cama-almofada-grande-em-cunha-linho-castanho","status":"publish","type":"product","link":"https:\/\/www.livingpillow.com\/pt\/product\/decorative-pillows-for-bed-big-wedge-cushion-linen-brown","title":{"rendered":"Almofadas decorativas para cama Almofada de cunha grande castanha"},"content":{"rendered":"<p>Melhore a sua hora de dormir com almofadas decorativas<\/p>\n<p>Encontrar a almofada perfeita para se aconchegar antes de dormir pode elevar o seu relaxamento ao pr\u00f3ximo n\u00edvel. Estas almofadas decorativas em cunha em castanho neutro s\u00e3o a companhia ideal para relaxar, ler ou ver os seus programas favoritos. <\/p>\n<p>Destaques do produto:<\/p>\n<p>- \u00d3timo para apoiar as costas e o pesco\u00e7o na cama para ler ou ver televis\u00e3o<br \/>\n- Tamb\u00e9m pode ser usada como cabeceira de cama para decora\u00e7\u00e3o<br \/>\n- Grande variedade de tamanhos de camas - desde dormit\u00f3rios universit\u00e1rios a camas king-size<br \/>\n- Tampa de bot\u00f5es amov\u00edvel para facilitar a lavagem<br \/>\n- O enchimento de alta densidade proporciona um conforto de primeira qualidade<br \/>\n- O tecido subtil complementa qualquer quarto<\/p>\n<p>Dispon\u00edvel em v\u00e1rios tamanhos convenientes, de 100 cm a 200 cm, encontrar\u00e1 um que se adapta \u00e0s suas necessidades. <\/p>\n<p>O que os clientes est\u00e3o a dizer:<\/p>\n<p>\"Adoro usar esta almofada enorme para me apoiar na cama enquanto navego no meu telem\u00f3vel. Torna muito confort\u00e1vel ver v\u00eddeos antes de dormir.\" - Linda T.<\/p>\n<p>\u201cEsta almofada neutra d\u00e1 um toque decorativo \u00e0 minha cabeceira da cama e d\u00e1-me um apoio extra \u00e0s costas para ler. O tecido \u00e9 suave ao toque.\u201d - James R. <\/p>\n<p>\"Como estudante universit\u00e1rio, ter esta almofada gigante em forma de cunha \u00e9 muito \u00fatil como cabeceira improvisada no meu pequeno dormit\u00f3rio. Tem bom aspeto e ocupa pouco espa\u00e7o quando n\u00e3o est\u00e1 a ser utilizada.\" - Sarah D.<\/p>\n<p>Adicione hoje o conforto de uma cunha inclinada acolhedora ao seu quarto. Estas almofadas t\u00eam uma fun\u00e7\u00e3o dupla, proporcionando um apoio extra para o pesco\u00e7o e um toque decorativo para aumentar o n\u00edvel de descontra\u00e7\u00e3o.<\/p>","protected":false},"excerpt":{"rendered":"<ul>\n<li><strong>Perfeito para ler \u00e0 hora de deitar:<\/strong> Desfrute do m\u00e1ximo conforto enquanto l\u00ea ou v\u00ea televis\u00e3o com esta almofada que oferece um excelente apoio para as costas e o pesco\u00e7o.<\/li>\n<li><strong>Funciona como cabeceira de cama:<\/strong> Ideal para estudantes universit\u00e1rios, esta almofada tem um papel decorativo e funcional como cabeceira de cama.<\/li>\n<li><strong>Utiliza\u00e7\u00f5es vers\u00e1teis:<\/strong> Adequada para todos os tamanhos de cama, a almofada king size serve de sof\u00e1 numa cama de dia. Tamb\u00e9m pode ser utilizada como almofada de apoio para crian\u00e7as, apoio para as costas num beliche ou cabeceira de cama em caravanas e atrelados.<\/li>\n<li><strong>Cobertura lav\u00e1vel:<\/strong> Possui uma capa amov\u00edvel com bot\u00f5es, que facilita o processo de limpeza e contribui para a est\u00e9tica da almofada.<\/li>\n<li><strong>Material de qualidade superior:<\/strong> Fabricada com enchimento de poliuretano de alta densidade para um apoio superior das costas, combinada com um tecido visualmente atrativo para complementar a sua decora\u00e7\u00e3o.<\/li>\n<li><strong>Tamanhos dispon\u00edveis:<\/strong> 100cm (L100 x L26 x A55 | 3 Colunas de bot\u00f5es), 120cm (L120 x L26 x A55 | 4 Colunas de bot\u00f5es), 140cm (L140 x L26 x A55 | 4 Colunas de bot\u00f5es), 160cm (L160 x L26 x A55 | 5 Colunas de bot\u00f5es), 180cm (L180 x L26 x A55 | 6 Colunas de bot\u00f5es), 200cm (L200 x L26 x A55 | 7 Colunas de bot\u00f5es).<\/li>\n<\/ul>","protected":false},"featured_media":87,"comment_status":"open","ping_status":"closed","template":"","meta":[],"product_brand":[],"product_cat":[15],"product_tag":[163,157,162,84,161,54,90,58,156],"class_list":{"0":"post-88","1":"product","2":"type-product","3":"status-publish","4":"has-post-thumbnail","6":"product_cat-pillows","7":"product_tag-back-rest-pillow","8":"product_tag-back-support","9":"product_tag-bedtime-reading","10":"product_tag-bumper-pillow","11":"product_tag-decorative-pillows","12":"product_tag-headboard-pillow","13":"product_tag-king-size-pillow","14":"product_tag-linen-pillow","15":"product_tag-neck-support","17":"first","18":"instock","19":"shipping-taxable","20":"purchasable","21":"product-type-variable","22":"has-default-attributes"},"_links":{"self":[{"href":"https:\/\/www.livingpillow.com\/pt\/wp-json\/wp\/v2\/product\/88","targetHints":{"allow":["GET"]}}],"collection":[{"href":"https:\/\/www.livingpillow.com\/pt\/wp-json\/wp\/v2\/product"}],"about":[{"href":"https:\/\/www.livingpillow.com\/pt\/wp-json\/wp\/v2\/types\/product"}],"replies":[{"embeddable":true,"href":"https:\/\/www.livingpillow.com\/pt\/wp-json\/wp\/v2\/comments?post=88"}],"wp:featuredmedia":[{"embeddable":true,"href":"https:\/\/www.livingpillow.com\/pt\/wp-json\/wp\/v2\/media\/87"}],"wp:attachment":[{"href":"https:\/\/www.livingpillow.com\/pt\/wp-json\/wp\/v2\/media?parent=88"}],"wp:term":[{"taxonomy":"product_brand","embeddable":true,"href":"https:\/\/www.livingpillow.com\/pt\/wp-json\/wp\/v2\/product_brand?post=88"},{"taxonomy":"product_cat","embeddable":true,"href":"https:\/\/www.livingpillow.com\/pt\/wp-json\/wp\/v2\/product_cat?post=88"},{"taxonomy":"product_tag","embeddable":true,"href":"https:\/\/www.livingpillow.com\/pt\/wp-json\/wp\/v2\/product_tag?post=88"}],"curies":[{"name":"wp","href":"https:\/\/api.w.org\/{rel}","templated":true}]}}