{"id":133,"date":"2024-02-22T08:35:07","date_gmt":"2024-02-22T08:35:07","guid":{"rendered":"https:\/\/www.livingpillow.com\/product\/wedge-bolster-pillow"},"modified":"2026-03-11T05:10:23","modified_gmt":"2026-03-11T05:10:23","slug":"perna-cu-pana-pentru-spate-perna-de-in-alb","status":"publish","type":"product","link":"https:\/\/www.livingpillow.com\/ro\/product\/wedge-bolster-pillow-backsupport-cushion-linen-white","title":{"rendered":"Pern\u0103 cu pan\u0103, suport pentru spate, alb\u0103"},"content":{"rendered":"<p>Dac\u0103 \u00ee\u021bi place s\u0103 cite\u0219ti sau s\u0103 te ui\u021bi la televizor \u00een pat, dar te chinui s\u0103 te sim\u021bi confortabil, aceast\u0103 pern\u0103 tip pan\u0103 este solu\u021bia perfect\u0103. Cu o form\u0103 ergonomic\u0103 care s\u0103 te acopere pe spate \u0219i pe g\u00e2t, ofer\u0103 un suport superior, indiferent dac\u0103 stai a\u0219ezat sau \u00eentins. <\/p>\n<p>Cu husa sa elegant\u0103 \u0219i gama de culori neutre, perna poate fi folosit\u0103 \u0219i ca t\u0103blie de pat atractiv\u0103 sau sp\u0103tar pentru canapea. Este ideal\u0103 pentru camere de c\u0103min, dormitoare pentru copii, paturi pentru oaspe\u021bi, rulote \u0219i multe altele. Husa este deta\u0219abil\u0103 \u0219i lavabil\u0103 la ma\u0219in\u0103 pentru o \u00eentre\u021binere u\u0219oar\u0103.<\/p>\n<p>Ce spun clien\u021bii:<\/p>\n<p>\u201cAceast\u0103 pern\u0103 pentru sp\u0103tar este o adev\u0103rat\u0103 schimbare pentru mine. \u00cen sf\u00e2r\u0219it pot citi \u00een pat f\u0103r\u0103 dureri de g\u00e2t sau de spate.\u201d<\/p>\n<p>\u201cAm ales dimensiunea de 160 cm pentru canapeaua mea \u0219i arat\u0103 at\u00e2t de dr\u0103gu\u021b, oferindu-mi \u00een acela\u0219i timp un loc confortabil unde s\u0103 m\u0103 sprijin.\u201d <\/p>\n<p>\u201cL-am cump\u0103rat pentru patul suprapus al fiicei mele, ca s\u0103 poat\u0103 sta confortabil. \u00cei place s\u0103-l foloseasc\u0103 ca s\u0103 se sprijine pentru citit.\u201d<\/p>\n<p>Cu forma sa ingenioas\u0103, \u00een form\u0103 de pan\u0103, suportul de \u00eenalt\u0103 densitate \u0219i aspectul elegant, aceast\u0103 pern\u0103 \u00ee\u0219i propune s\u0103 fac\u0103 din odihna la pat o pl\u0103cere. Este disponibil\u0103 \u00eentr-o gam\u0103 de dimensiuni pentru a se potrivi oric\u0103rui pat sau canapea. Relaxeaz\u0103-te \u0219i las\u0103-te \u00een bra\u021bele ei. Spatele \u0219i g\u00e2tul t\u0103u \u00ee\u021bi vor mul\u021bumi!<\/p>","protected":false},"excerpt":{"rendered":"<ul>\n<li><strong>Ideal pentru citit \u00een pat:<\/strong> Suport \u00eembun\u0103t\u0103\u021bit pentru spate \u0219i g\u00e2t pentru confort superior \u00een timpul cititului \u0219i vizion\u0103rii la televizor.<\/li>\n<li><strong>Func\u021bioneaz\u0103 \u0219i ca t\u0103blie de pat:<\/strong> O alegere excelent\u0103 pentru decor \u0219i func\u021bionalitate, \u00een special pentru studen\u021bi.<\/li>\n<li><strong>Utilizare versatil\u0103:<\/strong> Potrivit pentru toate dimensiunile de pat, dimensiunea king-size potrivindu-se perfect unei canapele extensibile. De asemenea, este util ca pern\u0103 protector pentru copii, sp\u0103tar pentru un pat supraetajat sau t\u0103blie pentru rulote\/remorci.<\/li>\n<li><strong>Design lavabil:<\/strong> Prezint\u0103 o hus\u0103 deta\u0219abil\u0103 cu nasturi pentru sp\u0103lare u\u0219oar\u0103 \u0219i o form\u0103 elegant\u0103.<\/li>\n<li><strong>Material de calitate premium:<\/strong> Umplut\u0103 cu poliuretan de \u00eenalt\u0103 densitate pentru un suport robust al spatelui, iar materialul s\u0103u \u00eembun\u0103t\u0103\u021be\u0219te estetica interioar\u0103.<\/li>\n<li><strong>Dimensiune:<\/strong> 100cm (L100 x L26 x \u00ce55 | 3 nasturi pentru coloane), 120cm (L120 x L26 x \u00ce55 | 4 nasturi pentru coloane), 140cm (L140 x L26 x \u00ce55 | 4 nasturi pentru coloane), 160cm (L160 x L26 x \u00ce55 | 5 nasturi pentru coloane), 180cm (L180 x L26 x \u00ce55 | 6 nasturi pentru coloane), 200cm (L200 x L26 x \u00ce55 | 7 nasturi pentru coloane).<\/li>\n<\/ul>","protected":false},"featured_media":132,"comment_status":"open","ping_status":"closed","template":"","meta":[],"product_brand":[],"product_cat":[15],"product_tag":[151,101,68,74,58,53,152,56,100],"class_list":{"0":"post-133","1":"product","2":"type-product","3":"status-publish","4":"has-post-thumbnail","6":"product_cat-pillows","7":"product_tag-backsupport-cushion","8":"product_tag-bunk-bed-backrest","9":"product_tag-college-student-pillow","10":"product_tag-daybed-pillow","11":"product_tag-linen-pillow","12":"product_tag-reading-pillow","13":"product_tag-rvtrailer-headboard","14":"product_tag-wedge-bolster-pillow","15":"product_tag-white-linen-pillow","17":"first","18":"instock","19":"featured","20":"shipping-taxable","21":"purchasable","22":"product-type-variable","23":"has-default-attributes"},"_links":{"self":[{"href":"https:\/\/www.livingpillow.com\/ro\/wp-json\/wp\/v2\/product\/133","targetHints":{"allow":["GET"]}}],"collection":[{"href":"https:\/\/www.livingpillow.com\/ro\/wp-json\/wp\/v2\/product"}],"about":[{"href":"https:\/\/www.livingpillow.com\/ro\/wp-json\/wp\/v2\/types\/product"}],"replies":[{"embeddable":true,"href":"https:\/\/www.livingpillow.com\/ro\/wp-json\/wp\/v2\/comments?post=133"}],"wp:featuredmedia":[{"embeddable":true,"href":"https:\/\/www.livingpillow.com\/ro\/wp-json\/wp\/v2\/media\/132"}],"wp:attachment":[{"href":"https:\/\/www.livingpillow.com\/ro\/wp-json\/wp\/v2\/media?parent=133"}],"wp:term":[{"taxonomy":"product_brand","embeddable":true,"href":"https:\/\/www.livingpillow.com\/ro\/wp-json\/wp\/v2\/product_brand?post=133"},{"taxonomy":"product_cat","embeddable":true,"href":"https:\/\/www.livingpillow.com\/ro\/wp-json\/wp\/v2\/product_cat?post=133"},{"taxonomy":"product_tag","embeddable":true,"href":"https:\/\/www.livingpillow.com\/ro\/wp-json\/wp\/v2\/product_tag?post=133"}],"curies":[{"name":"wp","href":"https:\/\/api.w.org\/{rel}","templated":true}]}}