{"id":154,"date":"2024-02-22T08:46:59","date_gmt":"2024-02-22T08:46:59","guid":{"rendered":"https:\/\/www.livingpillow.com\/product\/large-triangle-pillow-wedge"},"modified":"2026-03-11T05:10:22","modified_gmt":"2026-03-11T05:10:22","slug":"perna-triunghiulara-mare-perna-de-pat-cu-pana-perna-de-citit-lenjerie-galbena","status":"publish","type":"product","link":"https:\/\/www.livingpillow.com\/ro\/product\/large-triangle-pillow-wedge-bed-reading-cushion-linen-yellow","title":{"rendered":"Pern\u0103 triunghiular\u0103 mare, cu pan\u0103, pentru pat, pern\u0103 de citit, galben\u0103"},"content":{"rendered":"<p>\u00cembun\u0103t\u0103\u021bi\u021bi-v\u0103 relaxarea cu perna triunghiular\u0103 mare cu pan\u0103<\/p>\n<p>G\u0103sirea pozi\u021biei perfecte pentru citit sau pentru vizionarea televizorului poate fi o provocare f\u0103r\u0103 un suport adecvat pentru spate \u0219i g\u00e2t. Iat\u0103 perna triunghiular\u0103 mare cu pan\u0103 \u2013 o pern\u0103 elegant conceput\u0103 \u0219i versatil\u0103, care duce relaxarea la noi culmi.  <\/p>\n<p>Fabricat\u0103 din umplutur\u0103 de poliuretan de \u00eenalt\u0103 densitate, \u00eenvelit\u0103 \u00eentr-o hus\u0103 deta\u0219abil\u0103, aceast\u0103 pern\u0103 \u00een form\u0103 de pan\u0103 se muleaz\u0103 frumos pe contururile corpului t\u0103u. \u00cenclinarea gradual\u0103 ajut\u0103 la men\u021binerea unei alinieri corecte a coloanei vertebrale, indiferent dac\u0103 stai \u00een pat, te relaxezi pe canapea sau te sprijini de un perete. Gata cu coco\u0219area, \u00eencordarea sau trezirea cu g\u00e2tul \u00een\u021bepenit!<\/p>\n<p>Clien\u021bii sunt \u00eenc\u00e2nta\u021bi de func\u021bionalitatea \u0219i estetica pernei:<\/p>\n<p>\u201c\u00cemi place s\u0103 folosesc aceast\u0103 pern\u0103 robust\u0103 cu pan\u0103 pentru a citi c\u0103r\u021bi \u0219i a citi pe iPad \u00een pat. Postura mea este mult mai bun\u0103 \u0219i nu m\u0103 mai dor at\u00e2t de tare.\u201d<\/p>\n<p>\u201cAceast\u0103 pern\u0103 imens\u0103 este perfect\u0103 pentru patul suprapus al fiicei mele. O folose\u0219te pe post de sp\u0103tar \u0219i nu mai trebuie s\u0103 stea coco\u0219at\u0103.\u201d <\/p>\n<p>\u201cAm ales dimensiunea mare pentru autorulota mea. Ofer\u0103 un suport lombar excelent, iar husa se potrive\u0219te perfect cu decorul meu.\u201d<\/p>\n<p>Cu designul s\u0103u multifunc\u021bional, confortul superior \u0219i stilul modern, perna triunghiular\u0103 mare este un plus ideal pentru orice dormitor sau spa\u021biu de locuit. Disponibil\u0103 \u00eentr-o gam\u0103 de dimensiuni potrivite pentru paturi standard, canapele, rulote, camere de c\u0103min \u0219i multe altele. Husa se poate sp\u0103la la ma\u0219in\u0103 pentru o \u00eentre\u021binere u\u0219oar\u0103. <\/p>\n<p>Ridic\u0103-\u021bi nivelul de relaxare \u0219i comand\u0103-\u021bi propria pern\u0103 triunghiular\u0103 cu pan\u0103 chiar ast\u0103zi!<\/p>","protected":false},"excerpt":{"rendered":"<ul>\n<li><strong>Ideal pentru citit \u00een pat:<\/strong> Ofer\u0103 suport excep\u021bional pentru spate \u0219i g\u00e2t, asigur\u00e2nd confort maxim \u00een timp ce cite\u0219ti sau te ui\u021bi la televizor.<\/li>\n<li><strong>Versatil\u0103 ca t\u0103blie de pat:<\/strong> Perfect\u0103 pentru cei care, precum studen\u021bii, caut\u0103 at\u00e2t stil, c\u00e2t \u0219i func\u021bionalitate \u00eentr-o t\u0103blie de pat.<\/li>\n<li><strong>Utiliz\u0103ri multifunc\u021bionale:<\/strong> Disponibil \u00een diferite dimensiuni pentru a se potrivi at\u00e2t paturi standard, c\u00e2t \u0219i paturi de zi \u0219i rulote\/remorci. Poate servi \u0219i ca pern\u0103 protector pentru copii sau sp\u0103tar pentru paturi suprapuse.<\/li>\n<li><strong>\u00centre\u021binere u\u0219oar\u0103:<\/strong> Husa deta\u0219abil\u0103, fixat\u0103 cu nasturi, simplific\u0103 sp\u0103larea.<\/li>\n<li><strong>Materiale premium:<\/strong> Umplutura din poliuretan de \u00eenalt\u0103 densitate asigur\u0103 un suport excelent pentru spate, \u00een timp ce materialul atractiv din punct de vedere vizual se potrive\u0219te cu orice decor.<\/li>\n<li><strong>Dimensiune:<\/strong> 100cm (L100 x L26 x \u00ce55 | 3 nasturi pentru coloane), 120cm (L120 x L26 x \u00ce55 | 4 nasturi pentru coloane), 140cm (L140 x L26 x \u00ce55 | 4 nasturi pentru coloane), 160cm (L160 x L26 x \u00ce55 | 5 nasturi pentru coloane), 180cm (L180 x L26 x \u00ce55 | 6 nasturi pentru coloane), 200cm (L200 x L26 x \u00ce55 | 7 nasturi pentru coloane).<\/li>\n<\/ul>","protected":false},"featured_media":153,"comment_status":"open","ping_status":"closed","template":"","meta":[],"product_brand":[],"product_cat":[15],"product_tag":[97,76,58,111,145,148,147,146,149,150],"class_list":{"0":"post-154","1":"product","2":"type-product","3":"status-publish","4":"has-post-thumbnail","6":"product_cat-pillows","7":"product_tag-functional-headboard","8":"product_tag-linen-headboard","9":"product_tag-linen-pillow","10":"product_tag-reading-cushion","11":"product_tag-triangle-pillow","12":"product_tag-wedge-bed-bolster","13":"product_tag-wedge-bed-cushion","14":"product_tag-wedge-bed-pillow","15":"product_tag-yellow-bed-pillow","16":"product_tag-yellow-pillow","18":"first","19":"instock","20":"shipping-taxable","21":"purchasable","22":"product-type-variable","23":"has-default-attributes"},"_links":{"self":[{"href":"https:\/\/www.livingpillow.com\/ro\/wp-json\/wp\/v2\/product\/154","targetHints":{"allow":["GET"]}}],"collection":[{"href":"https:\/\/www.livingpillow.com\/ro\/wp-json\/wp\/v2\/product"}],"about":[{"href":"https:\/\/www.livingpillow.com\/ro\/wp-json\/wp\/v2\/types\/product"}],"replies":[{"embeddable":true,"href":"https:\/\/www.livingpillow.com\/ro\/wp-json\/wp\/v2\/comments?post=154"}],"wp:featuredmedia":[{"embeddable":true,"href":"https:\/\/www.livingpillow.com\/ro\/wp-json\/wp\/v2\/media\/153"}],"wp:attachment":[{"href":"https:\/\/www.livingpillow.com\/ro\/wp-json\/wp\/v2\/media?parent=154"}],"wp:term":[{"taxonomy":"product_brand","embeddable":true,"href":"https:\/\/www.livingpillow.com\/ro\/wp-json\/wp\/v2\/product_brand?post=154"},{"taxonomy":"product_cat","embeddable":true,"href":"https:\/\/www.livingpillow.com\/ro\/wp-json\/wp\/v2\/product_cat?post=154"},{"taxonomy":"product_tag","embeddable":true,"href":"https:\/\/www.livingpillow.com\/ro\/wp-json\/wp\/v2\/product_tag?post=154"}],"curies":[{"name":"wp","href":"https:\/\/api.w.org\/{rel}","templated":true}]}}