{"id":369,"date":"2024-02-23T04:27:00","date_gmt":"2024-02-23T04:27:00","guid":{"rendered":"https:\/\/www.livingpillow.com\/product\/triangular-wedge-pillow"},"modified":"2026-03-03T01:20:45","modified_gmt":"2026-03-03T01:20:45","slug":"perna-triunghiulara-cu-pana-pentru-pat-perna-mare-si-frumoasa-din-catifea-reiata-rosie","status":"publish","type":"product","link":"https:\/\/www.livingpillow.com\/ro\/product\/triangular-wedge-pillow-bed-nice-big-cushion-corduroy-red","title":{"rendered":"Pern\u0103 triunghiular\u0103 cu pan\u0103, pern\u0103 mare, din catifea reiat\u0103, ro\u0219ie"},"content":{"rendered":"<p>Cau\u021bi o solu\u021bie confortabil\u0103 \u0219i versatil\u0103 pentru dormitorul t\u0103u? Nu c\u0103uta mai departe dec\u00e2t perna triunghiular\u0103 cu pan\u0103!<\/p>\n<p>Aceast\u0103 pern\u0103 nu numai c\u0103 \u00ee\u021bi spore\u0219te confortul \u00een timp ce cite\u0219ti sau te ui\u021bi la televizor \u00een pat, dar serve\u0219te \u0219i ca t\u0103blie func\u021bional\u0103 \u0219i decorativ\u0103. \u0218i cu dimensiuni disponibile pentru toate dimensiunile de pat, inclusiv paturi de zi \u0219i paturi suprapuse, este adaosul perfect pentru orice camer\u0103.<\/p>\n<p>Dar ceea ce diferen\u021biaz\u0103 aceast\u0103 pern\u0103 sunt materialele sale premium. Umplutura din poliuretan de \u00eenalt\u0103 densitate ofer\u0103 un suport pentru spate de neegalat, \u00een timp ce materialul din catifea reiat\u0103 adaug\u0103 o not\u0103 de rafinament decorului t\u0103u.<\/p>\n<p>\u0218i pentru cei \u00eengrijora\u021bi de cur\u0103\u021benie, perna triunghiular\u0103 cu pan\u0103 vine cu nasturi deta\u0219abili care nu numai c\u0103 \u00eei adaug\u0103 aspectul elegant, dar o fac \u0219i u\u0219or de sp\u0103lat.<\/p>\n<p>Nu v\u0103 baza\u021bi doar pe cuv\u00e2ntul nostru \u2013 vede\u021bi c\u00e2teva dintre recenziile clien\u021bilor mul\u021bumi\u021bi:<\/p>\n<p>\u2013 \u201c\u00cemi place la nebunie aceast\u0103 pern\u0103! Este at\u00e2t de confortabil\u0103 \u0219i adaug\u0103 o not\u0103 grozav\u0103 camerei mele, fiind folosit\u0103 ca t\u0103blie improvizat\u0103.\u201d<br \/>\n\u2013 \u201cMaterialul din catifea reiat\u0103 este at\u00e2t de moale, iar umplutura cu densitate mare ofer\u0103 un suport excelent.\u201d<br \/>\n\u2013 \u201cAm cump\u0103rat aceast\u0103 pern\u0103 pentru patul suprapus al fiului meu \u0219i func\u021bioneaz\u0103 perfect ca sp\u0103tar \u2013 \u00eei place la nebunie!\u201d<\/p>\n<p>Nu te mul\u021bumi cu o pern\u0103 veche \u0219i plictisitoare \u2013 opteaz\u0103 ast\u0103zi pentru confortul \u0219i stilul pernei triunghiulare cu pan\u0103!<\/p>","protected":false},"excerpt":{"rendered":"<ul>\n<li><strong>\u00cembun\u0103t\u0103\u021be\u0219te cititul \u00een pat:<\/strong> Ofer\u0103 suport superior pentru spate \u0219i g\u00e2t, asigur\u00e2nd confort \u00een timpul cititului \u0219i al vizion\u0103rii la televizor.<\/li>\n<li><strong>Func\u021bioneaz\u0103 \u0219i ca t\u0103blie de pat:<\/strong> Ideal\u0103 pentru studen\u021bi, aceast\u0103 pern\u0103 serve\u0219te at\u00e2t ca t\u0103blie de pat func\u021bional\u0103, c\u00e2t \u0219i decorativ\u0103.<\/li>\n<li><strong>Utilizare versatil\u0103:<\/strong> Disponibil \u00een toate dimensiunile de pat, modelul king size se potrive\u0219te perfect canapelelor de zi, fiind ideal pentru utilizarea ca o canapea. Potrivit \u0219i pentru sp\u0103tarele paturilor suprapuse \u0219i ca t\u0103blie improvizat\u0103.<\/li>\n<li><strong>Hus\u0103 lavabil\u0103:<\/strong> Prezint\u0103 nasturi deta\u0219abili care nu numai c\u0103 adaug\u0103 un aspect sofisticat, dar faciliteaz\u0103 \u0219i sp\u0103larea u\u0219oar\u0103 a husei.<\/li>\n<li><strong>Materiale premium:<\/strong> Umplut\u0103 cu poliuretan de \u00eenalt\u0103 densitate pentru un suport spate de neegalat. Materialul din catifea reiat\u0103 a pernei cu pan\u0103 \u00eembun\u0103t\u0103\u021be\u0219te estetica camerei.<\/li>\n<li><strong>Material:<\/strong> Catifea reiat\u0103 (poliester 100%).<\/li>\n<li><strong>Dimensiune:<\/strong> 45cm (45*20*50cm | 0 nasturi); 60cm (60*20*50cm | 0 nasturi); 80cm (80*20*50cm | 2 nasturi); 100cm (100*20*50cm | 3 nasturi); 120cm (120*20*50cm | 4 nasturi); 140cm (140*20*50cm | 4 nasturi); 160cm (160*20*50cm | 5 nasturi); 180cm (180*20*50cm | 6 nasturi); 200cm (200*20*50cm | 7 nasturi).<\/li>\n<\/ul>","protected":false},"featured_media":368,"comment_status":"open","ping_status":"closed","template":"","meta":[],"product_brand":[],"product_cat":[15],"product_tag":[66,85,125,90,127,126,124],"class_list":{"0":"post-369","1":"product","2":"type-product","3":"status-publish","4":"has-post-thumbnail","6":"product_cat-pillows","7":"product_tag-back-support-pillow","8":"product_tag-bunk-bed-backrests","9":"product_tag-corduroy-fabric-pillow","10":"product_tag-king-size-pillow","11":"product_tag-red-pillow","12":"product_tag-triangular-wedge-pillow","13":"product_tag-unmatched-back-support","15":"first","16":"instock","17":"shipping-taxable","18":"purchasable","19":"product-type-variable","20":"has-default-attributes"},"_links":{"self":[{"href":"https:\/\/www.livingpillow.com\/ro\/wp-json\/wp\/v2\/product\/369","targetHints":{"allow":["GET"]}}],"collection":[{"href":"https:\/\/www.livingpillow.com\/ro\/wp-json\/wp\/v2\/product"}],"about":[{"href":"https:\/\/www.livingpillow.com\/ro\/wp-json\/wp\/v2\/types\/product"}],"replies":[{"embeddable":true,"href":"https:\/\/www.livingpillow.com\/ro\/wp-json\/wp\/v2\/comments?post=369"}],"wp:featuredmedia":[{"embeddable":true,"href":"https:\/\/www.livingpillow.com\/ro\/wp-json\/wp\/v2\/media\/368"}],"wp:attachment":[{"href":"https:\/\/www.livingpillow.com\/ro\/wp-json\/wp\/v2\/media?parent=369"}],"wp:term":[{"taxonomy":"product_brand","embeddable":true,"href":"https:\/\/www.livingpillow.com\/ro\/wp-json\/wp\/v2\/product_brand?post=369"},{"taxonomy":"product_cat","embeddable":true,"href":"https:\/\/www.livingpillow.com\/ro\/wp-json\/wp\/v2\/product_cat?post=369"},{"taxonomy":"product_tag","embeddable":true,"href":"https:\/\/www.livingpillow.com\/ro\/wp-json\/wp\/v2\/product_tag?post=369"}],"curies":[{"name":"wp","href":"https:\/\/api.w.org\/{rel}","templated":true}]}}