{"id":399,"date":"2024-02-23T04:37:55","date_gmt":"2024-02-23T04:37:55","guid":{"rendered":"https:\/\/www.livingpillow.com\/product\/back-support-cushion"},"modified":"2026-03-03T01:21:07","modified_gmt":"2026-03-03T01:21:07","slug":"perna-de-sustinere-a-spatelui-perna-de-pat-frumoasa-catifea-reiata-azurie","status":"publish","type":"product","link":"https:\/\/www.livingpillow.com\/ro\/product\/back-support-cushion-beautiful-bed-pillow-corduroy-azure","title":{"rendered":"Pern\u0103 de sus\u021binere a spatelui Pern\u0103 de pat frumoas\u0103 din catifea reiat\u0103 Azure"},"content":{"rendered":"<p><strong>\u00cembun\u0103t\u0103\u021bi\u021bi-v\u0103 lectura \u0219i relaxarea cu pernele noastre triunghiulare premium pentru citit<\/strong><\/p>\n<p>R\u0103sf\u0103\u021ba\u021bi-v\u0103 cu o experien\u021b\u0103 \u00eenc\u00e2nt\u0103toare de citit sau de vizionat programe TV cu pernele noastre triunghiulare excep\u021bionale pentru citit. Concepute pentru a oferi un suport de neegalat pentru spate \u0219i g\u00e2t, acestea v\u0103 sporesc nivelul de confort, f\u0103c\u00e2nd orele de culcare \u0219i de relaxare mai pl\u0103cute.<\/p>\n<p><strong>Versatil \u0219i elegant<\/strong><\/p>\n<p>Indiferent dac\u0103 e\u0219ti student \u0219i cau\u021bi o t\u0103blie func\u021bional\u0103 sau vrei s\u0103-\u021bi modernizezi patul existent, pernele noastre sunt solu\u021bia perfect\u0103. Disponibile \u00een toate dimensiunile de pat, inclusiv king size, acestea pot fi folosite \u0219i ca canapele pentru divane sau ofer\u0103 suport suplimentar ca sp\u0103tar pentru paturi suprapuse.<\/p>\n<p><strong>\u00centre\u021binere u\u0219oar\u0103 \u0219i calitate premium<\/strong><\/p>\n<p>Av\u00e2nd huse deta\u0219abile fixate cu nasturi, pernele noastre sunt foarte u\u0219or de \u00eentre\u021binut. Pur \u0219i simplu scoate\u021bi husele pentru o sp\u0103lare u\u0219oar\u0103, asigur\u00e2nd at\u00e2t igiena, c\u00e2t \u0219i stilul. Umplute cu poliuretan de \u00eenalt\u0103 densitate, aceste perne ofer\u0103 un suport optim pentru spate, \u00een timp ce materialul din catifea reiat\u0103 \u00eembun\u0103t\u0103\u021be\u0219te estetica oric\u0103rei camere.<\/p>\n<p><strong>Recenzii pozitive de la clien\u021bi mul\u021bumi\u021bi<\/strong><\/p>\n<p>\u201cAceste perne sunt at\u00e2t de confortabile! Le folosesc ca s\u0103 citesc \u00een pat \u0219i fac o diferen\u021b\u0103 enorm\u0103. Nu m\u0103 mai dor spatele \u0219i g\u00e2tul.\u201d \u2013 Jane, o client\u0103 verificat\u0103<\/p>\n<p>\u201c\u00cemi place c\u0103 pot folosi aceste perne \u00een at\u00e2tea moduri diferite. Sunt perfecte pentru canapeaua mea, patul suprapus \u0219i chiar ca t\u0103blie de pat. \u0218i husele sunt u\u0219or de sp\u0103lat!\u201d \u2013 Mary, o alt\u0103 client\u0103 mul\u021bumit\u0103<\/p>\n<p><strong>Dimensiuni \u0219i op\u021biuni<\/strong><\/p>\n<p>Pernele noastre sunt disponibile \u00eentr-o gam\u0103 larg\u0103 de dimensiuni pentru a satisface nevoile dumneavoastr\u0103 specifice:<\/p>\n<p>* 45 cm (f\u0103r\u0103 nasturi)<br \/>\n* 60 cm (f\u0103r\u0103 nasturi)<br \/>\n* 80 cm (2 nasturi)<br \/>\n* 100 cm (3 nasturi)<br \/>\n* 120 cm (4 nasturi)<br \/>\n* 140 cm (4 nasturi)<br \/>\n* 160 cm (5 nasturi)<br \/>\n* 180 cm (6 nasturi)<br \/>\n* 200 cm (7 nasturi)<\/p>\n<p><strong>Cre\u0219te-\u021bi confortul \u0219i stilul<\/strong><\/p>\n<p>Comand\u0103 ast\u0103zi perna ta triunghiular\u0103 pentru citit \u0219i experimenteaz\u0103 confortul \u0219i stilul suprem. Indiferent dac\u0103 te cuib\u0103re\u0219ti cu o carte, te ui\u021bi la un film sau pur \u0219i simplu ai nevoie de sprijin suplimentar, pernele noastre \u00ee\u021bi vor \u00eembun\u0103t\u0103\u021bi relaxarea \u0219i timpul liber.<\/p>","protected":false},"excerpt":{"rendered":"<ul>\n<li><strong>Perfect pentru cititul \u00eenainte de culcare:<\/strong> \u00cembun\u0103t\u0103\u021bi\u021bi-v\u0103 experien\u021ba de citit \u0219i vizionat programe TV cu un suport excelent pentru spate \u0219i g\u00e2t.<\/li>\n<li><strong>Alternativ\u0103 func\u021bional\u0103 pentru t\u0103blia de pat:<\/strong> Ideal\u0103 pentru studen\u021bi, serve\u0219te at\u00e2t ca t\u0103blie decorativ\u0103, c\u00e2t \u0219i func\u021bional\u0103.<\/li>\n<li><strong>Utilizare versatil\u0103:<\/strong> Disponibil \u00een toate dimensiunile de pat, modelul king size fiind perfect pentru canapele de zi, put\u00e2nd fi folosit \u0219i ca o canapea. Util ca sp\u0103tar pentru un pat supraetajat sau ca t\u0103blie de pat independent\u0103.<\/li>\n<li><strong>Design lavabil:<\/strong> Prezint\u0103 huse deta\u0219abile prin intermediul nasturilor ata\u0219a\u021bi pentru o sp\u0103lare u\u0219oar\u0103, ad\u0103ug\u00e2nd confort \u0219i stil pernei.<\/li>\n<li><strong>Materiale premium:<\/strong> Umplut\u0103 cu poliuretan de \u00eenalt\u0103 densitate pentru un suport excelent al spatelui, materialul s\u0103u \u00eembun\u0103t\u0103\u021be\u0219te estetica camerei.<\/li>\n<li><strong>Material:<\/strong> Catifea reiat\u0103 din poliester 100%.<\/li>\n<li><strong>Dimensiune:<\/strong> 45cm (45*20*50cm | 0 nasturi); 60cm (60*20*50cm | 0 nasturi); 80cm (80*20*50cm | 2 nasturi); 100cm (100*20*50cm | 3 nasturi); 120cm (120*20*50cm | 4 nasturi); 140cm (140*20*50cm | 4 nasturi); 160cm (160*20*50cm | 5 nasturi); 180cm (180*20*50cm | 6 nasturi); 200cm (200*20*50cm | 7 nasturi).<\/li>\n<\/ul>","protected":false},"featured_media":398,"comment_status":"open","ping_status":"closed","template":"","meta":[],"product_brand":[],"product_cat":[15],"product_tag":[121,122,101,74,98,116,90,123],"class_list":{"0":"post-399","1":"product","2":"type-product","3":"status-publish","4":"has-post-thumbnail","6":"product_cat-pillows","7":"product_tag-back-support-cushion","8":"product_tag-beautiful-bed-pillow","9":"product_tag-bunk-bed-backrest","10":"product_tag-daybed-pillow","11":"product_tag-decorative-headboard","12":"product_tag-functional-headboard-alternative","13":"product_tag-king-size-pillow","14":"product_tag-standalone-headboard","16":"first","17":"instock","18":"featured","19":"shipping-taxable","20":"purchasable","21":"product-type-variable","22":"has-default-attributes"},"_links":{"self":[{"href":"https:\/\/www.livingpillow.com\/ro\/wp-json\/wp\/v2\/product\/399","targetHints":{"allow":["GET"]}}],"collection":[{"href":"https:\/\/www.livingpillow.com\/ro\/wp-json\/wp\/v2\/product"}],"about":[{"href":"https:\/\/www.livingpillow.com\/ro\/wp-json\/wp\/v2\/types\/product"}],"replies":[{"embeddable":true,"href":"https:\/\/www.livingpillow.com\/ro\/wp-json\/wp\/v2\/comments?post=399"}],"wp:featuredmedia":[{"embeddable":true,"href":"https:\/\/www.livingpillow.com\/ro\/wp-json\/wp\/v2\/media\/398"}],"wp:attachment":[{"href":"https:\/\/www.livingpillow.com\/ro\/wp-json\/wp\/v2\/media?parent=399"}],"wp:term":[{"taxonomy":"product_brand","embeddable":true,"href":"https:\/\/www.livingpillow.com\/ro\/wp-json\/wp\/v2\/product_brand?post=399"},{"taxonomy":"product_cat","embeddable":true,"href":"https:\/\/www.livingpillow.com\/ro\/wp-json\/wp\/v2\/product_cat?post=399"},{"taxonomy":"product_tag","embeddable":true,"href":"https:\/\/www.livingpillow.com\/ro\/wp-json\/wp\/v2\/product_tag?post=399"}],"curies":[{"name":"wp","href":"https:\/\/api.w.org\/{rel}","templated":true}]}}