{"id":605,"date":"2024-02-23T10:22:42","date_gmt":"2024-02-23T10:22:42","guid":{"rendered":"https:\/\/www.livingpillow.com\/product\/large-back-pillow-for-bed"},"modified":"2026-04-22T01:07:04","modified_gmt":"2026-04-22T01:07:04","slug":"perna-mare-pentru-spate-perna-cu-pana-mare-in-alb","status":"publish","type":"product","link":"https:\/\/www.livingpillow.com\/ro\/product\/large-back-pillow-for-bed-big-wedge-cushion-linen-white","title":{"rendered":"Pern\u0103 mare pentru spate, pern\u0103 cu pan\u0103 mare, alb\u0103"},"content":{"rendered":"<p>Prezentarea pernei perfecte pentru citit: partenerul t\u0103u suprem pentru confort<\/p>\n<p>Te-ai s\u0103turat s\u0103 te sim\u021bi inconfortabil \u00een timp ce cite\u0219ti sau te ui\u021bi la televizor \u00een pat? Salut\u0103 solu\u021bia perfect\u0103: perna de citit! Pernele noastre de citit ofer\u0103 un suport excelent pentru spate \u0219i g\u00e2t, asigur\u00e2ndu-\u021bi confort maxim \u00een timp ce te relaxezi.<\/p>\n<p>Dar asta nu e tot - perna noastr\u0103 de citit este, de asemenea, o alternativ\u0103 excelent\u0103 ca t\u0103blie de pat. Mul\u021bi oameni, \u00een special studen\u021bii, consider\u0103 c\u0103 aceast\u0103 pern\u0103 este perfect\u0103 at\u00e2t ca t\u0103blie decorativ\u0103, c\u00e2t \u0219i func\u021bional\u0103. \u0218i cu dimensiuni variate pentru a se potrivi patului obi\u0219nuit \u0219i patului de zi, pernele noastre sunt perfecte pentru o gam\u0103 larg\u0103 de nevoi. Pot fi folosite chiar \u0219i ca perne de protec\u021bie pentru copii, sp\u0103tare pentru paturi suprapuse \u0219i t\u0103blii pentru rulote \u0219i remorci.<\/p>\n<p>Unul dintre cele mai bune lucruri despre perna noastr\u0103 este c\u00e2t de u\u0219or este de cur\u0103\u021bat. Nasturii ata\u0219a\u021bi nu numai c\u0103 creeaz\u0103 o form\u0103 dinamic\u0103 de pern\u0103, dar fac \u0219i husa deta\u0219abil\u0103 \u0219i lavabil\u0103. Nu a fost niciodat\u0103 mai u\u0219or s\u0103-\u021bi p\u0103strezi perna de citit curat\u0103 \u0219i proasp\u0103t\u0103!<\/p>\n<p>Pernele noastre de citit sunt fabricate din materiale de \u00eenalt\u0103 calitate pentru a asigura confort \u0219i sus\u021binere maxime. Sunt umplute cu poliuretan de \u00eenalt\u0103 densitate pentru o sus\u021binere excelent\u0103, \u00een timp ce materialul pernelor cu platform\u0103 are un efect vizual atractiv, care se potrive\u0219te cu decorul interior.<\/p>\n<p>Oferim o varietate de dimensiuni pentru a se potrivi nevoilor dumneavoastr\u0103, de la 45 cm la 200 cm. \u0218i cu comentariile noastre despre produse, pute\u021bi vedea c\u00e2t de mult au apreciat clien\u021bii no\u0219tri pernele lor de citit. Iat\u0103 doar c\u00e2teva exemple:<\/p>\n<p>\u2013 \u201cAceast\u0103 pern\u0103 este perfect\u0103 pentru citit \u00een pat, iar materialul este at\u00e2t de moale \u0219i confortabil!\u201d<br \/>\n\u2013 \u201cAm cump\u0103rat asta ca t\u0103blie de pat pentru camera fiicei mele \u0219i \u00eei place la nebunie. Arat\u0103 grozav \u0219i ofer\u0103 un suport excelent.\u201d<br \/>\n\u2013 \u201cAm cump\u0103rat asta pentru patul suprapus al fiului meu \u0219i a func\u021bionat perfect ca sp\u0103tar. Calitate excelent\u0103 \u0219i u\u0219or de cur\u0103\u021bat.\u201d<\/p>\n<p>Deci, ce mai a\u0219tep\u021bi? Ia-\u021bi perna perfect\u0103 pentru citit ast\u0103zi \u0219i experimenteaz\u0103 confortul \u0219i sus\u021binerea supreme.<\/p>","protected":false},"excerpt":{"rendered":"<ul>\n<li><strong>PERFECT PENTRU CITIT \u00ceN PAT:<\/strong> Aceast\u0103 pern\u0103 de citit ofer\u0103 un suport excelent pentru spate \u0219i g\u00e2t, pentru un confort maxim \u00een timp ce citi\u021bi \u0219i viziona\u021bi emisiuni TV.<\/li>\n<li><strong>ALTERNATIV\u0102 CA T\u0102BL\u0102 DE PAT:<\/strong> Mul\u021bi oameni, \u00een special studen\u021bii, consider\u0103 perna perfect\u0103 ca t\u0103blie decorativ\u0103 \u0219i func\u021bional\u0103.<\/li>\n<li><strong>MULTIPURPOZ:<\/strong> Pernele noastre sunt disponibile \u00een diferite dimensiuni pentru a se potrivi at\u00e2t paturilor obi\u0219nuite, c\u00e2t \u0219i paturilor de zi. Pot fi folosite \u0219i ca perne protectori pentru copii, sp\u0103tare pentru paturi suprapuse \u0219i t\u0103blii pentru rulote \u0219i remorci.<\/li>\n<li><strong>U\u0218OR DE SP\u0102LAT:<\/strong> Nasturii ata\u0219a\u021bi nu numai c\u0103 creeaz\u0103 o form\u0103 dinamic\u0103 de pern\u0103, dar fac \u0219i husa deta\u0219abil\u0103 \u0219i lavabil\u0103.<\/li>\n<li><strong>MATERIAL DE \u00ceNALT\u0102 CALITATE:<\/strong> Our back support pillows are stuffed with high-density, high-quality polyester fibers to provide excellent support, while the fabric of the wedge pillows has a visually appealing effect that matches your interior decoration.<\/li>\n<li><strong>Dimensiune:<\/strong> 45cm (45*20*50cm | 0 nasturi); 60cm (60*20*50cm | 0 nasturi); 80cm (80*20*50cm | 2 nasturi); 100cm (100*20*50cm | 3 nasturi); 120cm (120*20*50cm | 4 nasturi); 140cm (140*20*50cm | 4 nasturi); 160cm (160*20*50cm | 5 nasturi); 180cm (180*20*50cm | 6 nasturi); 200cm (200*20*50cm | 7 nasturi).<\/li>\n<\/ul>","protected":false},"featured_media":604,"comment_status":"open","ping_status":"closed","template":"","meta":[],"product_brand":[],"product_cat":[15],"product_tag":[66,80,84,101,54,99,81,53,86,60,100],"class_list":{"0":"post-605","1":"product","2":"type-product","3":"status-publish","4":"has-post-thumbnail","6":"product_cat-pillows","7":"product_tag-back-support-pillow","8":"product_tag-bed-pillow","9":"product_tag-bumper-pillow","10":"product_tag-bunk-bed-backrest","11":"product_tag-headboard-pillow","12":"product_tag-large-back-pillow","13":"product_tag-neck-support-pillow","14":"product_tag-reading-pillow","15":"product_tag-rv-headboard","16":"product_tag-wedge-cushion","17":"product_tag-white-linen-pillow","19":"first","20":"instock","21":"shipping-taxable","22":"purchasable","23":"product-type-variable","24":"has-default-attributes"},"_links":{"self":[{"href":"https:\/\/www.livingpillow.com\/ro\/wp-json\/wp\/v2\/product\/605","targetHints":{"allow":["GET"]}}],"collection":[{"href":"https:\/\/www.livingpillow.com\/ro\/wp-json\/wp\/v2\/product"}],"about":[{"href":"https:\/\/www.livingpillow.com\/ro\/wp-json\/wp\/v2\/types\/product"}],"replies":[{"embeddable":true,"href":"https:\/\/www.livingpillow.com\/ro\/wp-json\/wp\/v2\/comments?post=605"}],"wp:featuredmedia":[{"embeddable":true,"href":"https:\/\/www.livingpillow.com\/ro\/wp-json\/wp\/v2\/media\/604"}],"wp:attachment":[{"href":"https:\/\/www.livingpillow.com\/ro\/wp-json\/wp\/v2\/media?parent=605"}],"wp:term":[{"taxonomy":"product_brand","embeddable":true,"href":"https:\/\/www.livingpillow.com\/ro\/wp-json\/wp\/v2\/product_brand?post=605"},{"taxonomy":"product_cat","embeddable":true,"href":"https:\/\/www.livingpillow.com\/ro\/wp-json\/wp\/v2\/product_cat?post=605"},{"taxonomy":"product_tag","embeddable":true,"href":"https:\/\/www.livingpillow.com\/ro\/wp-json\/wp\/v2\/product_tag?post=605"}],"curies":[{"name":"wp","href":"https:\/\/api.w.org\/{rel}","templated":true}]}}