{"id":736,"date":"2024-02-23T14:54:47","date_gmt":"2024-02-23T14:54:47","guid":{"rendered":"https:\/\/www.livingpillow.com\/product\/headboard-pillow-wedge"},"modified":"2026-03-11T05:10:17","modified_gmt":"2026-03-11T05:10:17","slug":"perna-decorativa-pentru-tablie-perna-cu-pana-mare-in-violet","status":"publish","type":"product","link":"https:\/\/www.livingpillow.com\/ro\/product\/headboard-decorative-pillow-big-wedge-cushion-linen-purple","title":{"rendered":"Pern\u0103 decorativ\u0103 pentru t\u0103blie, pern\u0103 pan\u0103 mare, violet"},"content":{"rendered":"<p>V\u0103 prezent\u0103m companionul perfect pentru citit \u2013 o pern\u0103 de \u00eenalt\u0103 calitate pentru sus\u021binerea spatelui, perfect\u0103 pentru citit \u00een pat \u0219i pentru vizionarea la televizor. Nu numai c\u0103 ofer\u0103 un suport excelent pentru spate \u0219i g\u00e2t pentru un confort maxim, dar poate fi folosit\u0103 \u0219i ca t\u0103blie de pat alternativ\u0103, fiind at\u00e2t decorativ\u0103, c\u00e2t \u0219i func\u021bional\u0103.<\/p>\n<p>Fabricat\u0103 dintr-un amestec de poliester, aceast\u0103 pern\u0103 pentru spate are un efect vizual foarte bun, care se poate potrivi cu decorul interior. Este umplut\u0103 cu poliuretan de \u00eenalt\u0103 densitate, oferind un suport excelent pentru spate.<\/p>\n<p>Aceast\u0103 pern\u0103 multifunc\u021bional\u0103 este disponibil\u0103 \u00een toate dimensiunile, fiind potrivit\u0103 pentru paturi pentru copii, paturi suprapuse, rulote\/remorci \u0219i paturi obi\u0219nuite. Dac\u0103 ave\u021bi probleme cu somnul sau v\u0103 trezi\u021bi cu g\u00e2tul rigid, aceast\u0103 pern\u0103 poate oferi, de asemenea, un suport excelent pentru cap \u0219i g\u00e2t.<\/p>\n<p>Mai mult, nasturii ata\u0219a\u021bi nu numai c\u0103 creeaz\u0103 o form\u0103 de pern\u0103 mai dinamic\u0103, dar fac \u0219i husa deta\u0219abil\u0103 \u0219i lavabil\u0103, ceea ce o face u\u0219or de cur\u0103\u021bat \u0219i \u00eentre\u021binut.<\/p>\n<p>Clien\u021bii no\u0219tri mul\u021bumi\u021bi au fost \u00eenc\u00e2nta\u021bi de aceast\u0103 pern\u0103, unul dintre ei spun\u00e2nd: \u201cAceasta este cea mai bun\u0103 pern\u0103 triunghiular\u0103 pe care am avut-o vreodat\u0103! Perna este super moale \u0219i confortabil\u0103, iar culoarea este superb\u0103.\u201d<\/p>\n<p>Perna este disponibil\u0103 \u00een diferite dimensiuni, inclusiv 45 cm, 60 cm, 80 cm, 100 cm, 120 cm, 140 cm, 160 cm, 180 cm \u0219i 200 cm, astfel \u00eenc\u00e2t s\u0103 pute\u021bi alege dimensiunea perfect\u0103 pentru patul \u0219i nevoile dumneavoastr\u0103.<\/p>\n<p>Investe\u0219te ast\u0103zi \u00een aceast\u0103 pern\u0103 de sus\u021binere a spatelui de \u00eenalt\u0103 calitate \u0219i bucur\u0103-te de confort \u0219i relaxare supreme \u00een timp ce cite\u0219ti sau te ui\u021bi la televizor \u00een pat.<\/p>","protected":false},"excerpt":{"rendered":"<ul>\n<li><strong>PERFECT PENTRU CITIT \u00ceN PAT:<\/strong> Aceast\u0103 pern\u0103 de citit ofer\u0103 un suport excelent pentru spate \u0219i g\u00e2t, pentru un confort maxim \u00een timp ce citi\u021bi \u0219i viziona\u021bi emisiuni TV.<\/li>\n<li><strong>ALTERNATIV\u0102 CA T\u0102BL\u0102 DE PAT:<\/strong> Mul\u021bi oameni, \u00een special studen\u021bii, consider\u0103 perna perfect\u0103 ca t\u0103blie de pat: at\u00e2t decorativ\u0103, c\u00e2t \u0219i func\u021bional\u0103.<\/li>\n<li><strong>MULTIPURPOZ:<\/strong> Oferim perne pentru paturi obi\u0219nuite de toate dimensiunile, utiliz\u0103rile includ perne protectori pentru copii, sp\u0103tare pentru paturi suprapuse \u0219i t\u0103blii pentru rulote\/remorci.<\/li>\n<li><strong>U\u0218OR DE SP\u0102LAT:<\/strong> Nasturii ata\u0219a\u021bi nu numai c\u0103 creeaz\u0103 o form\u0103 de pern\u0103 mai dinamic\u0103, dar fac \u0219i husa deta\u0219abil\u0103 \u0219i lavabil\u0103.<\/li>\n<li><strong>MATERIAL DE \u00ceNALT\u0102 CALITATE:<\/strong> Perna pentru spate este umplut\u0103 cu poliuretan de \u00eenalt\u0103 densitate, oferind un suport excelent pentru spate. Materialul pernelor cu pan\u0103 are un efect vizual foarte bun, potrivindu-se cu decorul interior.<\/li>\n<li><strong>Dimensiune:<\/strong> 45cm (45*20*50cm | 0 nasturi); 60cm (60*20*50cm | 0 nasturi); 80cm (80*20*50cm | 2 nasturi); 100cm (100*20*50cm | 3 nasturi); 120cm (120*20*50cm | 4 nasturi); 140cm (140*20*50cm | 4 nasturi); 160cm (160*20*50cm | 5 nasturi); 180cm (180*20*50cm | 6 nasturi); 200cm (200*20*50cm | 7 nasturi).<\/li>\n<\/ul>","protected":false},"featured_media":735,"comment_status":"open","ping_status":"closed","template":"","meta":[],"product_brand":[],"product_cat":[15],"product_tag":[83,82,84,85,65,54,58,86,87,60],"class_list":{"0":"post-736","1":"product","2":"type-product","3":"status-publish","4":"has-post-thumbnail","6":"product_cat-pillows","7":"product_tag-alternative-headboard","8":"product_tag-big-wedge-cushion","9":"product_tag-bumper-pillow","10":"product_tag-bunk-bed-backrests","11":"product_tag-decorative-pillow","12":"product_tag-headboard-pillow","13":"product_tag-linen-pillow","14":"product_tag-rv-headboard","15":"product_tag-trailer-headboard","16":"product_tag-wedge-cushion","18":"first","19":"instock","20":"shipping-taxable","21":"purchasable","22":"product-type-variable","23":"has-default-attributes"},"_links":{"self":[{"href":"https:\/\/www.livingpillow.com\/ro\/wp-json\/wp\/v2\/product\/736","targetHints":{"allow":["GET"]}}],"collection":[{"href":"https:\/\/www.livingpillow.com\/ro\/wp-json\/wp\/v2\/product"}],"about":[{"href":"https:\/\/www.livingpillow.com\/ro\/wp-json\/wp\/v2\/types\/product"}],"replies":[{"embeddable":true,"href":"https:\/\/www.livingpillow.com\/ro\/wp-json\/wp\/v2\/comments?post=736"}],"wp:featuredmedia":[{"embeddable":true,"href":"https:\/\/www.livingpillow.com\/ro\/wp-json\/wp\/v2\/media\/735"}],"wp:attachment":[{"href":"https:\/\/www.livingpillow.com\/ro\/wp-json\/wp\/v2\/media?parent=736"}],"wp:term":[{"taxonomy":"product_brand","embeddable":true,"href":"https:\/\/www.livingpillow.com\/ro\/wp-json\/wp\/v2\/product_brand?post=736"},{"taxonomy":"product_cat","embeddable":true,"href":"https:\/\/www.livingpillow.com\/ro\/wp-json\/wp\/v2\/product_cat?post=736"},{"taxonomy":"product_tag","embeddable":true,"href":"https:\/\/www.livingpillow.com\/ro\/wp-json\/wp\/v2\/product_tag?post=736"}],"curies":[{"name":"wp","href":"https:\/\/api.w.org\/{rel}","templated":true}]}}