{"id":133,"date":"2024-02-22T08:35:07","date_gmt":"2024-02-22T08:35:07","guid":{"rendered":"https:\/\/www.livingpillow.com\/product\/wedge-bolster-pillow"},"modified":"2026-03-11T05:10:23","modified_gmt":"2026-03-11T05:10:23","slug":"klinovy-vankus-na-opierku-chrbta-lanovy-biely","status":"publish","type":"product","link":"https:\/\/www.livingpillow.com\/sk\/product\/wedge-bolster-pillow-backsupport-cushion-linen-white","title":{"rendered":"Biely klinov\u00fd vank\u00fa\u0161 na opierku chrbta"},"content":{"rendered":"<p>Ak radi \u010d\u00edtate alebo pozer\u00e1te telev\u00edziu v posteli, ale m\u00e1te probl\u00e9m sa usadi\u0165 pohodlne, tento klinov\u00fd vank\u00fa\u0161 je perfektn\u00fdm rie\u0161en\u00edm. Ergonomicky tvarovan\u00fd tak, aby podopieral v\u00e1\u0161 chrb\u00e1t a krk, poskytuje vynikaj\u00facu oporu, \u010di u\u017e sed\u00edte alebo le\u017e\u00edte. <\/p>\n<p>V\u010faka \u0161t\u00fdlov\u00e9mu po\u0165ahu a \u0161irokej \u0161k\u00e1le neutr\u00e1lnych farieb sl\u00fa\u017ei vank\u00fa\u0161 aj ako atrakt\u00edvne \u010delo postele alebo operadlo dennej postele. Je ide\u00e1lny do intern\u00e1tnych izieb, detsk\u00fdch izieb, postel\u00ed pre host\u00ed, karavanov a \u010fal\u0161\u00edch priestorov. Po\u0165ah je sn\u00edmate\u013en\u00fd a mo\u017eno ho pra\u0165 v pr\u00e1\u010dke pre jednoduch\u00fa \u00fadr\u017ebu.<\/p>\n<p>\u010co hovoria z\u00e1kazn\u00edci:<\/p>\n<p>\u201cTento vank\u00fa\u0161 na operadlo je pre m\u0148a skuto\u010dnou prelomovou vo\u013ebou. Kone\u010dne m\u00f4\u017eem \u010d\u00edta\u0165 v posteli bez bolesti krku alebo chrbta.\u201d<\/p>\n<p>\u201cVybrala som si ve\u013ekos\u0165 160 cm pre moju denn\u00fa poste\u013e a vyzer\u00e1 tak roztomilo a z\u00e1rove\u0148 mi poskytuje pohodln\u00e9 miesto na opretie.\u201d <\/p>\n<p>\u201cK\u00fapila som to do poschodovej postele mojej dc\u00e9ry, aby sa jej tam pohodlne sedelo. Rada si to pou\u017e\u00edva na opretie pri \u010d\u00edtan\u00ed.\u201d<\/p>\n<p>V\u010faka svojmu \u0161ikovn\u00e9mu klinov\u00e9mu tvaru, vysokej hustote opory a elegantn\u00e9mu vzh\u013eadu je tento vank\u00fa\u0161 cie\u013eom urobi\u0165 z odpo\u010dinku v posteli pote\u0161enie. Dod\u00e1va sa v r\u00f4znych ve\u013ekostiach, aby sa hodil do ka\u017edej postele alebo pohovky. Sta\u010d\u00ed sa oprie\u0165 a uvo\u013eni\u0165 sa do jeho objatia. V\u00e1\u0161 chrb\u00e1t a krk sa v\u00e1m po\u010fakuj\u00fa!<\/p>","protected":false},"excerpt":{"rendered":"<ul>\n<li><strong>Ide\u00e1lne na \u010d\u00edtanie v posteli:<\/strong> Zlep\u0161en\u00e1 podpora chrbta a krku pre vynikaj\u00face pohodlie pri \u010d\u00edtan\u00ed a sledovan\u00ed telev\u00edzie.<\/li>\n<li><strong>Sl\u00fa\u017ei aj ako \u010delo postele:<\/strong> Skvel\u00e1 vo\u013eba pre dekor\u00e1ciu a funk\u010dnos\u0165, najm\u00e4 pre vysoko\u0161kol\u00e1kov.<\/li>\n<li><strong>V\u0161estrann\u00e9 pou\u017eitie:<\/strong> Vhodn\u00e9 pre v\u0161etky ve\u013ekosti postel\u00ed, pri\u010dom ve\u013ekos\u0165 king size sa perfektne hod\u00ed na denn\u00fa poste\u013e a m\u00f4\u017ee sl\u00fa\u017ei\u0165 aj ako pohovka. Hod\u00ed sa aj ako detsk\u00fd vank\u00fa\u0161, operadlo poschodovej postele alebo \u010delo postele pre karavan\/pr\u00edves.<\/li>\n<li><strong>Um\u00fdvate\u013en\u00fd dizajn:<\/strong> M\u00e1 odn\u00edmate\u013en\u00fd po\u0165ah s gomb\u00edkmi pre jednoduch\u00e9 pranie a \u0161t\u00fdlov\u00fd tvar.<\/li>\n<li><strong>Materi\u00e1l pr\u00e9miovej kvality:<\/strong> Vyplnen\u00fd polyuret\u00e1nom s vysokou hustotou pre robustn\u00fa oporu chrbta a jeho tkanina zlep\u0161uje estetiku interi\u00e9ru.<\/li>\n<li><strong>Ve\u013ekos\u0165:<\/strong> 100 cm (D100 x \u016026 x V55 | 3 st\u013apce s tla\u010didlami), 120 cm (D120 x \u016026 x V55 | 4 st\u013apce s tla\u010didlami), 140 cm (D140 x \u016026 x V55 | 4 st\u013apce s tla\u010didlami), 160 cm (D160 x \u016026 x V55 | 5 st\u013apcov s tla\u010didlami), 180 cm (D180 x \u016026 x V55 | 6 st\u013apcov s tla\u010didlami), 200 cm (D200 x \u016026 x V55 | 7 st\u013apcov s tla\u010didlami).<\/li>\n<\/ul>","protected":false},"featured_media":132,"comment_status":"open","ping_status":"closed","template":"","meta":[],"product_brand":[],"product_cat":[15],"product_tag":[151,101,68,74,58,53,152,56,100],"class_list":{"0":"post-133","1":"product","2":"type-product","3":"status-publish","4":"has-post-thumbnail","6":"product_cat-pillows","7":"product_tag-backsupport-cushion","8":"product_tag-bunk-bed-backrest","9":"product_tag-college-student-pillow","10":"product_tag-daybed-pillow","11":"product_tag-linen-pillow","12":"product_tag-reading-pillow","13":"product_tag-rvtrailer-headboard","14":"product_tag-wedge-bolster-pillow","15":"product_tag-white-linen-pillow","17":"first","18":"instock","19":"featured","20":"shipping-taxable","21":"purchasable","22":"product-type-variable","23":"has-default-attributes"},"_links":{"self":[{"href":"https:\/\/www.livingpillow.com\/sk\/wp-json\/wp\/v2\/product\/133","targetHints":{"allow":["GET"]}}],"collection":[{"href":"https:\/\/www.livingpillow.com\/sk\/wp-json\/wp\/v2\/product"}],"about":[{"href":"https:\/\/www.livingpillow.com\/sk\/wp-json\/wp\/v2\/types\/product"}],"replies":[{"embeddable":true,"href":"https:\/\/www.livingpillow.com\/sk\/wp-json\/wp\/v2\/comments?post=133"}],"wp:featuredmedia":[{"embeddable":true,"href":"https:\/\/www.livingpillow.com\/sk\/wp-json\/wp\/v2\/media\/132"}],"wp:attachment":[{"href":"https:\/\/www.livingpillow.com\/sk\/wp-json\/wp\/v2\/media?parent=133"}],"wp:term":[{"taxonomy":"product_brand","embeddable":true,"href":"https:\/\/www.livingpillow.com\/sk\/wp-json\/wp\/v2\/product_brand?post=133"},{"taxonomy":"product_cat","embeddable":true,"href":"https:\/\/www.livingpillow.com\/sk\/wp-json\/wp\/v2\/product_cat?post=133"},{"taxonomy":"product_tag","embeddable":true,"href":"https:\/\/www.livingpillow.com\/sk\/wp-json\/wp\/v2\/product_tag?post=133"}],"curies":[{"name":"wp","href":"https:\/\/api.w.org\/{rel}","templated":true}]}}