{"id":399,"date":"2024-02-23T04:37:55","date_gmt":"2024-02-23T04:37:55","guid":{"rendered":"https:\/\/www.livingpillow.com\/product\/back-support-cushion"},"modified":"2026-03-03T01:21:07","modified_gmt":"2026-03-03T01:21:07","slug":"vankus-na-podporu-chrbta-krasny-vankus-na-postel-mansestrovy-azurovy","status":"publish","type":"product","link":"https:\/\/www.livingpillow.com\/sk\/product\/back-support-cushion-beautiful-bed-pillow-corduroy-azure","title":{"rendered":"Oporn\u00fd vank\u00fa\u0161 na chrb\u00e1t Kr\u00e1sny man\u0161estrov\u00fd az\u00farov\u00fd vank\u00fa\u0161 na poste\u013e"},"content":{"rendered":"<p><strong>Zlep\u0161ite si \u010d\u00edtanie a relax\u00e1ciu s na\u0161imi pr\u00e9miov\u00fdmi trojuholn\u00edkov\u00fdmi \u010d\u00edtac\u00edmi vank\u00fa\u0161mi<\/strong><\/p>\n<p>Doprajte si pr\u00edjemn\u00fd z\u00e1\u017eitok z \u010d\u00edtania alebo sledovania telev\u00edzie s na\u0161imi v\u00fdnimo\u010dn\u00fdmi trojuholn\u00edkov\u00fdmi \u010d\u00edtac\u00edmi vank\u00fa\u0161mi. S\u00fa navrhnut\u00e9 tak, aby poskytovali bezkonkuren\u010dn\u00fa oporu chrbta a krku, zvy\u0161uj\u00fa va\u0161u \u00farove\u0148 pohodlia a spr\u00edjem\u0148uj\u00fa v\u00e1m \u010das pred span\u00edm a vo\u013en\u00fd \u010das.<\/p>\n<p><strong>V\u0161estrann\u00fd a \u0161t\u00fdlov\u00fd<\/strong><\/p>\n<p>\u010ci u\u017e ste vysoko\u0161kol\u00e1k a h\u013ead\u00e1te funk\u010dn\u00e9 \u010delo postele alebo si chcete vylep\u0161i\u0165 svoju existuj\u00facu poste\u013e, na\u0161e vank\u00fa\u0161e s\u00fa pre v\u00e1s perfektn\u00fdm rie\u0161en\u00edm. Dostupn\u00e9 vo v\u0161etk\u00fdch ve\u013ekostiach postel\u00ed vr\u00e1tane ve\u013ekosti king size, pohodlne posl\u00fa\u017eia aj ako pohovky alebo denn\u00e9 l\u00f4\u017eka alebo poskytuj\u00fa dodato\u010dn\u00fa oporu ako operadlo poschodovej postele.<\/p>\n<p><strong>Jednoduch\u00e1 \u00fadr\u017eba a pr\u00e9miov\u00e1 kvalita<\/strong><\/p>\n<p>V\u010faka odn\u00edmate\u013en\u00fdm po\u0165ahom, ktor\u00e9 sa zap\u00ednaj\u00fa gomb\u00edkmi, sa na\u0161e vank\u00fa\u0161e ve\u013emi \u013eahko udr\u017eiavaj\u00fa. Po\u0165ahy jednoducho zlo\u017ete a m\u00f4\u017eete ich \u013eahko opra\u0165, \u010d\u00edm zabezpe\u010d\u00edte hygienu aj \u0161t\u00fdl. Tieto vank\u00fa\u0161e s\u00fa vyplnen\u00e9 polyuret\u00e1nom s vysokou hustotou a poskytuj\u00fa optim\u00e1lnu oporu chrbta, zatia\u013e \u010do ich man\u0161estrov\u00e1 tkanina vylep\u0161uje estetiku ka\u017edej miestnosti.<\/p>\n<p><strong>Pozit\u00edvne recenzie od spokojn\u00fdch z\u00e1kazn\u00edkov<\/strong><\/p>\n<p>\u201cTieto vank\u00fa\u0161e s\u00fa tak\u00e9 pohodln\u00e9! Pou\u017e\u00edvam ich na \u010d\u00edtanie v posteli a robia to naozaj skvel\u00e9. U\u017e ma nebol\u00ed chrb\u00e1t a krk.\u201d \u2013 Jane, overen\u00e1 z\u00e1kazn\u00ed\u010dka<\/p>\n<p>\u201cP\u00e1\u010di sa mi, \u017ee tieto vank\u00fa\u0161e m\u00f4\u017eem pou\u017e\u00edva\u0165 to\u013ek\u00fdmi r\u00f4znymi sp\u00f4sobmi. S\u00fa perfektn\u00e9 na moju denn\u00fa poste\u013e, poschodov\u00fa poste\u013e a dokonca aj ako \u010delo postele. Po\u0165ahy sa tie\u017e \u013eahko peria!\u201d \u2013 Mary, \u010fal\u0161ia spokojn\u00e1 z\u00e1kazn\u00ed\u010dka<\/p>\n<p><strong>Ve\u013ekosti a mo\u017enosti<\/strong><\/p>\n<p>Na\u0161e vank\u00fa\u0161e s\u00fa dostupn\u00e9 v \u0161irokej \u0161k\u00e1le ve\u013ekost\u00ed, aby vyhoveli va\u0161im \u0161pecifick\u00fdm potreb\u00e1m:<\/p>\n<p>* 45 cm (bez gomb\u00edkov)<br \/>\n* 60 cm (bez gomb\u00edkov)<br \/>\n* 80 cm (2 gomb\u00edky)<br \/>\n* 100 cm (3 gomb\u00edky)<br \/>\n* 120 cm (4 gomb\u00edky)<br \/>\n* 140 cm (4 gomb\u00edky)<br \/>\n* 160 cm (5 gomb\u00edkov)<br \/>\n* 180 cm (6 gomb\u00edkov)<br \/>\n* 200 cm (7 gomb\u00edkov)<\/p>\n<p><strong>Zv\u00fd\u0161te svoje pohodlie a \u0161t\u00fdl<\/strong><\/p>\n<p>Objednajte si svoj trojuholn\u00edkov\u00fd \u010ditate\u013esk\u00fd vank\u00fa\u0161 e\u0161te dnes a za\u017eite maxim\u00e1lne pohodlie a \u0161t\u00fdl. \u010ci u\u017e sa sch\u00falite s knihou, pozer\u00e1te film alebo jednoducho potrebujete extra oporu, na\u0161e vank\u00fa\u0161e v\u00e1m umo\u017enia relaxova\u0165 a tr\u00e1vi\u0165 vo\u013en\u00fd \u010das.<\/p>","protected":false},"excerpt":{"rendered":"<ul>\n<li><strong>Ide\u00e1lne na \u010d\u00edtanie pred span\u00edm:<\/strong> Vylep\u0161ite si z\u00e1\u017eitok z \u010d\u00edtania a sledovania telev\u00edzie v\u010faka vynikaj\u00facej podpore chrbta a krku.<\/li>\n<li><strong>Alternat\u00edva funk\u010dn\u00e9ho \u010dela postele:<\/strong> Ide\u00e1lne pre vysoko\u0161kol\u00e1kov, sl\u00fa\u017ei ako dekorat\u00edvne aj funk\u010dn\u00e9 \u010delo postele.<\/li>\n<li><strong>V\u0161estrann\u00e9 pou\u017eitie:<\/strong> Dostupn\u00e9 vo v\u0161etk\u00fdch ve\u013ekostiach postel\u00ed, pri\u010dom ve\u013ekos\u0165 king size sa perfektne hod\u00ed k denn\u00fdm l\u00f4\u017ekam a sl\u00fa\u017ei aj ako pohovka. D\u00e1 sa pou\u017ei\u0165 ako operadlo poschodovej postele alebo ako samostatn\u00e9 \u010delo postele.<\/li>\n<li><strong>Um\u00fdvate\u013en\u00fd dizajn:<\/strong> S odn\u00edmate\u013en\u00fdmi po\u0165ahmi pomocou pripevnen\u00fdch gomb\u00edkov pre jednoduch\u00e9 pranie, \u010do zvy\u0161uje pohodlie a \u0161t\u00fdl vank\u00fa\u0161a.<\/li>\n<li><strong>Pr\u00e9miov\u00fd materi\u00e1l:<\/strong> Jeho tkanina je vyplnen\u00e1 polyuret\u00e1nom s vysokou hustotou pre vynikaj\u00facu oporu chrbta a vylep\u0161uje estetiku miestnosti.<\/li>\n<li><strong>Materi\u00e1l:<\/strong> 100% Polyesterov\u00fd kord.<\/li>\n<li><strong>Ve\u013ekos\u0165:<\/strong> 45 cm (45*20*50 cm | 0 gomb\u00edkov); 60 cm (60*20*50 cm | 0 gomb\u00edkov); 80 cm (80*20*50 cm | 2 gomb\u00edky); 100 cm (100*20*50 cm | 3 gomb\u00edky); 120 cm (120*20*50 cm | 4 gomb\u00edky); 140 cm (140*20*50 cm | 4 gomb\u00edky); 160 cm (160*20*50 cm | 5 gomb\u00edkov); 180 cm (180*20*50 cm | 6 gomb\u00edkov); 200 cm (200*20*50 cm | 7 gomb\u00edkov).<\/li>\n<\/ul>","protected":false},"featured_media":398,"comment_status":"open","ping_status":"closed","template":"","meta":[],"product_brand":[],"product_cat":[15],"product_tag":[121,122,101,74,98,116,90,123],"class_list":{"0":"post-399","1":"product","2":"type-product","3":"status-publish","4":"has-post-thumbnail","6":"product_cat-pillows","7":"product_tag-back-support-cushion","8":"product_tag-beautiful-bed-pillow","9":"product_tag-bunk-bed-backrest","10":"product_tag-daybed-pillow","11":"product_tag-decorative-headboard","12":"product_tag-functional-headboard-alternative","13":"product_tag-king-size-pillow","14":"product_tag-standalone-headboard","16":"first","17":"instock","18":"featured","19":"shipping-taxable","20":"purchasable","21":"product-type-variable","22":"has-default-attributes"},"_links":{"self":[{"href":"https:\/\/www.livingpillow.com\/sk\/wp-json\/wp\/v2\/product\/399","targetHints":{"allow":["GET"]}}],"collection":[{"href":"https:\/\/www.livingpillow.com\/sk\/wp-json\/wp\/v2\/product"}],"about":[{"href":"https:\/\/www.livingpillow.com\/sk\/wp-json\/wp\/v2\/types\/product"}],"replies":[{"embeddable":true,"href":"https:\/\/www.livingpillow.com\/sk\/wp-json\/wp\/v2\/comments?post=399"}],"wp:featuredmedia":[{"embeddable":true,"href":"https:\/\/www.livingpillow.com\/sk\/wp-json\/wp\/v2\/media\/398"}],"wp:attachment":[{"href":"https:\/\/www.livingpillow.com\/sk\/wp-json\/wp\/v2\/media?parent=399"}],"wp:term":[{"taxonomy":"product_brand","embeddable":true,"href":"https:\/\/www.livingpillow.com\/sk\/wp-json\/wp\/v2\/product_brand?post=399"},{"taxonomy":"product_cat","embeddable":true,"href":"https:\/\/www.livingpillow.com\/sk\/wp-json\/wp\/v2\/product_cat?post=399"},{"taxonomy":"product_tag","embeddable":true,"href":"https:\/\/www.livingpillow.com\/sk\/wp-json\/wp\/v2\/product_tag?post=399"}],"curies":[{"name":"wp","href":"https:\/\/api.w.org\/{rel}","templated":true}]}}