{"id":457,"date":"2024-02-23T05:36:46","date_gmt":"2024-02-23T05:36:46","guid":{"rendered":"https:\/\/www.livingpillow.com\/product\/wedge-cushion"},"modified":"2026-03-03T01:21:56","modified_gmt":"2026-03-03T01:21:56","slug":"velky-klinovy-citatelsky-vankus-pekny-zamatovy-cierny-vankus-na-celo-postele","status":"publish","type":"product","link":"https:\/\/www.livingpillow.com\/sk\/product\/big-wedge-reading-cushion-nice-headboard-pillow-velvet-black","title":{"rendered":"Ve\u013ek\u00fd klinov\u00fd \u010d\u00edtac\u00ed vank\u00fa\u0161, pekn\u00fd zamatov\u00fd vank\u00fa\u0161 na \u010delo postele, \u010dierny"},"content":{"rendered":"<p>Predstavujeme dokonal\u00e9ho spolo\u010dn\u00edka na \u010d\u00edtanie: trojuholn\u00edkov\u00fd vank\u00fa\u0161<\/p>\n<p>Radi \u010d\u00edtate alebo pozer\u00e1te telev\u00edziu v pohodl\u00ed svojej postele? Ak \u00e1no, potom viete, ak\u00e9 nepohodln\u00e9 to m\u00f4\u017ee by\u0165 bez spr\u00e1vnej opory pre chrb\u00e1t a krk. Na\u0161\u0165astie existuje rie\u0161enie tohto probl\u00e9mu \u2013 trojuholn\u00edkov\u00fd vank\u00fa\u0161. <\/p>\n<p>Tento vank\u00fa\u0161 je navrhnut\u00fd tak, aby poskytoval optim\u00e1lnu oporu pri \u010d\u00edtan\u00ed a zlep\u0161oval v\u00e1\u0161 z\u00e1\u017eitok zo sledovania telev\u00edzie t\u00fdm, \u017ee poskytuje robustn\u00fa oporu chrbta a krku. Je vyroben\u00fd z polyuret\u00e1nov\u00e9ho materi\u00e1lu s vysokou hustotou, ktor\u00fd poskytuje vynikaj\u00facu oporu, v\u010faka \u010domu je ide\u00e1lny pre t\u00fdch, ktor\u00ed tr\u00e1via dlh\u00e9 hodiny \u010d\u00edtan\u00edm alebo sledovan\u00edm telev\u00edzie v posteli. <\/p>\n<p>Nielen\u017ee je funk\u010dn\u00e9, ale sl\u00fa\u017ei aj ako vynikaj\u00face dekorat\u00edvne \u010delo postele pre vysoko\u0161kol\u00e1kov alebo kohoko\u013evek, kto h\u013ead\u00e1 praktick\u00e9, ale z\u00e1rove\u0148 dekorat\u00edvne rie\u0161enie \u010dela postele. Je v\u0161estrann\u00e9 a vhodn\u00e9 pre v\u0161etky ve\u013ekosti postel\u00ed, v\u010faka \u010domu je perfektn\u00fdm doplnkom k denn\u00e9mu l\u00f4\u017eku ako pohovke alebo ako operadlo poschodovej postele. <\/p>\n<p>Trojuholn\u00edkov\u00fd vank\u00fa\u0161 je navrhnut\u00fd s oh\u013eadom na jednoduch\u00e9 pranie. M\u00e1 odn\u00edmate\u013en\u00e9 po\u0165ahy s pripevnen\u00fdmi gomb\u00edkmi, v\u010faka \u010domu sa d\u00e1 \u013eahko vybra\u0165 a vypra\u0165. L\u00e1tka pou\u017eit\u00e1 na v\u00fdrobu tohto vank\u00fa\u0161a je polyesterov\u00fd zamat 100%, ktor\u00fd svoj\u00edm vizu\u00e1lne pr\u00ed\u0165a\u017eliv\u00fdm dizajnom vylep\u0161\u00ed ak\u00fdko\u013evek interi\u00e9r. <\/p>\n<p>Tento vank\u00fa\u0161 je dostupn\u00fd v r\u00f4znych ve\u013ekostiach od 45 cm do 200 cm a v r\u00f4znych farb\u00e1ch vr\u00e1tane \u010diernej, tak\u017ee si ka\u017ed\u00fd n\u00e1jde nie\u010do pre seba. Niet divu, \u017ee si od z\u00e1kazn\u00edkov z\u00edskal nad\u0161en\u00e9 recenzie. <\/p>\n<p>Jeden z\u00e1kazn\u00edk, ktor\u00fd si k\u00fapil vank\u00fa\u0161 v \u010diernej farbe, povedal: \u201cTento vank\u00fa\u0161 mi zmenil z\u00e1\u017eitok z \u010d\u00edtania. U\u017e sa neust\u00e1le nepres\u00favam a prisp\u00f4sobujem a m\u00f4\u017eem \u010d\u00edta\u0165 cel\u00e9 hodiny bez ak\u00e9hoko\u013evek nepohodlia.\u201d <\/p>\n<p>\u010eal\u0161ia z\u00e1kazn\u00ed\u010dka, ktor\u00e1 si k\u00fapila vank\u00fa\u0161 z luxusn\u00e9ho holandsk\u00e9ho zamatu, povedala: \u201cL\u00e1tka je tak\u00e1 m\u00e4kk\u00e1 a zamatov\u00e1 a vank\u00fa\u0161 poskytuje vynikaj\u00facu oporu. \u013dahko sa \u010dist\u00ed, tak\u017ee sa nemus\u00edm b\u00e1\u0165, \u017ee sa za\u0161pin\u00ed.\u201d <\/p>\n<p>Z\u00e1verom mo\u017eno poveda\u0165, \u017ee trojuholn\u00edkov\u00fd vank\u00fa\u0161 je perfektn\u00fdm spolo\u010dn\u00edkom na \u010d\u00edtanie pre ka\u017ed\u00e9ho, kto h\u013ead\u00e1 pohodlie a oporu pri \u010d\u00edtan\u00ed alebo sledovan\u00ed telev\u00edzie v posteli. Je funk\u010dn\u00fd, v\u0161estrann\u00fd a dostupn\u00fd v r\u00f4znych ve\u013ekostiach a farb\u00e1ch. U\u017e sa neuspokojte s nepohodln\u00fdm z\u00e1\u017eitkom z \u010d\u00edtania \u2013 zaobstarajte si svoj trojuholn\u00edkov\u00fd vank\u00fa\u0161 e\u0161te dnes!<\/p>","protected":false},"excerpt":{"rendered":"<ul>\n<li><strong>Optim\u00e1lna podpora \u010d\u00edtania:<\/strong> Tento vank\u00fa\u0161 zlep\u0161uje v\u00e1\u0161 z\u00e1\u017eitok z \u010d\u00edtania a sledovania telev\u00edzie t\u00fdm, \u017ee poskytuje robustn\u00fa oporu chrbta a krku.<\/li>\n<li><strong>Alternat\u00edva funk\u010dn\u00e9ho \u010dela postele:<\/strong> Ide\u00e1lne pre vysoko\u0161kol\u00e1kov a ostatn\u00fdch, ktor\u00ed h\u013eadaj\u00fa dekorat\u00edvne, ale z\u00e1rove\u0148 praktick\u00e9 rie\u0161enie pre \u010delo postele.<\/li>\n<li><strong>V\u0161estrann\u00e9 pou\u017eitie:<\/strong> Vhodn\u00e1 pre v\u0161etky ve\u013ekosti postel\u00ed, perfektne dop\u013a\u0148a denn\u00fa poste\u013e ako pohovka. Sl\u00fa\u017ei aj ako operadlo poschodovej postele alebo samostatn\u00e9 \u010delo postele.<\/li>\n<li><strong>Um\u00fdvate\u013en\u00fd dizajn:<\/strong> M\u00e1 odn\u00edmate\u013en\u00e9 po\u0165ahy s pripevnen\u00fdmi gomb\u00edkmi pre jednoduch\u00e9 pranie, \u010do dod\u00e1va funk\u010dnos\u0165 aj \u0161t\u00fdl.<\/li>\n<li><strong>Pr\u00e9miov\u00fd materi\u00e1l:<\/strong> Jeho l\u00e1tka je vyplnen\u00e1 polyuret\u00e1nom s vysokou hustotou pre vynikaj\u00facu oporu chrbta a v\u010faka vizu\u00e1lne pr\u00ed\u0165a\u017eliv\u00e9mu dizajnu vylep\u0161\u00ed ak\u00fdko\u013evek interi\u00e9r.<\/li>\n<li><strong>L\u00e1tka:<\/strong> 100% Polyesterov\u00fd zamat.<\/li>\n<li><strong>Dostupn\u00e9 ve\u013ekosti:<\/strong> 45 cm (45*20*50 cm | 0 gomb\u00edkov); 60 cm (60*20*50 cm | 0 gomb\u00edkov); 80 cm (80*20*50 cm | 2 gomb\u00edky); 100 cm (100*20*50 cm | 3 gomb\u00edky); 120 cm (120*20*50 cm | 4 gomb\u00edky); 140 cm (140*20*50 cm | 4 gomb\u00edky); 160 cm (160*20*50 cm | 5 gomb\u00edkov); 180 cm (180*20*50 cm | 6 gomb\u00edkov); 200 cm (200*20*50 cm | 7 gomb\u00edkov).<\/li>\n<\/ul>","protected":false},"featured_media":456,"comment_status":"open","ping_status":"closed","template":"","meta":[],"product_brand":[],"product_cat":[15],"product_tag":[101,117,116,54,115,111,118],"class_list":{"0":"post-457","1":"product","2":"type-product","3":"status-publish","4":"has-post-thumbnail","6":"product_cat-pillows","7":"product_tag-bunk-bed-backrest","8":"product_tag-daybed-backrest","9":"product_tag-functional-headboard-alternative","10":"product_tag-headboard-pillow","11":"product_tag-optimal-reading-support","12":"product_tag-reading-cushion","13":"product_tag-superior-back-support","15":"first","16":"instock","17":"featured","18":"shipping-taxable","19":"purchasable","20":"product-type-variable","21":"has-default-attributes"},"_links":{"self":[{"href":"https:\/\/www.livingpillow.com\/sk\/wp-json\/wp\/v2\/product\/457","targetHints":{"allow":["GET"]}}],"collection":[{"href":"https:\/\/www.livingpillow.com\/sk\/wp-json\/wp\/v2\/product"}],"about":[{"href":"https:\/\/www.livingpillow.com\/sk\/wp-json\/wp\/v2\/types\/product"}],"replies":[{"embeddable":true,"href":"https:\/\/www.livingpillow.com\/sk\/wp-json\/wp\/v2\/comments?post=457"}],"wp:featuredmedia":[{"embeddable":true,"href":"https:\/\/www.livingpillow.com\/sk\/wp-json\/wp\/v2\/media\/456"}],"wp:attachment":[{"href":"https:\/\/www.livingpillow.com\/sk\/wp-json\/wp\/v2\/media?parent=457"}],"wp:term":[{"taxonomy":"product_brand","embeddable":true,"href":"https:\/\/www.livingpillow.com\/sk\/wp-json\/wp\/v2\/product_brand?post=457"},{"taxonomy":"product_cat","embeddable":true,"href":"https:\/\/www.livingpillow.com\/sk\/wp-json\/wp\/v2\/product_cat?post=457"},{"taxonomy":"product_tag","embeddable":true,"href":"https:\/\/www.livingpillow.com\/sk\/wp-json\/wp\/v2\/product_tag?post=457"}],"curies":[{"name":"wp","href":"https:\/\/api.w.org\/{rel}","templated":true}]}}