{"id":658,"date":"2024-02-23T13:50:30","date_gmt":"2024-02-23T13:50:30","guid":{"rendered":"https:\/\/www.livingpillow.com\/product\/large-wedge-pillow"},"modified":"2026-03-11T05:10:20","modified_gmt":"2026-03-11T05:10:20","slug":"velky-klinovy-vankus-velka-postel-citaci-vankus-lan-zlty","status":"publish","type":"product","link":"https:\/\/www.livingpillow.com\/sk\/product\/large-wedge-pillow-big-bed-reading-cushion-linen-yellow","title":{"rendered":"Ve\u013ek\u00fd klinov\u00fd vank\u00fa\u0161, \u010d\u00edtac\u00ed vank\u00fa\u0161 do ve\u013ekej postele, \u017elt\u00fd"},"content":{"rendered":"<p><strong>Dokonal\u00e1 podpora chrbta a \u0161t\u00fdl: Predstavujeme n\u00e1\u0161 v\u0161estrann\u00fd trojuholn\u00edkov\u00fd vank\u00fa\u0161 na \u010d\u00edtanie<\/strong><\/p>\n<p>H\u013ead\u00e1te \u00fatuln\u00fd a \u0161t\u00fdlov\u00fd sp\u00f4sob, ako si vylep\u0161i\u0165 z\u00e1\u017eitok z \u010d\u00edtania alebo sledovania telev\u00edzie? Neh\u013eadajte \u010falej a n\u00e1\u0161 pr\u00e9miov\u00fd trojuholn\u00edkov\u00fd \u010d\u00edtac\u00ed vank\u00fa\u0161 je pre v\u00e1s tou spr\u00e1vnou vo\u013ebou!<\/p>\n<p><strong>Pohodlie, ktor\u00e9 obklopuje<\/strong><\/p>\n<p>N\u00e1\u0161 \u010ditate\u013esk\u00fd vank\u00fa\u0161 poskytuje bezkonkuren\u010dn\u00fa oporu chrbta a krku a vytv\u00e1ra \u00fatuln\u00fd k\u00fatik pre maxim\u00e1lne pohodlie. Ponorte sa do jeho ply\u0161ovej v\u00fdplne a nechajte v\u0161etky starosti rozplyn\u00fa\u0165, zatia\u013e \u010do sa ponor\u00edte do p\u00fatavej knihy alebo si pozriete svoje ob\u013e\u00faben\u00e9 rel\u00e1cie.<\/p>\n<p><strong>V\u0161estrann\u00fd a praktick\u00fd<\/strong><\/p>\n<p>Okrem svojej prim\u00e1rnej funkcie pon\u00faka n\u00e1\u0161 v\u0161estrann\u00fd vank\u00fa\u0161 aj cel\u00fd rad \u010fal\u0161\u00edch vyu\u017eit\u00ed:<\/p>\n<p><strong>Alternat\u00edva k \u010delu postele:<\/strong> Ide\u00e1lne pre vysoko\u0161kol\u00e1kov a ostatn\u00fdch, dod\u00e1 va\u0161ej posteli dekorat\u00edvny a praktick\u00fd n\u00e1dych.<br \/>\n<strong>Viac\u00fa\u010delov\u00fd vank\u00fa\u0161:<\/strong> K dispoz\u00edcii vo v\u0161etk\u00fdch be\u017en\u00fdch ve\u013ekostiach postel\u00ed vr\u00e1tane ve\u013ekosti king size, ktor\u00e1 sl\u00fa\u017ei aj ako pohodln\u00e1 pohovka.<br \/>\n<strong>N\u00e1razn\u00edk a opierka postele:<\/strong> Chr\u00e1\u0148te svoje ratolesti pred n\u00e1razmi a vytvorte im bezpe\u010dn\u00fd a podporn\u00fd priestor.<br \/>\n<strong>\u010celo postele pre karavany a pr\u00edvesy:<\/strong> Zv\u00fd\u0161te pohodlie v\u00e1\u0161ho obytn\u00e9ho auta alebo pr\u00edvesu \u0161t\u00fdlov\u00fdm a praktick\u00fdm \u010delom postele.<\/p>\n<p><strong>Jednoduch\u00e1 starostlivos\u0165 a dlh\u00e1 \u017eivotnos\u0165<\/strong><\/p>\n<p>Ch\u00e1peme, \u017ee pohodlie je k\u013e\u00fa\u010dov\u00e9. Preto m\u00e1 n\u00e1\u0161 vank\u00fa\u0161 pripevnen\u00e9 gomb\u00edky, ktor\u00e9 nielen\u017ee vylep\u0161uj\u00fa jeho \u0161t\u00fdl, ale tie\u017e umo\u017e\u0148uj\u00fa odn\u00edmate\u013en\u00fd a \u013eahko prate\u013en\u00fd po\u0165ah. Jeho vysoko kvalitn\u00e1 polyuret\u00e1nov\u00e1 v\u00fdpl\u0148 zais\u0165uje vynikaj\u00facu oporu chrbta a dlh\u00fa \u017eivotnos\u0165.<\/p>\n<p><strong>Vyberte si svoju perfektn\u00fa ve\u013ekos\u0165<\/strong><\/p>\n<p>N\u00e1\u0161 trojuholn\u00edkov\u00fd \u010d\u00edtac\u00ed vank\u00fa\u0161 je dostupn\u00fd v r\u00f4znych ve\u013ekostiach, aby vyhovoval va\u0161im potreb\u00e1m:<\/p>\n<p>0 gomb\u00edkov: 45 cm, 60 cm<br \/>\n2 gomb\u00edky: 80 cm<br \/>\n3 gomb\u00edky: 100 cm<br \/>\n4 gomb\u00edky: 120 cm, 140 cm<br \/>\n5 gomb\u00edkov: 160 cm<br \/>\n6 gomb\u00edkov: 180 cm<br \/>\n7 gomb\u00edkov: 200 cm<\/p>\n<p><strong>Pohodlie overen\u00e9 z\u00e1kazn\u00edkom<\/strong><\/p>\n<p>Na\u0161i z\u00e1kazn\u00edci nad\u0161ene hovoria o bezkonkuren\u010dnom pohodl\u00ed, ktor\u00e9 poskytuje n\u00e1\u0161 trojuholn\u00edkov\u00fd \u010d\u00edtac\u00ed vank\u00fa\u0161. S viac ako 150 pozit\u00edvnymi recenziami si neust\u00e1le vysl\u00fa\u017eil uznanie za svoju v\u0161estrannos\u0165, oporu a \u0161t\u00fdlov\u00fd dizajn.<\/p>\n<p><strong>Pozdvihnite svoje \u010d\u00edtanie a relax e\u0161te dnes<\/strong><\/p>\n<p>Preme\u0148te svoj \u010ditate\u013esk\u00fd a relaxa\u010dn\u00fd re\u017eim s maxim\u00e1lnym pohodl\u00edm a \u0161t\u00fdlom n\u00e1\u0161ho trojuholn\u00edkov\u00e9ho \u010d\u00edtacieho vank\u00fa\u0161a. Objednajte si ho teraz a za\u017eite bla\u017een\u00e9 objatie podpory a sofistikovanosti!<\/p>","protected":false},"excerpt":{"rendered":"<ul>\n<li><strong>Ide\u00e1lne na \u010d\u00edtanie a sledovanie telev\u00edzie:<\/strong>\u00a0Poskytuje vynikaj\u00facu oporu chrbta a krku pre maxim\u00e1lne pohodlie pri \u010d\u00edtan\u00ed v posteli alebo sledovan\u00ed telev\u00edzie.<\/li>\n<li><strong>Alternat\u00edva ako \u010delo postele:<\/strong>\u00a0Vank\u00fa\u0161 je ide\u00e1lny pre vysoko\u0161kol\u00e1kov a ostatn\u00fdch, mo\u017eno ho pou\u017ei\u0165 ako dekorat\u00edvne a funk\u010dn\u00e9 \u010delo postele.<\/li>\n<li><strong>Viac\u00fa\u010delov\u00e9:<\/strong>\u00a0Dostupn\u00e1 vo v\u0161etk\u00fdch ve\u013ekostiach pre be\u017en\u00e9 postele, ve\u013ekos\u0165 king size sa perfektne hod\u00ed na denn\u00fa poste\u013e a m\u00f4\u017ee sl\u00fa\u017ei\u0165 aj ako pohovka. Medzi \u010fal\u0161ie vyu\u017eitie patria vank\u00fa\u0161e pre deti, opierky poschodov\u00fdch postel\u00ed a \u010deln\u00e9 steny pre karavany a pr\u00edvesy.<\/li>\n<li><strong>\u013dahko sa um\u00fdva:<\/strong>\u00a0Pri\u0161it\u00e9 gomb\u00edky dod\u00e1vaj\u00fa \u0161t\u00fdl a z\u00e1rove\u0148 umo\u017e\u0148uj\u00fa odn\u00edmate\u013en\u00fd a prate\u013en\u00fd po\u0165ah.<\/li>\n<li><strong>Vysokokvalitn\u00fd materi\u00e1l:<\/strong>\u00a0Vyplnen\u00e1 polyuret\u00e1novou v\u00fdpl\u0148ou s vysokou hustotou pre vynikaj\u00facu oporu chrbta. L\u00e1tka m\u00e1 skvel\u00fd vizu\u00e1lny efekt, ktor\u00fd sa hod\u00ed k ak\u00e9muko\u013evek interi\u00e9ru.<\/li>\n<li><strong>Ve\u013ekos\u0165:<\/strong> 45 cm (45*20*50 cm | 0 gomb\u00edkov); 60 cm (60*20*50 cm | 0 gomb\u00edkov); 80 cm (80*20*50 cm | 2 gomb\u00edky); 100 cm (100*20*50 cm | 3 gomb\u00edky); 120 cm (120*20*50 cm | 4 gomb\u00edky); 140 cm (140*20*50 cm | 4 gomb\u00edky); 160 cm (160*20*50 cm | 5 gomb\u00edkov); 180 cm (180*20*50 cm | 6 gomb\u00edkov); 200 cm (200*20*50 cm | 7 gomb\u00edkov).<\/li>\n<\/ul>","protected":false},"featured_media":657,"comment_status":"open","ping_status":"closed","template":"","meta":[],"product_brand":[],"product_cat":[15],"product_tag":[66,92,93,95,74,59,87,94],"class_list":{"0":"post-658","1":"product","2":"type-product","3":"status-publish","4":"has-post-thumbnail","6":"product_cat-pillows","7":"product_tag-back-support-pillow","8":"product_tag-big-bed-reading-cushion","9":"product_tag-bumper-pillows","10":"product_tag-bunk-bed-back-rests","11":"product_tag-daybed-pillow","12":"product_tag-large-wedge-pillow","13":"product_tag-trailer-headboard","14":"product_tag-tv-pillow","16":"first","17":"instock","18":"featured","19":"shipping-taxable","20":"purchasable","21":"product-type-variable","22":"has-default-attributes"},"_links":{"self":[{"href":"https:\/\/www.livingpillow.com\/sk\/wp-json\/wp\/v2\/product\/658","targetHints":{"allow":["GET"]}}],"collection":[{"href":"https:\/\/www.livingpillow.com\/sk\/wp-json\/wp\/v2\/product"}],"about":[{"href":"https:\/\/www.livingpillow.com\/sk\/wp-json\/wp\/v2\/types\/product"}],"replies":[{"embeddable":true,"href":"https:\/\/www.livingpillow.com\/sk\/wp-json\/wp\/v2\/comments?post=658"}],"wp:featuredmedia":[{"embeddable":true,"href":"https:\/\/www.livingpillow.com\/sk\/wp-json\/wp\/v2\/media\/657"}],"wp:attachment":[{"href":"https:\/\/www.livingpillow.com\/sk\/wp-json\/wp\/v2\/media?parent=658"}],"wp:term":[{"taxonomy":"product_brand","embeddable":true,"href":"https:\/\/www.livingpillow.com\/sk\/wp-json\/wp\/v2\/product_brand?post=658"},{"taxonomy":"product_cat","embeddable":true,"href":"https:\/\/www.livingpillow.com\/sk\/wp-json\/wp\/v2\/product_cat?post=658"},{"taxonomy":"product_tag","embeddable":true,"href":"https:\/\/www.livingpillow.com\/sk\/wp-json\/wp\/v2\/product_tag?post=658"}],"curies":[{"name":"wp","href":"https:\/\/api.w.org\/{rel}","templated":true}]}}