{"id":711,"date":"2024-02-23T14:24:46","date_gmt":"2024-02-23T14:24:46","guid":{"rendered":"https:\/\/www.livingpillow.com\/product\/big-pillow-for-bed-headboard"},"modified":"2026-03-11T05:10:18","modified_gmt":"2026-03-11T05:10:18","slug":"velky-vankus-na-celo-postele-velky-lanovy-vankus-cierny","status":"publish","type":"product","link":"https:\/\/www.livingpillow.com\/sk\/product\/big-pillow-for-bed-headboard-large-cushion-linen-black","title":{"rendered":"Ve\u013ek\u00fd vank\u00fa\u0161 na \u010delo postele, ve\u013ek\u00fd \u010dierny vank\u00fa\u0161"},"content":{"rendered":"<p>Predstavujeme v\u00e1m viac\u00fa\u010delov\u00fd klinov\u00fd vank\u00fa\u0161, ktor\u00fd va\u0161a dom\u00e1cnos\u0165 potrebuje!<\/p>\n<p>H\u013ead\u00e1te pohodln\u00fd a funk\u010dn\u00fd vank\u00fa\u0161, ktor\u00fd v\u00e1m poskytne maxim\u00e1lnu oporu a pohodlie pri aktivit\u00e1ch, ako je \u010d\u00edtanie a sledovanie telev\u00edzie? Tento viac\u00fa\u010delov\u00fd klinov\u00fd vank\u00fa\u0161 je pre v\u00e1s tou spr\u00e1vnou vo\u013ebou! <\/p>\n<p>Tento vank\u00fa\u0161 je navrhnut\u00fd tak, aby poskytoval vynikaj\u00facu oporu chrbta a krku, v\u010faka \u010domu je perfektn\u00fdm doplnkom pre t\u00fdch, ktor\u00ed radi \u010d\u00edtaj\u00fa alebo tr\u00e1via \u010das pozeran\u00edm telev\u00edzie v posteli. Je navrhnut\u00fd tak, aby zv\u00fd\u0161il va\u0161e pohodlie a zabr\u00e1nil nepr\u00edjemn\u00e9mu nam\u00e1haniu chrbta a krku po\u010das sedenia. <\/p>\n<p>Vank\u00fa\u0161 je tie\u017e ide\u00e1lnym rie\u0161en\u00edm pre vysoko\u0161kol\u00e1kov, ktor\u00ed potrebuj\u00fa v\u0161estrann\u00fd doplnok, ktor\u00fd m\u00f4\u017ee sl\u00fa\u017ei\u0165 ako funk\u010dn\u00e9 aj dekorat\u00edvne \u010delo postele. V\u010faka svojmu \u0161t\u00fdlov\u00e9mu dizajnu je tento vank\u00fa\u0161 perfektn\u00fdm sp\u00f4sobom, ako skr\u00e1\u0161li\u0165 ka\u017ed\u00fa izbu a z\u00e1rove\u0148 poskytn\u00fa\u0165 v\u00fdnimo\u010dn\u00fa oporu t\u00fdm, ktor\u00ed ju potrebuj\u00fa. <\/p>\n<p>A to nie je v\u0161etko! Tento klinov\u00fd vank\u00fa\u0161 je dostupn\u00fd vo viacer\u00fdch ve\u013ekostiach, v\u010faka \u010domu je v\u00fdnimo\u010dn\u00fdm v\u0161estrann\u00fdm doplnkom. Od pou\u017eitia ako n\u00e1razn\u00edk pre deti a\u017e po operadlo pre poschodov\u00e9 postele, potenci\u00e1l tohto vank\u00fa\u0161a je neobmedzen\u00fd. M\u00f4\u017ee dokonca sl\u00fa\u017ei\u0165 ako \u010delo postele pre obytn\u00e9 aut\u00e1 a pr\u00edvesy. <\/p>\n<p>Jednou z vynikaj\u00facich vlastnost\u00ed tohto klinov\u00e9ho vank\u00fa\u0161a je jeho \u013eahko prate\u013en\u00fd dizajn. V\u010faka pripevnen\u00e9mu gomb\u00edkov\u00e9mu zap\u00ednaniu sa po\u0165ah d\u00e1 \u013eahko odstr\u00e1ni\u0165 a vypra\u0165, \u010d\u00edm sa pred\u00edde ne\u017eiaducim ne\u010distot\u00e1m a \u0161pine.<\/p>\n<p>Klinov\u00fd vank\u00fa\u0161 je vyplnen\u00fd polyuret\u00e1nom s vysokou hustotou, ktor\u00fd poskytuje v\u00fdnimo\u010dn\u00fa oporu chrbta. Dod\u00e1 v\u00e1\u0161mu interi\u00e9ru extra \u0161t\u00fdlov\u00fd n\u00e1dych.<\/p>\n<p>Stru\u010dne povedan\u00e9, viac\u00fa\u010delov\u00fd klinov\u00fd vank\u00fa\u0161 je nevyhnutnou komoditou, ktor\u00fa potrebuje ka\u017ed\u00e1 dom\u00e1cnos\u0165. Poskytuje vynikaj\u00facu oporu a pohodlie, v\u010faka \u010domu je ide\u00e1lny na \u010dinnosti, ako je \u010d\u00edtanie a sledovanie telev\u00edzie. V\u010faka svojmu v\u0161estrann\u00e9mu dizajnu sl\u00fa\u017ei na viacero \u00fa\u010delov a je dostupn\u00fd v r\u00f4znych ve\u013ekostiach, tak\u017ee bude vyhovova\u0165 v\u0161etk\u00fdm va\u0161im potreb\u00e1m. A v\u010faka \u013eahko prate\u013en\u00e9mu dizajnu sa tento vank\u00fa\u0161 ur\u010dite stane va\u0161\u00edm ob\u013e\u00faben\u00fdm doplnkom na dlh\u00e9 roky. <\/p>\n<p>Ak st\u00e1le nie ste presved\u010den\u00ed, pozrite si sekciu koment\u00e1rov k produktu! Na\u0161i z\u00e1kazn\u00edci sa tohto produktu nevedia naba\u017ei\u0165. Tak\u017ee u\u017e ne\u010dakajte a k\u00fapte si svoj vlastn\u00fd viac\u00fa\u010delov\u00fd klinov\u00fd vank\u00fa\u0161 e\u0161te dnes!<\/p>","protected":false},"excerpt":{"rendered":"<ul>\n<li><strong>Ide\u00e1lne na \u010d\u00edtanie v posteli:<\/strong> Tento vank\u00fa\u0161 pon\u00faka vynikaj\u00facu oporu chrbta a krku, \u010d\u00edm zvy\u0161uje pohodlie pri \u010d\u00edtan\u00ed a sledovan\u00ed telev\u00edzie.<\/li>\n<li><strong>Alternat\u00edva k \u010delu postele:<\/strong> Tento v\u0161estrann\u00fd vank\u00fa\u0161, ide\u00e1lne rie\u0161enie pre vysoko\u0161kol\u00e1kov, sl\u00fa\u017ei ako dekorat\u00edvne aj funk\u010dn\u00e9 \u010delo postele.<\/li>\n<li><strong>Viac\u00fa\u010delov\u00e9 pou\u017eitie:<\/strong> Dostupn\u00e9 v r\u00f4znych ve\u013ekostiach vr\u00e1tane ve\u013ekosti king size, ktor\u00e1 sa perfektne premen\u00ed na denn\u00fa poste\u013e. Sl\u00fa\u017ei aj ako vank\u00fa\u0161 na madlo pre deti, opierka chrbta k poschodovej posteli a \u010delo postele k obytn\u00fdm pr\u00edvesom\/karavanom.<\/li>\n<li><strong>\u013dahko sa um\u00fdva:<\/strong> Dizajn m\u00e1 pripevnen\u00e9 gomb\u00edky pre estetick\u00fd vzh\u013ead a jednoduch\u00e9 odn\u00edmanie po\u0165ahu na pranie.<\/li>\n<li><strong>Vysokokvalitn\u00fd materi\u00e1l:<\/strong> L\u00e1tka klinov\u00e9ho vank\u00fa\u0161a je vyplnen\u00e1 polyuret\u00e1nom s vysokou hustotou pre v\u00fdnimo\u010dn\u00fa oporu chrbta a vylep\u0161uje v\u00e1\u0161 interi\u00e9r.<\/li>\n<li><strong>Ve\u013ekos\u0165:<\/strong> 45 cm (45*20*50 cm | 0 gomb\u00edkov); 60 cm (60*20*50 cm | 0 gomb\u00edkov); 80 cm (80*20*50 cm | 2 gomb\u00edky); 100 cm (100*20*50 cm | 3 gomb\u00edky); 120 cm (120*20*50 cm | 4 gomb\u00edky); 140 cm (140*20*50 cm | 4 gomb\u00edky); 160 cm (160*20*50 cm | 5 gomb\u00edkov); 180 cm (180*20*50 cm | 6 gomb\u00edkov); 200 cm (200*20*50 cm | 7 gomb\u00edkov).<\/li>\n<\/ul>","protected":false},"featured_media":710,"comment_status":"open","ping_status":"closed","template":"","meta":[],"product_brand":[],"product_cat":[15],"product_tag":[75,61,88,84,70,89,57,90,58,69],"class_list":{"0":"post-711","1":"product","2":"type-product","3":"status-publish","4":"has-post-thumbnail","6":"product_cat-pillows","7":"product_tag-bed-headboard","8":"product_tag-big-bed-pillow","9":"product_tag-big-pillow","10":"product_tag-bumper-pillow","11":"product_tag-bunk-bed-pillow","12":"product_tag-daybed-couch","13":"product_tag-headboard-cushion","14":"product_tag-king-size-pillow","15":"product_tag-linen-pillow","16":"product_tag-wedge-pillow","18":"first","19":"instock","20":"shipping-taxable","21":"purchasable","22":"product-type-variable","23":"has-default-attributes"},"_links":{"self":[{"href":"https:\/\/www.livingpillow.com\/sk\/wp-json\/wp\/v2\/product\/711","targetHints":{"allow":["GET"]}}],"collection":[{"href":"https:\/\/www.livingpillow.com\/sk\/wp-json\/wp\/v2\/product"}],"about":[{"href":"https:\/\/www.livingpillow.com\/sk\/wp-json\/wp\/v2\/types\/product"}],"replies":[{"embeddable":true,"href":"https:\/\/www.livingpillow.com\/sk\/wp-json\/wp\/v2\/comments?post=711"}],"wp:featuredmedia":[{"embeddable":true,"href":"https:\/\/www.livingpillow.com\/sk\/wp-json\/wp\/v2\/media\/710"}],"wp:attachment":[{"href":"https:\/\/www.livingpillow.com\/sk\/wp-json\/wp\/v2\/media?parent=711"}],"wp:term":[{"taxonomy":"product_brand","embeddable":true,"href":"https:\/\/www.livingpillow.com\/sk\/wp-json\/wp\/v2\/product_brand?post=711"},{"taxonomy":"product_cat","embeddable":true,"href":"https:\/\/www.livingpillow.com\/sk\/wp-json\/wp\/v2\/product_cat?post=711"},{"taxonomy":"product_tag","embeddable":true,"href":"https:\/\/www.livingpillow.com\/sk\/wp-json\/wp\/v2\/product_tag?post=711"}],"curies":[{"name":"wp","href":"https:\/\/api.w.org\/{rel}","templated":true}]}}