{"id":786,"date":"2024-02-23T23:54:47","date_gmt":"2024-02-23T23:54:47","guid":{"rendered":"https:\/\/www.livingpillow.com\/product\/large-wedge-bolster-pillow"},"modified":"2026-03-03T01:25:49","modified_gmt":"2026-03-03T01:25:49","slug":"klinovy-vankus-na-celo-postele-zamatovy-bordovy","status":"publish","type":"product","link":"https:\/\/www.livingpillow.com\/sk\/product\/wedge-bolster-pillow-headboard-cushion-velvet-burgundy","title":{"rendered":"Vank\u00fa\u0161 na \u010delo postele s klinov\u00fdm podu\u0161kom, zamatov\u00fd, bordov\u00fd"},"content":{"rendered":"<p>Vank\u00fa\u0161 na \u010delo postele Wedge, zamatov\u00fd, bordov\u00fd<\/p>\n<p>U\u017e v\u00e1s nebav\u00ed pou\u017e\u00edva\u0165 viacero vank\u00fa\u0161ov na opretie pri \u010d\u00edtan\u00ed alebo sledovan\u00ed telev\u00edzie v posteli? H\u013ead\u00e1te pohodln\u00e9 a \u0161t\u00fdlov\u00e9 \u010delo postele bez toho, aby ste museli min\u00fa\u0165 majland? Neh\u013eadajte ni\u010d in\u00e9 ako zamatov\u00fd bordov\u00fd vank\u00fa\u0161 na \u010delo postele Wedge Bolster Pillow.<\/p>\n<p>Tento \u010ditate\u013esk\u00fd vank\u00fa\u0161 pon\u00faka v\u00fdnimo\u010dn\u00fa oporu chrbta a krku, v\u010faka \u010domu je perfektn\u00fdm doplnkom pre ka\u017ed\u00e9ho, kto si r\u00e1d odd\u00fdchne v posteli. Je v\u0161estrann\u00fd ako \u010delo postele, ktor\u00e9 sl\u00fa\u017ei ako dekorat\u00edvny aj praktick\u00fd doplnok do ka\u017edej sp\u00e1lne. Navy\u0161e je dostupn\u00fd v r\u00f4znych ve\u013ekostiach, aby sa hodil na \u0161tandardn\u00e9 postele, denn\u00e9 postele, poschodov\u00e9 postele a tradi\u010dn\u00e9 postele.<\/p>\n<p>V\u00fdpl\u0148 z polyuret\u00e1nu s vysokou hustotou zais\u0165uje vynikaj\u00facu oporu chrbta, zatia\u013e \u010do vizu\u00e1lne pr\u00ed\u0165a\u017eliv\u00e1 zamatov\u00e1 l\u00e1tka (100% Polyester) dopln\u00ed ak\u00fdko\u013evek interi\u00e9r. Pripevnen\u00e9 gomb\u00edky nielen\u017ee zv\u00fdraz\u0148uj\u00fa tvar vank\u00fa\u0161a, ale tie\u017e umo\u017e\u0148uj\u00fa jednoduch\u00e9 s\u0148atie a pranie po\u0165ahu, v\u010faka \u010domu sa \u013eahko udr\u017eiava \u010dist\u00fd a svie\u017ei.<\/p>\n<p>Ale neverte n\u00e1m len na slovo. Tu je nieko\u013eko koment\u00e1rov od spokojn\u00fdch z\u00e1kazn\u00edkov:<\/p>\n<p>-\u201cMilujem tento vank\u00fa\u0161! Je tak\u00fd pohodln\u00fd a bordov\u00e1 farba dod\u00e1va mojej sp\u00e1lni n\u00e1dych elegancie.\u201d<\/p>\n<p>- \u201cVank\u00fa\u0161 na \u010delo postele Wedge Bolster v farbe Burgundy je ve\u013emi v\u0161estrann\u00fd. Pou\u017e\u00edvam ho ako operadlo na \u010d\u00edtanie, \u010delo postele na spanie a dokonca aj ako vank\u00fa\u0161 na le\u0148o\u0161enie na mojej dennej posteli.\u201d<\/p>\n<p>-\u201cZamatov\u00e1 l\u00e1tka je tak\u00e1 m\u00e4kk\u00e1 a luxusn\u00e1. C\u00edtim sa, akoby som spala v p\u00e4\u0165hviezdi\u010dkovom hoteli!\u201d<\/p>\n<p>Tak na\u010do \u010daka\u0165? Investujte e\u0161te dnes do zamatov\u00e9ho bordov\u00e9ho vank\u00fa\u0161a na hlavu postele Wedge Bolster Pillow Pillow a dodaj svojej sp\u00e1lni pohodlie a \u0161t\u00fdl.<\/p>","protected":false},"excerpt":{"rendered":"<ul>\n<li>IDE\u00c1LNE NA \u010c\u00cdTANIE PRED SP\u00c1NKOM: Tento \u010d\u00edtac\u00ed vank\u00fa\u0161 pon\u00faka v\u00fdnimo\u010dn\u00fa oporu chrbta a krku pre maxim\u00e1lne pohodlie pri \u010d\u00edtan\u00ed a sledovan\u00ed telev\u00edzie.<\/li>\n<li>V\u0160ESTRANN\u00c9 AKO \u010cELO POSTELE: Mnoho \u013eud\u00ed, najm\u00e4 vysoko\u0161kol\u00e1kov, oce\u0148uje dvojit\u00fa funkciu vank\u00fa\u0161a ako dekorat\u00edvneho a praktick\u00e9ho \u010dela postele.<\/li>\n<li>MULTIFUNK\u010cN\u00c9: Dostupn\u00e9 v r\u00f4znych ve\u013ekostiach pre \u0161tandardn\u00e9 postele, pri\u010dom ve\u013ek\u00e1 ve\u013ekos\u0165 sa perfektne hod\u00ed ako denn\u00e1 poste\u013e, ktor\u00e1 sl\u00fa\u017ei ako pohovka. Vhodn\u00e9 aj ako operadlo pre poschodov\u00e9 postele a ako \u010delo pre tradi\u010dn\u00e9 postele.<\/li>\n<li>JEDNODUCH\u00c9 \u010cISTENIE: Pripevnen\u00e9 gomb\u00edky nielen\u017ee vylep\u0161uj\u00fa tvar vank\u00fa\u0161a, ale umo\u017e\u0148uj\u00fa aj jednoduch\u00e9 odstr\u00e1nenie a pranie po\u0165ahu.<\/li>\n<li>PR\u00c9MIOV\u00c9 MATERI\u00c1LY: Klinov\u00e9 vank\u00fa\u0161e s\u00fa vyplnen\u00e9 polyuret\u00e1nom s vysokou hustotou pre vynikaj\u00facu oporu chrbta a s\u00fa vyroben\u00e9 z vizu\u00e1lne pr\u00ed\u0165a\u017elivej zamatovej l\u00e1tky (100% Polyester), ktor\u00e1 dopln\u00ed ak\u00fdko\u013evek interi\u00e9r.<\/li>\n<li>Materi\u00e1l: Zamat (100% Polyester).<\/li>\n<li>Ve\u013ekos\u0165: 45 cm (45*20*50 cm | 0 gomb\u00edkov); 60 cm (60*20*50 cm | 0 gomb\u00edkov); 80 cm (80*20*50 cm | 2 gomb\u00edky); 100 cm (100*20*50 cm | 3 gomb\u00edky); 120 cm (120*20*50 cm | 4 gomb\u00edky); 140 cm (140*20*50 cm | 4 gomb\u00edky); 160 cm (160*20*50 cm | 5 gomb\u00edkov); 180 cm (180*20*50 cm | 6 gomb\u00edkov); 200 cm (200*20*50 cm | 7 gomb\u00edkov).<\/li>\n<\/ul>","protected":false},"featured_media":785,"comment_status":"open","ping_status":"closed","template":"","meta":[],"product_brand":[],"product_cat":[15],"product_tag":[63,72,70,71,74,65,57,54,73,55,56,69],"class_list":{"0":"post-786","1":"product","2":"type-product","3":"status-publish","4":"has-post-thumbnail","6":"product_cat-pillows","7":"product_tag-backrest-pillow","8":"product_tag-bed-pillows","9":"product_tag-bunk-bed-pillow","10":"product_tag-burgundy-pillow","11":"product_tag-daybed-pillow","12":"product_tag-decorative-pillow","13":"product_tag-headboard-cushion","14":"product_tag-headboard-pillow","15":"product_tag-sofa-pillow","16":"product_tag-velvet-pillow","17":"product_tag-wedge-bolster-pillow","18":"product_tag-wedge-pillow","20":"first","21":"instock","22":"featured","23":"shipping-taxable","24":"purchasable","25":"product-type-variable","26":"has-default-attributes"},"_links":{"self":[{"href":"https:\/\/www.livingpillow.com\/sk\/wp-json\/wp\/v2\/product\/786","targetHints":{"allow":["GET"]}}],"collection":[{"href":"https:\/\/www.livingpillow.com\/sk\/wp-json\/wp\/v2\/product"}],"about":[{"href":"https:\/\/www.livingpillow.com\/sk\/wp-json\/wp\/v2\/types\/product"}],"replies":[{"embeddable":true,"href":"https:\/\/www.livingpillow.com\/sk\/wp-json\/wp\/v2\/comments?post=786"}],"wp:featuredmedia":[{"embeddable":true,"href":"https:\/\/www.livingpillow.com\/sk\/wp-json\/wp\/v2\/media\/785"}],"wp:attachment":[{"href":"https:\/\/www.livingpillow.com\/sk\/wp-json\/wp\/v2\/media?parent=786"}],"wp:term":[{"taxonomy":"product_brand","embeddable":true,"href":"https:\/\/www.livingpillow.com\/sk\/wp-json\/wp\/v2\/product_brand?post=786"},{"taxonomy":"product_cat","embeddable":true,"href":"https:\/\/www.livingpillow.com\/sk\/wp-json\/wp\/v2\/product_cat?post=786"},{"taxonomy":"product_tag","embeddable":true,"href":"https:\/\/www.livingpillow.com\/sk\/wp-json\/wp\/v2\/product_tag?post=786"}],"curies":[{"name":"wp","href":"https:\/\/api.w.org\/{rel}","templated":true}]}}