{"id":133,"date":"2024-02-22T08:35:07","date_gmt":"2024-02-22T08:35:07","guid":{"rendered":"https:\/\/www.livingpillow.com\/product\/wedge-bolster-pillow"},"modified":"2026-03-11T05:10:23","modified_gmt":"2026-03-11T05:10:23","slug":"klinasta-blazina-za-hrbet-platnena-bela","status":"publish","type":"product","link":"https:\/\/www.livingpillow.com\/sl\/product\/wedge-bolster-pillow-backsupport-cushion-linen-white","title":{"rendered":"Blazina za hrbet z vzglavnikom, bela"},"content":{"rendered":"<p>\u010ce radi berete ali gledate televizijo v postelji, a se te\u017eko namestite udobno, je ta vzglavnik s klinastim vzglavnikom idealna re\u0161itev. Ergonomsko oblikovan tako, da podpira va\u0161 hrbet in vrat, nudi vrhunsko oporo, ne glede na to, ali sedite ali le\u017eite. <\/p>\n<p>Z elegantno prevleko in paleto nevtralnih barv lahko vzglavnik slu\u017ei tudi kot privla\u010dno vzglavje ali naslonjalo za dnevno posteljo. Idealen je za \u0161tudentske sobe, otro\u0161ke sobe, postelje za goste, avtodome in drugo. Prevleka je snemljiva in pralna v pralnem stroju za enostavno vzdr\u017eevanje.<\/p>\n<p>Kaj pravijo stranke:<\/p>\n<p>\u201cTa blazina za hrbet je zame prava prelomnica. Kon\u010dno lahko berem v postelji brez bole\u010din v vratu ali hrbtu.\u201d<\/p>\n<p>\u201cZa svojo dnevno posteljo sem izbrala velikost 160 cm in izgleda tako ljubko, hkrati pa mi ponuja udoben prostor za naslonjenje.\u201d <\/p>\n<p>\u201cKupila sem ga za h\u010derino pogradno posteljo, da lahko udobno sedi. Rada ga uporablja za oporo pri branju.\u201d<\/p>\n<p>S svojo pametno klinasto obliko, visoko gosto oporo in elegantnim videzom ta blazina poskrbi, da bo po\u010ditek v postelji pravi u\u017eitek. Na voljo je v razli\u010dnih velikostih, da se prilega kateri koli postelji ali kav\u010du. Samo naslonite se nazaj in se sprostite v njenem objemu. Va\u0161 hrbet in vrat vam bosta hvale\u017ena!<\/p>","protected":false},"excerpt":{"rendered":"<ul>\n<li><strong>Idealno za branje v postelji:<\/strong> Izbolj\u0161ana opora za hrbet in vrat za vrhunsko udobje med branjem in gledanjem televizije.<\/li>\n<li><strong>Slu\u017ei tudi kot vzglavje postelje:<\/strong> Odli\u010dna izbira za dekoracijo in funkcionalnost, zlasti za \u0161tudente.<\/li>\n<li><strong>Vsestranska uporaba:<\/strong> Primerno za vse velikosti postelj, pri \u010demer se zakonska postelja popolnoma prilega dnevni postelji in slu\u017ei kot kav\u010d. Uporabna je tudi kot otro\u0161ka blazina za odbija\u010d, naslonjalo za pogradno posteljo ali vzglavje za avtodom\/prikolico.<\/li>\n<li><strong>Pralna zasnova:<\/strong> Ima snemljivo prevleko z gumbi za enostavno pranje in elegantno obliko.<\/li>\n<li><strong>Material vrhunske kakovosti:<\/strong> Polnjen z visoko gostoto poliuretana za robustno oporo hrbta, tkanina pa izbolj\u0161a notranjo estetiko.<\/li>\n<li><strong>Velikost:<\/strong> 100 cm (D100 x \u016026 x V55 | 3 stolpci z gumbi), 120 cm (D120 x \u016026 x V55 | 4 stolpci z gumbi), 140 cm (D140 x \u016026 x V55 | 4 stolpci z gumbi), 160 cm (D160 x \u016026 x V55 | 5 stolpcev z gumbi), 180 cm (D180 x \u016026 x V55 | 6 stolpcev z gumbi), 200 cm (D200 x \u016026 x V55 | 7 stolpcev z gumbi).<\/li>\n<\/ul>","protected":false},"featured_media":132,"comment_status":"open","ping_status":"closed","template":"","meta":[],"product_brand":[],"product_cat":[15],"product_tag":[151,101,68,74,58,53,152,56,100],"class_list":{"0":"post-133","1":"product","2":"type-product","3":"status-publish","4":"has-post-thumbnail","6":"product_cat-pillows","7":"product_tag-backsupport-cushion","8":"product_tag-bunk-bed-backrest","9":"product_tag-college-student-pillow","10":"product_tag-daybed-pillow","11":"product_tag-linen-pillow","12":"product_tag-reading-pillow","13":"product_tag-rvtrailer-headboard","14":"product_tag-wedge-bolster-pillow","15":"product_tag-white-linen-pillow","17":"first","18":"instock","19":"featured","20":"shipping-taxable","21":"purchasable","22":"product-type-variable","23":"has-default-attributes"},"_links":{"self":[{"href":"https:\/\/www.livingpillow.com\/sl\/wp-json\/wp\/v2\/product\/133","targetHints":{"allow":["GET"]}}],"collection":[{"href":"https:\/\/www.livingpillow.com\/sl\/wp-json\/wp\/v2\/product"}],"about":[{"href":"https:\/\/www.livingpillow.com\/sl\/wp-json\/wp\/v2\/types\/product"}],"replies":[{"embeddable":true,"href":"https:\/\/www.livingpillow.com\/sl\/wp-json\/wp\/v2\/comments?post=133"}],"wp:featuredmedia":[{"embeddable":true,"href":"https:\/\/www.livingpillow.com\/sl\/wp-json\/wp\/v2\/media\/132"}],"wp:attachment":[{"href":"https:\/\/www.livingpillow.com\/sl\/wp-json\/wp\/v2\/media?parent=133"}],"wp:term":[{"taxonomy":"product_brand","embeddable":true,"href":"https:\/\/www.livingpillow.com\/sl\/wp-json\/wp\/v2\/product_brand?post=133"},{"taxonomy":"product_cat","embeddable":true,"href":"https:\/\/www.livingpillow.com\/sl\/wp-json\/wp\/v2\/product_cat?post=133"},{"taxonomy":"product_tag","embeddable":true,"href":"https:\/\/www.livingpillow.com\/sl\/wp-json\/wp\/v2\/product_tag?post=133"}],"curies":[{"name":"wp","href":"https:\/\/api.w.org\/{rel}","templated":true}]}}