{"id":175,"date":"2024-02-22T08:53:01","date_gmt":"2024-02-22T08:53:01","guid":{"rendered":"https:\/\/www.livingpillow.com\/product\/large-headboard-cushion"},"modified":"2026-03-11T05:10:22","modified_gmt":"2026-03-11T05:10:22","slug":"velika-vzglavna-blazina-klinasta-blazina-iz-lana-siva","status":"publish","type":"product","link":"https:\/\/www.livingpillow.com\/sl\/product\/large-headboard-cushion-wedge-pillow-linen-grey","title":{"rendered":"Velika blazina za vzglavje, klinasta blazina, siva"},"content":{"rendered":"<p><strong>Nadgradite svoje no\u010dno udobje z veliko klinasto blazino za vzglavje v sivi barvi<\/strong><\/p>\n<p>Privo\u0161\u010dite si vrhunsko udobje in oporo med branjem, gledanjem televizije ali preprosto spro\u0161\u010danjem v postelji z na\u0161o veliko blazino za vzglavje v sivi barvi.<\/p>\n<p><strong>Izbolj\u0161ajte svojo bralno in televizijsko izku\u0161njo<\/strong><\/p>\n<p>Ta blazina nudi optimalno oporo za va\u0161 hrbet in vrat ter dvigne va\u0161o sprostitev na povsem novo raven. Poslovite se od nategov v vratu in bole\u010din v hrbtu, medtem ko se potopite v svoje najljub\u0161e knjige ali gledate svoje najljub\u0161e oddaje.<\/p>\n<p><strong>Vsestranska alternativa vzglavja<\/strong><\/p>\n<p>Ne glede na to, ali ste \u0161tudent, ki \u017eivi v \u0161tudentskem domu, ali i\u0161\u010dete dekorativno in funkcionalno nadgradnjo svojega spalnega prostora, je ta blazina idealna re\u0161itev. Njena oblika, podobna vzglavju, doda pridih stila, hkrati pa ponuja izjemno udobje.<\/p>\n<p><strong>Ve\u010dnamenska funkcionalnost<\/strong><\/p>\n<p>Velika blazina za vzglavje postelje je neverjetno vsestranska. Njene razli\u010dne velikosti se ujemajo z vsemi velikostmi postelj, vklju\u010dno z dnevnimi posteljami, kjer se brezhibno uporablja tudi kot kav\u010d. Slu\u017ei tudi kot odbija\u010d za otroke, naslonjalo za pogradne postelje in vzglavje za avtodome in prikolice.<\/p>\n<p><strong>Enostavno vzdr\u017eevanje in vrhunska kakovost<\/strong><\/p>\n<p>Vzglavnik ima snemljive gumbe za dinami\u010dno obliko in enostavno pranje. Polnilo iz poliuretana visoke gostote zagotavlja odli\u010dno oporo za hrbet, vizualno privla\u010dna tkanina pa se poda k vsakemu dekorju.<\/p>\n<p><strong>Mnenja strank<\/strong><\/p>\n<p>Na\u0161e stranke so navdu\u0161ene nad tem izdelkom:<\/p>\n<p>* \u201cTa blazina je tako udobna za branje v postelji. Popolnoma podpira moj hrbet in vrat.\u201d \u2013 Sarah J.<br \/>\n* \u201cV\u0161e\u010d mi je, da se lahko uporablja tako kot vzglavje kot tudi kot bralna blazina. Poleg tega se zelo enostavno pere.\u201d \u2013 Emily P.<\/p>\n<p>Spremenite svojo rutino spanja z na\u0161o veliko blazino za vzglavje postelje v sivi barvi. Njena vsestranskost, udobje in slog bodo izbolj\u0161ali va\u0161o sprostitev in ustvarili prijetno zato\u010di\u0161\u010de za spanec in prosti \u010das.<\/p>","protected":false},"excerpt":{"rendered":"<ul>\n<li><strong>Optimalno za branje v postelji:<\/strong>\u00a0Nudi odli\u010dno oporo za hrbet in vrat, kar pove\u010duje udobje med branjem in gledanjem televizije.<\/li>\n<li><strong>Alternativa funkcionalnemu vzglavju:<\/strong>\u00a0Idealno za \u0161tudente in druge, saj slu\u017ei tako dekorativnim kot funkcionalnim namenom.<\/li>\n<li><strong>Vsestranska uporaba:<\/strong>\u00a0Na voljo v vseh velikostih postelj. Velikost &quot;king size&quot; se odli\u010dno dopolnjuje z dnevno posteljo in slu\u017ei tudi kot kav\u010d. Slu\u017ei tudi kot odbija\u010d za otroke, naslonjalo za pogradne postelje in vzglavje za avtodome\/prikolice.<\/li>\n<li><strong>Pralna zasnova:<\/strong>\u00a0Ima snemljive gumbe za dinami\u010dno obliko in enostavno pranje.<\/li>\n<li><strong>Material vrhunske kakovosti:<\/strong>\u00a0Polnjeno z visoko gostoto poliuretana za vrhunsko oporo hrbta, z vizualno privla\u010dno tkanino, ki dopolnjuje va\u0161o dekoracijo.<\/li>\n<li><strong>Velikost:<\/strong> 100 cm (D100 x \u016026 x V55 | 3 stolpci z gumbi), 120 cm (D120 x \u016026 x V55 | 4 stolpci z gumbi), 140 cm (D140 x \u016026 x V55 | 4 stolpci z gumbi), 160 cm (D160 x \u016026 x V55 | 5 stolpcev z gumbi), 180 cm (D180 x \u016026 x V55 | 6 stolpcev z gumbi), 200 cm (D200 x \u016026 x V55 | 7 stolpcev z gumbi).<\/li>\n<\/ul>","protected":false},"featured_media":174,"comment_status":"open","ping_status":"closed","template":"","meta":[],"product_brand":[],"product_cat":[15],"product_tag":[66,63,84,68,144,97,143,81,87,94],"class_list":{"0":"post-175","1":"product","2":"type-product","3":"status-publish","4":"has-post-thumbnail","6":"product_cat-pillows","7":"product_tag-back-support-pillow","8":"product_tag-backrest-pillow","9":"product_tag-bumper-pillow","10":"product_tag-college-student-pillow","11":"product_tag-cushion-wedge-pillow","12":"product_tag-functional-headboard","13":"product_tag-large-headboard","14":"product_tag-neck-support-pillow","15":"product_tag-trailer-headboard","16":"product_tag-tv-pillow","18":"first","19":"instock","20":"featured","21":"shipping-taxable","22":"purchasable","23":"product-type-variable","24":"has-default-attributes"},"_links":{"self":[{"href":"https:\/\/www.livingpillow.com\/sl\/wp-json\/wp\/v2\/product\/175","targetHints":{"allow":["GET"]}}],"collection":[{"href":"https:\/\/www.livingpillow.com\/sl\/wp-json\/wp\/v2\/product"}],"about":[{"href":"https:\/\/www.livingpillow.com\/sl\/wp-json\/wp\/v2\/types\/product"}],"replies":[{"embeddable":true,"href":"https:\/\/www.livingpillow.com\/sl\/wp-json\/wp\/v2\/comments?post=175"}],"wp:featuredmedia":[{"embeddable":true,"href":"https:\/\/www.livingpillow.com\/sl\/wp-json\/wp\/v2\/media\/174"}],"wp:attachment":[{"href":"https:\/\/www.livingpillow.com\/sl\/wp-json\/wp\/v2\/media?parent=175"}],"wp:term":[{"taxonomy":"product_brand","embeddable":true,"href":"https:\/\/www.livingpillow.com\/sl\/wp-json\/wp\/v2\/product_brand?post=175"},{"taxonomy":"product_cat","embeddable":true,"href":"https:\/\/www.livingpillow.com\/sl\/wp-json\/wp\/v2\/product_cat?post=175"},{"taxonomy":"product_tag","embeddable":true,"href":"https:\/\/www.livingpillow.com\/sl\/wp-json\/wp\/v2\/product_tag?post=175"}],"curies":[{"name":"wp","href":"https:\/\/api.w.org\/{rel}","templated":true}]}}