{"id":399,"date":"2024-02-23T04:37:55","date_gmt":"2024-02-23T04:37:55","guid":{"rendered":"https:\/\/www.livingpillow.com\/product\/back-support-cushion"},"modified":"2026-03-03T01:21:07","modified_gmt":"2026-03-03T01:21:07","slug":"blazina-za-hrbet-cudovita-posteljna-blazina-zametno-modra","status":"publish","type":"product","link":"https:\/\/www.livingpillow.com\/sl\/product\/back-support-cushion-beautiful-bed-pillow-corduroy-azure","title":{"rendered":"Blazina za hrbet \u010cudovita blazina za posteljo Corduroy Azure"},"content":{"rendered":"<p><strong>Izbolj\u0161ajte svoje branje in sprostitev z na\u0161imi vrhunskimi trikotnimi bralnimi blazinami<\/strong><\/p>\n<p>Prepustite se prijetnemu branju ali gledanju televizije z na\u0161imi izjemnimi trikotnimi bralnimi blazinami. Zasnovane so tako, da zagotavljajo neprimerljivo oporo za hrbet in vrat, pove\u010dajo va\u0161o raven udobja in poskrbijo za prijetnej\u0161e spanje in prosti \u010das.<\/p>\n<p><strong>Vsestranski in eleganten<\/strong><\/p>\n<p>Ne glede na to, ali ste \u0161tudent in i\u0161\u010dete funkcionalno vzglavje ali \u017eelite nadgraditi svojo obstoje\u010do posteljo, so na\u0161e blazine za vas popolna re\u0161itev. Na voljo so v vseh velikostih postelj, vklju\u010dno z zakonsko posteljo, in priro\u010dno slu\u017eijo kot kav\u010di za dnevne postelje ali pa nudijo dodatno oporo kot naslonjalo za pogradno posteljo.<\/p>\n<p><strong>Enostavno vzdr\u017eevanje in vrhunska kakovost<\/strong><\/p>\n<p>Z odstranljivimi prevlekami, ki se pritrdijo z gumbi, so na\u0161e blazine enostavne za vzdr\u017eevanje. Preprosto odstranite prevleke za enostavno pranje, kar zagotavlja tako higieno kot stil. Te blazine, napolnjene z visoko gostoto poliuretana, zagotavljajo optimalno oporo za hrbet, njihova \u017eametna tkanina pa izbolj\u0161a estetiko vsakega prostora.<\/p>\n<p><strong>Pozitivne ocene zadovoljnih strank<\/strong><\/p>\n<p>\u201cTe blazine so tako udobne! Uporabljam jih za branje v postelji in resni\u010dno mi pomagajo. Hrbet in vrat me ne bolita ve\u010d.\u201d \u2013 Jane, preverjena stranka<\/p>\n<p>\u201cV\u0161e\u010d mi je, da lahko te blazine uporabljam na toliko razli\u010dnih na\u010dinov. Popolne so za mojo dnevno posteljo, pograd in celo kot vzglavje. Prevleke se enostavno perejo!\u201d \u2013 Mary, \u0161e ena zadovoljna stranka<\/p>\n<p><strong>Velikosti in mo\u017enosti<\/strong><\/p>\n<p>Na\u0161e blazine so na voljo v \u0161iroki paleti velikosti, da zadostijo va\u0161im specifi\u010dnim potrebam:<\/p>\n<p>* 45 cm (brez gumbov)<br \/>\n* 60 cm (brez gumbov)<br \/>\n* 80 cm (2 gumba)<br \/>\n* 100 cm (3 gumbi)<br \/>\n* 120 cm (4 gumbi)<br \/>\n* 140 cm (4 gumbi)<br \/>\n* 160 cm (5 gumbov)<br \/>\n* 180 cm (6 gumbov)<br \/>\n* 200 cm (7 gumbov)<\/p>\n<p><strong>Dvignite svoje udobje in stil<\/strong><\/p>\n<p>Naro\u010dite svojo trikotno bralno blazino \u0161e danes in do\u017eivite vrhunsko udobje in stil. Ne glede na to, ali se zvijate s knjigo, gledate film ali preprosto potrebujete dodatno oporo, bodo na\u0161e blazine izbolj\u0161ale va\u0161o sprostitev in prosti \u010das.<\/p>","protected":false},"excerpt":{"rendered":"<ul>\n<li><strong>Idealno za branje pred spanjem:<\/strong> Izbolj\u0161ajte svojo izku\u0161njo branja in gledanja televizije z odli\u010dno oporo za hrbet in vrat.<\/li>\n<li><strong>Alternativa funkcionalnemu vzglavju:<\/strong> Idealno za \u0161tudente, slu\u017ei tako kot dekorativno kot funkcionalno vzglavje.<\/li>\n<li><strong>Vsestranska uporaba:<\/strong> Na voljo v vseh velikostih postelj, pri \u010demer se velikost king size popolnoma prilega dnevnim posteljam in slu\u017ei kot kav\u010d. Uporabna je kot naslonjalo za pogradno posteljo ali samostojno vzglavje.<\/li>\n<li><strong>Pralna zasnova:<\/strong> S snemljivimi prevlekami s prilo\u017eenimi gumbi je enostavno pranje, kar prispeva k udobju in stilu blazine.<\/li>\n<li><strong>Premium material:<\/strong> Polnjena z visoko gostoto poliuretana za odli\u010dno oporo hrbta, njena tkanina izbolj\u0161a estetiko prostora.<\/li>\n<li><strong>Material:<\/strong> 100% Poliestrski korduroj.<\/li>\n<li><strong>Velikost:<\/strong> 45 cm (45*20*50 cm | 0 gumbov); 60 cm (60*20*50 cm | 0 gumbov); 80 cm (80*20*50 cm | 2 gumba); 100 cm (100*20*50 cm | 3 gumbi); 120 cm (120*20*50 cm | 4 gumbi); 140 cm (140*20*50 cm | 4 gumbi); 160 cm (160*20*50 cm | 5 gumbov); 180 cm (180*20*50 cm | 6 gumbov); 200 cm (200*20*50 cm | 7 gumbov).<\/li>\n<\/ul>","protected":false},"featured_media":398,"comment_status":"open","ping_status":"closed","template":"","meta":[],"product_brand":[],"product_cat":[15],"product_tag":[121,122,101,74,98,116,90,123],"class_list":{"0":"post-399","1":"product","2":"type-product","3":"status-publish","4":"has-post-thumbnail","6":"product_cat-pillows","7":"product_tag-back-support-cushion","8":"product_tag-beautiful-bed-pillow","9":"product_tag-bunk-bed-backrest","10":"product_tag-daybed-pillow","11":"product_tag-decorative-headboard","12":"product_tag-functional-headboard-alternative","13":"product_tag-king-size-pillow","14":"product_tag-standalone-headboard","16":"first","17":"instock","18":"featured","19":"shipping-taxable","20":"purchasable","21":"product-type-variable","22":"has-default-attributes"},"_links":{"self":[{"href":"https:\/\/www.livingpillow.com\/sl\/wp-json\/wp\/v2\/product\/399","targetHints":{"allow":["GET"]}}],"collection":[{"href":"https:\/\/www.livingpillow.com\/sl\/wp-json\/wp\/v2\/product"}],"about":[{"href":"https:\/\/www.livingpillow.com\/sl\/wp-json\/wp\/v2\/types\/product"}],"replies":[{"embeddable":true,"href":"https:\/\/www.livingpillow.com\/sl\/wp-json\/wp\/v2\/comments?post=399"}],"wp:featuredmedia":[{"embeddable":true,"href":"https:\/\/www.livingpillow.com\/sl\/wp-json\/wp\/v2\/media\/398"}],"wp:attachment":[{"href":"https:\/\/www.livingpillow.com\/sl\/wp-json\/wp\/v2\/media?parent=399"}],"wp:term":[{"taxonomy":"product_brand","embeddable":true,"href":"https:\/\/www.livingpillow.com\/sl\/wp-json\/wp\/v2\/product_brand?post=399"},{"taxonomy":"product_cat","embeddable":true,"href":"https:\/\/www.livingpillow.com\/sl\/wp-json\/wp\/v2\/product_cat?post=399"},{"taxonomy":"product_tag","embeddable":true,"href":"https:\/\/www.livingpillow.com\/sl\/wp-json\/wp\/v2\/product_tag?post=399"}],"curies":[{"name":"wp","href":"https:\/\/api.w.org\/{rel}","templated":true}]}}