{"id":429,"date":"2024-02-23T05:10:46","date_gmt":"2024-02-23T05:10:46","guid":{"rendered":"https:\/\/www.livingpillow.com\/product\/backrest-pillow"},"modified":"2026-03-03T01:21:32","modified_gmt":"2026-03-03T01:21:32","slug":"velika-blazina-za-hrbet-za-branje-za-kavc-z-raztegljivim-leziscem-zametno-siva","status":"publish","type":"product","link":"https:\/\/www.livingpillow.com\/sl\/product\/big-backrest-pillow-reading-cushion-for-sofa-bed-velvet-grey","title":{"rendered":"Velika blazina za hrbet za branje za kav\u010d z raztegljivim le\u017ei\u0161\u010dem, \u017eametno siva"},"content":{"rendered":"<p>Predstavljamo vam na\u0161o podporno bralno blazino, zasnovano za maksimalno udobje med branjem ali gledanjem televizije v postelji. Z visoko gostoto poliuretanskega polnila ta klinasta blazina nudi vrhunsko oporo za hrbet in vrat, kar vam omogo\u010da sprostitev v udobnem in podpornem polo\u017eaju.<\/p>\n<p>A to \u0161e ni vse \u2013 ta vsestranska blazina slu\u017ei kot odli\u010dna alternativa tradicionalnemu vzglavju, zaradi \u010desar je popolna za \u0161tudente in tiste, ki si v svoji spalnici \u017eelijo tako funkcionalne kot dekorativne kose. Poleg tega je na voljo v vseh velikostih za obi\u010dajne postelje, pri \u010demer je velikost king size popoln dodatek k dnevni postelji, ki jo lahko spremeni v prijeten kav\u010d.<\/p>\n<p>Inovativna zasnova te blazine omogo\u010da tudi enostavno pranje, saj ima pritrjene gumbe, ki ji ne le dajejo dinami\u010den videz, temve\u010d omogo\u010dajo tudi enostavno odstranitev in \u010di\u0161\u010denje prevleke.<\/p>\n<p>Ko govorimo o prevleki, je uporabljena tkanina 100% poliestrski \u017eamet, ki ne le prispeva k odli\u010dnemu vizualnemu u\u010dinku blazine, temve\u010d tudi polep\u0161a va\u0161o notranjo opremo.<\/p>\n<p>Vendar nam ne verjemite kar na besedo. Tukaj je nekaj komentarjev na\u0161ih zadovoljnih strank:<\/p>\n<p>\u2013 \u201cTa blazina je prelomnica pri branju v postelji. Nudi odli\u010dno oporo in zaradi nje je moje bralno do\u017eivetje veliko udobnej\u0161e.\u201d<br \/>\n\u2013 \u201cTo blazino rada uporabljam kot vzglavje! Moji spalnici doda edinstven in prijeten pridih.\u201d<br \/>\n\u2013 \u201cZa pograd sem kupila velikost 120 cm in odli\u010dno slu\u017ei kot naslonjalo. Odli\u010dna je tudi za sedenje in u\u010denje.\u201d<br \/>\n\u2013 \u201cGumbi na prevleki omogo\u010dajo enostavno odstranitev in pranje. V\u0161e\u010d mi je njena preprostost.\u201d<\/p>\n<p>Torej, ne glede na to, ali i\u0161\u010dete udoben na\u010din branja v postelji ali \u017eelite svoji spalnici dodati funkcionalen in eleganten pridih, je na\u0161a podporna bralna blazina popolna re\u0161itev. Izbirate lahko med razli\u010dnimi velikostmi in barvami, vklju\u010dno s priljubljenim sivim holandskim \u017eametom, in do\u017eivite vrhunsko udobje in oporo.<\/p>","protected":false},"excerpt":{"rendered":"<ul>\n<li><strong>Idealno za branje v postelji:<\/strong> U\u017eivajte v maksimalnem udobju med branjem ali gledanjem televizije z na\u0161o podporno bralno blazino, zasnovano za odli\u010dno oporo hrbtu in vratu.<\/li>\n<li><strong>Alternativa kot vzglavje postelje:<\/strong> Ta blazina je idealna za \u0161tudente in druge, saj slu\u017ei tako kot funkcionalno kot dekorativno vzglavje.<\/li>\n<li><strong>Ve\u010dnamenska uporaba:<\/strong> Na voljo v vseh velikostih za obi\u010dajne postelje; velikost &quot;king size&quot; se odli\u010dno dopolnjuje z dnevno posteljo in jo spremeni v kav\u010d. Primerna je tudi kot naslon za pograd ali za\u010dasno vzglavje.<\/li>\n<li><strong>Enostavno pranje:<\/strong> Inovativna oblika vklju\u010duje pritrjene gumbe za dinami\u010den videz ter enostavno odstranitev in pranje prevleke.<\/li>\n<li><strong>Visokokakovosten material:<\/strong> Tkanina klinaste blazine, polnjena z visoko gostoto poliuretana za vrhunsko oporo hrbta, s svojim odli\u010dnim vizualnim u\u010dinkom polep\u0161a tudi va\u0161o notranjo opremo.<\/li>\n<li><strong>Blago:<\/strong> \u017damet (100% poliester).<\/li>\n<li><strong>Velikost:<\/strong> 45 cm (45*20*50 cm | 0 gumbov); 60 cm (60*20*50 cm | 0 gumbov); 80 cm (80*20*50 cm | 2 gumba); 100 cm (100*20*50 cm | 3 gumbi); 120 cm (120*20*50 cm | 4 gumbi); 140 cm (140*20*50 cm | 4 gumbi); 160 cm (160*20*50 cm | 5 gumbov); 180 cm (180*20*50 cm | 6 gumbov); 200 cm (200*20*50 cm | 7 gumbov).<\/li>\n<\/ul>","protected":false},"featured_media":428,"comment_status":"open","ping_status":"closed","template":"","meta":[],"product_brand":[],"product_cat":[15],"product_tag":[63,79,120,109,91,111,119],"class_list":{"0":"post-429","1":"product","2":"type-product","3":"status-publish","4":"has-post-thumbnail","6":"product_cat-pillows","7":"product_tag-backrest-pillow","8":"product_tag-bedroom-decoration","9":"product_tag-big-backrest-pillow","10":"product_tag-high-density-polyurethane-pillow","11":"product_tag-multipurpose-pillow","12":"product_tag-reading-cushion","13":"product_tag-sofa-bed-pillow","15":"first","16":"instock","17":"shipping-taxable","18":"purchasable","19":"product-type-variable","20":"has-default-attributes"},"_links":{"self":[{"href":"https:\/\/www.livingpillow.com\/sl\/wp-json\/wp\/v2\/product\/429","targetHints":{"allow":["GET"]}}],"collection":[{"href":"https:\/\/www.livingpillow.com\/sl\/wp-json\/wp\/v2\/product"}],"about":[{"href":"https:\/\/www.livingpillow.com\/sl\/wp-json\/wp\/v2\/types\/product"}],"replies":[{"embeddable":true,"href":"https:\/\/www.livingpillow.com\/sl\/wp-json\/wp\/v2\/comments?post=429"}],"wp:featuredmedia":[{"embeddable":true,"href":"https:\/\/www.livingpillow.com\/sl\/wp-json\/wp\/v2\/media\/428"}],"wp:attachment":[{"href":"https:\/\/www.livingpillow.com\/sl\/wp-json\/wp\/v2\/media?parent=429"}],"wp:term":[{"taxonomy":"product_brand","embeddable":true,"href":"https:\/\/www.livingpillow.com\/sl\/wp-json\/wp\/v2\/product_brand?post=429"},{"taxonomy":"product_cat","embeddable":true,"href":"https:\/\/www.livingpillow.com\/sl\/wp-json\/wp\/v2\/product_cat?post=429"},{"taxonomy":"product_tag","embeddable":true,"href":"https:\/\/www.livingpillow.com\/sl\/wp-json\/wp\/v2\/product_tag?post=429"}],"curies":[{"name":"wp","href":"https:\/\/api.w.org\/{rel}","templated":true}]}}