{"id":605,"date":"2024-02-23T10:22:42","date_gmt":"2024-02-23T10:22:42","guid":{"rendered":"https:\/\/www.livingpillow.com\/product\/large-back-pillow-for-bed"},"modified":"2026-04-22T01:07:04","modified_gmt":"2026-04-22T01:07:04","slug":"velika-hrbtna-blazina-za-posteljo-velika-klinasta-blazina-iz-lana-bela","status":"publish","type":"product","link":"https:\/\/www.livingpillow.com\/sl\/product\/large-back-pillow-for-bed-big-wedge-cushion-linen-white","title":{"rendered":"Velika vzglavna blazina za posteljo, velika klinasta blazina, bela"},"content":{"rendered":"<p>Predstavljamo vam popolno bralno blazino: va\u0161 vrhunski spremljevalec za udobje<\/p>\n<p>Ste naveli\u010dani nelagodja med branjem ali gledanjem televizije v postelji? Pozdravite popolno re\u0161itev: bralno blazino! Na\u0161e bralne blazine nudijo odli\u010dno oporo za hrbet in vrat ter vam zagotavljajo maksimalno udobje med spro\u0161\u010danjem.<\/p>\n<p>Pa to \u0161e ni vse \u2013 na\u0161a bralna blazina je odli\u010dna alternativa tudi kot vzglavje. Mnogi ljudje, zlasti \u0161tudenti, menijo, da je blazina popolna tako kot dekorativno kot funkcionalno vzglavje. Z razli\u010dnimi velikostmi, ki ustrezajo obi\u010dajnim posteljam in le\u017ealnikom, so na\u0161e blazine popolne za \u0161irok spekter potreb. Uporabljajo se lahko celo kot odbija\u010di za otroke, naslonjala za pogradne postelje in vzglavja za avtodome in prikolice.<\/p>\n<p>Ena najbolj\u0161ih stvari pri na\u0161i blazini je enostavnost \u010di\u0161\u010denja. Prilo\u017eeni gumbi ne le ustvarijo dinami\u010dno obliko blazine, ampak tudi omogo\u010dajo odstranitev in pranje prevleke. \u0160e nikoli ni bilo la\u017eje vzdr\u017eevati bralne blazine \u010diste in sve\u017ee!<\/p>\n<p>Na\u0161e bralne blazine so izdelane iz visokokakovostnih materialov, ki zagotavljajo maksimalno udobje in oporo. Napolnjene so z visoko gostoto poliuretana za odli\u010dno oporo, tkanina klinastih blazin pa ima vizualno privla\u010den u\u010dinek, ki se ujema z va\u0161o notranjo opremo.<\/p>\n<p>Ponujamo razli\u010dne velikosti, ki ustrezajo va\u0161im potrebam, od 45 cm do 200 cm. In iz na\u0161ih komentarjev o izdelkih lahko vidite, kako zelo so na\u0161e stranke navdu\u0161ene nad svojimi bralnimi blazinami. Tukaj je le nekaj primerov:<\/p>\n<p>\u2013 \u201cTa blazina je odli\u010dna za branje v postelji, material pa je tako mehak in udoben!\u201d<br \/>\n\u2013 \u201cTo sem kupila kot vzglavje za h\u010derkino sobo in ona ga je popolnoma obo\u017euje. Izgleda odli\u010dno in nudi odli\u010dno oporo.\u201d<br \/>\n\u2013 \u201cTo sem kupil za sinovo pogradno posteljo in odli\u010dno deluje kot naslonjalo. Odli\u010dna kakovost in enostavno \u010di\u0161\u010denje.\u201d<\/p>\n<p>Torej, kaj \u0161e \u010dakate? Pridobite si svojo popolno bralno blazino \u0161e danes in do\u017eivite vrhunsko udobje in oporo.<\/p>","protected":false},"excerpt":{"rendered":"<ul>\n<li><strong>IDEALNO ZA BRANJE V POSTELJI:<\/strong> Ta bralna blazina nudi odli\u010dno oporo za hrbet in vrat za maksimalno udobje med branjem in gledanjem televizije.<\/li>\n<li><strong>ALTERNATIVA KOT VZGLAVJE POSTELJE:<\/strong> Mnogi ljudje, zlasti \u0161tudenti, menijo, da je blazina popolna kot dekorativno in funkcionalno vzglavje.<\/li>\n<li><strong>VE\u010cNAMENSKO:<\/strong> Na\u0161e blazine so na voljo v razli\u010dnih velikostih, tako da ustrezajo obi\u010dajnim posteljam kot tudi dnevnim posteljam. Uporabljajo se lahko tudi kot odbija\u010di za otroke, naslonjala za pogradne postelje in vzglavja za avtodome in prikolice.<\/li>\n<li><strong>ENOSTAVNO ZA PRANJE:<\/strong> Prilo\u017eeni gumbi ne le ustvarjajo dinami\u010dno obliko blazine, temve\u010d omogo\u010dajo tudi odstranitev in pranje prevleke.<\/li>\n<li><strong>VISOKOKAKOVNI MATERIAL:<\/strong> Our back support pillows are stuffed with high-density, high-quality polyester fibers to provide excellent support, while the fabric of the wedge pillows has a visually appealing effect that matches your interior decoration.<\/li>\n<li><strong>Velikost:<\/strong> 45 cm (45*20*50 cm | 0 gumbov); 60 cm (60*20*50 cm | 0 gumbov); 80 cm (80*20*50 cm | 2 gumba); 100 cm (100*20*50 cm | 3 gumbi); 120 cm (120*20*50 cm | 4 gumbi); 140 cm (140*20*50 cm | 4 gumbi); 160 cm (160*20*50 cm | 5 gumbov); 180 cm (180*20*50 cm | 6 gumbov); 200 cm (200*20*50 cm | 7 gumbov).<\/li>\n<\/ul>","protected":false},"featured_media":604,"comment_status":"open","ping_status":"closed","template":"","meta":[],"product_brand":[],"product_cat":[15],"product_tag":[66,80,84,101,54,99,81,53,86,60,100],"class_list":{"0":"post-605","1":"product","2":"type-product","3":"status-publish","4":"has-post-thumbnail","6":"product_cat-pillows","7":"product_tag-back-support-pillow","8":"product_tag-bed-pillow","9":"product_tag-bumper-pillow","10":"product_tag-bunk-bed-backrest","11":"product_tag-headboard-pillow","12":"product_tag-large-back-pillow","13":"product_tag-neck-support-pillow","14":"product_tag-reading-pillow","15":"product_tag-rv-headboard","16":"product_tag-wedge-cushion","17":"product_tag-white-linen-pillow","19":"first","20":"instock","21":"shipping-taxable","22":"purchasable","23":"product-type-variable","24":"has-default-attributes"},"_links":{"self":[{"href":"https:\/\/www.livingpillow.com\/sl\/wp-json\/wp\/v2\/product\/605","targetHints":{"allow":["GET"]}}],"collection":[{"href":"https:\/\/www.livingpillow.com\/sl\/wp-json\/wp\/v2\/product"}],"about":[{"href":"https:\/\/www.livingpillow.com\/sl\/wp-json\/wp\/v2\/types\/product"}],"replies":[{"embeddable":true,"href":"https:\/\/www.livingpillow.com\/sl\/wp-json\/wp\/v2\/comments?post=605"}],"wp:featuredmedia":[{"embeddable":true,"href":"https:\/\/www.livingpillow.com\/sl\/wp-json\/wp\/v2\/media\/604"}],"wp:attachment":[{"href":"https:\/\/www.livingpillow.com\/sl\/wp-json\/wp\/v2\/media?parent=605"}],"wp:term":[{"taxonomy":"product_brand","embeddable":true,"href":"https:\/\/www.livingpillow.com\/sl\/wp-json\/wp\/v2\/product_brand?post=605"},{"taxonomy":"product_cat","embeddable":true,"href":"https:\/\/www.livingpillow.com\/sl\/wp-json\/wp\/v2\/product_cat?post=605"},{"taxonomy":"product_tag","embeddable":true,"href":"https:\/\/www.livingpillow.com\/sl\/wp-json\/wp\/v2\/product_tag?post=605"}],"curies":[{"name":"wp","href":"https:\/\/api.w.org\/{rel}","templated":true}]}}