{"id":63,"date":"2024-02-22T06:31:12","date_gmt":"2024-02-22T06:31:12","guid":{"rendered":"https:\/\/www.livingpillow.com\/product\/back-pillow-for-sleeping"},"modified":"2026-03-11T05:10:28","modified_gmt":"2026-03-11T05:10:28","slug":"vzglavnik-za-spanje-velika-klinasta-blazina-iz-lana-vijolicna","status":"publish","type":"product","link":"https:\/\/www.livingpillow.com\/sl\/product\/back-pillow-for-sleeping-big-wedge-cushion-linen-purple","title":{"rendered":"Vzglavnik za hrbet za spanje, velik klinast vzglavnik, vijoli\u010den"},"content":{"rendered":"<p>Odkrijte vrhunsko oporo za hrbet z vzglavnikom za spanje<\/p>\n<p>\u010ce radi berete v postelji ali gledate televizijo, a se te\u017eko namestite udobno, je vzglavnik za spanje re\u0161itev. Ta velik klinast vzglavnik, ki je na voljo v razli\u010dnih velikostih od 100 cm do 200 cm, zaradi svoje ergonomske trikotne oblike zagotavlja odli\u010dno oporo za hrbet in vrat. <\/p>\n<p>Izdelana iz poliuretana visoke gostote in prevle\u010dena z mehko, zra\u010dno tkanino, se hrbtna blazina popolnoma prilagodi va\u0161emu telesu za maksimalno udobje. Snemljiva prevleka ima gumbe za enostavno odstranitev in pranje v pralnem stroju.  <\/p>\n<p>Ta vsestranska blazina ni le naslonjalo, temve\u010d slu\u017ei tudi kot privla\u010dno vzglavje, \u0161e posebej prakti\u010dno za \u0161tudentske sobe. Uporabite jo lahko celo kot odbija\u010d, da otroci ne bi padli iz postelje. Idealna je tudi za dnevne postelje, pograde, avtodome in prikolice. <\/p>\n<p>Stranke so navdu\u0161ene nad udobjem in vsestranskostjo vzglavnika za hrbet:<\/p>\n<p>\u201cRada berem v postelji, vendar se nikoli nisem mogla udobno namestiti. Ta blazina za hrbet je prelomnica! Moj hrbet je tako dobro podprt in me ne boli niti po urah branja.\u201d<\/p>\n<p>\u201cSobo za goste smo spremenili v improviziran medijski prostor in ta vzglavnik za hrbet je kot nala\u0161\u010d za filmske ve\u010dere! V njem se lahko udobno sprosti vsa dru\u017eina.\u201d <\/p>\n<p>\u201cZa svoj avtodom sem kupil 200 cm veliko blazino. Zapolni celoten zadnji spalni prostor in naredi moja potovanja veliko bolj udobna.\u201d<\/p>\n<p>\u201cTa \u010dudovita majhna blazina za hrbet prepre\u010duje, da bi se moj mal\u010dek skotalil iz pograda. Poleg tega je blago tako ljubko z njegovimi rjuhami z vesoljsko tematiko!\u201d<\/p>\n<p>Z velikostmi, ki ustrezajo vsaki postelji ali namenu, vzglavnik za spanje prina\u0161a ve\u010dnamensko udobje in stil. Po\u017eivite svoj hrbet, vrat in dekor \u0161e danes!<\/p>","protected":false},"excerpt":{"rendered":"<ul>\n<li><strong>Idealno za branje in gledanje televizije:<\/strong> Zagotavlja odli\u010dno oporo za hrbet in vrat za maksimalno udobje med branjem ali gledanjem televizije.<\/li>\n<li><strong>Vsestransko vzglavje:<\/strong> Idealno kot dekorativno in funkcionalno vzglavje, \u0161e posebej za \u0161tudente.<\/li>\n<li><strong>Ve\u010dnamensko:<\/strong> Na voljo v razli\u010dnih velikostih za obi\u010dajne postelje, dnevne postelje, pograde in avtodome\/prikolice. Uporablja se lahko tudi kot otro\u0161ki odbija\u010d.<\/li>\n<li><strong>Enostavno \u010di\u0161\u010denje:<\/strong> Snemljiva in pralna prevleka zaradi prilo\u017eenih gumbov.<\/li>\n<li><strong>Premium materiali:<\/strong> Polnjen z visoko gostoto poliuretana za odli\u010dno oporo hrbta in prevle\u010den z vizualno privla\u010dno tkanino, ki se poda k vsakemu dekorju.<\/li>\n<li><strong>Velikost:<\/strong> 100 cm (D100 x \u016026 x V55 | 3 stolpci z gumbi), 120 cm (D120 x \u016026 x V55 | 4 stolpci z gumbi), 140 cm (D140 x \u016026 x V55 | 4 stolpci z gumbi), 160 cm (D160 x \u016026 x V55 | 5 stolpcev z gumbi), 180 cm (D180 x \u016026 x V55 | 6 stolpcev z gumbi), 200 cm (D200 x \u016026 x V55 | 7 stolpcev z gumbi).<\/li>\n<\/ul>","protected":false},"featured_media":62,"comment_status":"open","ping_status":"closed","template":"","meta":[],"product_brand":[],"product_cat":[15],"product_tag":[164,82,84,70,170,74,98,58,91,166,53,168,165,169,134,167],"class_list":{"0":"post-63","1":"product","2":"type-product","3":"status-publish","4":"has-post-thumbnail","6":"product_cat-pillows","7":"product_tag-back-pillow","8":"product_tag-big-wedge-cushion","9":"product_tag-bumper-pillow","10":"product_tag-bunk-bed-pillow","11":"product_tag-child-pillow","12":"product_tag-daybed-pillow","13":"product_tag-decorative-headboard","14":"product_tag-linen-pillow","15":"product_tag-multipurpose-pillow","16":"product_tag-purple-cushion","17":"product_tag-reading-pillow","18":"product_tag-rv-pillow","19":"product_tag-sleeping-pillow","20":"product_tag-trailer-pillow","21":"product_tag-versatile-headboard","22":"product_tag-watching-tv-pillow","24":"first","25":"instock","26":"featured","27":"shipping-taxable","28":"purchasable","29":"product-type-variable","30":"has-default-attributes"},"_links":{"self":[{"href":"https:\/\/www.livingpillow.com\/sl\/wp-json\/wp\/v2\/product\/63","targetHints":{"allow":["GET"]}}],"collection":[{"href":"https:\/\/www.livingpillow.com\/sl\/wp-json\/wp\/v2\/product"}],"about":[{"href":"https:\/\/www.livingpillow.com\/sl\/wp-json\/wp\/v2\/types\/product"}],"replies":[{"embeddable":true,"href":"https:\/\/www.livingpillow.com\/sl\/wp-json\/wp\/v2\/comments?post=63"}],"wp:featuredmedia":[{"embeddable":true,"href":"https:\/\/www.livingpillow.com\/sl\/wp-json\/wp\/v2\/media\/62"}],"wp:attachment":[{"href":"https:\/\/www.livingpillow.com\/sl\/wp-json\/wp\/v2\/media?parent=63"}],"wp:term":[{"taxonomy":"product_brand","embeddable":true,"href":"https:\/\/www.livingpillow.com\/sl\/wp-json\/wp\/v2\/product_brand?post=63"},{"taxonomy":"product_cat","embeddable":true,"href":"https:\/\/www.livingpillow.com\/sl\/wp-json\/wp\/v2\/product_cat?post=63"},{"taxonomy":"product_tag","embeddable":true,"href":"https:\/\/www.livingpillow.com\/sl\/wp-json\/wp\/v2\/product_tag?post=63"}],"curies":[{"name":"wp","href":"https:\/\/api.w.org\/{rel}","templated":true}]}}