{"id":658,"date":"2024-02-23T13:50:30","date_gmt":"2024-02-23T13:50:30","guid":{"rendered":"https:\/\/www.livingpillow.com\/product\/large-wedge-pillow"},"modified":"2026-03-11T05:10:20","modified_gmt":"2026-03-11T05:10:20","slug":"velika-klinasta-blazina-za-veliko-posteljo-bralna-blazina-iz-lana-rumene-barve","status":"publish","type":"product","link":"https:\/\/www.livingpillow.com\/sl\/product\/large-wedge-pillow-big-bed-reading-cushion-linen-yellow","title":{"rendered":"Velika klinasta blazina za branje za veliko posteljo, rumena"},"content":{"rendered":"<p><strong>Vrhunska podpora za hrbet in stil: Predstavljamo na\u0161o vsestransko trikotno bralno blazino<\/strong><\/p>\n<p>I\u0161\u010dete udoben in eleganten na\u010din za izbolj\u0161anje bralne ali televizijske izku\u0161nje? Na\u0161a vrhunska trikotna bralna blazina je prava izbira za vas!<\/p>\n<p><strong>Udobje, ki obdaja<\/strong><\/p>\n<p>Na\u0161a bralna blazina nudi neprimerljivo oporo za hrbet in vrat ter ustvarja prijeten koti\u010dek za maksimalno udobje. Potopite se v njeno pli\u0161asto polnilo in pustite, da se vse skrbi stopijo, medtem ko se prepustite o\u010darljivi knjigi ali gledate svoje najljub\u0161e oddaje.<\/p>\n<p><strong>Vsestranski in prakti\u010dni<\/strong><\/p>\n<p>Poleg svoje primarne funkcije na\u0161a vsestranska blazina ponuja \u0161e vrsto dodatnih uporab:<\/p>\n<p><strong>Alternativa vzglavja:<\/strong> Idealna za \u0161tudente in druge, va\u0161i postelji doda dekorativen in prakti\u010den pridih.<br \/>\n<strong>Ve\u010dnamenska blazina:<\/strong> Na voljo v vseh obi\u010dajnih velikostih postelj, vklju\u010dno z zakonsko posteljo, ki slu\u017ei tudi kot udoben kav\u010d.<br \/>\n<strong>Odbija\u010d in naslonjalo za posteljo:<\/strong> Za\u0161\u010ditite svoje mal\u010dke pred udarci in jim ustvarite varen in spodbuden prostor.<br \/>\n<strong>Vzglavje za avtodome in prikolice:<\/strong> Izbolj\u0161ajte udobje svojega avtodoma ali prikolice z elegantnim in prakti\u010dnim vzglavjem.<\/p>\n<p><strong>Enostavna nega in dolgotrajna<\/strong><\/p>\n<p>Razumemo, da je udobje klju\u010dnega pomena. Zato ima na\u0161a blazina pritrjene gumbe, ki ne le poudarijo njen stil, temve\u010d tudi omogo\u010dajo snemljivost in enostavno pranje prevleke. Visokokakovostno poliuretansko polnilo zagotavlja odli\u010dno oporo hrbtu in dolgo \u017eivljenjsko dobo.<\/p>\n<p><strong>Izberite svojo popolno velikost<\/strong><\/p>\n<p>Na\u0161a trikotna bralna blazina je na voljo v razli\u010dnih velikostih, da ustreza va\u0161im potrebam:<\/p>\n<p>0 gumbov: 45 cm, 60 cm<br \/>\n2 gumba: 80 cm<br \/>\n3 gumbi: 100 cm<br \/>\n4 gumbi: 120 cm, 140 cm<br \/>\n5 gumbov: 160 cm<br \/>\n6 gumbov: 180 cm<br \/>\n7 gumbov: 200 cm<\/p>\n<p><strong>Udobje, ki ga je potrdila stranka<\/strong><\/p>\n<p>Na\u0161e stranke so navdu\u0161ene nad neprimerljivim udobjem, ki ga nudi na\u0161a trikotna bralna blazina. Z ve\u010d kot 150 pozitivnimi ocenami je vedno znova prejela pohvale za svojo vsestranskost, oporo in elegantno obliko.<\/p>\n<p><strong>Izbolj\u0161ajte svoje branje in sprostitev \u0161e danes<\/strong><\/p>\n<p>Spremenite svojo bralno in sprostitveno rutino z vrhunskim udobjem in stilom na\u0161e trikotne bralne blazine. Naro\u010dite zdaj in do\u017eivite bla\u017een objem podpore in prefinjenosti!<\/p>","protected":false},"excerpt":{"rendered":"<ul>\n<li><strong>Idealno za branje in gledanje televizije:<\/strong>\u00a0Zagotavlja odli\u010dno oporo za hrbet in vrat za maksimalno udobje med branjem v postelji ali gledanjem televizije.<\/li>\n<li><strong>Alternativa kot vzglavje postelje:<\/strong>\u00a0Blazina je idealna za \u0161tudente in druge, saj se lahko uporablja kot dekorativno in funkcionalno vzglavje.<\/li>\n<li><strong>Ve\u010dnamensko:<\/strong>\u00a0Na voljo v vseh velikostih za obi\u010dajne postelje, velikost king size se popolnoma prilega dnevni postelji in lahko slu\u017ei tudi kot kav\u010d. Uporablja se lahko tudi kot odbija\u010d za otroke, naslonjala za hrbet pogradnih postelj in vzglavja za avtodome in prikolice.<\/li>\n<li><strong>Enostavno pranje:<\/strong>\u00a0Prilo\u017eeni gumbi dodajo stil, prevleka pa je snemljiva in pralna.<\/li>\n<li><strong>Visokokakovosten material:<\/strong>\u00a0Polnjeno z visoko gosto poliuretanskim polnilom za odli\u010dno oporo hrbta. Blago ima odli\u010den vizualni u\u010dinek, ki se poda k vsaki notranji opremi.<\/li>\n<li><strong>Velikost:<\/strong> 45 cm (45*20*50 cm | 0 gumbov); 60 cm (60*20*50 cm | 0 gumbov); 80 cm (80*20*50 cm | 2 gumba); 100 cm (100*20*50 cm | 3 gumbi); 120 cm (120*20*50 cm | 4 gumbi); 140 cm (140*20*50 cm | 4 gumbi); 160 cm (160*20*50 cm | 5 gumbov); 180 cm (180*20*50 cm | 6 gumbov); 200 cm (200*20*50 cm | 7 gumbov).<\/li>\n<\/ul>","protected":false},"featured_media":657,"comment_status":"open","ping_status":"closed","template":"","meta":[],"product_brand":[],"product_cat":[15],"product_tag":[66,92,93,95,74,59,87,94],"class_list":{"0":"post-658","1":"product","2":"type-product","3":"status-publish","4":"has-post-thumbnail","6":"product_cat-pillows","7":"product_tag-back-support-pillow","8":"product_tag-big-bed-reading-cushion","9":"product_tag-bumper-pillows","10":"product_tag-bunk-bed-back-rests","11":"product_tag-daybed-pillow","12":"product_tag-large-wedge-pillow","13":"product_tag-trailer-headboard","14":"product_tag-tv-pillow","16":"first","17":"instock","18":"featured","19":"shipping-taxable","20":"purchasable","21":"product-type-variable","22":"has-default-attributes"},"_links":{"self":[{"href":"https:\/\/www.livingpillow.com\/sl\/wp-json\/wp\/v2\/product\/658","targetHints":{"allow":["GET"]}}],"collection":[{"href":"https:\/\/www.livingpillow.com\/sl\/wp-json\/wp\/v2\/product"}],"about":[{"href":"https:\/\/www.livingpillow.com\/sl\/wp-json\/wp\/v2\/types\/product"}],"replies":[{"embeddable":true,"href":"https:\/\/www.livingpillow.com\/sl\/wp-json\/wp\/v2\/comments?post=658"}],"wp:featuredmedia":[{"embeddable":true,"href":"https:\/\/www.livingpillow.com\/sl\/wp-json\/wp\/v2\/media\/657"}],"wp:attachment":[{"href":"https:\/\/www.livingpillow.com\/sl\/wp-json\/wp\/v2\/media?parent=658"}],"wp:term":[{"taxonomy":"product_brand","embeddable":true,"href":"https:\/\/www.livingpillow.com\/sl\/wp-json\/wp\/v2\/product_brand?post=658"},{"taxonomy":"product_cat","embeddable":true,"href":"https:\/\/www.livingpillow.com\/sl\/wp-json\/wp\/v2\/product_cat?post=658"},{"taxonomy":"product_tag","embeddable":true,"href":"https:\/\/www.livingpillow.com\/sl\/wp-json\/wp\/v2\/product_tag?post=658"}],"curies":[{"name":"wp","href":"https:\/\/api.w.org\/{rel}","templated":true}]}}