{"id":684,"date":"2024-02-23T14:01:32","date_gmt":"2024-02-23T14:01:32","guid":{"rendered":"https:\/\/www.livingpillow.com\/product\/cushion-for-headboard"},"modified":"2026-03-11T05:10:19","modified_gmt":"2026-03-11T05:10:19","slug":"blazina-za-vzglavje-postelje-bralna-blazina-lan-rjava","status":"publish","type":"product","link":"https:\/\/www.livingpillow.com\/sl\/product\/cushion-for-headboard-bed-reading-pillow-linen-brown","title":{"rendered":"Blazina za vzglavje postelje bralna blazina rjava"},"content":{"rendered":"<p>Tukaj je osnutek \u010dlanka s predstavitvijo izdelka za vzglavnik za podporo hrbta:<\/p>\n<p>U\u017eivajte v vrhunskem udobju z na\u0161o bralno blazino za podporo hrbta<\/p>\n<p>Radi berete ali gledate televizijo v postelji, vendar se te\u017eko namestite udobno? Na\u0161a ve\u010dnamenska blazina za oporo hrbta je ergonomsko zasnovana tako, da zagotavlja odli\u010dno oporo vratu, hrbtu in rokam, ne glede na to, ali sedite vzravnano ali le\u017eite. <\/p>\n<p>Ta oblazinjena klinasta blazina doda dekorativni pridih vsaki spalnici ali bivalnemu prostoru. Na voljo je v razli\u010dnih \u0161irinah od 45 cm do prostornih 200 cm, tako da je na voljo velikost, primerna za enojne postelje ali vzmetnice velikosti king size.<\/p>\n<p>Ta vsestranska naslonjala niso le vzglavniki za branje, temve\u010d so idealna tudi kot vzglavje za postelje za goste, otro\u0161ke sobe, spalnice in celo avtodome. Snemljiva prevleka se odpne zadrgo za enostavno odstranitev in pranje v pralnem stroju. <\/p>\n<p>Stranke so navdu\u0161ene nad tem, kako podporna, a hkrati mehka je ta blazina, zaradi \u010desar je udobna za ve\u010durno branje, delo na prenosniku, igranje iger ali preprosto spro\u0161\u010danje. Polnilo iz poliuretana visoke gostote se s\u010dasoma tudi ne bo splo\u0161\u010dilo.<\/p>\n<p>Ne glede na to, ali potrebujete oporo za hrbet pri delu od doma, dodatno udobje med okrevanjem po bolezni ali po\u0161kodbi ali pa se preprosto \u017eelite sprostiti ob dobri knjigi, je na\u0161a bralna blazina prava izbira za vas. V svojo spalnico vnesite lahkotno ergonomsko oporo in preprost slog \u0161e danes.<\/p>","protected":false},"excerpt":{"rendered":"<ul>\n<li><strong>IDEALNO ZA BRANJE V POSTELJI:<\/strong> Ta vzglavnik za podporo hrbta zagotavlja odli\u010dno udobje med branjem ali gledanjem televizije, z visoko gostoto poliuretanskega polnila, ki podpira va\u0161 vrat in hrbet.<\/li>\n<li><strong>ALTERNATIVA KOT VZGLAVJE POSTELJE:<\/strong> Ta funkcionalna in dekorativna blazina ni le bralna blazina, temve\u010d je odli\u010dna tudi kot vzglavje za \u0161tudente ali kogar koli, ki si \u017eeli ustvarjalne re\u0161itve.<\/li>\n<li><strong>VE\u010cNAMENSKO:<\/strong> Ta klinasta blazina, ki je na voljo v ve\u010d velikostih, je odli\u010dna za obi\u010dajne postelje, dnevne postelje, otro\u0161ke blazine za odbija\u010de, naslonjala za pograde in celo vzglavja za avtodome ali prikolice.<\/li>\n<li><strong>ENOSTAVNO ZA PRANJE:<\/strong> Prilo\u017eeni gumbi ne le ustvarjajo dinami\u010dno obliko blazine, temve\u010d omogo\u010dajo tudi snemljivo in pralno prevleko za enostavno vzdr\u017eevanje.<\/li>\n<li><strong>VISOKOKAKOVNI MATERIAL:<\/strong> Tkanina te blazine za podporo hrbta ima odli\u010den vizualni u\u010dinek, ki se bo ujemal z va\u0161o notranjo opremo.<\/li>\n<li><strong>Velikost:<\/strong> 45 cm (45*20*50 cm | 0 gumbov); 60 cm (60*20*50 cm | 0 gumbov); 80 cm (80*20*50 cm | 2 gumba); 100 cm (100*20*50 cm | 3 gumbi); 120 cm (120*20*50 cm | 4 gumbi); 140 cm (140*20*50 cm | 4 gumbi); 160 cm (160*20*50 cm | 5 gumbov); 180 cm (180*20*50 cm | 6 gumbov); 200 cm (200*20*50 cm | 7 gumbov).<\/li>\n<\/ul>","protected":false},"featured_media":683,"comment_status":"open","ping_status":"closed","template":"","meta":[],"product_brand":[],"product_cat":[15],"product_tag":[66,62,84,85,74,54,58,91,53,67,87],"class_list":{"0":"post-684","1":"product","2":"type-product","3":"status-publish","4":"has-post-thumbnail","6":"product_cat-pillows","7":"product_tag-back-support-pillow","8":"product_tag-brown-pillow","9":"product_tag-bumper-pillow","10":"product_tag-bunk-bed-backrests","11":"product_tag-daybed-pillow","12":"product_tag-headboard-pillow","13":"product_tag-linen-pillow","14":"product_tag-multipurpose-pillow","15":"product_tag-reading-pillow","16":"product_tag-removable-cover-pillow","17":"product_tag-trailer-headboard","19":"first","20":"instock","21":"featured","22":"shipping-taxable","23":"purchasable","24":"product-type-variable","25":"has-default-attributes"},"_links":{"self":[{"href":"https:\/\/www.livingpillow.com\/sl\/wp-json\/wp\/v2\/product\/684","targetHints":{"allow":["GET"]}}],"collection":[{"href":"https:\/\/www.livingpillow.com\/sl\/wp-json\/wp\/v2\/product"}],"about":[{"href":"https:\/\/www.livingpillow.com\/sl\/wp-json\/wp\/v2\/types\/product"}],"replies":[{"embeddable":true,"href":"https:\/\/www.livingpillow.com\/sl\/wp-json\/wp\/v2\/comments?post=684"}],"wp:featuredmedia":[{"embeddable":true,"href":"https:\/\/www.livingpillow.com\/sl\/wp-json\/wp\/v2\/media\/683"}],"wp:attachment":[{"href":"https:\/\/www.livingpillow.com\/sl\/wp-json\/wp\/v2\/media?parent=684"}],"wp:term":[{"taxonomy":"product_brand","embeddable":true,"href":"https:\/\/www.livingpillow.com\/sl\/wp-json\/wp\/v2\/product_brand?post=684"},{"taxonomy":"product_cat","embeddable":true,"href":"https:\/\/www.livingpillow.com\/sl\/wp-json\/wp\/v2\/product_cat?post=684"},{"taxonomy":"product_tag","embeddable":true,"href":"https:\/\/www.livingpillow.com\/sl\/wp-json\/wp\/v2\/product_tag?post=684"}],"curies":[{"name":"wp","href":"https:\/\/api.w.org\/{rel}","templated":true}]}}