{"id":711,"date":"2024-02-23T14:24:46","date_gmt":"2024-02-23T14:24:46","guid":{"rendered":"https:\/\/www.livingpillow.com\/product\/big-pillow-for-bed-headboard"},"modified":"2026-03-11T05:10:18","modified_gmt":"2026-03-11T05:10:18","slug":"velika-blazina-za-vzglavje-postelje-velika-blazina-iz-lana-crne-barve","status":"publish","type":"product","link":"https:\/\/www.livingpillow.com\/sl\/product\/big-pillow-for-bed-headboard-large-cushion-linen-black","title":{"rendered":"Velika blazina za vzglavje postelje Velika blazina \u010drne barve"},"content":{"rendered":"<p>Predstavljamo vam nepogre\u0161ljivo ve\u010dnamensko klinasto blazino, ki jo potrebujete za svoj dom!<\/p>\n<p>Ste iskali udobno in funkcionalno blazino, ki vam bo nudila najve\u010djo oporo in udobje med dejavnostmi, kot sta branje in gledanje televizije? Ta ve\u010dnamenska blazina v obliki klina je prava izbira za vas! <\/p>\n<p>Ta blazina je zasnovana tako, da nudi vrhunsko oporo hrbtu in vratu, zaradi \u010desar je popoln dodatek za tiste, ki radi berejo ali pre\u017eivljajo \u010das ob gledanju televizije v postelji. Zasnovana je tako, da pove\u010da va\u0161e udobje in prepre\u010di neprijetno obremenitev hrbta in vratu med sedenjem. <\/p>\n<p>Vzglavnik je idealna re\u0161itev tudi za \u0161tudente, ki potrebujejo vsestranski dodatek, ki lahko slu\u017ei kot funkcionalno in dekorativno vzglavje. S svojim elegantnim dizajnom je ta vzglavnik odli\u010den na\u010din za popestritev katere koli sobe, hkrati pa nudi izjemno oporo tistim, ki jo potrebujejo. <\/p>\n<p>In to \u0161e ni vse! Ta klinasta blazina je na voljo v ve\u010d velikostih, zaradi \u010desar je izjemen vsestranski dodatek. Od uporabe kot odbija\u010da za otroke do uporabe kot naslonjala za pogradne postelje, njen potencial je neomejen. Slu\u017ei lahko celo kot vzglavje za avtodome in prikolice. <\/p>\n<p>Ena od izstopajo\u010dih lastnosti te klinaste blazine je njena enostavna pralna zasnova. S prilo\u017eenimi gumbi je prevleko mogo\u010de enostavno odstraniti in oprati, da prepre\u010dite ne\u017eeleno umazanijo in prah.<\/p>\n<p>Klinasta blazina je napolnjena z visoko gostoto poliuretana, ki zagotavlja izjemno oporo za hrbet. Va\u0161emu dekorju doda dodaten pridih stila.<\/p>\n<p>Skratka, ve\u010dnamenska klinasta blazina je bistveni pripomo\u010dek, ki ga potrebuje vsak dom. Zagotavlja vrhunsko oporo in udobje, zaradi \u010desar je idealna za dejavnosti, kot sta branje in gledanje televizije. S svojo vsestransko zasnovo slu\u017ei ve\u010d namenom in je na voljo v razli\u010dnih velikostih, kar zagotavlja, da bo ustrezala vsem va\u0161im potrebam. In ker jo je enostavno prati, bo ta blazina zagotovo postala va\u0161 najljub\u0161i dodatek \u0161e vrsto let. <\/p>\n<p>\u010ce \u0161e vedno niste prepri\u010dani, si oglejte razdelek s komentarji k izdelku! Na\u0161e stranke se tega izdelka ne morejo naveli\u010dati. Zato ne \u010dakajte ve\u010d in si \u0161e danes kupite svojo ve\u010dnamensko klinasto blazino!<\/p>","protected":false},"excerpt":{"rendered":"<ul>\n<li><strong>Idealno za branje v postelji:<\/strong> Ta vzglavnik nudi vrhunsko oporo za hrbet in vrat, kar pove\u010da udobje med branjem in gledanjem televizije.<\/li>\n<li><strong>Alternativa vzglavja:<\/strong> Ta vsestranska blazina je idealna re\u0161itev za \u0161tudente in slu\u017ei tako dekorativno kot funkcionalno kot vzglavje.<\/li>\n<li><strong>Ve\u010dnamenska uporaba:<\/strong> Na voljo v razli\u010dnih velikostih, vklju\u010dno z zakonsko posteljo, ki se odli\u010dno spremeni v dnevno le\u017ei\u0161\u010de. Slu\u017ei tudi kot odbija\u010d za otroke, naslon za pogradne postelje in vzglavje za avtodome\/prikolice.<\/li>\n<li><strong>Enostavno pranje:<\/strong> Zasnova ima pritrjene gumbe za estetski videz in enostavno odstranitev prevleke za pranje.<\/li>\n<li><strong>Visokokakovosten material:<\/strong> Tkanina klinaste blazine, polnjena z visoko gostoto poliuretana za izjemno oporo hrbta, polep\u0161a va\u0161o dekoracijo.<\/li>\n<li><strong>Velikost:<\/strong> 45 cm (45*20*50 cm | 0 gumbov); 60 cm (60*20*50 cm | 0 gumbov); 80 cm (80*20*50 cm | 2 gumba); 100 cm (100*20*50 cm | 3 gumbi); 120 cm (120*20*50 cm | 4 gumbi); 140 cm (140*20*50 cm | 4 gumbi); 160 cm (160*20*50 cm | 5 gumbov); 180 cm (180*20*50 cm | 6 gumbov); 200 cm (200*20*50 cm | 7 gumbov).<\/li>\n<\/ul>","protected":false},"featured_media":710,"comment_status":"open","ping_status":"closed","template":"","meta":[],"product_brand":[],"product_cat":[15],"product_tag":[75,61,88,84,70,89,57,90,58,69],"class_list":{"0":"post-711","1":"product","2":"type-product","3":"status-publish","4":"has-post-thumbnail","6":"product_cat-pillows","7":"product_tag-bed-headboard","8":"product_tag-big-bed-pillow","9":"product_tag-big-pillow","10":"product_tag-bumper-pillow","11":"product_tag-bunk-bed-pillow","12":"product_tag-daybed-couch","13":"product_tag-headboard-cushion","14":"product_tag-king-size-pillow","15":"product_tag-linen-pillow","16":"product_tag-wedge-pillow","18":"first","19":"instock","20":"shipping-taxable","21":"purchasable","22":"product-type-variable","23":"has-default-attributes"},"_links":{"self":[{"href":"https:\/\/www.livingpillow.com\/sl\/wp-json\/wp\/v2\/product\/711","targetHints":{"allow":["GET"]}}],"collection":[{"href":"https:\/\/www.livingpillow.com\/sl\/wp-json\/wp\/v2\/product"}],"about":[{"href":"https:\/\/www.livingpillow.com\/sl\/wp-json\/wp\/v2\/types\/product"}],"replies":[{"embeddable":true,"href":"https:\/\/www.livingpillow.com\/sl\/wp-json\/wp\/v2\/comments?post=711"}],"wp:featuredmedia":[{"embeddable":true,"href":"https:\/\/www.livingpillow.com\/sl\/wp-json\/wp\/v2\/media\/710"}],"wp:attachment":[{"href":"https:\/\/www.livingpillow.com\/sl\/wp-json\/wp\/v2\/media?parent=711"}],"wp:term":[{"taxonomy":"product_brand","embeddable":true,"href":"https:\/\/www.livingpillow.com\/sl\/wp-json\/wp\/v2\/product_brand?post=711"},{"taxonomy":"product_cat","embeddable":true,"href":"https:\/\/www.livingpillow.com\/sl\/wp-json\/wp\/v2\/product_cat?post=711"},{"taxonomy":"product_tag","embeddable":true,"href":"https:\/\/www.livingpillow.com\/sl\/wp-json\/wp\/v2\/product_tag?post=711"}],"curies":[{"name":"wp","href":"https:\/\/api.w.org\/{rel}","templated":true}]}}