{"id":786,"date":"2024-02-23T23:54:47","date_gmt":"2024-02-23T23:54:47","guid":{"rendered":"https:\/\/www.livingpillow.com\/product\/large-wedge-bolster-pillow"},"modified":"2026-03-03T01:25:49","modified_gmt":"2026-03-03T01:25:49","slug":"vzglavnik-klinastega-vzglavja-blazina-za-vzglavje-zamet-bordo","status":"publish","type":"product","link":"https:\/\/www.livingpillow.com\/sl\/product\/wedge-bolster-pillow-headboard-cushion-velvet-burgundy","title":{"rendered":"Vzglavna blazina s klinastim vzglavjem, \u017eametna bordo"},"content":{"rendered":"<p>Vzglavna blazina Wedge Bolster, \u017eametna bordo<\/p>\n<p>Ste naveli\u010dani uporabe ve\u010d blazin za podlago med branjem ali gledanjem televizije v postelji? I\u0161\u010dete udobno in elegantno vzglavje za posteljo, ne da bi pri tem izpraznili denarnico? Ne i\u0161\u010dite dlje od blazine za vzglavje Wedge Bolster Pillow v \u017eametni bordo barvi.<\/p>\n<p>Ta bralna blazina nudi izjemno oporo za hrbet in vrat, zaradi \u010desar je popoln dodatek za vse, ki u\u017eivajo v spro\u0161\u010danju v postelji. Je vsestranska kot vzglavje, ki slu\u017ei tako kot dekorativen kot prakti\u010den dodatek k vsaki spalnici. Poleg tega je na voljo v razli\u010dnih velikostih, tako da ustreza standardnim posteljam, dnevnim posteljam, pogradnim posteljam in tradicionalnim posteljam.<\/p>\n<p>Polnilo iz poliuretana visoke gostote zagotavlja vrhunsko oporo za hrbet, medtem ko se vizualno privla\u010dna \u017eametna tkanina (100% poliester) podari vsakemu notranjemu dekorju. Prilo\u017eeni gumbi ne le poudarijo obliko blazine, temve\u010d omogo\u010dajo tudi enostavno odstranitev in pranje prevleke, zaradi \u010desar je enostavno ohranjati \u010disto in sve\u017eo.<\/p>\n<p>Vendar nam ne verjemite kar na besedo. Tukaj je nekaj komentarjev zadovoljnih strank:<\/p>\n<p>-\u201cTa blazina mi je zelo v\u0161e\u010d! Je tako udobna, bordo barva pa moji spalnici doda pridih elegance.\u201d<\/p>\n<p>-\u201cVzglavje Wedge Bolster Pillow v barvi bordo \u017eametne barve je tako vsestransko uporabno. Uporabljam ga kot naslonjalo za branje, vzglavje za spanje in celo kot blazino za pole\u017eavanje na dnevnem le\u017ealniku.\u201d<\/p>\n<p>-\u201c\u017dametna tkanina je tako mehka in razko\u0161na. Ob\u010dutek imam, kot da spim v petzvezdi\u010dnem hotelu!\u201d<\/p>\n<p>Zakaj bi torej \u010dakali? Investirajte v blazino za vzglavje Wedge Bolster v \u017eametni bordo barvi \u0161e danes in svoji spalnici dodajte udobje in slog.<\/p>","protected":false},"excerpt":{"rendered":"<ul>\n<li>IDEALNO ZA BRANJE PRED SPANJEM: Ta bralna blazina nudi izjemno oporo za hrbet in vrat za popolno udobje med branjem in gledanjem televizije.<\/li>\n<li>VSESTRANSKO KOT VZGLAVJE: Mnogi posamezniki, zlasti \u0161tudenti, cenijo dvojno funkcionalnost blazine kot dekorativnega in prakti\u010dnega vzglavja.<\/li>\n<li>VE\u010cNAMENSKO: Na voljo v razli\u010dnih velikostih za standardne postelje, velika velikost pa se popolnoma prilega dnevni postelji in slu\u017ei kot kav\u010d. Primerna je tudi za uporabo kot naslonjalo za pogradne postelje in kot vzglavje za tradicionalne postelje.<\/li>\n<li>ENOSTAVNO \u010cI\u0160\u010cENJE: Prilo\u017eeni gumbi ne le izbolj\u0161ajo obliko blazine, temve\u010d omogo\u010dajo tudi enostavno odstranitev in pranje prevleke.<\/li>\n<li>VRHUNSKI MATERIALI: Klinaste blazine so napolnjene z visoko gostoto poliuretana za vrhunsko oporo hrbta in so izdelane iz vizualno privla\u010dne \u017eametne tkanine (100% poliester), ki se bo odli\u010dno ujemala z vsako notranjo opremo.<\/li>\n<li>Blago: \u017damet (100% poliester).<\/li>\n<li>Velikost: 45 cm (45*20*50 cm | 0 gumbov); 60 cm (60*20*50 cm | 0 gumbov); 80 cm (80*20*50 cm | 2 gumba); 100 cm (100*20*50 cm | 3 gumbi); 120 cm (120*20*50 cm | 4 gumbi); 140 cm (140*20*50 cm | 4 gumbi); 160 cm (160*20*50 cm | 5 gumbov); 180 cm (180*20*50 cm | 6 gumbov); 200 cm (200*20*50 cm | 7 gumbov).<\/li>\n<\/ul>","protected":false},"featured_media":785,"comment_status":"open","ping_status":"closed","template":"","meta":[],"product_brand":[],"product_cat":[15],"product_tag":[63,72,70,71,74,65,57,54,73,55,56,69],"class_list":{"0":"post-786","1":"product","2":"type-product","3":"status-publish","4":"has-post-thumbnail","6":"product_cat-pillows","7":"product_tag-backrest-pillow","8":"product_tag-bed-pillows","9":"product_tag-bunk-bed-pillow","10":"product_tag-burgundy-pillow","11":"product_tag-daybed-pillow","12":"product_tag-decorative-pillow","13":"product_tag-headboard-cushion","14":"product_tag-headboard-pillow","15":"product_tag-sofa-pillow","16":"product_tag-velvet-pillow","17":"product_tag-wedge-bolster-pillow","18":"product_tag-wedge-pillow","20":"first","21":"instock","22":"featured","23":"shipping-taxable","24":"purchasable","25":"product-type-variable","26":"has-default-attributes"},"_links":{"self":[{"href":"https:\/\/www.livingpillow.com\/sl\/wp-json\/wp\/v2\/product\/786","targetHints":{"allow":["GET"]}}],"collection":[{"href":"https:\/\/www.livingpillow.com\/sl\/wp-json\/wp\/v2\/product"}],"about":[{"href":"https:\/\/www.livingpillow.com\/sl\/wp-json\/wp\/v2\/types\/product"}],"replies":[{"embeddable":true,"href":"https:\/\/www.livingpillow.com\/sl\/wp-json\/wp\/v2\/comments?post=786"}],"wp:featuredmedia":[{"embeddable":true,"href":"https:\/\/www.livingpillow.com\/sl\/wp-json\/wp\/v2\/media\/785"}],"wp:attachment":[{"href":"https:\/\/www.livingpillow.com\/sl\/wp-json\/wp\/v2\/media?parent=786"}],"wp:term":[{"taxonomy":"product_brand","embeddable":true,"href":"https:\/\/www.livingpillow.com\/sl\/wp-json\/wp\/v2\/product_brand?post=786"},{"taxonomy":"product_cat","embeddable":true,"href":"https:\/\/www.livingpillow.com\/sl\/wp-json\/wp\/v2\/product_cat?post=786"},{"taxonomy":"product_tag","embeddable":true,"href":"https:\/\/www.livingpillow.com\/sl\/wp-json\/wp\/v2\/product_tag?post=786"}],"curies":[{"name":"wp","href":"https:\/\/api.w.org\/{rel}","templated":true}]}}