{"id":605,"date":"2024-02-23T10:22:42","date_gmt":"2024-02-23T10:22:42","guid":{"rendered":"https:\/\/www.livingpillow.com\/product\/large-back-pillow-for-bed"},"modified":"2026-04-22T01:07:04","modified_gmt":"2026-04-22T01:07:04","slug":"stor-ryggkudde-for-sang-stor-kildyna-linne-vit","status":"publish","type":"product","link":"https:\/\/www.livingpillow.com\/sv\/product\/large-back-pillow-for-bed-big-wedge-cushion-linen-white","title":{"rendered":"Stor ryggkudde f\u00f6r s\u00e4ng Stor kilkudde Vit"},"content":{"rendered":"<p>Vi presenterar den perfekta l\u00e4skudden: Din ultimata komfortpartner<\/p>\n<p>\u00c4r du tr\u00f6tt p\u00e5 att k\u00e4nna dig obekv\u00e4m n\u00e4r du l\u00e4ser eller tittar p\u00e5 TV i s\u00e4ngen? S\u00e4g hej till den perfekta l\u00f6sningen: l\u00e4skudden! V\u00e5ra l\u00e4skuddar ger utm\u00e4rkt st\u00f6d f\u00f6r rygg och nacke, vilket garanterar maximal komfort f\u00f6r dig medan du slappnar av.<\/p>\n<p>Men det \u00e4r inte allt \u2013 v\u00e5r l\u00e4skudde \u00e4r ocks\u00e5 ett utm\u00e4rkt alternativ som s\u00e4nggavel. M\u00e5nga, s\u00e4rskilt studenter, tycker att kudden \u00e4r perfekt som b\u00e5de dekorativ och funktionell s\u00e4nggavel. Och med olika storlekar som passar vanliga s\u00e4ngar och dagb\u00e4ddar \u00e4r v\u00e5ra kuddar perfekta f\u00f6r en m\u00e4ngd olika behov. De kan till och med anv\u00e4ndas som b\u00e4lteskuddar f\u00f6r barn, ryggst\u00f6d till v\u00e5ningss\u00e4ngar och s\u00e4nggavel till husbilar och sl\u00e4pvagnar.<\/p>\n<p>En av de b\u00e4sta sakerna med v\u00e5r kudde \u00e4r hur l\u00e4tt den \u00e4r att reng\u00f6ra. De f\u00e4sta knapparna skapar inte bara en dynamisk kuddform, utan g\u00f6r ocks\u00e5 att \u00f6verdraget \u00e4r avtagbart och tv\u00e4ttbart. Det har aldrig varit enklare att h\u00e5lla din l\u00e4skudde ren och fr\u00e4sch!<\/p>\n<p>V\u00e5ra l\u00e4skuddar \u00e4r tillverkade av h\u00f6gkvalitativa material f\u00f6r att garantera maximal komfort och st\u00f6d. De \u00e4r fyllda med h\u00f6gdensitetspolyuretan f\u00f6r utm\u00e4rkt st\u00f6d, medan tyget i kilkuddarna har en visuellt tilltalande effekt som matchar din inredning.<\/p>\n<p>Vi erbjuder en m\u00e4ngd olika storlekar som passar dina behov, fr\u00e5n 45 cm till 200 cm. Och med v\u00e5ra produktkommentarer kan du se hur mycket v\u00e5ra kunder har \u00e4lskat sina l\u00e4skuddar. H\u00e4r \u00e4r bara n\u00e5gra exempel:<\/p>\n<p>\u2013 \u201cDen h\u00e4r kudden \u00e4r perfekt f\u00f6r l\u00e4sning i s\u00e4ngen, och materialet \u00e4r s\u00e5 mjukt och bekv\u00e4mt!\u201d<br \/>\n\u2013 \u201cJag k\u00f6pte den h\u00e4r som s\u00e4nggavel till min dotters rum, och hon \u00e4lskar den verkligen. Den ser bra ut och ger bra st\u00f6d.\u201d<br \/>\n\u2013 \u201cJag k\u00f6pte den h\u00e4r till min sons v\u00e5ningss\u00e4ng, och den har fungerat perfekt som ryggst\u00f6d. H\u00f6g kvalitet och l\u00e4tt att reng\u00f6ra.\u201d<\/p>\n<p>S\u00e5, vad v\u00e4ntar du p\u00e5? Skaffa din perfekta l\u00e4skudde idag och upplev den ultimata komforten och st\u00f6det.<\/p>","protected":false},"excerpt":{"rendered":"<ul>\n<li><strong>PERFEKT F\u00d6R L\u00c4SNING I S\u00c4NGEN:<\/strong> Denna l\u00e4skudde ger utm\u00e4rkt st\u00f6d f\u00f6r rygg och nacke f\u00f6r maximal komfort vid l\u00e4sning och TV-tittande.<\/li>\n<li><strong>ALTERNATIV SOM HUVUDGAVEL:<\/strong> M\u00e5nga, s\u00e4rskilt h\u00f6gskolestudenter, tycker att kudden \u00e4r perfekt som en dekorativ och funktionell s\u00e4nggavel.<\/li>\n<li><strong>MULTIFUNKTIONELL:<\/strong> V\u00e5ra kuddar finns i olika storlekar f\u00f6r att passa vanliga s\u00e4ngar och dagb\u00e4ddar. De kan ocks\u00e5 anv\u00e4ndas som b\u00e4lteskuddar f\u00f6r barn, ryggst\u00f6d till v\u00e5ningss\u00e4ngar och s\u00e4nggavlar till husbilar och sl\u00e4pvagnar.<\/li>\n<li><strong>L\u00c4TT ATT TV\u00c4TTA:<\/strong> De f\u00e4sta knapparna skapar inte bara en dynamisk kuddform utan g\u00f6r ocks\u00e5 \u00f6verdraget avtagbart och tv\u00e4ttbart.<\/li>\n<li><strong>H\u00d6GKVALITATIVT MATERIAL:<\/strong> Our back support pillows are stuffed with high-density, high-quality polyester fibers to provide excellent support, while the fabric of the wedge pillows has a visually appealing effect that matches your interior decoration.<\/li>\n<li><strong>Storlek:<\/strong> 45 cm (45*20*50 cm | 0 knappar); 60 cm (60*20*50 cm | 0 knappar); 80 cm (80*20*50 cm | 2 knappar); 100 cm (100*20*50 cm | 3 knappar); 120 cm (120*20*50 cm | 4 knappar); 140 cm (140*20*50 cm | 4 knappar); 160 cm (160*20*50 cm | 5 knappar); 180 cm (180*20*50 cm | 6 knappar); 200 cm (200*20*50 cm | 7 knappar).<\/li>\n<\/ul>","protected":false},"featured_media":604,"comment_status":"open","ping_status":"closed","template":"","meta":[],"product_brand":[],"product_cat":[15],"product_tag":[66,80,84,101,54,99,81,53,86,60,100],"class_list":{"0":"post-605","1":"product","2":"type-product","3":"status-publish","4":"has-post-thumbnail","6":"product_cat-pillows","7":"product_tag-back-support-pillow","8":"product_tag-bed-pillow","9":"product_tag-bumper-pillow","10":"product_tag-bunk-bed-backrest","11":"product_tag-headboard-pillow","12":"product_tag-large-back-pillow","13":"product_tag-neck-support-pillow","14":"product_tag-reading-pillow","15":"product_tag-rv-headboard","16":"product_tag-wedge-cushion","17":"product_tag-white-linen-pillow","19":"first","20":"instock","21":"shipping-taxable","22":"purchasable","23":"product-type-variable","24":"has-default-attributes"},"_links":{"self":[{"href":"https:\/\/www.livingpillow.com\/sv\/wp-json\/wp\/v2\/product\/605","targetHints":{"allow":["GET"]}}],"collection":[{"href":"https:\/\/www.livingpillow.com\/sv\/wp-json\/wp\/v2\/product"}],"about":[{"href":"https:\/\/www.livingpillow.com\/sv\/wp-json\/wp\/v2\/types\/product"}],"replies":[{"embeddable":true,"href":"https:\/\/www.livingpillow.com\/sv\/wp-json\/wp\/v2\/comments?post=605"}],"wp:featuredmedia":[{"embeddable":true,"href":"https:\/\/www.livingpillow.com\/sv\/wp-json\/wp\/v2\/media\/604"}],"wp:attachment":[{"href":"https:\/\/www.livingpillow.com\/sv\/wp-json\/wp\/v2\/media?parent=605"}],"wp:term":[{"taxonomy":"product_brand","embeddable":true,"href":"https:\/\/www.livingpillow.com\/sv\/wp-json\/wp\/v2\/product_brand?post=605"},{"taxonomy":"product_cat","embeddable":true,"href":"https:\/\/www.livingpillow.com\/sv\/wp-json\/wp\/v2\/product_cat?post=605"},{"taxonomy":"product_tag","embeddable":true,"href":"https:\/\/www.livingpillow.com\/sv\/wp-json\/wp\/v2\/product_tag?post=605"}],"curies":[{"name":"wp","href":"https:\/\/api.w.org\/{rel}","templated":true}]}}