{"id":630,"date":"2024-02-23T10:37:34","date_gmt":"2024-02-23T10:37:34","guid":{"rendered":"https:\/\/www.livingpillow.com\/product\/headboard-pillow"},"modified":"2026-03-11T05:10:20","modified_gmt":"2026-03-11T05:10:20","slug":"huvudgavel-kudde-stor-kil-bolster-kudde-linnegra","status":"publish","type":"product","link":"https:\/\/www.livingpillow.com\/sv\/product\/headboard-pillow-big-wedge-bolster-cushion-linen-grey","title":{"rendered":"Huvudgavelkudde Big Kile Bolsterkudde Gr\u00e5"},"content":{"rendered":"<p><strong>F\u00f6rb\u00e4ttra din komfort med den m\u00e5ngsidiga l\u00e4skudden<\/strong><\/p>\n<p>Njut av den ultimata avkopplingsupplevelsen med v\u00e5r premiuml\u00e4skudde, utformad f\u00f6r att ge \u00f6verl\u00e4gset st\u00f6d f\u00f6r rygg och nacke f\u00f6r maximal komfort n\u00e4r du l\u00e4ser, tittar p\u00e5 TV eller bara slappar. Dess m\u00e5ngsidiga natur str\u00e4cker sig bortom dess prim\u00e4ra syfte, vilket g\u00f6r den till en oumb\u00e4rlig f\u00f6ljeslagare f\u00f6r olika scenarier.<\/p>\n<p><strong>Anpassningsbar komfort f\u00f6r alla<\/strong><\/p>\n<p>Oavsett om du ligger mysig i s\u00e4ngen eller slappar i soffan, finns v\u00e5r l\u00e4skudde i en m\u00e4ngd olika storlekar f\u00f6r att tillgodose dina behov. Fr\u00e5n vanliga s\u00e4ngar till dagb\u00e4ddar och till och med som en b\u00e4lteskudde f\u00f6r barn, anpassar sig denna kudd till alla utrymmen. Dess unika design g\u00f6r att du kan forma den efter \u00f6nskad st\u00f6dniv\u00e5, vilket garanterar optimal komfort f\u00f6r varje anv\u00e4ndare.<\/p>\n<p><strong>M\u00e5ngsidigt och funktionellt alternativ<\/strong><\/p>\n<p>V\u00e5r kudde \u00e4r inte begr\u00e4nsad till sin l\u00e4skompis, utan fungerar \u00e4ven som en snygg och funktionell s\u00e4nggavel. Den f\u00f6rvandlar enkelt vilken s\u00e4ng som helst till en mysig fristad och ger ditt rum en touch av charm och personalisering. Dess dekorativa utseende g\u00f6r den till ett utm\u00e4rkt val f\u00f6r studenter och alla som vill uppgradera sin sovrumsinredning.<\/p>\n<p><strong>Premiummaterial f\u00f6r h\u00e5llbarhet och st\u00f6d<\/strong><\/p>\n<p>Upplev den exceptionella kvaliteten p\u00e5 v\u00e5r l\u00e4skudde, noggrant tillverkad med h\u00f6gdensitetspolyuretan som ger orubbligt st\u00f6d f\u00f6r ryggen. F\u00f6r att s\u00e4kerst\u00e4lla ett perfekt utseende \u00e4r det avtagbara \u00f6verdraget bekv\u00e4mt maskintv\u00e4ttbart.<\/p>\n<p><strong>Positiva rekommendationer fr\u00e5n n\u00f6jda kunder<\/strong><\/p>\n<p>V\u00e5ra kunder lovordar den exceptionella komforten och m\u00e5ngsidigheten hos v\u00e5r l\u00e4skudde. En recensent noterar: \u201cDen h\u00e4r kudden har f\u00f6rvandlat min s\u00e4ng till en mysig l\u00e4sh\u00f6rna. Den ger perfekt st\u00f6d f\u00f6r min rygg och nacke, vilket g\u00f6r det l\u00e4tt att krypa ihop och f\u00f6rsjunka i en bra bok.\u201d<\/p>\n<p>En annan n\u00f6jd kund s\u00e4ger entusiastiskt: \u201cJag \u00e4lskar att den h\u00e4r kudden kan anv\u00e4ndas till s\u00e5 m\u00e5nga olika saker. Den har den perfekta storleken f\u00f6r min dagb\u00e4dd och fungerar ocks\u00e5 som en bekv\u00e4m s\u00e4nggavel till min husbil. Tyget \u00e4r mjukt och snyggt och matchar min inredning perfekt.\u201d<\/p>\n<p>Njut av ultimat avkoppling och komfort med v\u00e5r m\u00e5ngsidiga l\u00e4skudde. Dess exceptionella kvalitet, m\u00e5ngsidighet och positiva kundfeedback g\u00f6r den till ett oumb\u00e4rligt tillskott i alla hem.<\/p>","protected":false},"excerpt":{"rendered":"<ul>\n<li>PERFEKT F\u00d6R L\u00c4SNING I S\u00c4NGEN: Denna l\u00e4skudde ger utm\u00e4rkt st\u00f6d f\u00f6r rygg och nacke f\u00f6r maximal komfort n\u00e4r du l\u00e4ser och tittar p\u00e5 TV.<\/li>\n<li>ALTERNATIV SOM HUVUDGAVEL: M\u00e5nga, s\u00e4rskilt h\u00f6gskolestudenter, tycker att kudden \u00e4r perfekt som s\u00e4nggavel, b\u00e5de dekorativ och funktionell.<\/li>\n<li>MULTIFUNKTIONELLT: Vi erbjuder kuddar i alla storlekar f\u00f6r vanliga s\u00e4ngar, medan king size-s\u00e4ngen passar perfekt som dagb\u00e4dd och \u00e4ven kan fungera som soffa. Andra anv\u00e4ndningsomr\u00e5den inkluderar en b\u00e4lteskudde f\u00f6r barn, ryggst\u00f6d f\u00f6r v\u00e5ningss\u00e4ngar och huvudgavel f\u00f6r husbilar och sl\u00e4pvagnar.<\/li>\n<li>L\u00c4TT ATT TV\u00c4TTA: De f\u00e4sta knapparna skapar inte bara en dynamisk kuddform utan g\u00f6r \u00e4ven \u00f6verdraget avtagbart och tv\u00e4ttbart.<\/li>\n<li>H\u00d6GKVALITATIVT MATERIAL: Ryggkudden \u00e4r fylld med h\u00f6gdensitetspolyuretan, vilket ger utm\u00e4rkt st\u00f6d f\u00f6r ryggen. Tyget p\u00e5 kilkuddarna har en bra visuell effekt som matchar din inredning.<\/li>\n<li>Storlek: 45 cm (45*20*50 cm | 0 knappar); 60 cm (60*20*50 cm | 0 knappar); 80 cm (80*20*50 cm | 2 knappar); 100 cm (100*20*50 cm | 3 knappar); 120 cm (120*20*50 cm | 4 knappar); 140 cm (140*20*50 cm | 4 knappar); 160 cm (160*20*50 cm | 5 knappar); 180 cm (180*20*50 cm | 6 knappar); 200 cm (200*20*50 cm | 7 knappar).<\/li>\n<\/ul>","protected":false},"featured_media":629,"comment_status":"open","ping_status":"closed","template":"","meta":[],"product_brand":[],"product_cat":[15],"product_tag":[66,96,84,98,97,54,53,87,69],"class_list":{"0":"post-630","1":"product","2":"type-product","3":"status-publish","4":"has-post-thumbnail","6":"product_cat-pillows","7":"product_tag-back-support-pillow","8":"product_tag-bolster-cushion","9":"product_tag-bumper-pillow","10":"product_tag-decorative-headboard","11":"product_tag-functional-headboard","12":"product_tag-headboard-pillow","13":"product_tag-reading-pillow","14":"product_tag-trailer-headboard","15":"product_tag-wedge-pillow","17":"first","18":"instock","19":"featured","20":"shipping-taxable","21":"purchasable","22":"product-type-variable","23":"has-default-attributes"},"_links":{"self":[{"href":"https:\/\/www.livingpillow.com\/sv\/wp-json\/wp\/v2\/product\/630","targetHints":{"allow":["GET"]}}],"collection":[{"href":"https:\/\/www.livingpillow.com\/sv\/wp-json\/wp\/v2\/product"}],"about":[{"href":"https:\/\/www.livingpillow.com\/sv\/wp-json\/wp\/v2\/types\/product"}],"replies":[{"embeddable":true,"href":"https:\/\/www.livingpillow.com\/sv\/wp-json\/wp\/v2\/comments?post=630"}],"wp:featuredmedia":[{"embeddable":true,"href":"https:\/\/www.livingpillow.com\/sv\/wp-json\/wp\/v2\/media\/629"}],"wp:attachment":[{"href":"https:\/\/www.livingpillow.com\/sv\/wp-json\/wp\/v2\/media?parent=630"}],"wp:term":[{"taxonomy":"product_brand","embeddable":true,"href":"https:\/\/www.livingpillow.com\/sv\/wp-json\/wp\/v2\/product_brand?post=630"},{"taxonomy":"product_cat","embeddable":true,"href":"https:\/\/www.livingpillow.com\/sv\/wp-json\/wp\/v2\/product_cat?post=630"},{"taxonomy":"product_tag","embeddable":true,"href":"https:\/\/www.livingpillow.com\/sv\/wp-json\/wp\/v2\/product_tag?post=630"}],"curies":[{"name":"wp","href":"https:\/\/api.w.org\/{rel}","templated":true}]}}