{"id":684,"date":"2024-02-23T14:01:32","date_gmt":"2024-02-23T14:01:32","guid":{"rendered":"https:\/\/www.livingpillow.com\/product\/cushion-for-headboard"},"modified":"2026-03-11T05:10:19","modified_gmt":"2026-03-11T05:10:19","slug":"kudde-till-huvudgavel-sang-laskudde-linne-brun","status":"publish","type":"product","link":"https:\/\/www.livingpillow.com\/sv\/product\/cushion-for-headboard-bed-reading-pillow-linen-brown","title":{"rendered":"Kudde till huvudgavel s\u00e4ng l\u00e4skudde brun"},"content":{"rendered":"<p>H\u00e4r \u00e4r ett utkast till en produktintroduktionsartikel f\u00f6r ryggst\u00f6dskudden:<\/p>\n<p>Njut av \u00f6verl\u00e4gsen komfort med v\u00e5r l\u00e4skudde med st\u00f6d f\u00f6r ryggen<\/p>\n<p>\u00c4lskar du att l\u00e4sa eller titta p\u00e5 TV i s\u00e4ngen men har sv\u00e5rt att hitta en bekv\u00e4m position? V\u00e5r multifunktionella ryggkudde \u00e4r ergonomiskt utformad f\u00f6r att ge utm\u00e4rkt st\u00f6d f\u00f6r nacke, rygg och armar oavsett om du sitter uppr\u00e4tt eller tillbakalutad. <\/p>\n<p>Denna vadderade kilformade kudde ger en dekorativ touch till alla sovrum eller vardagsrum. Finns i en m\u00e4ngd olika bredder fr\u00e5n 45 cm upp till rymliga 200 cm, och det finns en storlek som passar f\u00f6r enkels\u00e4ngar till stora king size-madrasser.<\/p>\n<p>Mer \u00e4n bara en l\u00e4skudde, \u00e4r detta m\u00e5ngsidiga ryggst\u00f6d ocks\u00e5 idealiskt som huvudgavel till g\u00e4sts\u00e4ngar, barnrum, studentboenden och till och med husbilar. Det avtagbara \u00f6verdraget \u00f6ppnas med dragkedja f\u00f6r enkel borttagning och maskintv\u00e4tt. <\/p>\n<p>Kunderna \u00e4lskar hur st\u00f6djande men \u00e4nd\u00e5 mjuk den h\u00e4r kudden \u00e4r, vilket g\u00f6r den bekv\u00e4m att anv\u00e4nda i timmar av l\u00e4sning, arbete p\u00e5 en b\u00e4rbar dator, spel eller bara avkoppling. Fyllmedlet med h\u00f6g densitet av polyuretan plattas inte heller till med tiden.<\/p>\n<p>S\u00e5 oavsett om du beh\u00f6ver st\u00f6d f\u00f6r ryggen n\u00e4r du arbetar hemifr\u00e5n, extra komfort n\u00e4r du \u00e5terh\u00e4mtar dig fr\u00e5n sjukdom eller skada eller helt enkelt vill koppla av med en bra bok, s\u00e5 har v\u00e5r l\u00e4skudde det du beh\u00f6ver. F\u00e5 in enkelt ergonomiskt st\u00f6d och enkel stil i ditt sovrum idag.<\/p>","protected":false},"excerpt":{"rendered":"<ul>\n<li><strong>PERFEKT F\u00d6R L\u00c4SNING I S\u00c4NGEN:<\/strong> Denna ryggst\u00f6dskudde ger utm\u00e4rkt komfort n\u00e4r du l\u00e4ser eller tittar p\u00e5 TV, med h\u00f6gdensitetspolyuretanfyllning som st\u00f6djer din nacke och rygg.<\/li>\n<li><strong>ALTERNATIV SOM HUVUDGAVEL:<\/strong> Denna funktionella och dekorativa kudd \u00e4r inte bara en l\u00e4skudde, utan ocks\u00e5 perfekt som s\u00e4nggavel f\u00f6r studenter eller alla som vill ha en kreativ l\u00f6sning.<\/li>\n<li><strong>MULTIFUNKTIONELL:<\/strong> Denna kilformade kudde finns i flera storlekar och \u00e4r perfekt f\u00f6r vanliga s\u00e4ngar, dagb\u00e4ddar, barnkuddar, ryggst\u00f6d till v\u00e5ningss\u00e4ngar och till och med s\u00e4nggavlar till husbilar eller sl\u00e4pvagnar.<\/li>\n<li><strong>L\u00c4TT ATT TV\u00c4TTA:<\/strong> F\u00e4stade knappar skapar inte bara en dynamisk kuddform, utan g\u00f6r ocks\u00e5 \u00f6verdraget avtagbart och tv\u00e4ttbart f\u00f6r enkelt underh\u00e5ll.<\/li>\n<li><strong>H\u00d6GKVALITATIVT MATERIAL:<\/strong> Tyget p\u00e5 denna ryggst\u00f6dskudde har en snygg visuell effekt som matchar din inredning.<\/li>\n<li><strong>Storlek:<\/strong> 45 cm (45*20*50 cm | 0 knappar); 60 cm (60*20*50 cm | 0 knappar); 80 cm (80*20*50 cm | 2 knappar); 100 cm (100*20*50 cm | 3 knappar); 120 cm (120*20*50 cm | 4 knappar); 140 cm (140*20*50 cm | 4 knappar); 160 cm (160*20*50 cm | 5 knappar); 180 cm (180*20*50 cm | 6 knappar); 200 cm (200*20*50 cm | 7 knappar).<\/li>\n<\/ul>","protected":false},"featured_media":683,"comment_status":"open","ping_status":"closed","template":"","meta":[],"product_brand":[],"product_cat":[15],"product_tag":[66,62,84,85,74,54,58,91,53,67,87],"class_list":{"0":"post-684","1":"product","2":"type-product","3":"status-publish","4":"has-post-thumbnail","6":"product_cat-pillows","7":"product_tag-back-support-pillow","8":"product_tag-brown-pillow","9":"product_tag-bumper-pillow","10":"product_tag-bunk-bed-backrests","11":"product_tag-daybed-pillow","12":"product_tag-headboard-pillow","13":"product_tag-linen-pillow","14":"product_tag-multipurpose-pillow","15":"product_tag-reading-pillow","16":"product_tag-removable-cover-pillow","17":"product_tag-trailer-headboard","19":"first","20":"instock","21":"featured","22":"shipping-taxable","23":"purchasable","24":"product-type-variable","25":"has-default-attributes"},"_links":{"self":[{"href":"https:\/\/www.livingpillow.com\/sv\/wp-json\/wp\/v2\/product\/684","targetHints":{"allow":["GET"]}}],"collection":[{"href":"https:\/\/www.livingpillow.com\/sv\/wp-json\/wp\/v2\/product"}],"about":[{"href":"https:\/\/www.livingpillow.com\/sv\/wp-json\/wp\/v2\/types\/product"}],"replies":[{"embeddable":true,"href":"https:\/\/www.livingpillow.com\/sv\/wp-json\/wp\/v2\/comments?post=684"}],"wp:featuredmedia":[{"embeddable":true,"href":"https:\/\/www.livingpillow.com\/sv\/wp-json\/wp\/v2\/media\/683"}],"wp:attachment":[{"href":"https:\/\/www.livingpillow.com\/sv\/wp-json\/wp\/v2\/media?parent=684"}],"wp:term":[{"taxonomy":"product_brand","embeddable":true,"href":"https:\/\/www.livingpillow.com\/sv\/wp-json\/wp\/v2\/product_brand?post=684"},{"taxonomy":"product_cat","embeddable":true,"href":"https:\/\/www.livingpillow.com\/sv\/wp-json\/wp\/v2\/product_cat?post=684"},{"taxonomy":"product_tag","embeddable":true,"href":"https:\/\/www.livingpillow.com\/sv\/wp-json\/wp\/v2\/product_tag?post=684"}],"curies":[{"name":"wp","href":"https:\/\/api.w.org\/{rel}","templated":true}]}}