{"id":760,"date":"2024-02-23T15:03:06","date_gmt":"2024-02-23T15:03:06","guid":{"rendered":"https:\/\/www.livingpillow.com\/product\/bed-headboard-cushion"},"modified":"2026-03-11T05:10:16","modified_gmt":"2026-03-11T05:10:16","slug":"sanggavel-kudde-stor-kil-bolster-linne-bla","status":"publish","type":"product","link":"https:\/\/www.livingpillow.com\/sv\/product\/bed-headboard-cushion-large-wedge-bolster-linen-blue","title":{"rendered":"S\u00e4nggavelkudde Stor Kilbolster Bl\u00e5"},"content":{"rendered":"<p>S\u00e4nggavelns kudde Large Wedge Bolster Blue \u2013 det perfekta tillskottet till din s\u00e4ng! Denna kudde ger utm\u00e4rkt st\u00f6d f\u00f6r rygg och nacke, vilket g\u00f6r den bekv\u00e4m att l\u00e4sa, titta p\u00e5 TV eller bara slappa runt i. Och om du letar efter en funktionell s\u00e4nggavel \u00e4r denna kudde ett perfekt alternativ, s\u00e4rskilt f\u00f6r universitetsstudenter.<\/p>\n<p>Denna kudd finns i olika storlekar och har flera anv\u00e4ndningsomr\u00e5den \u2013 den kan anv\u00e4ndas som soffa eller b\u00e4lteskudde f\u00f6r barn, ryggst\u00f6d f\u00f6r v\u00e5ningss\u00e4ngar eller huvudgavel f\u00f6r husbilar och sl\u00e4pvagnar. Dess h\u00f6gdensitetspolyuretanfyllning garanterar utm\u00e4rkt ryggst\u00f6d, och det visuellt tilltalande tyget kan matcha vilken inredning som helst.<\/p>\n<p>Ta inte bara v\u00e5rt ord f\u00f6r det \u2013 h\u00e4r \u00e4r n\u00e5gra kommentarer fr\u00e5n v\u00e5ra n\u00f6jda kunder:<\/p>\n<p>\u201c\u00c4lskar den h\u00e4r kudden! Den har den perfekta storleken f\u00f6r min s\u00e4ng och ger bra st\u00f6d vid l\u00e4sning.\u201d \u2013 Sarah<\/p>\n<p>\u201cJag k\u00f6pte den h\u00e4r som s\u00e4nggavel till min sons s\u00e4ng, och den ser fantastisk ut! Den \u00e4r ocks\u00e5 tillr\u00e4ckligt bekv\u00e4m f\u00f6r att han ska kunna luta sig mot den n\u00e4r han l\u00e4ser.\u201d \u2013 John<\/p>\n<p>\u201cTyget \u00e4r s\u00e5 mjukt och bekv\u00e4mt! Jag uppskattar ocks\u00e5 att det \u00e4r l\u00e4tt att tv\u00e4tta.\u201d \u2013 Emily<\/p>\n<p>Sammantaget \u00e4r Bed Headboard Cushion Large Wedge Bolster Blue ett m\u00e5ngsidigt och bekv\u00e4mt tillskott till vilken s\u00e4ng som helst. Med sina m\u00e5ngsidiga anv\u00e4ndningsomr\u00e5den och h\u00f6gkvalitativa material kommer den garanterat att ge utm\u00e4rkt ryggst\u00f6d och ge en elegant touch till din sovrumsinredning.<\/p>","protected":false},"excerpt":{"rendered":"<ul>\n<li><strong>PERFEKT F\u00d6R L\u00c4SNING I S\u00c4NGEN:<\/strong> Ger utm\u00e4rkt st\u00f6d f\u00f6r rygg och nacke f\u00f6r bekv\u00e4m l\u00e4sning och TV-tittande.<\/li>\n<li><strong>ALTERNATIV SOM HUVUDGAVEL:<\/strong> En idealisk dekorativ och funktionell s\u00e4nggavel, s\u00e4rskilt f\u00f6r studenter.<\/li>\n<li><strong>MULTIFUNKTIONELL:<\/strong> Denna kudde finns i alla storlekar och passar vanliga s\u00e4ngar och kan anv\u00e4ndas som soffa eller b\u00e4lteskudde f\u00f6r barn, ryggst\u00f6d till v\u00e5ningss\u00e4ng och huvudgavel f\u00f6r husbilar och sl\u00e4pvagnar.<\/li>\n<li><strong>L\u00c4TT ATT TV\u00c4TTA:<\/strong> De f\u00e4sta knapparna skapar en dynamisk kuddform och g\u00f6r det enkelt att ta av och tv\u00e4tta \u00f6verdraget.<\/li>\n<li><strong>H\u00d6GKVALITATIVT MATERIAL:<\/strong> Denna kudde \u00e4r fylld med h\u00f6gdensitetspolyuretan och ger utm\u00e4rkt st\u00f6d f\u00f6r ryggen och har ett visuellt tilltalande tyg som kan matcha vilken inredning som helst.<\/li>\n<li><strong>Storlek:<\/strong> Finns i olika storlekar och antal knappar: 45 cm (utan knappar), 60 cm (utan knappar), 80 cm (2 knappar), 100 cm (3 knappar), 120 cm (4 knappar), 140 cm (4 knappar), 160 cm (5 knappar), 180 cm (6 knappar) och 200 cm (7 knappar). Alla storlekar \u00e4r 20 cm breda och 50 cm h\u00f6ga.<\/li>\n<\/ul>","protected":false},"featured_media":759,"comment_status":"open","ping_status":"closed","template":"","meta":[],"product_brand":[],"product_cat":[15],"product_tag":[63,77,78,75,80,79,57,59,76,58,81,53,56],"class_list":{"0":"post-760","1":"product","2":"type-product","3":"status-publish","4":"has-post-thumbnail","6":"product_cat-pillows","7":"product_tag-backrest-pillow","8":"product_tag-bed-backrest","9":"product_tag-bed-cushion","10":"product_tag-bed-headboard","11":"product_tag-bed-pillow","12":"product_tag-bedroom-decoration","13":"product_tag-headboard-cushion","14":"product_tag-large-wedge-pillow","15":"product_tag-linen-headboard","16":"product_tag-linen-pillow","17":"product_tag-neck-support-pillow","18":"product_tag-reading-pillow","19":"product_tag-wedge-bolster-pillow","21":"first","22":"instock","23":"featured","24":"shipping-taxable","25":"purchasable","26":"product-type-variable","27":"has-default-attributes"},"_links":{"self":[{"href":"https:\/\/www.livingpillow.com\/sv\/wp-json\/wp\/v2\/product\/760","targetHints":{"allow":["GET"]}}],"collection":[{"href":"https:\/\/www.livingpillow.com\/sv\/wp-json\/wp\/v2\/product"}],"about":[{"href":"https:\/\/www.livingpillow.com\/sv\/wp-json\/wp\/v2\/types\/product"}],"replies":[{"embeddable":true,"href":"https:\/\/www.livingpillow.com\/sv\/wp-json\/wp\/v2\/comments?post=760"}],"wp:featuredmedia":[{"embeddable":true,"href":"https:\/\/www.livingpillow.com\/sv\/wp-json\/wp\/v2\/media\/759"}],"wp:attachment":[{"href":"https:\/\/www.livingpillow.com\/sv\/wp-json\/wp\/v2\/media?parent=760"}],"wp:term":[{"taxonomy":"product_brand","embeddable":true,"href":"https:\/\/www.livingpillow.com\/sv\/wp-json\/wp\/v2\/product_brand?post=760"},{"taxonomy":"product_cat","embeddable":true,"href":"https:\/\/www.livingpillow.com\/sv\/wp-json\/wp\/v2\/product_cat?post=760"},{"taxonomy":"product_tag","embeddable":true,"href":"https:\/\/www.livingpillow.com\/sv\/wp-json\/wp\/v2\/product_tag?post=760"}],"curies":[{"name":"wp","href":"https:\/\/api.w.org\/{rel}","templated":true}]}}